{"id":42,"date":"2022-03-31T09:46:12","date_gmt":"2022-03-31T09:46:12","guid":{"rendered":"http:\/\/lybe.fi\/pattujunnut\/?page_id=42"},"modified":"2022-06-22T15:19:38","modified_gmt":"2022-06-22T12:19:38","slug":"yhteystiedot","status":"publish","type":"page","link":"https:\/\/lybe.fi\/pattujunnut\/yhteystiedot\/","title":{"rendered":"Yhteystiedot"},"content":{"rendered":"\t\t<div data-elementor-type=\"wp-page\" data-elementor-id=\"42\" class=\"elementor elementor-42\">\n\t\t\t\t\t\t<section class=\"elementor-section elementor-top-section elementor-element elementor-element-2be1fd93 elementor-section-height-min-height elementor-section-boxed elementor-section-height-default elementor-section-items-middle\" data-id=\"2be1fd93\" data-element_type=\"section\" data-e-type=\"section\" data-settings=\"{&quot;background_background&quot;:&quot;classic&quot;}\">\n\t\t\t\t\t\t\t<div class=\"elementor-background-overlay\"><\/div>\n\t\t\t\t\t\t\t<div class=\"elementor-container elementor-column-gap-default\">\n\t\t\t\t\t<div class=\"elementor-column elementor-col-100 elementor-top-column elementor-element elementor-element-53990c6b\" data-id=\"53990c6b\" data-element_type=\"column\" data-e-type=\"column\">\n\t\t\t<div class=\"elementor-widget-wrap elementor-element-populated\">\n\t\t\t\t\t\t<div class=\"elementor-element elementor-element-22860aa5 elementor-widget elementor-widget-heading\" data-id=\"22860aa5\" data-element_type=\"widget\" data-e-type=\"widget\" data-widget_type=\"heading.default\">\n\t\t\t\t<div class=\"elementor-widget-container\">\n\t\t\t\t\t<h1 class=\"elementor-heading-title elementor-size-default\">Yhteystiedot<\/h1>\t\t\t\t<\/div>\n\t\t\t\t<\/div>\n\t\t\t\t\t<\/div>\n\t\t<\/div>\n\t\t\t\t\t<\/div>\n\t\t<\/section>\n\t\t\t\t<section class=\"elementor-section elementor-top-section elementor-element elementor-element-5c63ebd elementor-section-boxed elementor-section-height-default elementor-section-height-default\" data-id=\"5c63ebd\" data-element_type=\"section\" data-e-type=\"section\">\n\t\t\t\t\t\t<div class=\"elementor-container elementor-column-gap-default\">\n\t\t\t\t\t<div class=\"elementor-column elementor-col-100 elementor-top-column elementor-element elementor-element-cee1c3f\" data-id=\"cee1c3f\" data-element_type=\"column\" data-e-type=\"column\">\n\t\t\t<div class=\"elementor-widget-wrap elementor-element-populated\">\n\t\t\t\t\t\t<div class=\"elementor-element elementor-element-2bcd811 elementor-widget elementor-widget-spacer\" data-id=\"2bcd811\" data-element_type=\"widget\" data-e-type=\"widget\" data-widget_type=\"spacer.default\">\n\t\t\t\t<div class=\"elementor-widget-container\">\n\t\t\t\t\t\t\t<div class=\"elementor-spacer\">\n\t\t\t<div class=\"elementor-spacer-inner\"><\/div>\n\t\t<\/div>\n\t\t\t\t\t\t<\/div>\n\t\t\t\t<\/div>\n\t\t\t\t\t<\/div>\n\t\t<\/div>\n\t\t\t\t\t<\/div>\n\t\t<\/section>\n\t\t\t\t<section class=\"elementor-section elementor-top-section elementor-element elementor-element-df008d2 elementor-section-boxed elementor-section-height-default elementor-section-height-default\" data-id=\"df008d2\" data-element_type=\"section\" data-e-type=\"section\">\n\t\t\t\t\t\t<div class=\"elementor-container elementor-column-gap-default\">\n\t\t\t\t\t<div class=\"elementor-column elementor-col-100 elementor-top-column elementor-element elementor-element-7d7368c\" data-id=\"7d7368c\" data-element_type=\"column\" data-e-type=\"column\">\n\t\t\t<div class=\"elementor-widget-wrap elementor-element-populated\">\n\t\t\t\t\t\t<div class=\"elementor-element elementor-element-3d60e7d elementor-widget elementor-widget-heading\" data-id=\"3d60e7d\" data-element_type=\"widget\" data-e-type=\"widget\" data-widget_type=\"heading.default\">\n\t\t\t\t<div class=\"elementor-widget-container\">\n\t\t\t\t\t<h3 class=\"elementor-heading-title elementor-size-large\">Pattijoen Urheilijat Juniorit hallitus<\/h3>\t\t\t\t<\/div>\n\t\t\t\t<\/div>\n\t\t\t\t\t<\/div>\n\t\t<\/div>\n\t\t\t\t\t<\/div>\n\t\t<\/section>\n\t\t\t\t<section class=\"elementor-section elementor-top-section elementor-element elementor-element-58989dd elementor-section-boxed elementor-section-height-default elementor-section-height-default\" data-id=\"58989dd\" data-element_type=\"section\" data-e-type=\"section\">\n\t\t\t\t\t\t<div class=\"elementor-container elementor-column-gap-default\">\n\t\t\t\t\t<div class=\"elementor-column elementor-col-100 elementor-top-column elementor-element elementor-element-c3347dd\" data-id=\"c3347dd\" data-element_type=\"column\" data-e-type=\"column\">\n\t\t\t<div class=\"elementor-widget-wrap elementor-element-populated\">\n\t\t\t\t\t\t<div class=\"elementor-element elementor-element-fc7b808 elementor-widget elementor-widget-spacer\" data-id=\"fc7b808\" data-element_type=\"widget\" data-e-type=\"widget\" data-widget_type=\"spacer.default\">\n\t\t\t\t<div class=\"elementor-widget-container\">\n\t\t\t\t\t\t\t<div class=\"elementor-spacer\">\n\t\t\t<div class=\"elementor-spacer-inner\"><\/div>\n\t\t<\/div>\n\t\t\t\t\t\t<\/div>\n\t\t\t\t<\/div>\n\t\t\t\t\t<\/div>\n\t\t<\/div>\n\t\t\t\t\t<\/div>\n\t\t<\/section>\n\t\t\t\t<section class=\"elementor-section elementor-top-section elementor-element elementor-element-737cfa9 elementor-section-boxed elementor-section-height-default elementor-section-height-default\" data-id=\"737cfa9\" data-element_type=\"section\" data-e-type=\"section\">\n\t\t\t\t\t\t<div class=\"elementor-container elementor-column-gap-default\">\n\t\t\t\t\t<div class=\"elementor-column elementor-col-100 elementor-top-column elementor-element elementor-element-0c31fac\" data-id=\"0c31fac\" data-element_type=\"column\" data-e-type=\"column\">\n\t\t\t<div class=\"elementor-widget-wrap elementor-element-populated\">\n\t\t\t\t\t\t<div class=\"elementor-element elementor-element-6c2d403 elementor-widget elementor-widget-text-editor\" data-id=\"6c2d403\" data-element_type=\"widget\" data-e-type=\"widget\" data-widget_type=\"text-editor.default\">\n\t\t\t\t<div class=\"elementor-widget-container\">\n\t\t\t\t\t\t\t\t\t<p><b style=\"color: var( --e-global-color-text ); font-family: var( --e-global-typography-text-font-family ), Sans-serif; font-size: var(--bodyFontSize); letter-spacing: var(--bodyLetterSpacing); text-transform: var(--bodyTextTransform);\">Puheenjohtaja:\u00a0<\/b><span style=\"color: var( --e-global-color-text ); font-family: var( --e-global-typography-text-font-family ), Sans-serif; font-size: var(--bodyFontSize); letter-spacing: var(--bodyLetterSpacing); text-transform: var(--bodyTextTransform); background-color: var(--nv-site-bg);\">Anu Kallio &#8211; pattujuniorit@gmail.com<\/span><\/p><p><b>Sihteeri:<\/b>\u00a0Heidi Pisil\u00e4 &#8211; pisilaheidi@gmail.com<\/p><p><b>Rahastonhoitaja:<\/b>\u00a0Jani Lehtikangas &#8211; jani.lehtikangas1@outlook.com<\/p><p><b>Tiedottaja:<\/b>\u00a0Antti M\u00e4kel\u00e4 &#8211; antti19@gmail.com<\/p>\t\t\t\t\t\t\t\t<\/div>\n\t\t\t\t<\/div>\n\t\t\t\t\t<\/div>\n\t\t<\/div>\n\t\t\t\t\t<\/div>\n\t\t<\/section>\n\t\t\t\t<\/div>\n\t\t","protected":false},"excerpt":{"rendered":"<p>Yhteystiedot Pattijoen Urheilijat Juniorit hallitus Puheenjohtaja:\u00a0Anu Kallio &#8211; pattujuniorit@gmail.com Sihteeri:\u00a0Heidi Pisil\u00e4 &#8211; pisilaheidi@gmail.com Rahastonhoitaja:\u00a0Jani Lehtikangas &#8211; jani.lehtikangas1@outlook.com Tiedottaja:\u00a0Antti M\u00e4kel\u00e4 &#8211; antti19@gmail.com<\/p>\n","protected":false},"author":1,"featured_media":0,"parent":0,"menu_order":32,"comment_status":"closed","ping_status":"closed","template":"page-templates\/template-pagebuilder-full-width.php","meta":{"neve_meta_sidebar":"","neve_meta_container":"","neve_meta_enable_content_width":"","neve_meta_content_width":0,"neve_meta_title_alignment":"","neve_meta_author_avatar":"","neve_post_elements_order":"","neve_meta_disable_header":"","neve_meta_disable_footer":"","neve_meta_disable_title":"","footnotes":""},"folder":[16],"class_list":["post-42","page","type-page","status-publish","hentry"],"yoast_head":"<!-- This site is optimized with the Yoast SEO plugin v19.1 - https:\/\/yoast.com\/wordpress\/plugins\/seo\/ -->\n<title>Yhteystiedot - PattU Juniorit<\/title>\n<meta name=\"description\" content=\"Syksyll\u00e4 2012 perustettu junioreiden pes\u00e4palloiluun keskittyv\u00e4 seura, Pattijoen urheilijat Juniorit \u2013 tai arkisemmin Pattu juniorit\" \/>\n<meta name=\"robots\" content=\"index, follow, max-snippet:-1, max-image-preview:large, max-video-preview:-1\" \/>\n<link rel=\"canonical\" href=\"https:\/\/lybe.fi\/pattujunnut\/yhteystiedot\/\" \/>\n<meta property=\"og:locale\" content=\"fi_FI\" \/>\n<meta property=\"og:type\" content=\"article\" \/>\n<meta property=\"og:title\" content=\"Yhteystiedot - PattU Juniorit\" \/>\n<meta property=\"og:description\" content=\"Syksyll\u00e4 2012 perustettu junioreiden pes\u00e4palloiluun keskittyv\u00e4 seura, Pattijoen urheilijat Juniorit \u2013 tai arkisemmin Pattu juniorit\" \/>\n<meta property=\"og:url\" content=\"https:\/\/lybe.fi\/pattujunnut\/yhteystiedot\/\" \/>\n<meta property=\"og:site_name\" content=\"PattU Juniorit\" \/>\n<meta property=\"article:publisher\" content=\"https:\/\/www.facebook.com\/PattijoenUrheilijatJuniorit\/\" \/>\n<meta property=\"article:modified_time\" content=\"2022-06-22T12:19:38+00:00\" \/>\n<meta name=\"twitter:card\" content=\"summary_large_image\" \/>\n<meta name=\"twitter:label1\" content=\"Arvioitu lukuaika\" \/>\n\t<meta name=\"twitter:data1\" content=\"1 minuutti\" \/>\n<script type=\"application\/ld+json\" class=\"yoast-schema-graph\">{\"@context\":\"https:\/\/schema.org\",\"@graph\":[{\"@type\":\"Organization\",\"@id\":\"https:\/\/lybe.fi\/pattujunnut\/#organization\",\"name\":\"Pattijoen Urheilijat Juniorit\",\"url\":\"https:\/\/lybe.fi\/pattujunnut\/\",\"sameAs\":[\"https:\/\/www.instagram.com\/pattujuniorit\/?hl=fi\",\"https:\/\/www.facebook.com\/PattijoenUrheilijatJuniorit\/\"],\"logo\":{\"@type\":\"ImageObject\",\"inLanguage\":\"fi\",\"@id\":\"https:\/\/lybe.fi\/pattujunnut\/#\/schema\/logo\/image\/\",\"url\":\"http:\/\/lybe.fi\/pattujunnut\/wp-content\/uploads\/2022\/04\/PattUjr_Logo_2022_trans_512px.png\",\"contentUrl\":\"http:\/\/lybe.fi\/pattujunnut\/wp-content\/uploads\/2022\/04\/PattUjr_Logo_2022_trans_512px.png\",\"width\":512,\"height\":347,\"caption\":\"Pattijoen Urheilijat Juniorit\"},\"image\":{\"@id\":\"https:\/\/lybe.fi\/pattujunnut\/#\/schema\/logo\/image\/\"}},{\"@type\":\"WebSite\",\"@id\":\"https:\/\/lybe.fi\/pattujunnut\/#website\",\"url\":\"https:\/\/lybe.fi\/pattujunnut\/\",\"name\":\"PattU Juniorit\",\"description\":\"\",\"publisher\":{\"@id\":\"https:\/\/lybe.fi\/pattujunnut\/#organization\"},\"potentialAction\":[{\"@type\":\"SearchAction\",\"target\":{\"@type\":\"EntryPoint\",\"urlTemplate\":\"https:\/\/lybe.fi\/pattujunnut\/?s={search_term_string}\"},\"query-input\":\"required name=search_term_string\"}],\"inLanguage\":\"fi\"},{\"@type\":\"WebPage\",\"@id\":\"https:\/\/lybe.fi\/pattujunnut\/yhteystiedot\/#webpage\",\"url\":\"https:\/\/lybe.fi\/pattujunnut\/yhteystiedot\/\",\"name\":\"Yhteystiedot - PattU Juniorit\",\"isPartOf\":{\"@id\":\"https:\/\/lybe.fi\/pattujunnut\/#website\"},\"datePublished\":\"2022-03-31T09:46:12+00:00\",\"dateModified\":\"2022-06-22T12:19:38+00:00\",\"description\":\"Syksyll\u00e4 2012 perustettu junioreiden pes\u00e4palloiluun keskittyv\u00e4 seura, Pattijoen urheilijat Juniorit \u2013 tai arkisemmin Pattu juniorit\",\"breadcrumb\":{\"@id\":\"https:\/\/lybe.fi\/pattujunnut\/yhteystiedot\/#breadcrumb\"},\"inLanguage\":\"fi\",\"potentialAction\":[{\"@type\":\"ReadAction\",\"target\":[\"https:\/\/lybe.fi\/pattujunnut\/yhteystiedot\/\"]}]},{\"@type\":\"BreadcrumbList\",\"@id\":\"https:\/\/lybe.fi\/pattujunnut\/yhteystiedot\/#breadcrumb\",\"itemListElement\":[{\"@type\":\"ListItem\",\"position\":1,\"name\":\"Home\",\"item\":\"https:\/\/lybe.fi\/pattujunnut\/\"},{\"@type\":\"ListItem\",\"position\":2,\"name\":\"Yhteystiedot\"}]}]}<\/script>\n<!-- \/ Yoast SEO plugin. -->","yoast_head_json":{"title":"Yhteystiedot - PattU Juniorit","description":"Syksyll\u00e4 2012 perustettu junioreiden pes\u00e4palloiluun keskittyv\u00e4 seura, Pattijoen urheilijat Juniorit \u2013 tai arkisemmin Pattu juniorit","robots":{"index":"index","follow":"follow","max-snippet":"max-snippet:-1","max-image-preview":"max-image-preview:large","max-video-preview":"max-video-preview:-1"},"canonical":"https:\/\/lybe.fi\/pattujunnut\/yhteystiedot\/","og_locale":"fi_FI","og_type":"article","og_title":"Yhteystiedot - PattU Juniorit","og_description":"Syksyll\u00e4 2012 perustettu junioreiden pes\u00e4palloiluun keskittyv\u00e4 seura, Pattijoen urheilijat Juniorit \u2013 tai arkisemmin Pattu juniorit","og_url":"https:\/\/lybe.fi\/pattujunnut\/yhteystiedot\/","og_site_name":"PattU Juniorit","article_publisher":"https:\/\/www.facebook.com\/PattijoenUrheilijatJuniorit\/","article_modified_time":"2022-06-22T12:19:38+00:00","twitter_card":"summary_large_image","twitter_misc":{"Arvioitu lukuaika":"1 minuutti"},"schema":{"@context":"https:\/\/schema.org","@graph":[{"@type":"Organization","@id":"https:\/\/lybe.fi\/pattujunnut\/#organization","name":"Pattijoen Urheilijat Juniorit","url":"https:\/\/lybe.fi\/pattujunnut\/","sameAs":["https:\/\/www.instagram.com\/pattujuniorit\/?hl=fi","https:\/\/www.facebook.com\/PattijoenUrheilijatJuniorit\/"],"logo":{"@type":"ImageObject","inLanguage":"fi","@id":"https:\/\/lybe.fi\/pattujunnut\/#\/schema\/logo\/image\/","url":"http:\/\/lybe.fi\/pattujunnut\/wp-content\/uploads\/2022\/04\/PattUjr_Logo_2022_trans_512px.png","contentUrl":"http:\/\/lybe.fi\/pattujunnut\/wp-content\/uploads\/2022\/04\/PattUjr_Logo_2022_trans_512px.png","width":512,"height":347,"caption":"Pattijoen Urheilijat Juniorit"},"image":{"@id":"https:\/\/lybe.fi\/pattujunnut\/#\/schema\/logo\/image\/"}},{"@type":"WebSite","@id":"https:\/\/lybe.fi\/pattujunnut\/#website","url":"https:\/\/lybe.fi\/pattujunnut\/","name":"PattU Juniorit","description":"","publisher":{"@id":"https:\/\/lybe.fi\/pattujunnut\/#organization"},"potentialAction":[{"@type":"SearchAction","target":{"@type":"EntryPoint","urlTemplate":"https:\/\/lybe.fi\/pattujunnut\/?s={search_term_string}"},"query-input":"required name=search_term_string"}],"inLanguage":"fi"},{"@type":"WebPage","@id":"https:\/\/lybe.fi\/pattujunnut\/yhteystiedot\/#webpage","url":"https:\/\/lybe.fi\/pattujunnut\/yhteystiedot\/","name":"Yhteystiedot - PattU Juniorit","isPartOf":{"@id":"https:\/\/lybe.fi\/pattujunnut\/#website"},"datePublished":"2022-03-31T09:46:12+00:00","dateModified":"2022-06-22T12:19:38+00:00","description":"Syksyll\u00e4 2012 perustettu junioreiden pes\u00e4palloiluun keskittyv\u00e4 seura, Pattijoen urheilijat Juniorit \u2013 tai arkisemmin Pattu juniorit","breadcrumb":{"@id":"https:\/\/lybe.fi\/pattujunnut\/yhteystiedot\/#breadcrumb"},"inLanguage":"fi","potentialAction":[{"@type":"ReadAction","target":["https:\/\/lybe.fi\/pattujunnut\/yhteystiedot\/"]}]},{"@type":"BreadcrumbList","@id":"https:\/\/lybe.fi\/pattujunnut\/yhteystiedot\/#breadcrumb","itemListElement":[{"@type":"ListItem","position":1,"name":"Home","item":"https:\/\/lybe.fi\/pattujunnut\/"},{"@type":"ListItem","position":2,"name":"Yhteystiedot"}]}]}},"_links":{"self":[{"href":"https:\/\/lybe.fi\/pattujunnut\/wp-json\/wp\/v2\/pages\/42","targetHints":{"allow":["GET"]}}],"collection":[{"href":"https:\/\/lybe.fi\/pattujunnut\/wp-json\/wp\/v2\/pages"}],"about":[{"href":"https:\/\/lybe.fi\/pattujunnut\/wp-json\/wp\/v2\/types\/page"}],"author":[{"embeddable":true,"href":"https:\/\/lybe.fi\/pattujunnut\/wp-json\/wp\/v2\/users\/1"}],"replies":[{"embeddable":true,"href":"https:\/\/lybe.fi\/pattujunnut\/wp-json\/wp\/v2\/comments?post=42"}],"version-history":[{"count":22,"href":"https:\/\/lybe.fi\/pattujunnut\/wp-json\/wp\/v2\/pages\/42\/revisions"}],"predecessor-version":[{"id":1815,"href":"https:\/\/lybe.fi\/pattujunnut\/wp-json\/wp\/v2\/pages\/42\/revisions\/1815"}],"wp:attachment":[{"href":"https:\/\/lybe.fi\/pattujunnut\/wp-json\/wp\/v2\/media?parent=42"}],"wp:term":[{"taxonomy":"folder","embeddable":true,"href":"https:\/\/lybe.fi\/pattujunnut\/wp-json\/wp\/v2\/folder?post=42"}],"curies":[{"name":"wp","href":"https:\/\/api.w.org\/{rel}","templated":true}]}}