{"id":54,"date":"2022-03-31T10:01:04","date_gmt":"2022-03-31T10:01:04","guid":{"rendered":"http:\/\/lybe.fi\/pattujunnut\/?page_id=54"},"modified":"2022-07-14T11:37:54","modified_gmt":"2022-07-14T08:37:54","slug":"f-pojat","status":"publish","type":"page","link":"https:\/\/lybe.fi\/pattujunnut\/f-pojat\/","title":{"rendered":"F-pojat"},"content":{"rendered":"\t\t<div data-elementor-type=\"wp-page\" data-elementor-id=\"54\" class=\"elementor elementor-54\">\n\t\t\t\t\t\t<section class=\"elementor-section elementor-top-section elementor-element elementor-element-266f6c0 elementor-hidden-tablet elementor-hidden-mobile elementor-section-boxed elementor-section-height-default elementor-section-height-default\" data-id=\"266f6c0\" data-element_type=\"section\" data-e-type=\"section\" data-settings=\"{&quot;background_background&quot;:&quot;classic&quot;}\">\n\t\t\t\t\t\t<div class=\"elementor-container elementor-column-gap-default\">\n\t\t\t\t\t<div class=\"elementor-column elementor-col-14 elementor-top-column elementor-element elementor-element-23ff46f\" data-id=\"23ff46f\" data-element_type=\"column\" data-e-type=\"column\">\n\t\t\t<div class=\"elementor-widget-wrap elementor-element-populated\">\n\t\t\t\t\t\t<div class=\"elementor-element elementor-element-afcb295 elementor-align-justify elementor-widget elementor-widget-button\" data-id=\"afcb295\" data-element_type=\"widget\" data-e-type=\"widget\" data-widget_type=\"button.default\">\n\t\t\t\t<div class=\"elementor-widget-container\">\n\t\t\t\t\t\t\t\t\t<div class=\"elementor-button-wrapper\">\n\t\t\t\t\t<a class=\"elementor-button elementor-button-link elementor-size-sm\" href=\"http:\/\/lybe.fi\/pattujunnut\/f-pojat\/\">\n\t\t\t\t\t\t<span class=\"elementor-button-content-wrapper\">\n\t\t\t\t\t\t\t\t\t<span class=\"elementor-button-text\">F-POJAT<\/span>\n\t\t\t\t\t<\/span>\n\t\t\t\t\t<\/a>\n\t\t\t\t<\/div>\n\t\t\t\t\t\t\t\t<\/div>\n\t\t\t\t<\/div>\n\t\t\t\t\t<\/div>\n\t\t<\/div>\n\t\t\t\t<div class=\"elementor-column elementor-col-14 elementor-top-column elementor-element elementor-element-5f11435\" data-id=\"5f11435\" data-element_type=\"column\" data-e-type=\"column\">\n\t\t\t<div class=\"elementor-widget-wrap elementor-element-populated\">\n\t\t\t\t\t\t<div class=\"elementor-element elementor-element-b8efbb3 elementor-align-justify elementor-widget elementor-widget-button\" data-id=\"b8efbb3\" data-element_type=\"widget\" data-e-type=\"widget\" data-widget_type=\"button.default\">\n\t\t\t\t<div class=\"elementor-widget-container\">\n\t\t\t\t\t\t\t\t\t<div class=\"elementor-button-wrapper\">\n\t\t\t\t\t<a class=\"elementor-button elementor-button-link elementor-size-sm\" href=\"https:\/\/lybe.fi\/pattujunnut\/f-pojat-pelaajat\/\">\n\t\t\t\t\t\t<span class=\"elementor-button-content-wrapper\">\n\t\t\t\t\t\t\t\t\t<span class=\"elementor-button-text\">JOUKKUE<\/span>\n\t\t\t\t\t<\/span>\n\t\t\t\t\t<\/a>\n\t\t\t\t<\/div>\n\t\t\t\t\t\t\t\t<\/div>\n\t\t\t\t<\/div>\n\t\t\t\t\t<\/div>\n\t\t<\/div>\n\t\t\t\t<div class=\"elementor-column elementor-col-14 elementor-top-column elementor-element elementor-element-a847147\" data-id=\"a847147\" data-element_type=\"column\" data-e-type=\"column\">\n\t\t\t<div class=\"elementor-widget-wrap elementor-element-populated\">\n\t\t\t\t\t\t<div class=\"elementor-element elementor-element-cdd46a2 elementor-align-justify elementor-widget elementor-widget-button\" data-id=\"cdd46a2\" data-element_type=\"widget\" data-e-type=\"widget\" data-widget_type=\"button.default\">\n\t\t\t\t<div class=\"elementor-widget-container\">\n\t\t\t\t\t\t\t\t\t<div class=\"elementor-button-wrapper\">\n\t\t\t\t\t<a class=\"elementor-button elementor-button-link elementor-size-sm\" href=\"https:\/\/lybe.fi\/pattujunnut\/f-pojat-ajankohtaista\/\">\n\t\t\t\t\t\t<span class=\"elementor-button-content-wrapper\">\n\t\t\t\t\t\t\t\t\t<span class=\"elementor-button-text\">AJANKOHTAISTA<\/span>\n\t\t\t\t\t<\/span>\n\t\t\t\t\t<\/a>\n\t\t\t\t<\/div>\n\t\t\t\t\t\t\t\t<\/div>\n\t\t\t\t<\/div>\n\t\t\t\t\t<\/div>\n\t\t<\/div>\n\t\t\t\t<div class=\"elementor-column elementor-col-14 elementor-top-column elementor-element elementor-element-78ae75f\" data-id=\"78ae75f\" data-element_type=\"column\" data-e-type=\"column\">\n\t\t\t<div class=\"elementor-widget-wrap elementor-element-populated\">\n\t\t\t\t\t\t<div class=\"elementor-element elementor-element-eba01fe elementor-align-justify elementor-widget elementor-widget-button\" data-id=\"eba01fe\" data-element_type=\"widget\" data-e-type=\"widget\" data-widget_type=\"button.default\">\n\t\t\t\t<div class=\"elementor-widget-container\">\n\t\t\t\t\t\t\t\t\t<div class=\"elementor-button-wrapper\">\n\t\t\t\t\t<a class=\"elementor-button elementor-button-link elementor-size-sm\" href=\"https:\/\/lybe.fi\/pattujunnut\/f-pojat-pelit-ja-talkoot\/\">\n\t\t\t\t\t\t<span class=\"elementor-button-content-wrapper\">\n\t\t\t\t\t\t\t\t\t<span class=\"elementor-button-text\">PELIT JA TALKOOT<\/span>\n\t\t\t\t\t<\/span>\n\t\t\t\t\t<\/a>\n\t\t\t\t<\/div>\n\t\t\t\t\t\t\t\t<\/div>\n\t\t\t\t<\/div>\n\t\t\t\t\t<\/div>\n\t\t<\/div>\n\t\t\t\t<div class=\"elementor-column elementor-col-14 elementor-top-column elementor-element elementor-element-27b637d\" data-id=\"27b637d\" data-element_type=\"column\" data-e-type=\"column\">\n\t\t\t<div class=\"elementor-widget-wrap elementor-element-populated\">\n\t\t\t\t\t\t<div class=\"elementor-element elementor-element-9b94060 elementor-align-justify elementor-widget elementor-widget-button\" data-id=\"9b94060\" data-element_type=\"widget\" data-e-type=\"widget\" data-widget_type=\"button.default\">\n\t\t\t\t<div class=\"elementor-widget-container\">\n\t\t\t\t\t\t\t\t\t<div class=\"elementor-button-wrapper\">\n\t\t\t\t\t<a class=\"elementor-button elementor-button-link elementor-size-sm\" href=\"https:\/\/lybe.fi\/pattujunnut\/f-pojat-superin-talkoot\/\">\n\t\t\t\t\t\t<span class=\"elementor-button-content-wrapper\">\n\t\t\t\t\t\t\t\t\t<span class=\"elementor-button-text\">SUPERIN TALKOOT<\/span>\n\t\t\t\t\t<\/span>\n\t\t\t\t\t<\/a>\n\t\t\t\t<\/div>\n\t\t\t\t\t\t\t\t<\/div>\n\t\t\t\t<\/div>\n\t\t\t\t\t<\/div>\n\t\t<\/div>\n\t\t\t\t<div class=\"elementor-column elementor-col-14 elementor-top-column elementor-element elementor-element-478f4e3\" data-id=\"478f4e3\" data-element_type=\"column\" data-e-type=\"column\">\n\t\t\t<div class=\"elementor-widget-wrap elementor-element-populated\">\n\t\t\t\t\t\t<div class=\"elementor-element elementor-element-f2109b1 elementor-align-justify elementor-widget elementor-widget-button\" data-id=\"f2109b1\" data-element_type=\"widget\" data-e-type=\"widget\" data-widget_type=\"button.default\">\n\t\t\t\t<div class=\"elementor-widget-container\">\n\t\t\t\t\t\t\t\t\t<div class=\"elementor-button-wrapper\">\n\t\t\t\t\t<a class=\"elementor-button elementor-button-link elementor-size-sm\" href=\"https:\/\/lybe.fi\/pattujunnut\/f-pojat-pallopoikavuorot\/\">\n\t\t\t\t\t\t<span class=\"elementor-button-content-wrapper\">\n\t\t\t\t\t\t\t\t\t<span class=\"elementor-button-text\">PALLOPOIKAVUOROT<\/span>\n\t\t\t\t\t<\/span>\n\t\t\t\t\t<\/a>\n\t\t\t\t<\/div>\n\t\t\t\t\t\t\t\t<\/div>\n\t\t\t\t<\/div>\n\t\t\t\t\t<\/div>\n\t\t<\/div>\n\t\t\t\t<div class=\"elementor-column elementor-col-14 elementor-top-column elementor-element elementor-element-907d172\" data-id=\"907d172\" data-element_type=\"column\" data-e-type=\"column\">\n\t\t\t<div class=\"elementor-widget-wrap elementor-element-populated\">\n\t\t\t\t\t\t<div class=\"elementor-element elementor-element-78eb06b elementor-align-justify elementor-widget elementor-widget-button\" data-id=\"78eb06b\" data-element_type=\"widget\" data-e-type=\"widget\" data-widget_type=\"button.default\">\n\t\t\t\t<div class=\"elementor-widget-container\">\n\t\t\t\t\t\t\t\t\t<div class=\"elementor-button-wrapper\">\n\t\t\t\t\t<a class=\"elementor-button elementor-button-link elementor-size-sm\" href=\"https:\/\/lybe.fi\/pattujunnut\/f-pojat-leirit\/\">\n\t\t\t\t\t\t<span class=\"elementor-button-content-wrapper\">\n\t\t\t\t\t\t\t\t\t<span class=\"elementor-button-text\">LEIRIT<\/span>\n\t\t\t\t\t<\/span>\n\t\t\t\t\t<\/a>\n\t\t\t\t<\/div>\n\t\t\t\t\t\t\t\t<\/div>\n\t\t\t\t<\/div>\n\t\t\t\t\t<\/div>\n\t\t<\/div>\n\t\t\t\t\t<\/div>\n\t\t<\/section>\n\t\t\t\t<section class=\"elementor-section elementor-top-section elementor-element elementor-element-7426539a elementor-section-height-min-height elementor-section-boxed elementor-section-height-default elementor-section-items-middle\" data-id=\"7426539a\" data-element_type=\"section\" data-e-type=\"section\">\n\t\t\t\t\t\t\t<div class=\"elementor-background-overlay\"><\/div>\n\t\t\t\t\t\t\t<div class=\"elementor-container elementor-column-gap-default\">\n\t\t\t\t\t<div class=\"elementor-column elementor-col-100 elementor-top-column elementor-element elementor-element-315249d5\" data-id=\"315249d5\" data-element_type=\"column\" data-e-type=\"column\">\n\t\t\t<div class=\"elementor-widget-wrap elementor-element-populated\">\n\t\t\t\t\t\t<div class=\"elementor-element elementor-element-7c213e83 elementor-widget elementor-widget-heading\" data-id=\"7c213e83\" data-element_type=\"widget\" data-e-type=\"widget\" data-widget_type=\"heading.default\">\n\t\t\t\t<div class=\"elementor-widget-container\">\n\t\t\t\t\t<h1 class=\"elementor-heading-title elementor-size-default\">F-pojat<\/h1>\t\t\t\t<\/div>\n\t\t\t\t<\/div>\n\t\t\t\t\t<\/div>\n\t\t<\/div>\n\t\t\t\t\t<\/div>\n\t\t<\/section>\n\t\t\t\t<section class=\"elementor-section elementor-top-section elementor-element elementor-element-77460df elementor-section-boxed elementor-section-height-default elementor-section-height-default\" data-id=\"77460df\" data-element_type=\"section\" data-e-type=\"section\">\n\t\t\t\t\t\t<div class=\"elementor-container elementor-column-gap-default\">\n\t\t\t\t\t<div class=\"elementor-column elementor-col-50 elementor-top-column elementor-element elementor-element-578070e7\" data-id=\"578070e7\" data-element_type=\"column\" data-e-type=\"column\">\n\t\t\t<div class=\"elementor-widget-wrap elementor-element-populated\">\n\t\t\t\t\t\t<div class=\"elementor-element elementor-element-10b8b40 elementor-widget elementor-widget-text-editor\" data-id=\"10b8b40\" data-element_type=\"widget\" data-e-type=\"widget\" data-widget_type=\"text-editor.default\">\n\t\t\t\t<div class=\"elementor-widget-container\">\n\t\t\t\t\t\t\t\t\t<p><strong>Harjoitukset kes\u00e4ll\u00e4 r\u00e4nn\u00e4rin takakent\u00e4ll\u00e4 <\/strong><\/p><p>maanantaisin klo: 16.30-18.00<\/p><p>torstaisin klo: 16:30-18.00<\/p><p>\u00a0<\/p><p><strong>Huom! Muutokset mahdollisia!<\/strong><\/p><p>\u00a0<\/p><p><strong>Uudet pelaajat ilmoittautukaa joukkueenjohtajalle.<\/strong><\/p>\t\t\t\t\t\t\t\t<\/div>\n\t\t\t\t<\/div>\n\t\t\t\t\t<\/div>\n\t\t<\/div>\n\t\t\t\t<div class=\"elementor-column elementor-col-50 elementor-top-column elementor-element elementor-element-fb75159\" data-id=\"fb75159\" data-element_type=\"column\" data-e-type=\"column\">\n\t\t\t<div class=\"elementor-widget-wrap elementor-element-populated\">\n\t\t\t\t\t\t<div class=\"elementor-element elementor-element-763188d elementor-widget elementor-widget-text-editor\" data-id=\"763188d\" data-element_type=\"widget\" data-e-type=\"widget\" data-widget_type=\"text-editor.default\">\n\t\t\t\t<div class=\"elementor-widget-container\">\n\t\t\t\t\t\t\t\t\t<h3>Yhteystiedot<\/h3>\n<h5><strong>Valmentajat<\/strong><\/h5>\n<p>Jari T\u00f6rm\u00e4nen<\/p>\n<p>Jere Achren<\/p>\n<h5><strong>Joukkueenjohtajat<\/strong><\/h5>\n<p>Anna T\u00f6rm\u00e4nen<\/p>\n<p>annakeinanen@hotmail.com\/041 4624137<\/p>\n<p>Reetta Junno<\/p>\n<p>reetta.nyman@gmail.com\/040 6797969<\/p>\n<h5><strong>Rahastonhoitaja<\/strong><\/h5>\n<p>Jaana Kanasaari<\/p>\n<h5><strong>Joukkueentilinumero<\/strong><\/h5>\n<p>FI51 5381 0320 1530 99<\/p>\t\t\t\t\t\t\t\t<\/div>\n\t\t\t\t<\/div>\n\t\t\t\t\t<\/div>\n\t\t<\/div>\n\t\t\t\t\t<\/div>\n\t\t<\/section>\n\t\t\t\t<section class=\"elementor-section elementor-top-section elementor-element elementor-element-50846328 elementor-section-boxed elementor-section-height-default elementor-section-height-default\" data-id=\"50846328\" data-element_type=\"section\" data-e-type=\"section\">\n\t\t\t\t\t\t<div class=\"elementor-container elementor-column-gap-default\">\n\t\t\t\t\t<div class=\"elementor-column elementor-col-100 elementor-top-column elementor-element elementor-element-5edd242\" data-id=\"5edd242\" data-element_type=\"column\" data-e-type=\"column\">\n\t\t\t<div class=\"elementor-widget-wrap elementor-element-populated\">\n\t\t\t\t\t\t<div class=\"elementor-element elementor-element-16c56bc5 elementor-widget elementor-widget-spacer\" data-id=\"16c56bc5\" data-element_type=\"widget\" data-e-type=\"widget\" data-widget_type=\"spacer.default\">\n\t\t\t\t<div class=\"elementor-widget-container\">\n\t\t\t\t\t\t\t<div class=\"elementor-spacer\">\n\t\t\t<div class=\"elementor-spacer-inner\"><\/div>\n\t\t<\/div>\n\t\t\t\t\t\t<\/div>\n\t\t\t\t<\/div>\n\t\t\t\t\t<\/div>\n\t\t<\/div>\n\t\t\t\t\t<\/div>\n\t\t<\/section>\n\t\t\t\t<section class=\"elementor-section elementor-top-section elementor-element elementor-element-4f7ef924 elementor-section-height-min-height elementor-section-boxed elementor-section-height-default elementor-section-items-middle\" data-id=\"4f7ef924\" data-element_type=\"section\" data-e-type=\"section\">\n\t\t\t\t\t\t\t<div class=\"elementor-background-overlay\"><\/div>\n\t\t\t\t\t\t\t<div class=\"elementor-container elementor-column-gap-default\">\n\t\t\t\t\t<div class=\"elementor-column elementor-col-100 elementor-top-column elementor-element elementor-element-789c0222\" data-id=\"789c0222\" data-element_type=\"column\" data-e-type=\"column\">\n\t\t\t<div class=\"elementor-widget-wrap elementor-element-populated\">\n\t\t\t\t\t\t<div class=\"elementor-element elementor-element-606e015a elementor-widget elementor-widget-heading\" data-id=\"606e015a\" data-element_type=\"widget\" data-e-type=\"widget\" data-widget_type=\"heading.default\">\n\t\t\t\t<div class=\"elementor-widget-container\">\n\t\t\t\t\t<h1 class=\"elementor-heading-title elementor-size-default\">Sponsorit<\/h1>\t\t\t\t<\/div>\n\t\t\t\t<\/div>\n\t\t\t\t\t<\/div>\n\t\t<\/div>\n\t\t\t\t\t<\/div>\n\t\t<\/section>\n\t\t\t\t<\/div>\n\t\t","protected":false},"excerpt":{"rendered":"<p>F-POJAT JOUKKUE AJANKOHTAISTA PELIT JA TALKOOT SUPERIN TALKOOT PALLOPOIKAVUOROT LEIRIT F-pojat Harjoitukset kes\u00e4ll\u00e4 r\u00e4nn\u00e4rin takakent\u00e4ll\u00e4 maanantaisin klo: 16.30-18.00 torstaisin klo: 16:30-18.00 \u00a0 Huom! Muutokset mahdollisia! \u00a0 Uudet pelaajat ilmoittautukaa joukkueenjohtajalle.&hellip;&nbsp;<a href=\"https:\/\/lybe.fi\/pattujunnut\/f-pojat\/\" class=\"\" rel=\"bookmark\">Lue lis\u00e4\u00e4 &raquo;<span class=\"screen-reader-text\">F-pojat<\/span><\/a><\/p>\n","protected":false},"author":1,"featured_media":0,"parent":0,"menu_order":26,"comment_status":"closed","ping_status":"closed","template":"page-templates\/template-pagebuilder-full-width.php","meta":{"neve_meta_sidebar":"","neve_meta_container":"","neve_meta_enable_content_width":"","neve_meta_content_width":0,"neve_meta_title_alignment":"","neve_meta_author_avatar":"","neve_post_elements_order":"","neve_meta_disable_header":"","neve_meta_disable_footer":"","neve_meta_disable_title":"","footnotes":""},"folder":[13],"class_list":["post-54","page","type-page","status-publish","hentry"],"yoast_head":"<!-- This site is optimized with the Yoast SEO plugin v19.1 - https:\/\/yoast.com\/wordpress\/plugins\/seo\/ -->\n<title>F-pojat - PattU Juniorit<\/title>\n<meta name=\"description\" content=\"Syksyll\u00e4 2012 perustettu junioreiden pes\u00e4palloiluun keskittyv\u00e4 seura, Pattijoen urheilijat Juniorit \u2013 tai arkisemmin Pattu juniorit\" \/>\n<meta name=\"robots\" content=\"index, follow, max-snippet:-1, max-image-preview:large, max-video-preview:-1\" \/>\n<link rel=\"canonical\" href=\"https:\/\/lybe.fi\/pattujunnut\/f-pojat\/\" \/>\n<meta property=\"og:locale\" content=\"fi_FI\" \/>\n<meta property=\"og:type\" content=\"article\" \/>\n<meta property=\"og:title\" content=\"F-pojat - PattU Juniorit\" \/>\n<meta property=\"og:description\" content=\"Syksyll\u00e4 2012 perustettu junioreiden pes\u00e4palloiluun keskittyv\u00e4 seura, Pattijoen urheilijat Juniorit \u2013 tai arkisemmin Pattu juniorit\" \/>\n<meta property=\"og:url\" content=\"https:\/\/lybe.fi\/pattujunnut\/f-pojat\/\" \/>\n<meta property=\"og:site_name\" content=\"PattU Juniorit\" \/>\n<meta property=\"article:publisher\" content=\"https:\/\/www.facebook.com\/PattijoenUrheilijatJuniorit\/\" \/>\n<meta property=\"article:modified_time\" content=\"2022-07-14T08:37:54+00:00\" \/>\n<meta name=\"twitter:card\" content=\"summary_large_image\" \/>\n<meta name=\"twitter:label1\" content=\"Arvioitu lukuaika\" \/>\n\t<meta name=\"twitter:data1\" content=\"1 minuutti\" \/>\n<script type=\"application\/ld+json\" class=\"yoast-schema-graph\">{\"@context\":\"https:\/\/schema.org\",\"@graph\":[{\"@type\":\"Organization\",\"@id\":\"https:\/\/lybe.fi\/pattujunnut\/#organization\",\"name\":\"Pattijoen Urheilijat Juniorit\",\"url\":\"https:\/\/lybe.fi\/pattujunnut\/\",\"sameAs\":[\"https:\/\/www.instagram.com\/pattujuniorit\/?hl=fi\",\"https:\/\/www.facebook.com\/PattijoenUrheilijatJuniorit\/\"],\"logo\":{\"@type\":\"ImageObject\",\"inLanguage\":\"fi\",\"@id\":\"https:\/\/lybe.fi\/pattujunnut\/#\/schema\/logo\/image\/\",\"url\":\"http:\/\/lybe.fi\/pattujunnut\/wp-content\/uploads\/2022\/04\/PattUjr_Logo_2022_trans_512px.png\",\"contentUrl\":\"http:\/\/lybe.fi\/pattujunnut\/wp-content\/uploads\/2022\/04\/PattUjr_Logo_2022_trans_512px.png\",\"width\":512,\"height\":347,\"caption\":\"Pattijoen Urheilijat Juniorit\"},\"image\":{\"@id\":\"https:\/\/lybe.fi\/pattujunnut\/#\/schema\/logo\/image\/\"}},{\"@type\":\"WebSite\",\"@id\":\"https:\/\/lybe.fi\/pattujunnut\/#website\",\"url\":\"https:\/\/lybe.fi\/pattujunnut\/\",\"name\":\"PattU Juniorit\",\"description\":\"\",\"publisher\":{\"@id\":\"https:\/\/lybe.fi\/pattujunnut\/#organization\"},\"potentialAction\":[{\"@type\":\"SearchAction\",\"target\":{\"@type\":\"EntryPoint\",\"urlTemplate\":\"https:\/\/lybe.fi\/pattujunnut\/?s={search_term_string}\"},\"query-input\":\"required name=search_term_string\"}],\"inLanguage\":\"fi\"},{\"@type\":\"WebPage\",\"@id\":\"https:\/\/lybe.fi\/pattujunnut\/f-pojat\/#webpage\",\"url\":\"https:\/\/lybe.fi\/pattujunnut\/f-pojat\/\",\"name\":\"F-pojat - PattU Juniorit\",\"isPartOf\":{\"@id\":\"https:\/\/lybe.fi\/pattujunnut\/#website\"},\"datePublished\":\"2022-03-31T10:01:04+00:00\",\"dateModified\":\"2022-07-14T08:37:54+00:00\",\"description\":\"Syksyll\u00e4 2012 perustettu junioreiden pes\u00e4palloiluun keskittyv\u00e4 seura, Pattijoen urheilijat Juniorit \u2013 tai arkisemmin Pattu juniorit\",\"breadcrumb\":{\"@id\":\"https:\/\/lybe.fi\/pattujunnut\/f-pojat\/#breadcrumb\"},\"inLanguage\":\"fi\",\"potentialAction\":[{\"@type\":\"ReadAction\",\"target\":[\"https:\/\/lybe.fi\/pattujunnut\/f-pojat\/\"]}]},{\"@type\":\"BreadcrumbList\",\"@id\":\"https:\/\/lybe.fi\/pattujunnut\/f-pojat\/#breadcrumb\",\"itemListElement\":[{\"@type\":\"ListItem\",\"position\":1,\"name\":\"Home\",\"item\":\"https:\/\/lybe.fi\/pattujunnut\/\"},{\"@type\":\"ListItem\",\"position\":2,\"name\":\"F-pojat\"}]}]}<\/script>\n<!-- \/ Yoast SEO plugin. -->","yoast_head_json":{"title":"F-pojat - PattU Juniorit","description":"Syksyll\u00e4 2012 perustettu junioreiden pes\u00e4palloiluun keskittyv\u00e4 seura, Pattijoen urheilijat Juniorit \u2013 tai arkisemmin Pattu juniorit","robots":{"index":"index","follow":"follow","max-snippet":"max-snippet:-1","max-image-preview":"max-image-preview:large","max-video-preview":"max-video-preview:-1"},"canonical":"https:\/\/lybe.fi\/pattujunnut\/f-pojat\/","og_locale":"fi_FI","og_type":"article","og_title":"F-pojat - PattU Juniorit","og_description":"Syksyll\u00e4 2012 perustettu junioreiden pes\u00e4palloiluun keskittyv\u00e4 seura, Pattijoen urheilijat Juniorit \u2013 tai arkisemmin Pattu juniorit","og_url":"https:\/\/lybe.fi\/pattujunnut\/f-pojat\/","og_site_name":"PattU Juniorit","article_publisher":"https:\/\/www.facebook.com\/PattijoenUrheilijatJuniorit\/","article_modified_time":"2022-07-14T08:37:54+00:00","twitter_card":"summary_large_image","twitter_misc":{"Arvioitu lukuaika":"1 minuutti"},"schema":{"@context":"https:\/\/schema.org","@graph":[{"@type":"Organization","@id":"https:\/\/lybe.fi\/pattujunnut\/#organization","name":"Pattijoen Urheilijat Juniorit","url":"https:\/\/lybe.fi\/pattujunnut\/","sameAs":["https:\/\/www.instagram.com\/pattujuniorit\/?hl=fi","https:\/\/www.facebook.com\/PattijoenUrheilijatJuniorit\/"],"logo":{"@type":"ImageObject","inLanguage":"fi","@id":"https:\/\/lybe.fi\/pattujunnut\/#\/schema\/logo\/image\/","url":"http:\/\/lybe.fi\/pattujunnut\/wp-content\/uploads\/2022\/04\/PattUjr_Logo_2022_trans_512px.png","contentUrl":"http:\/\/lybe.fi\/pattujunnut\/wp-content\/uploads\/2022\/04\/PattUjr_Logo_2022_trans_512px.png","width":512,"height":347,"caption":"Pattijoen Urheilijat Juniorit"},"image":{"@id":"https:\/\/lybe.fi\/pattujunnut\/#\/schema\/logo\/image\/"}},{"@type":"WebSite","@id":"https:\/\/lybe.fi\/pattujunnut\/#website","url":"https:\/\/lybe.fi\/pattujunnut\/","name":"PattU Juniorit","description":"","publisher":{"@id":"https:\/\/lybe.fi\/pattujunnut\/#organization"},"potentialAction":[{"@type":"SearchAction","target":{"@type":"EntryPoint","urlTemplate":"https:\/\/lybe.fi\/pattujunnut\/?s={search_term_string}"},"query-input":"required name=search_term_string"}],"inLanguage":"fi"},{"@type":"WebPage","@id":"https:\/\/lybe.fi\/pattujunnut\/f-pojat\/#webpage","url":"https:\/\/lybe.fi\/pattujunnut\/f-pojat\/","name":"F-pojat - PattU Juniorit","isPartOf":{"@id":"https:\/\/lybe.fi\/pattujunnut\/#website"},"datePublished":"2022-03-31T10:01:04+00:00","dateModified":"2022-07-14T08:37:54+00:00","description":"Syksyll\u00e4 2012 perustettu junioreiden pes\u00e4palloiluun keskittyv\u00e4 seura, Pattijoen urheilijat Juniorit \u2013 tai arkisemmin Pattu juniorit","breadcrumb":{"@id":"https:\/\/lybe.fi\/pattujunnut\/f-pojat\/#breadcrumb"},"inLanguage":"fi","potentialAction":[{"@type":"ReadAction","target":["https:\/\/lybe.fi\/pattujunnut\/f-pojat\/"]}]},{"@type":"BreadcrumbList","@id":"https:\/\/lybe.fi\/pattujunnut\/f-pojat\/#breadcrumb","itemListElement":[{"@type":"ListItem","position":1,"name":"Home","item":"https:\/\/lybe.fi\/pattujunnut\/"},{"@type":"ListItem","position":2,"name":"F-pojat"}]}]}},"_links":{"self":[{"href":"https:\/\/lybe.fi\/pattujunnut\/wp-json\/wp\/v2\/pages\/54","targetHints":{"allow":["GET"]}}],"collection":[{"href":"https:\/\/lybe.fi\/pattujunnut\/wp-json\/wp\/v2\/pages"}],"about":[{"href":"https:\/\/lybe.fi\/pattujunnut\/wp-json\/wp\/v2\/types\/page"}],"author":[{"embeddable":true,"href":"https:\/\/lybe.fi\/pattujunnut\/wp-json\/wp\/v2\/users\/1"}],"replies":[{"embeddable":true,"href":"https:\/\/lybe.fi\/pattujunnut\/wp-json\/wp\/v2\/comments?post=54"}],"version-history":[{"count":85,"href":"https:\/\/lybe.fi\/pattujunnut\/wp-json\/wp\/v2\/pages\/54\/revisions"}],"predecessor-version":[{"id":2708,"href":"https:\/\/lybe.fi\/pattujunnut\/wp-json\/wp\/v2\/pages\/54\/revisions\/2708"}],"wp:attachment":[{"href":"https:\/\/lybe.fi\/pattujunnut\/wp-json\/wp\/v2\/media?parent=54"}],"wp:term":[{"taxonomy":"folder","embeddable":true,"href":"https:\/\/lybe.fi\/pattujunnut\/wp-json\/wp\/v2\/folder?post=54"}],"curies":[{"name":"wp","href":"https:\/\/api.w.org\/{rel}","templated":true}]}}