{"id":611,"date":"2022-05-30T09:41:11","date_gmt":"2022-05-30T06:41:11","guid":{"rendered":"http:\/\/lybe.fi\/pattujunnut\/?page_id=611"},"modified":"2022-07-14T11:20:46","modified_gmt":"2022-07-14T08:20:46","slug":"e-pojat","status":"publish","type":"page","link":"https:\/\/lybe.fi\/pattujunnut\/e-pojat\/","title":{"rendered":"E-pojat"},"content":{"rendered":"\t\t<div data-elementor-type=\"wp-page\" data-elementor-id=\"611\" class=\"elementor elementor-611\">\n\t\t\t\t\t\t<section class=\"elementor-section elementor-top-section elementor-element elementor-element-0246ae6 elementor-hidden-tablet elementor-hidden-mobile elementor-section-boxed elementor-section-height-default elementor-section-height-default\" data-id=\"0246ae6\" data-element_type=\"section\" data-e-type=\"section\" data-settings=\"{&quot;background_background&quot;:&quot;classic&quot;}\">\n\t\t\t\t\t\t<div class=\"elementor-container elementor-column-gap-default\">\n\t\t\t\t\t<div class=\"elementor-column elementor-col-14 elementor-top-column elementor-element elementor-element-81ffb38\" data-id=\"81ffb38\" data-element_type=\"column\" data-e-type=\"column\">\n\t\t\t<div class=\"elementor-widget-wrap elementor-element-populated\">\n\t\t\t\t\t\t<div class=\"elementor-element elementor-element-b873502 elementor-align-justify elementor-widget elementor-widget-button\" data-id=\"b873502\" data-element_type=\"widget\" data-e-type=\"widget\" data-widget_type=\"button.default\">\n\t\t\t\t<div class=\"elementor-widget-container\">\n\t\t\t\t\t\t\t\t\t<div class=\"elementor-button-wrapper\">\n\t\t\t\t\t<a class=\"elementor-button elementor-button-link elementor-size-sm\" href=\"http:\/\/lybe.fi\/pattujunnut\/e-pojat\/\">\n\t\t\t\t\t\t<span class=\"elementor-button-content-wrapper\">\n\t\t\t\t\t\t\t\t\t<span class=\"elementor-button-text\">E-POJAT<\/span>\n\t\t\t\t\t<\/span>\n\t\t\t\t\t<\/a>\n\t\t\t\t<\/div>\n\t\t\t\t\t\t\t\t<\/div>\n\t\t\t\t<\/div>\n\t\t\t\t\t<\/div>\n\t\t<\/div>\n\t\t\t\t<div class=\"elementor-column elementor-col-14 elementor-top-column elementor-element elementor-element-1b81b7d\" data-id=\"1b81b7d\" data-element_type=\"column\" data-e-type=\"column\">\n\t\t\t<div class=\"elementor-widget-wrap elementor-element-populated\">\n\t\t\t\t\t\t<div class=\"elementor-element elementor-element-6015726 elementor-align-justify elementor-widget elementor-widget-button\" data-id=\"6015726\" data-element_type=\"widget\" data-e-type=\"widget\" data-widget_type=\"button.default\">\n\t\t\t\t<div class=\"elementor-widget-container\">\n\t\t\t\t\t\t\t\t\t<div class=\"elementor-button-wrapper\">\n\t\t\t\t\t<a class=\"elementor-button elementor-button-link elementor-size-sm\" href=\"https:\/\/lybe.fi\/pattujunnut\/e-pojat-pelaajat\/\">\n\t\t\t\t\t\t<span class=\"elementor-button-content-wrapper\">\n\t\t\t\t\t\t\t\t\t<span class=\"elementor-button-text\">JOUKKUE<\/span>\n\t\t\t\t\t<\/span>\n\t\t\t\t\t<\/a>\n\t\t\t\t<\/div>\n\t\t\t\t\t\t\t\t<\/div>\n\t\t\t\t<\/div>\n\t\t\t\t\t<\/div>\n\t\t<\/div>\n\t\t\t\t<div class=\"elementor-column elementor-col-14 elementor-top-column elementor-element elementor-element-8bb1e53\" data-id=\"8bb1e53\" data-element_type=\"column\" data-e-type=\"column\">\n\t\t\t<div class=\"elementor-widget-wrap elementor-element-populated\">\n\t\t\t\t\t\t<div class=\"elementor-element elementor-element-c83237f elementor-align-justify elementor-widget elementor-widget-button\" data-id=\"c83237f\" data-element_type=\"widget\" data-e-type=\"widget\" data-widget_type=\"button.default\">\n\t\t\t\t<div class=\"elementor-widget-container\">\n\t\t\t\t\t\t\t\t\t<div class=\"elementor-button-wrapper\">\n\t\t\t\t\t<a class=\"elementor-button elementor-button-link elementor-size-sm\" href=\"https:\/\/lybe.fi\/pattujunnut\/e-pojat-pelit\/\">\n\t\t\t\t\t\t<span class=\"elementor-button-content-wrapper\">\n\t\t\t\t\t\t\t\t\t<span class=\"elementor-button-text\">PELIT<\/span>\n\t\t\t\t\t<\/span>\n\t\t\t\t\t<\/a>\n\t\t\t\t<\/div>\n\t\t\t\t\t\t\t\t<\/div>\n\t\t\t\t<\/div>\n\t\t\t\t\t<\/div>\n\t\t<\/div>\n\t\t\t\t<div class=\"elementor-column elementor-col-14 elementor-top-column elementor-element elementor-element-25228d2\" data-id=\"25228d2\" data-element_type=\"column\" data-e-type=\"column\">\n\t\t\t<div class=\"elementor-widget-wrap elementor-element-populated\">\n\t\t\t\t\t\t<div class=\"elementor-element elementor-element-d824105 elementor-align-justify elementor-widget elementor-widget-button\" data-id=\"d824105\" data-element_type=\"widget\" data-e-type=\"widget\" data-widget_type=\"button.default\">\n\t\t\t\t<div class=\"elementor-widget-container\">\n\t\t\t\t\t\t\t\t\t<div class=\"elementor-button-wrapper\">\n\t\t\t\t\t<a class=\"elementor-button elementor-button-link elementor-size-sm\" href=\"https:\/\/lybe.fi\/pattujunnut\/e-pojat-talkoot\/\">\n\t\t\t\t\t\t<span class=\"elementor-button-content-wrapper\">\n\t\t\t\t\t\t\t\t\t<span class=\"elementor-button-text\">TALKOOT<\/span>\n\t\t\t\t\t<\/span>\n\t\t\t\t\t<\/a>\n\t\t\t\t<\/div>\n\t\t\t\t\t\t\t\t<\/div>\n\t\t\t\t<\/div>\n\t\t\t\t\t<\/div>\n\t\t<\/div>\n\t\t\t\t<div class=\"elementor-column elementor-col-14 elementor-top-column elementor-element elementor-element-789a0d3\" data-id=\"789a0d3\" data-element_type=\"column\" data-e-type=\"column\">\n\t\t\t<div class=\"elementor-widget-wrap elementor-element-populated\">\n\t\t\t\t\t\t<div class=\"elementor-element elementor-element-53aaaee elementor-align-justify elementor-widget elementor-widget-button\" data-id=\"53aaaee\" data-element_type=\"widget\" data-e-type=\"widget\" data-widget_type=\"button.default\">\n\t\t\t\t<div class=\"elementor-widget-container\">\n\t\t\t\t\t\t\t\t\t<div class=\"elementor-button-wrapper\">\n\t\t\t\t\t<a class=\"elementor-button elementor-button-link elementor-size-sm\" href=\"https:\/\/lybe.fi\/pattujunnut\/e-pojat-pallopoikavuorot\/\">\n\t\t\t\t\t\t<span class=\"elementor-button-content-wrapper\">\n\t\t\t\t\t\t\t\t\t<span class=\"elementor-button-text\">PALLOPOIKAVUOROT<\/span>\n\t\t\t\t\t<\/span>\n\t\t\t\t\t<\/a>\n\t\t\t\t<\/div>\n\t\t\t\t\t\t\t\t<\/div>\n\t\t\t\t<\/div>\n\t\t\t\t\t<\/div>\n\t\t<\/div>\n\t\t\t\t<div class=\"elementor-column elementor-col-14 elementor-top-column elementor-element elementor-element-142f5a3\" data-id=\"142f5a3\" data-element_type=\"column\" data-e-type=\"column\">\n\t\t\t<div class=\"elementor-widget-wrap elementor-element-populated\">\n\t\t\t\t\t\t<div class=\"elementor-element elementor-element-90d2052 elementor-align-justify elementor-widget elementor-widget-button\" data-id=\"90d2052\" data-element_type=\"widget\" data-e-type=\"widget\" data-widget_type=\"button.default\">\n\t\t\t\t<div class=\"elementor-widget-container\">\n\t\t\t\t\t\t\t\t\t<div class=\"elementor-button-wrapper\">\n\t\t\t\t\t<a class=\"elementor-button elementor-button-link elementor-size-sm\" href=\"http:\/\/lybe.fi\/pattujunnut\/e-pojat-joukkueen-saannot\/\">\n\t\t\t\t\t\t<span class=\"elementor-button-content-wrapper\">\n\t\t\t\t\t\t\t\t\t<span class=\"elementor-button-text\">JOUKKUEEN S\u00c4\u00c4NN\u00d6T<\/span>\n\t\t\t\t\t<\/span>\n\t\t\t\t\t<\/a>\n\t\t\t\t<\/div>\n\t\t\t\t\t\t\t\t<\/div>\n\t\t\t\t<\/div>\n\t\t\t\t\t<\/div>\n\t\t<\/div>\n\t\t\t\t<div class=\"elementor-column elementor-col-14 elementor-top-column elementor-element elementor-element-27de89e\" data-id=\"27de89e\" data-element_type=\"column\" data-e-type=\"column\">\n\t\t\t<div class=\"elementor-widget-wrap elementor-element-populated\">\n\t\t\t\t\t\t<div class=\"elementor-element elementor-element-de54c79 elementor-align-justify elementor-widget elementor-widget-button\" data-id=\"de54c79\" data-element_type=\"widget\" data-e-type=\"widget\" data-widget_type=\"button.default\">\n\t\t\t\t<div class=\"elementor-widget-container\">\n\t\t\t\t\t\t\t\t\t<div class=\"elementor-button-wrapper\">\n\t\t\t\t\t<a class=\"elementor-button elementor-button-link elementor-size-sm\" href=\"https:\/\/lybe.fi\/pattujunnut\/e-pojat-leirit\/\">\n\t\t\t\t\t\t<span class=\"elementor-button-content-wrapper\">\n\t\t\t\t\t\t\t\t\t<span class=\"elementor-button-text\">LEIRIT<\/span>\n\t\t\t\t\t<\/span>\n\t\t\t\t\t<\/a>\n\t\t\t\t<\/div>\n\t\t\t\t\t\t\t\t<\/div>\n\t\t\t\t<\/div>\n\t\t\t\t\t<\/div>\n\t\t<\/div>\n\t\t\t\t\t<\/div>\n\t\t<\/section>\n\t\t\t\t<section class=\"elementor-section elementor-top-section elementor-element elementor-element-533b045f elementor-section-height-min-height elementor-section-boxed elementor-section-height-default elementor-section-items-middle\" data-id=\"533b045f\" data-element_type=\"section\" data-e-type=\"section\">\n\t\t\t\t\t\t\t<div class=\"elementor-background-overlay\"><\/div>\n\t\t\t\t\t\t\t<div class=\"elementor-container elementor-column-gap-default\">\n\t\t\t\t\t<div class=\"elementor-column elementor-col-100 elementor-top-column elementor-element elementor-element-1132b9df\" data-id=\"1132b9df\" data-element_type=\"column\" data-e-type=\"column\">\n\t\t\t<div class=\"elementor-widget-wrap elementor-element-populated\">\n\t\t\t\t\t\t<div class=\"elementor-element elementor-element-5e2ad8b2 elementor-widget elementor-widget-heading\" data-id=\"5e2ad8b2\" data-element_type=\"widget\" data-e-type=\"widget\" data-widget_type=\"heading.default\">\n\t\t\t\t<div class=\"elementor-widget-container\">\n\t\t\t\t\t<h1 class=\"elementor-heading-title elementor-size-default\">E-pojat<\/h1>\t\t\t\t<\/div>\n\t\t\t\t<\/div>\n\t\t\t\t\t<\/div>\n\t\t<\/div>\n\t\t\t\t\t<\/div>\n\t\t<\/section>\n\t\t\t\t<section class=\"elementor-section elementor-top-section elementor-element elementor-element-804e1c2 elementor-section-boxed elementor-section-height-default elementor-section-height-default\" data-id=\"804e1c2\" data-element_type=\"section\" data-e-type=\"section\">\n\t\t\t\t\t\t<div class=\"elementor-container elementor-column-gap-default\">\n\t\t\t\t\t<div class=\"elementor-column elementor-col-50 elementor-top-column elementor-element elementor-element-bbf95e6\" data-id=\"bbf95e6\" data-element_type=\"column\" data-e-type=\"column\">\n\t\t\t<div class=\"elementor-widget-wrap elementor-element-populated\">\n\t\t\t\t\t\t<div class=\"elementor-element elementor-element-6b9144a elementor-widget elementor-widget-text-editor\" data-id=\"6b9144a\" data-element_type=\"widget\" data-e-type=\"widget\" data-widget_type=\"text-editor.default\">\n\t\t\t\t<div class=\"elementor-widget-container\">\n\t\t\t\t\t\t\t\t\t<h2><strong>Uudet pelaajat ovat tervetulleita tutustumaan pes\u00e4palloon. Otattehan yhteytt\u00e4 joukkueenjohtajaan ennen ensimm\u00e4isi\u00e4 treenej\u00e4.<\/strong><\/h2><p>\u00a0<\/p><p><strong>Kes\u00e4n harjoitusvuorot<\/strong><\/p><p>Tenava-\/juniorikentt\u00e4<\/p><p>Ma 16.30 &#8211; 18.00<\/p><p>To 16.30 &#8211; 18.00<\/p>\t\t\t\t\t\t\t\t<\/div>\n\t\t\t\t<\/div>\n\t\t\t\t\t<\/div>\n\t\t<\/div>\n\t\t\t\t<div class=\"elementor-column elementor-col-50 elementor-top-column elementor-element elementor-element-60e9dcd\" data-id=\"60e9dcd\" data-element_type=\"column\" data-e-type=\"column\">\n\t\t\t<div class=\"elementor-widget-wrap elementor-element-populated\">\n\t\t\t\t\t\t<div class=\"elementor-element elementor-element-d4ff371 elementor-widget elementor-widget-text-editor\" data-id=\"d4ff371\" data-element_type=\"widget\" data-e-type=\"widget\" data-widget_type=\"text-editor.default\">\n\t\t\t\t<div class=\"elementor-widget-container\">\n\t\t\t\t\t\t\t\t\t<h3>Yhteystiedot<\/h3><h5><strong>Valmentajat<\/strong><\/h5><p>Jari T\u00f6rm\u00e4nen<\/p><h5><strong>Joukkueenjohtajat<\/strong><\/h5><p>Jaana Linnakangas<\/p><p>0505439899<\/p><p>Matti Kurra<\/p><p>mkurra@live.com\/0440668779<\/p><h5><strong>Rahastonhoitajat<\/strong><\/h5><p>Katri Kokko<\/p><p>aitiotava@gmail.com\/0505448611<\/p>\t\t\t\t\t\t\t\t<\/div>\n\t\t\t\t<\/div>\n\t\t\t\t\t<\/div>\n\t\t<\/div>\n\t\t\t\t\t<\/div>\n\t\t<\/section>\n\t\t\t\t<section class=\"elementor-section elementor-top-section elementor-element elementor-element-1d58eef1 elementor-section-height-min-height elementor-section-boxed elementor-section-height-default elementor-section-items-middle\" data-id=\"1d58eef1\" data-element_type=\"section\" data-e-type=\"section\">\n\t\t\t\t\t\t\t<div class=\"elementor-background-overlay\"><\/div>\n\t\t\t\t\t\t\t<div class=\"elementor-container elementor-column-gap-default\">\n\t\t\t\t\t<div class=\"elementor-column elementor-col-100 elementor-top-column elementor-element elementor-element-5a2889d4\" data-id=\"5a2889d4\" data-element_type=\"column\" data-e-type=\"column\">\n\t\t\t<div class=\"elementor-widget-wrap elementor-element-populated\">\n\t\t\t\t\t\t<div class=\"elementor-element elementor-element-5c9e759c elementor-widget elementor-widget-heading\" data-id=\"5c9e759c\" data-element_type=\"widget\" data-e-type=\"widget\" data-widget_type=\"heading.default\">\n\t\t\t\t<div class=\"elementor-widget-container\">\n\t\t\t\t\t<h1 class=\"elementor-heading-title elementor-size-default\">Sponsorit<\/h1>\t\t\t\t<\/div>\n\t\t\t\t<\/div>\n\t\t\t\t\t<\/div>\n\t\t<\/div>\n\t\t\t\t\t<\/div>\n\t\t<\/section>\n\t\t\t\t<\/div>\n\t\t","protected":false},"excerpt":{"rendered":"<p>E-POJAT JOUKKUE PELIT TALKOOT PALLOPOIKAVUOROT JOUKKUEEN S\u00c4\u00c4NN\u00d6T LEIRIT E-pojat Uudet pelaajat ovat tervetulleita tutustumaan pes\u00e4palloon. Otattehan yhteytt\u00e4 joukkueenjohtajaan ennen ensimm\u00e4isi\u00e4 treenej\u00e4. \u00a0 Kes\u00e4n harjoitusvuorot Tenava-\/juniorikentt\u00e4 Ma 16.30 &#8211; 18.00 To&hellip;&nbsp;<a href=\"https:\/\/lybe.fi\/pattujunnut\/e-pojat\/\" class=\"\" rel=\"bookmark\">Lue lis\u00e4\u00e4 &raquo;<span class=\"screen-reader-text\">E-pojat<\/span><\/a><\/p>\n","protected":false},"author":1,"featured_media":0,"parent":0,"menu_order":17,"comment_status":"closed","ping_status":"closed","template":"page-templates\/template-pagebuilder-full-width.php","meta":{"neve_meta_sidebar":"","neve_meta_container":"","neve_meta_enable_content_width":"","neve_meta_content_width":0,"neve_meta_title_alignment":"","neve_meta_author_avatar":"","neve_post_elements_order":"","neve_meta_disable_header":"","neve_meta_disable_footer":"","neve_meta_disable_title":"","footnotes":""},"folder":[11],"class_list":["post-611","page","type-page","status-publish","hentry"],"yoast_head":"<!-- This site is optimized with the Yoast SEO plugin v19.1 - https:\/\/yoast.com\/wordpress\/plugins\/seo\/ -->\n<title>E-pojat - PattU Juniorit<\/title>\n<meta name=\"description\" content=\"Syksyll\u00e4 2012 perustettu junioreiden pes\u00e4palloiluun keskittyv\u00e4 seura, Pattijoen urheilijat Juniorit \u2013 tai arkisemmin Pattu juniorit\" \/>\n<meta name=\"robots\" content=\"index, follow, max-snippet:-1, max-image-preview:large, max-video-preview:-1\" \/>\n<link rel=\"canonical\" href=\"https:\/\/lybe.fi\/pattujunnut\/e-pojat\/\" \/>\n<meta property=\"og:locale\" content=\"fi_FI\" \/>\n<meta property=\"og:type\" content=\"article\" \/>\n<meta property=\"og:title\" content=\"E-pojat - PattU Juniorit\" \/>\n<meta property=\"og:description\" content=\"Syksyll\u00e4 2012 perustettu junioreiden pes\u00e4palloiluun keskittyv\u00e4 seura, Pattijoen urheilijat Juniorit \u2013 tai arkisemmin Pattu juniorit\" \/>\n<meta property=\"og:url\" content=\"https:\/\/lybe.fi\/pattujunnut\/e-pojat\/\" \/>\n<meta property=\"og:site_name\" content=\"PattU Juniorit\" \/>\n<meta property=\"article:publisher\" content=\"https:\/\/www.facebook.com\/PattijoenUrheilijatJuniorit\/\" \/>\n<meta property=\"article:modified_time\" content=\"2022-07-14T08:20:46+00:00\" \/>\n<meta name=\"twitter:card\" content=\"summary_large_image\" \/>\n<meta name=\"twitter:label1\" content=\"Arvioitu lukuaika\" \/>\n\t<meta name=\"twitter:data1\" content=\"1 minuutti\" \/>\n<script type=\"application\/ld+json\" class=\"yoast-schema-graph\">{\"@context\":\"https:\/\/schema.org\",\"@graph\":[{\"@type\":\"Organization\",\"@id\":\"https:\/\/lybe.fi\/pattujunnut\/#organization\",\"name\":\"Pattijoen Urheilijat Juniorit\",\"url\":\"https:\/\/lybe.fi\/pattujunnut\/\",\"sameAs\":[\"https:\/\/www.instagram.com\/pattujuniorit\/?hl=fi\",\"https:\/\/www.facebook.com\/PattijoenUrheilijatJuniorit\/\"],\"logo\":{\"@type\":\"ImageObject\",\"inLanguage\":\"fi\",\"@id\":\"https:\/\/lybe.fi\/pattujunnut\/#\/schema\/logo\/image\/\",\"url\":\"http:\/\/lybe.fi\/pattujunnut\/wp-content\/uploads\/2022\/04\/PattUjr_Logo_2022_trans_512px.png\",\"contentUrl\":\"http:\/\/lybe.fi\/pattujunnut\/wp-content\/uploads\/2022\/04\/PattUjr_Logo_2022_trans_512px.png\",\"width\":512,\"height\":347,\"caption\":\"Pattijoen Urheilijat Juniorit\"},\"image\":{\"@id\":\"https:\/\/lybe.fi\/pattujunnut\/#\/schema\/logo\/image\/\"}},{\"@type\":\"WebSite\",\"@id\":\"https:\/\/lybe.fi\/pattujunnut\/#website\",\"url\":\"https:\/\/lybe.fi\/pattujunnut\/\",\"name\":\"PattU Juniorit\",\"description\":\"\",\"publisher\":{\"@id\":\"https:\/\/lybe.fi\/pattujunnut\/#organization\"},\"potentialAction\":[{\"@type\":\"SearchAction\",\"target\":{\"@type\":\"EntryPoint\",\"urlTemplate\":\"https:\/\/lybe.fi\/pattujunnut\/?s={search_term_string}\"},\"query-input\":\"required name=search_term_string\"}],\"inLanguage\":\"fi\"},{\"@type\":\"WebPage\",\"@id\":\"https:\/\/lybe.fi\/pattujunnut\/e-pojat\/#webpage\",\"url\":\"https:\/\/lybe.fi\/pattujunnut\/e-pojat\/\",\"name\":\"E-pojat - PattU Juniorit\",\"isPartOf\":{\"@id\":\"https:\/\/lybe.fi\/pattujunnut\/#website\"},\"datePublished\":\"2022-05-30T06:41:11+00:00\",\"dateModified\":\"2022-07-14T08:20:46+00:00\",\"description\":\"Syksyll\u00e4 2012 perustettu junioreiden pes\u00e4palloiluun keskittyv\u00e4 seura, Pattijoen urheilijat Juniorit \u2013 tai arkisemmin Pattu juniorit\",\"breadcrumb\":{\"@id\":\"https:\/\/lybe.fi\/pattujunnut\/e-pojat\/#breadcrumb\"},\"inLanguage\":\"fi\",\"potentialAction\":[{\"@type\":\"ReadAction\",\"target\":[\"https:\/\/lybe.fi\/pattujunnut\/e-pojat\/\"]}]},{\"@type\":\"BreadcrumbList\",\"@id\":\"https:\/\/lybe.fi\/pattujunnut\/e-pojat\/#breadcrumb\",\"itemListElement\":[{\"@type\":\"ListItem\",\"position\":1,\"name\":\"Home\",\"item\":\"https:\/\/lybe.fi\/pattujunnut\/\"},{\"@type\":\"ListItem\",\"position\":2,\"name\":\"E-pojat\"}]}]}<\/script>\n<!-- \/ Yoast SEO plugin. -->","yoast_head_json":{"title":"E-pojat - PattU Juniorit","description":"Syksyll\u00e4 2012 perustettu junioreiden pes\u00e4palloiluun keskittyv\u00e4 seura, Pattijoen urheilijat Juniorit \u2013 tai arkisemmin Pattu juniorit","robots":{"index":"index","follow":"follow","max-snippet":"max-snippet:-1","max-image-preview":"max-image-preview:large","max-video-preview":"max-video-preview:-1"},"canonical":"https:\/\/lybe.fi\/pattujunnut\/e-pojat\/","og_locale":"fi_FI","og_type":"article","og_title":"E-pojat - PattU Juniorit","og_description":"Syksyll\u00e4 2012 perustettu junioreiden pes\u00e4palloiluun keskittyv\u00e4 seura, Pattijoen urheilijat Juniorit \u2013 tai arkisemmin Pattu juniorit","og_url":"https:\/\/lybe.fi\/pattujunnut\/e-pojat\/","og_site_name":"PattU Juniorit","article_publisher":"https:\/\/www.facebook.com\/PattijoenUrheilijatJuniorit\/","article_modified_time":"2022-07-14T08:20:46+00:00","twitter_card":"summary_large_image","twitter_misc":{"Arvioitu lukuaika":"1 minuutti"},"schema":{"@context":"https:\/\/schema.org","@graph":[{"@type":"Organization","@id":"https:\/\/lybe.fi\/pattujunnut\/#organization","name":"Pattijoen Urheilijat Juniorit","url":"https:\/\/lybe.fi\/pattujunnut\/","sameAs":["https:\/\/www.instagram.com\/pattujuniorit\/?hl=fi","https:\/\/www.facebook.com\/PattijoenUrheilijatJuniorit\/"],"logo":{"@type":"ImageObject","inLanguage":"fi","@id":"https:\/\/lybe.fi\/pattujunnut\/#\/schema\/logo\/image\/","url":"http:\/\/lybe.fi\/pattujunnut\/wp-content\/uploads\/2022\/04\/PattUjr_Logo_2022_trans_512px.png","contentUrl":"http:\/\/lybe.fi\/pattujunnut\/wp-content\/uploads\/2022\/04\/PattUjr_Logo_2022_trans_512px.png","width":512,"height":347,"caption":"Pattijoen Urheilijat Juniorit"},"image":{"@id":"https:\/\/lybe.fi\/pattujunnut\/#\/schema\/logo\/image\/"}},{"@type":"WebSite","@id":"https:\/\/lybe.fi\/pattujunnut\/#website","url":"https:\/\/lybe.fi\/pattujunnut\/","name":"PattU Juniorit","description":"","publisher":{"@id":"https:\/\/lybe.fi\/pattujunnut\/#organization"},"potentialAction":[{"@type":"SearchAction","target":{"@type":"EntryPoint","urlTemplate":"https:\/\/lybe.fi\/pattujunnut\/?s={search_term_string}"},"query-input":"required name=search_term_string"}],"inLanguage":"fi"},{"@type":"WebPage","@id":"https:\/\/lybe.fi\/pattujunnut\/e-pojat\/#webpage","url":"https:\/\/lybe.fi\/pattujunnut\/e-pojat\/","name":"E-pojat - PattU Juniorit","isPartOf":{"@id":"https:\/\/lybe.fi\/pattujunnut\/#website"},"datePublished":"2022-05-30T06:41:11+00:00","dateModified":"2022-07-14T08:20:46+00:00","description":"Syksyll\u00e4 2012 perustettu junioreiden pes\u00e4palloiluun keskittyv\u00e4 seura, Pattijoen urheilijat Juniorit \u2013 tai arkisemmin Pattu juniorit","breadcrumb":{"@id":"https:\/\/lybe.fi\/pattujunnut\/e-pojat\/#breadcrumb"},"inLanguage":"fi","potentialAction":[{"@type":"ReadAction","target":["https:\/\/lybe.fi\/pattujunnut\/e-pojat\/"]}]},{"@type":"BreadcrumbList","@id":"https:\/\/lybe.fi\/pattujunnut\/e-pojat\/#breadcrumb","itemListElement":[{"@type":"ListItem","position":1,"name":"Home","item":"https:\/\/lybe.fi\/pattujunnut\/"},{"@type":"ListItem","position":2,"name":"E-pojat"}]}]}},"_links":{"self":[{"href":"https:\/\/lybe.fi\/pattujunnut\/wp-json\/wp\/v2\/pages\/611","targetHints":{"allow":["GET"]}}],"collection":[{"href":"https:\/\/lybe.fi\/pattujunnut\/wp-json\/wp\/v2\/pages"}],"about":[{"href":"https:\/\/lybe.fi\/pattujunnut\/wp-json\/wp\/v2\/types\/page"}],"author":[{"embeddable":true,"href":"https:\/\/lybe.fi\/pattujunnut\/wp-json\/wp\/v2\/users\/1"}],"replies":[{"embeddable":true,"href":"https:\/\/lybe.fi\/pattujunnut\/wp-json\/wp\/v2\/comments?post=611"}],"version-history":[{"count":51,"href":"https:\/\/lybe.fi\/pattujunnut\/wp-json\/wp\/v2\/pages\/611\/revisions"}],"predecessor-version":[{"id":2693,"href":"https:\/\/lybe.fi\/pattujunnut\/wp-json\/wp\/v2\/pages\/611\/revisions\/2693"}],"wp:attachment":[{"href":"https:\/\/lybe.fi\/pattujunnut\/wp-json\/wp\/v2\/media?parent=611"}],"wp:term":[{"taxonomy":"folder","embeddable":true,"href":"https:\/\/lybe.fi\/pattujunnut\/wp-json\/wp\/v2\/folder?post=611"}],"curies":[{"name":"wp","href":"https:\/\/api.w.org\/{rel}","templated":true}]}}