{"id":635,"date":"2022-05-30T09:50:20","date_gmt":"2022-05-30T06:50:20","guid":{"rendered":"http:\/\/lybe.fi\/pattujunnut\/?page_id=635"},"modified":"2022-07-14T10:09:46","modified_gmt":"2022-07-14T07:09:46","slug":"c-pojat-talkoot","status":"publish","type":"page","link":"https:\/\/lybe.fi\/pattujunnut\/c-pojat-talkoot\/","title":{"rendered":"C-pojat talkoot"},"content":{"rendered":"\t\t<div data-elementor-type=\"wp-page\" data-elementor-id=\"635\" class=\"elementor elementor-635\">\n\t\t\t\t\t\t<section class=\"elementor-section elementor-top-section elementor-element elementor-element-86b2225 elementor-hidden-tablet elementor-hidden-mobile elementor-section-boxed elementor-section-height-default elementor-section-height-default\" data-id=\"86b2225\" data-element_type=\"section\" data-e-type=\"section\" data-settings=\"{&quot;background_background&quot;:&quot;classic&quot;}\">\n\t\t\t\t\t\t<div class=\"elementor-container elementor-column-gap-default\">\n\t\t\t\t\t<div class=\"elementor-column elementor-col-14 elementor-top-column elementor-element elementor-element-d3411bc\" data-id=\"d3411bc\" data-element_type=\"column\" data-e-type=\"column\">\n\t\t\t<div class=\"elementor-widget-wrap elementor-element-populated\">\n\t\t\t\t\t\t<div class=\"elementor-element elementor-element-78cb905 elementor-align-justify elementor-widget elementor-widget-button\" data-id=\"78cb905\" data-element_type=\"widget\" data-e-type=\"widget\" data-widget_type=\"button.default\">\n\t\t\t\t<div class=\"elementor-widget-container\">\n\t\t\t\t\t\t\t\t\t<div class=\"elementor-button-wrapper\">\n\t\t\t\t\t<a class=\"elementor-button elementor-button-link elementor-size-sm\" href=\"http:\/\/lybe.fi\/pattujunnut\/c-pojat\/\">\n\t\t\t\t\t\t<span class=\"elementor-button-content-wrapper\">\n\t\t\t\t\t\t\t\t\t<span class=\"elementor-button-text\">C-POJAT<\/span>\n\t\t\t\t\t<\/span>\n\t\t\t\t\t<\/a>\n\t\t\t\t<\/div>\n\t\t\t\t\t\t\t\t<\/div>\n\t\t\t\t<\/div>\n\t\t\t\t\t<\/div>\n\t\t<\/div>\n\t\t\t\t<div class=\"elementor-column elementor-col-14 elementor-top-column elementor-element elementor-element-d942d8e\" data-id=\"d942d8e\" data-element_type=\"column\" data-e-type=\"column\">\n\t\t\t<div class=\"elementor-widget-wrap elementor-element-populated\">\n\t\t\t\t\t\t<div class=\"elementor-element elementor-element-7a3255b elementor-align-justify elementor-widget elementor-widget-button\" data-id=\"7a3255b\" data-element_type=\"widget\" data-e-type=\"widget\" data-widget_type=\"button.default\">\n\t\t\t\t<div class=\"elementor-widget-container\">\n\t\t\t\t\t\t\t\t\t<div class=\"elementor-button-wrapper\">\n\t\t\t\t\t<a class=\"elementor-button elementor-button-link elementor-size-sm\" href=\"https:\/\/lybe.fi\/pattujunnut\/c-pojat-pelaajat\/\">\n\t\t\t\t\t\t<span class=\"elementor-button-content-wrapper\">\n\t\t\t\t\t\t\t\t\t<span class=\"elementor-button-text\">JOUKKUE<\/span>\n\t\t\t\t\t<\/span>\n\t\t\t\t\t<\/a>\n\t\t\t\t<\/div>\n\t\t\t\t\t\t\t\t<\/div>\n\t\t\t\t<\/div>\n\t\t\t\t\t<\/div>\n\t\t<\/div>\n\t\t\t\t<div class=\"elementor-column elementor-col-14 elementor-top-column elementor-element elementor-element-ad49e01\" data-id=\"ad49e01\" data-element_type=\"column\" data-e-type=\"column\">\n\t\t\t<div class=\"elementor-widget-wrap elementor-element-populated\">\n\t\t\t\t\t\t<div class=\"elementor-element elementor-element-f64e1c4 elementor-align-justify elementor-widget elementor-widget-button\" data-id=\"f64e1c4\" data-element_type=\"widget\" data-e-type=\"widget\" data-widget_type=\"button.default\">\n\t\t\t\t<div class=\"elementor-widget-container\">\n\t\t\t\t\t\t\t\t\t<div class=\"elementor-button-wrapper\">\n\t\t\t\t\t<a class=\"elementor-button elementor-button-link elementor-size-sm\" href=\"https:\/\/lybe.fi\/pattujunnut\/c-pojat-harjoitukset\/\">\n\t\t\t\t\t\t<span class=\"elementor-button-content-wrapper\">\n\t\t\t\t\t\t\t\t\t<span class=\"elementor-button-text\">HARJOITUKSET<\/span>\n\t\t\t\t\t<\/span>\n\t\t\t\t\t<\/a>\n\t\t\t\t<\/div>\n\t\t\t\t\t\t\t\t<\/div>\n\t\t\t\t<\/div>\n\t\t\t\t\t<\/div>\n\t\t<\/div>\n\t\t\t\t<div class=\"elementor-column elementor-col-14 elementor-top-column elementor-element elementor-element-289354e\" data-id=\"289354e\" data-element_type=\"column\" data-e-type=\"column\">\n\t\t\t<div class=\"elementor-widget-wrap elementor-element-populated\">\n\t\t\t\t\t\t<div class=\"elementor-element elementor-element-f2aefa5 elementor-align-justify elementor-widget elementor-widget-button\" data-id=\"f2aefa5\" data-element_type=\"widget\" data-e-type=\"widget\" data-widget_type=\"button.default\">\n\t\t\t\t<div class=\"elementor-widget-container\">\n\t\t\t\t\t\t\t\t\t<div class=\"elementor-button-wrapper\">\n\t\t\t\t\t<a class=\"elementor-button elementor-button-link elementor-size-sm\" href=\"https:\/\/lybe.fi\/pattujunnut\/c-pojat-pelit\/\">\n\t\t\t\t\t\t<span class=\"elementor-button-content-wrapper\">\n\t\t\t\t\t\t\t\t\t<span class=\"elementor-button-text\">PELIT<\/span>\n\t\t\t\t\t<\/span>\n\t\t\t\t\t<\/a>\n\t\t\t\t<\/div>\n\t\t\t\t\t\t\t\t<\/div>\n\t\t\t\t<\/div>\n\t\t\t\t\t<\/div>\n\t\t<\/div>\n\t\t\t\t<div class=\"elementor-column elementor-col-14 elementor-top-column elementor-element elementor-element-4ec5232\" data-id=\"4ec5232\" data-element_type=\"column\" data-e-type=\"column\">\n\t\t\t<div class=\"elementor-widget-wrap elementor-element-populated\">\n\t\t\t\t\t\t<div class=\"elementor-element elementor-element-5f664bc elementor-align-justify elementor-widget elementor-widget-button\" data-id=\"5f664bc\" data-element_type=\"widget\" data-e-type=\"widget\" data-widget_type=\"button.default\">\n\t\t\t\t<div class=\"elementor-widget-container\">\n\t\t\t\t\t\t\t\t\t<div class=\"elementor-button-wrapper\">\n\t\t\t\t\t<a class=\"elementor-button elementor-button-link elementor-size-sm\" href=\"https:\/\/lybe.fi\/pattujunnut\/c-pojat-talkoot\/\">\n\t\t\t\t\t\t<span class=\"elementor-button-content-wrapper\">\n\t\t\t\t\t\t\t\t\t<span class=\"elementor-button-text\">TALKOOT<\/span>\n\t\t\t\t\t<\/span>\n\t\t\t\t\t<\/a>\n\t\t\t\t<\/div>\n\t\t\t\t\t\t\t\t<\/div>\n\t\t\t\t<\/div>\n\t\t\t\t\t<\/div>\n\t\t<\/div>\n\t\t\t\t<div class=\"elementor-column elementor-col-14 elementor-top-column elementor-element elementor-element-9bfdcf1\" data-id=\"9bfdcf1\" data-element_type=\"column\" data-e-type=\"column\">\n\t\t\t<div class=\"elementor-widget-wrap elementor-element-populated\">\n\t\t\t\t\t\t<div class=\"elementor-element elementor-element-8a78929 elementor-align-justify elementor-widget elementor-widget-button\" data-id=\"8a78929\" data-element_type=\"widget\" data-e-type=\"widget\" data-widget_type=\"button.default\">\n\t\t\t\t<div class=\"elementor-widget-container\">\n\t\t\t\t\t\t\t\t\t<div class=\"elementor-button-wrapper\">\n\t\t\t\t\t<a class=\"elementor-button elementor-button-link elementor-size-sm\" href=\"https:\/\/lybe.fi\/pattujunnut\/c-pojat-pallopoikavuorot\/\">\n\t\t\t\t\t\t<span class=\"elementor-button-content-wrapper\">\n\t\t\t\t\t\t\t\t\t<span class=\"elementor-button-text\">PALLOPOIKAVUOROT<\/span>\n\t\t\t\t\t<\/span>\n\t\t\t\t\t<\/a>\n\t\t\t\t<\/div>\n\t\t\t\t\t\t\t\t<\/div>\n\t\t\t\t<\/div>\n\t\t\t\t\t<\/div>\n\t\t<\/div>\n\t\t\t\t<div class=\"elementor-column elementor-col-14 elementor-top-column elementor-element elementor-element-29b3067\" data-id=\"29b3067\" data-element_type=\"column\" data-e-type=\"column\">\n\t\t\t<div class=\"elementor-widget-wrap elementor-element-populated\">\n\t\t\t\t\t\t<div class=\"elementor-element elementor-element-9ff9027 elementor-align-justify elementor-widget elementor-widget-button\" data-id=\"9ff9027\" data-element_type=\"widget\" data-e-type=\"widget\" data-widget_type=\"button.default\">\n\t\t\t\t<div class=\"elementor-widget-container\">\n\t\t\t\t\t\t\t\t\t<div class=\"elementor-button-wrapper\">\n\t\t\t\t\t<a class=\"elementor-button elementor-button-link elementor-size-sm\" href=\"https:\/\/lybe.fi\/pattujunnut\/c-pojat-leirit-ja-turnaukset\/\">\n\t\t\t\t\t\t<span class=\"elementor-button-content-wrapper\">\n\t\t\t\t\t\t\t\t\t<span class=\"elementor-button-text\">LEIRIT JA TURNAUKSET<\/span>\n\t\t\t\t\t<\/span>\n\t\t\t\t\t<\/a>\n\t\t\t\t<\/div>\n\t\t\t\t\t\t\t\t<\/div>\n\t\t\t\t<\/div>\n\t\t\t\t\t<\/div>\n\t\t<\/div>\n\t\t\t\t\t<\/div>\n\t\t<\/section>\n\t\t\t\t<section class=\"elementor-section elementor-top-section elementor-element elementor-element-d2badbb elementor-hidden-desktop elementor-section-boxed elementor-section-height-default elementor-section-height-default\" data-id=\"d2badbb\" data-element_type=\"section\" data-e-type=\"section\">\n\t\t\t\t\t\t<div class=\"elementor-container elementor-column-gap-default\">\n\t\t\t\t\t<div class=\"elementor-column elementor-col-100 elementor-top-column elementor-element elementor-element-5d992f7\" data-id=\"5d992f7\" data-element_type=\"column\" data-e-type=\"column\">\n\t\t\t<div class=\"elementor-widget-wrap elementor-element-populated\">\n\t\t\t\t\t\t<div class=\"elementor-element elementor-element-0ce7690 elementor-widget elementor-widget-heading\" data-id=\"0ce7690\" data-element_type=\"widget\" data-e-type=\"widget\" data-widget_type=\"heading.default\">\n\t\t\t\t<div class=\"elementor-widget-container\">\n\t\t\t\t\t<h4 class=\"elementor-heading-title elementor-size-default\">C-pojat<\/h4>\t\t\t\t<\/div>\n\t\t\t\t<\/div>\n\t\t\t\t\t<\/div>\n\t\t<\/div>\n\t\t\t\t\t<\/div>\n\t\t<\/section>\n\t\t\t\t<section class=\"elementor-section elementor-top-section elementor-element elementor-element-616c73f4 elementor-section-height-min-height elementor-section-boxed elementor-section-height-default elementor-section-items-middle\" data-id=\"616c73f4\" data-element_type=\"section\" data-e-type=\"section\" data-settings=\"{&quot;background_background&quot;:&quot;classic&quot;}\">\n\t\t\t\t\t\t\t<div class=\"elementor-background-overlay\"><\/div>\n\t\t\t\t\t\t\t<div class=\"elementor-container elementor-column-gap-default\">\n\t\t\t\t\t<div class=\"elementor-column elementor-col-100 elementor-top-column elementor-element elementor-element-63374489\" data-id=\"63374489\" data-element_type=\"column\" data-e-type=\"column\">\n\t\t\t<div class=\"elementor-widget-wrap elementor-element-populated\">\n\t\t\t\t\t\t<div class=\"elementor-element elementor-element-33392c67 elementor-widget elementor-widget-heading\" data-id=\"33392c67\" data-element_type=\"widget\" data-e-type=\"widget\" data-widget_type=\"heading.default\">\n\t\t\t\t<div class=\"elementor-widget-container\">\n\t\t\t\t\t<h1 class=\"elementor-heading-title elementor-size-default\">Talkoot<\/h1>\t\t\t\t<\/div>\n\t\t\t\t<\/div>\n\t\t\t\t\t<\/div>\n\t\t<\/div>\n\t\t\t\t\t<\/div>\n\t\t<\/section>\n\t\t\t\t<section class=\"elementor-section elementor-top-section elementor-element elementor-element-48bc31c elementor-section-boxed elementor-section-height-default elementor-section-height-default\" data-id=\"48bc31c\" data-element_type=\"section\" data-e-type=\"section\">\n\t\t\t\t\t\t<div class=\"elementor-container elementor-column-gap-default\">\n\t\t\t\t\t<div class=\"elementor-column elementor-col-100 elementor-top-column elementor-element elementor-element-cb2f6bc\" data-id=\"cb2f6bc\" data-element_type=\"column\" data-e-type=\"column\">\n\t\t\t<div class=\"elementor-widget-wrap elementor-element-populated\">\n\t\t\t\t\t\t<div class=\"elementor-element elementor-element-3f70037 elementor-widget elementor-widget-text-editor\" data-id=\"3f70037\" data-element_type=\"widget\" data-e-type=\"widget\" data-widget_type=\"text-editor.default\">\n\t\t\t\t<div class=\"elementor-widget-container\">\n\t\t\t\t\t\t\t\t\t<p><strong>Superin talkoot:<\/strong><\/p><p><strong>pe 10.6. PattU-Vimpeli<\/strong>\u00a0<\/p><p>kioski: Saarela, Koivula\u00a0<\/p><p>grilli: Ahtimaa, Lepp\u00e4l\u00e4<\/p><p><strong>pe 5.8. PattU-Vimpeli\u00a0<\/strong><\/p><p>kioski: Saarela, Lepp\u00e4l\u00e4, Ylilehto, Koivula<\/p><p>grilli:\u00a0Rantala, Karvonen, Nissil\u00e4, Mikkil\u00e4<\/p><p>arvanmyynti: Kallioinen, Pyhtil\u00e4 + kaikki pelaajat<\/p><p>\u00a0<\/p><p><strong>Kotipelitalkoot:<\/strong><\/p><p><strong>Talkoolaiset tulevat kent\u00e4lle ajoissa ja huolehtivat itse v\u00e4lineist\u00f6n ja valmistelut hyviss\u00e4 ajoin ennen pelin alkua. <\/strong><\/p><p><strong>Kioski- ja makkaranmyynti alkavat\u00a0viimeist\u00e4\u00e4n\u00a030min ennen pelin alkua.\u00a0<\/strong><\/p><p>\u00a0<\/p><p style=\"font-weight: 400;\"><strong>ke 4.5. klo 18 PattU &#8211; HP-K <\/strong><\/p><p style=\"font-weight: 400;\">kirjuri: Kallioinen<\/p><p style=\"font-weight: 400;\">tulostaulu: Korpela\u00a0<\/p><p style=\"font-weight: 400;\">kioskimyynti+leivonta: Saarela<\/p><p style=\"font-weight: 400;\">makkaranpaisto+leivonta:\u00a0<em>Karvonen<\/em><\/p><p>\u00a0<\/p><p style=\"font-weight: 400;\"><strong>to 5.5. klo 18 PattU &#8211; SoJy2<\/strong><\/p><p style=\"font-weight: 400;\">kirjuri: Mikkil\u00e4<\/p><p style=\"font-weight: 400;\">tulostaulu: Lepp\u00e4l\u00e4<\/p><p style=\"font-weight: 400;\">kioskimyynti+leivonta: Ahtimaa<\/p><p style=\"font-weight: 400;\">makkaranpaisto+leivonta: Karvonen<\/p><p>\u00a0<\/p><p style=\"font-weight: 400;\"><strong>su 29.5. klo 14 PattU &#8211; IiU<\/strong><\/p><p style=\"font-weight: 400;\">kirjuri: Ylilehto<\/p><p style=\"font-weight: 400;\">tulostaulu: Kallioinen<\/p><p style=\"font-weight: 400;\">kioskimyynti+leivonta: Koivula<\/p><p style=\"font-weight: 400;\">makkaranpaisto+leivonta: Saarela<\/p><p>\u00a0<\/p><p style=\"font-weight: 400;\"><strong>ti 21.6. klo 18 PattU &#8211; Lippo<\/strong><\/p><p style=\"font-weight: 400;\">kirjuri: Mikkil\u00e4<\/p><p style=\"font-weight: 400;\">tulostaulu: Koivula<\/p><p style=\"font-weight: 400;\">kioskimyynti+leivonta: Pyhtil\u00e4<\/p><p style=\"font-weight: 400;\">makkaranpaisto+leivonta: Ylilehto<\/p><p style=\"font-weight: 400;\">takarajatuomarointi: Lepp\u00e4l\u00e4<\/p><p>\u00a0<\/p><p style=\"font-weight: 400;\"><strong>pe 1.7. klo 18 PattU &#8211; KeKi<\/strong><\/p><p style=\"font-weight: 400;\">kirjuri: Lepp\u00e4l\u00e4<\/p><p style=\"font-weight: 400;\">tulostaulu: Koivula<\/p><p style=\"font-weight: 400;\">kioskimyynti+leivonta: Rantala<\/p><p style=\"font-weight: 400;\">makkaranpaisto+leivonta: Saarela<\/p><p>\u00a0<\/p><p style=\"font-weight: 400;\"><strong>pe 15.7. klo 18 PattU &#8211; SoJy<\/strong><\/p><p style=\"font-weight: 400;\">kirjuri: Kallioinen<\/p><p style=\"font-weight: 400;\">tulostaulu: Korpela\u00a0(varalla Saarela)<\/p><p style=\"font-weight: 400;\">kioskimyynti+leivonta:\u00a0<em>Rantala<\/em><\/p><p style=\"font-weight: 400;\">makkaranpaisto+leivonta: Ahtimaa<\/p><p>\u00a0<\/p><p style=\"font-weight: 400;\"><strong>la 23.7. turnaus Oulussa<\/strong><\/p><p style=\"font-weight: 400;\"><strong>klo 11 Lippo &#8211; PattU<\/strong><\/p><p style=\"font-weight: 400;\">kirjuri: Mikkil\u00e4<\/p><p style=\"font-weight: 400;\">tulostaulu: Saarela<\/p><p style=\"font-weight: 400;\"><strong>klo 13 PattU &#8211; RePi<\/strong><\/p><p style=\"font-weight: 400;\">3-tuomari: Rantala<\/p><p style=\"font-weight: 400;\">takarajatuomari: Ahtimaa<\/p><p>\u00a0<\/p><p style=\"font-weight: 400;\"><strong>ti 9.8. klo 18 PattU &#8211; Lippo<\/strong><\/p><p style=\"font-weight: 400;\">kirjuri: Mikkil\u00e4<\/p><p style=\"font-weight: 400;\">tulostaulu: Saarela<\/p><p style=\"font-weight: 400;\">kioskimyynti+leivonta: Ylilehto<\/p><p style=\"font-weight: 400;\">makkaranpaisto+leivonta: Pyhtil\u00e4<\/p><p>\u00a0<\/p><p style=\"font-weight: 400;\"><strong>la 13.8. kotiturnaus<\/strong><\/p><p style=\"font-weight: 400;\">kioski: Pyhtil\u00e4, Ahtimaa, Koivula<\/p><p style=\"font-weight: 400;\">makkaranpaisto: Rantala x2, Karvonen<\/p><p style=\"font-weight: 400;\">leivonta: Kallioinen, Ylilehto, Mikkil\u00e4, Lepp\u00e4l\u00e4<\/p><p style=\"font-weight: 400;\"><strong>klo 12 PattU &#8211; Ura<\/strong><\/p><p style=\"font-weight: 400;\">kirjuri ja tulostaulu: Ura<\/p><p style=\"font-weight: 400;\">3-tuomari: Lepp\u00e4l\u00e4<\/p><p style=\"font-weight: 400;\">takaraja: Ahtimaa<\/p><p style=\"font-weight: 400;\"><strong>klo 15 IiU &#8211; Ura<\/strong><\/p><p style=\"font-weight: 400;\">kirjuri ja tulostaulu: Ura<\/p><p style=\"font-weight: 400;\">3-tuomari ja takaraja: IiU<\/p><p style=\"font-weight: 400;\"><strong>klo 18 PattU &#8211; IiU<\/strong><\/p><p style=\"font-weight: 400;\">kirjuri ja tulostaulu: IiU<\/p><p style=\"font-weight: 400;\">3-tuomari: Mikkil\u00e4<\/p><p style=\"font-weight: 400;\">takaraja: Ylilehto<\/p><p>\u00a0<\/p><p style=\"font-weight: 400;\"><strong>su 21.8. turnaus Kannuksessa<\/strong><\/p><p style=\"font-weight: 400;\"><strong>klo 15 PattU &#8211; KeKi<\/strong><\/p><p style=\"font-weight: 400;\">3-tuomari:<\/p><p style=\"font-weight: 400;\">takaraja:<\/p><p style=\"font-weight: 400;\"><strong>klo 18 Ura &#8211; PattU<\/strong><\/p><p style=\"font-weight: 400;\">kirjuri:<\/p><p style=\"font-weight: 400;\">tulostaulu:\u00a0<\/p><p style=\"font-weight: 400;\">Kent\u00e4n vanhin ja pelien striimaus koko kes\u00e4n: Nissil\u00e4<\/p>\t\t\t\t\t\t\t\t<\/div>\n\t\t\t\t<\/div>\n\t\t\t\t\t<\/div>\n\t\t<\/div>\n\t\t\t\t\t<\/div>\n\t\t<\/section>\n\t\t\t\t<\/div>\n\t\t","protected":false},"excerpt":{"rendered":"<p>C-POJAT JOUKKUE HARJOITUKSET PELIT TALKOOT PALLOPOIKAVUOROT LEIRIT JA TURNAUKSET C-pojat Talkoot Superin talkoot: pe 10.6. PattU-Vimpeli\u00a0 kioski: Saarela, Koivula\u00a0 grilli: Ahtimaa, Lepp\u00e4l\u00e4 pe 5.8. PattU-Vimpeli\u00a0 kioski: Saarela, Lepp\u00e4l\u00e4, Ylilehto, Koivula&hellip;&nbsp;<a href=\"https:\/\/lybe.fi\/pattujunnut\/c-pojat-talkoot\/\" class=\"\" rel=\"bookmark\">Lue lis\u00e4\u00e4 &raquo;<span class=\"screen-reader-text\">C-pojat talkoot<\/span><\/a><\/p>\n","protected":false},"author":1,"featured_media":0,"parent":0,"menu_order":5,"comment_status":"closed","ping_status":"closed","template":"page-templates\/template-pagebuilder-full-width.php","meta":{"neve_meta_sidebar":"","neve_meta_container":"","neve_meta_enable_content_width":"","neve_meta_content_width":0,"neve_meta_title_alignment":"","neve_meta_author_avatar":"","neve_post_elements_order":"","neve_meta_disable_header":"","neve_meta_disable_footer":"","neve_meta_disable_title":"","footnotes":""},"folder":[7],"class_list":["post-635","page","type-page","status-publish","hentry"],"yoast_head":"<!-- This site is optimized with the Yoast SEO plugin v19.1 - https:\/\/yoast.com\/wordpress\/plugins\/seo\/ -->\n<title>C-pojat talkoot - PattU Juniorit<\/title>\n<meta name=\"description\" content=\"Syksyll\u00e4 2012 perustettu junioreiden pes\u00e4palloiluun keskittyv\u00e4 seura, Pattijoen urheilijat Juniorit \u2013 tai arkisemmin Pattu juniorit\" \/>\n<meta name=\"robots\" content=\"index, follow, max-snippet:-1, max-image-preview:large, max-video-preview:-1\" \/>\n<link rel=\"canonical\" href=\"https:\/\/lybe.fi\/pattujunnut\/c-pojat-talkoot\/\" \/>\n<meta property=\"og:locale\" content=\"fi_FI\" \/>\n<meta property=\"og:type\" content=\"article\" \/>\n<meta property=\"og:title\" content=\"C-pojat talkoot - PattU Juniorit\" \/>\n<meta property=\"og:description\" content=\"Syksyll\u00e4 2012 perustettu junioreiden pes\u00e4palloiluun keskittyv\u00e4 seura, Pattijoen urheilijat Juniorit \u2013 tai arkisemmin Pattu juniorit\" \/>\n<meta property=\"og:url\" content=\"https:\/\/lybe.fi\/pattujunnut\/c-pojat-talkoot\/\" \/>\n<meta property=\"og:site_name\" content=\"PattU Juniorit\" \/>\n<meta property=\"article:publisher\" content=\"https:\/\/www.facebook.com\/PattijoenUrheilijatJuniorit\/\" \/>\n<meta property=\"article:modified_time\" content=\"2022-07-14T07:09:46+00:00\" \/>\n<meta name=\"twitter:card\" content=\"summary_large_image\" \/>\n<meta name=\"twitter:label1\" content=\"Arvioitu lukuaika\" \/>\n\t<meta name=\"twitter:data1\" content=\"2 minuuttia\" \/>\n<script type=\"application\/ld+json\" class=\"yoast-schema-graph\">{\"@context\":\"https:\/\/schema.org\",\"@graph\":[{\"@type\":\"Organization\",\"@id\":\"https:\/\/lybe.fi\/pattujunnut\/#organization\",\"name\":\"Pattijoen Urheilijat Juniorit\",\"url\":\"https:\/\/lybe.fi\/pattujunnut\/\",\"sameAs\":[\"https:\/\/www.instagram.com\/pattujuniorit\/?hl=fi\",\"https:\/\/www.facebook.com\/PattijoenUrheilijatJuniorit\/\"],\"logo\":{\"@type\":\"ImageObject\",\"inLanguage\":\"fi\",\"@id\":\"https:\/\/lybe.fi\/pattujunnut\/#\/schema\/logo\/image\/\",\"url\":\"http:\/\/lybe.fi\/pattujunnut\/wp-content\/uploads\/2022\/04\/PattUjr_Logo_2022_trans_512px.png\",\"contentUrl\":\"http:\/\/lybe.fi\/pattujunnut\/wp-content\/uploads\/2022\/04\/PattUjr_Logo_2022_trans_512px.png\",\"width\":512,\"height\":347,\"caption\":\"Pattijoen Urheilijat Juniorit\"},\"image\":{\"@id\":\"https:\/\/lybe.fi\/pattujunnut\/#\/schema\/logo\/image\/\"}},{\"@type\":\"WebSite\",\"@id\":\"https:\/\/lybe.fi\/pattujunnut\/#website\",\"url\":\"https:\/\/lybe.fi\/pattujunnut\/\",\"name\":\"PattU Juniorit\",\"description\":\"\",\"publisher\":{\"@id\":\"https:\/\/lybe.fi\/pattujunnut\/#organization\"},\"potentialAction\":[{\"@type\":\"SearchAction\",\"target\":{\"@type\":\"EntryPoint\",\"urlTemplate\":\"https:\/\/lybe.fi\/pattujunnut\/?s={search_term_string}\"},\"query-input\":\"required name=search_term_string\"}],\"inLanguage\":\"fi\"},{\"@type\":\"WebPage\",\"@id\":\"https:\/\/lybe.fi\/pattujunnut\/c-pojat-talkoot\/#webpage\",\"url\":\"https:\/\/lybe.fi\/pattujunnut\/c-pojat-talkoot\/\",\"name\":\"C-pojat talkoot - PattU Juniorit\",\"isPartOf\":{\"@id\":\"https:\/\/lybe.fi\/pattujunnut\/#website\"},\"datePublished\":\"2022-05-30T06:50:20+00:00\",\"dateModified\":\"2022-07-14T07:09:46+00:00\",\"description\":\"Syksyll\u00e4 2012 perustettu junioreiden pes\u00e4palloiluun keskittyv\u00e4 seura, Pattijoen urheilijat Juniorit \u2013 tai arkisemmin Pattu juniorit\",\"breadcrumb\":{\"@id\":\"https:\/\/lybe.fi\/pattujunnut\/c-pojat-talkoot\/#breadcrumb\"},\"inLanguage\":\"fi\",\"potentialAction\":[{\"@type\":\"ReadAction\",\"target\":[\"https:\/\/lybe.fi\/pattujunnut\/c-pojat-talkoot\/\"]}]},{\"@type\":\"BreadcrumbList\",\"@id\":\"https:\/\/lybe.fi\/pattujunnut\/c-pojat-talkoot\/#breadcrumb\",\"itemListElement\":[{\"@type\":\"ListItem\",\"position\":1,\"name\":\"Home\",\"item\":\"https:\/\/lybe.fi\/pattujunnut\/\"},{\"@type\":\"ListItem\",\"position\":2,\"name\":\"C-pojat talkoot\"}]}]}<\/script>\n<!-- \/ Yoast SEO plugin. -->","yoast_head_json":{"title":"C-pojat talkoot - PattU Juniorit","description":"Syksyll\u00e4 2012 perustettu junioreiden pes\u00e4palloiluun keskittyv\u00e4 seura, Pattijoen urheilijat Juniorit \u2013 tai arkisemmin Pattu juniorit","robots":{"index":"index","follow":"follow","max-snippet":"max-snippet:-1","max-image-preview":"max-image-preview:large","max-video-preview":"max-video-preview:-1"},"canonical":"https:\/\/lybe.fi\/pattujunnut\/c-pojat-talkoot\/","og_locale":"fi_FI","og_type":"article","og_title":"C-pojat talkoot - PattU Juniorit","og_description":"Syksyll\u00e4 2012 perustettu junioreiden pes\u00e4palloiluun keskittyv\u00e4 seura, Pattijoen urheilijat Juniorit \u2013 tai arkisemmin Pattu juniorit","og_url":"https:\/\/lybe.fi\/pattujunnut\/c-pojat-talkoot\/","og_site_name":"PattU Juniorit","article_publisher":"https:\/\/www.facebook.com\/PattijoenUrheilijatJuniorit\/","article_modified_time":"2022-07-14T07:09:46+00:00","twitter_card":"summary_large_image","twitter_misc":{"Arvioitu lukuaika":"2 minuuttia"},"schema":{"@context":"https:\/\/schema.org","@graph":[{"@type":"Organization","@id":"https:\/\/lybe.fi\/pattujunnut\/#organization","name":"Pattijoen Urheilijat Juniorit","url":"https:\/\/lybe.fi\/pattujunnut\/","sameAs":["https:\/\/www.instagram.com\/pattujuniorit\/?hl=fi","https:\/\/www.facebook.com\/PattijoenUrheilijatJuniorit\/"],"logo":{"@type":"ImageObject","inLanguage":"fi","@id":"https:\/\/lybe.fi\/pattujunnut\/#\/schema\/logo\/image\/","url":"http:\/\/lybe.fi\/pattujunnut\/wp-content\/uploads\/2022\/04\/PattUjr_Logo_2022_trans_512px.png","contentUrl":"http:\/\/lybe.fi\/pattujunnut\/wp-content\/uploads\/2022\/04\/PattUjr_Logo_2022_trans_512px.png","width":512,"height":347,"caption":"Pattijoen Urheilijat Juniorit"},"image":{"@id":"https:\/\/lybe.fi\/pattujunnut\/#\/schema\/logo\/image\/"}},{"@type":"WebSite","@id":"https:\/\/lybe.fi\/pattujunnut\/#website","url":"https:\/\/lybe.fi\/pattujunnut\/","name":"PattU Juniorit","description":"","publisher":{"@id":"https:\/\/lybe.fi\/pattujunnut\/#organization"},"potentialAction":[{"@type":"SearchAction","target":{"@type":"EntryPoint","urlTemplate":"https:\/\/lybe.fi\/pattujunnut\/?s={search_term_string}"},"query-input":"required name=search_term_string"}],"inLanguage":"fi"},{"@type":"WebPage","@id":"https:\/\/lybe.fi\/pattujunnut\/c-pojat-talkoot\/#webpage","url":"https:\/\/lybe.fi\/pattujunnut\/c-pojat-talkoot\/","name":"C-pojat talkoot - PattU Juniorit","isPartOf":{"@id":"https:\/\/lybe.fi\/pattujunnut\/#website"},"datePublished":"2022-05-30T06:50:20+00:00","dateModified":"2022-07-14T07:09:46+00:00","description":"Syksyll\u00e4 2012 perustettu junioreiden pes\u00e4palloiluun keskittyv\u00e4 seura, Pattijoen urheilijat Juniorit \u2013 tai arkisemmin Pattu juniorit","breadcrumb":{"@id":"https:\/\/lybe.fi\/pattujunnut\/c-pojat-talkoot\/#breadcrumb"},"inLanguage":"fi","potentialAction":[{"@type":"ReadAction","target":["https:\/\/lybe.fi\/pattujunnut\/c-pojat-talkoot\/"]}]},{"@type":"BreadcrumbList","@id":"https:\/\/lybe.fi\/pattujunnut\/c-pojat-talkoot\/#breadcrumb","itemListElement":[{"@type":"ListItem","position":1,"name":"Home","item":"https:\/\/lybe.fi\/pattujunnut\/"},{"@type":"ListItem","position":2,"name":"C-pojat talkoot"}]}]}},"_links":{"self":[{"href":"https:\/\/lybe.fi\/pattujunnut\/wp-json\/wp\/v2\/pages\/635","targetHints":{"allow":["GET"]}}],"collection":[{"href":"https:\/\/lybe.fi\/pattujunnut\/wp-json\/wp\/v2\/pages"}],"about":[{"href":"https:\/\/lybe.fi\/pattujunnut\/wp-json\/wp\/v2\/types\/page"}],"author":[{"embeddable":true,"href":"https:\/\/lybe.fi\/pattujunnut\/wp-json\/wp\/v2\/users\/1"}],"replies":[{"embeddable":true,"href":"https:\/\/lybe.fi\/pattujunnut\/wp-json\/wp\/v2\/comments?post=635"}],"version-history":[{"count":14,"href":"https:\/\/lybe.fi\/pattujunnut\/wp-json\/wp\/v2\/pages\/635\/revisions"}],"predecessor-version":[{"id":2643,"href":"https:\/\/lybe.fi\/pattujunnut\/wp-json\/wp\/v2\/pages\/635\/revisions\/2643"}],"wp:attachment":[{"href":"https:\/\/lybe.fi\/pattujunnut\/wp-json\/wp\/v2\/media?parent=635"}],"wp:term":[{"taxonomy":"folder","embeddable":true,"href":"https:\/\/lybe.fi\/pattujunnut\/wp-json\/wp\/v2\/folder?post=635"}],"curies":[{"name":"wp","href":"https:\/\/api.w.org\/{rel}","templated":true}]}}