{"id":695,"date":"2022-05-30T10:42:13","date_gmt":"2022-05-30T07:42:13","guid":{"rendered":"http:\/\/lybe.fi\/pattujunnut\/?page_id=695"},"modified":"2022-08-08T08:57:53","modified_gmt":"2022-08-08T05:57:53","slug":"f-pojat-superin-talkoot","status":"publish","type":"page","link":"https:\/\/lybe.fi\/pattujunnut\/f-pojat-superin-talkoot\/","title":{"rendered":"F-pojat superin talkoot"},"content":{"rendered":"\t\t<div data-elementor-type=\"wp-page\" data-elementor-id=\"695\" class=\"elementor elementor-695\">\n\t\t\t\t\t\t<section class=\"elementor-section elementor-top-section elementor-element elementor-element-6d71562 elementor-hidden-tablet elementor-hidden-mobile elementor-section-boxed elementor-section-height-default elementor-section-height-default\" data-id=\"6d71562\" data-element_type=\"section\" data-e-type=\"section\" data-settings=\"{&quot;background_background&quot;:&quot;classic&quot;}\">\n\t\t\t\t\t\t<div class=\"elementor-container elementor-column-gap-default\">\n\t\t\t\t\t<div class=\"elementor-column elementor-col-14 elementor-top-column elementor-element elementor-element-82745eb\" data-id=\"82745eb\" data-element_type=\"column\" data-e-type=\"column\">\n\t\t\t<div class=\"elementor-widget-wrap elementor-element-populated\">\n\t\t\t\t\t\t<div class=\"elementor-element elementor-element-3e733fa elementor-align-justify elementor-widget elementor-widget-button\" data-id=\"3e733fa\" data-element_type=\"widget\" data-e-type=\"widget\" data-widget_type=\"button.default\">\n\t\t\t\t<div class=\"elementor-widget-container\">\n\t\t\t\t\t\t\t\t\t<div class=\"elementor-button-wrapper\">\n\t\t\t\t\t<a class=\"elementor-button elementor-button-link elementor-size-sm\" href=\"http:\/\/lybe.fi\/pattujunnut\/f-pojat\/\">\n\t\t\t\t\t\t<span class=\"elementor-button-content-wrapper\">\n\t\t\t\t\t\t\t\t\t<span class=\"elementor-button-text\">F-POJAT<\/span>\n\t\t\t\t\t<\/span>\n\t\t\t\t\t<\/a>\n\t\t\t\t<\/div>\n\t\t\t\t\t\t\t\t<\/div>\n\t\t\t\t<\/div>\n\t\t\t\t\t<\/div>\n\t\t<\/div>\n\t\t\t\t<div class=\"elementor-column elementor-col-14 elementor-top-column elementor-element elementor-element-e8c4aea\" data-id=\"e8c4aea\" data-element_type=\"column\" data-e-type=\"column\">\n\t\t\t<div class=\"elementor-widget-wrap elementor-element-populated\">\n\t\t\t\t\t\t<div class=\"elementor-element elementor-element-cb2b243 elementor-align-justify elementor-widget elementor-widget-button\" data-id=\"cb2b243\" data-element_type=\"widget\" data-e-type=\"widget\" data-widget_type=\"button.default\">\n\t\t\t\t<div class=\"elementor-widget-container\">\n\t\t\t\t\t\t\t\t\t<div class=\"elementor-button-wrapper\">\n\t\t\t\t\t<a class=\"elementor-button elementor-button-link elementor-size-sm\" href=\"https:\/\/lybe.fi\/pattujunnut\/f-pojat-pelaajat\/\">\n\t\t\t\t\t\t<span class=\"elementor-button-content-wrapper\">\n\t\t\t\t\t\t\t\t\t<span class=\"elementor-button-text\">JOUKKUE<\/span>\n\t\t\t\t\t<\/span>\n\t\t\t\t\t<\/a>\n\t\t\t\t<\/div>\n\t\t\t\t\t\t\t\t<\/div>\n\t\t\t\t<\/div>\n\t\t\t\t\t<\/div>\n\t\t<\/div>\n\t\t\t\t<div class=\"elementor-column elementor-col-14 elementor-top-column elementor-element elementor-element-c8a725d\" data-id=\"c8a725d\" data-element_type=\"column\" data-e-type=\"column\">\n\t\t\t<div class=\"elementor-widget-wrap elementor-element-populated\">\n\t\t\t\t\t\t<div class=\"elementor-element elementor-element-0a5e421 elementor-align-justify elementor-widget elementor-widget-button\" data-id=\"0a5e421\" data-element_type=\"widget\" data-e-type=\"widget\" data-widget_type=\"button.default\">\n\t\t\t\t<div class=\"elementor-widget-container\">\n\t\t\t\t\t\t\t\t\t<div class=\"elementor-button-wrapper\">\n\t\t\t\t\t<a class=\"elementor-button elementor-button-link elementor-size-sm\" href=\"https:\/\/lybe.fi\/pattujunnut\/f-pojat-ajankohtaista\/\">\n\t\t\t\t\t\t<span class=\"elementor-button-content-wrapper\">\n\t\t\t\t\t\t\t\t\t<span class=\"elementor-button-text\">AJANKOHTAISTA<\/span>\n\t\t\t\t\t<\/span>\n\t\t\t\t\t<\/a>\n\t\t\t\t<\/div>\n\t\t\t\t\t\t\t\t<\/div>\n\t\t\t\t<\/div>\n\t\t\t\t\t<\/div>\n\t\t<\/div>\n\t\t\t\t<div class=\"elementor-column elementor-col-14 elementor-top-column elementor-element elementor-element-9ff3dcb\" data-id=\"9ff3dcb\" data-element_type=\"column\" data-e-type=\"column\">\n\t\t\t<div class=\"elementor-widget-wrap elementor-element-populated\">\n\t\t\t\t\t\t<div class=\"elementor-element elementor-element-632aa1e elementor-align-justify elementor-widget elementor-widget-button\" data-id=\"632aa1e\" data-element_type=\"widget\" data-e-type=\"widget\" data-widget_type=\"button.default\">\n\t\t\t\t<div class=\"elementor-widget-container\">\n\t\t\t\t\t\t\t\t\t<div class=\"elementor-button-wrapper\">\n\t\t\t\t\t<a class=\"elementor-button elementor-button-link elementor-size-sm\" href=\"https:\/\/lybe.fi\/pattujunnut\/f-pojat-pelit-ja-talkoot\/\">\n\t\t\t\t\t\t<span class=\"elementor-button-content-wrapper\">\n\t\t\t\t\t\t\t\t\t<span class=\"elementor-button-text\">PELIT JA TALKOOT<\/span>\n\t\t\t\t\t<\/span>\n\t\t\t\t\t<\/a>\n\t\t\t\t<\/div>\n\t\t\t\t\t\t\t\t<\/div>\n\t\t\t\t<\/div>\n\t\t\t\t\t<\/div>\n\t\t<\/div>\n\t\t\t\t<div class=\"elementor-column elementor-col-14 elementor-top-column elementor-element elementor-element-c3e3f07\" data-id=\"c3e3f07\" data-element_type=\"column\" data-e-type=\"column\">\n\t\t\t<div class=\"elementor-widget-wrap elementor-element-populated\">\n\t\t\t\t\t\t<div class=\"elementor-element elementor-element-d08bc8e elementor-align-justify elementor-widget elementor-widget-button\" data-id=\"d08bc8e\" data-element_type=\"widget\" data-e-type=\"widget\" data-widget_type=\"button.default\">\n\t\t\t\t<div class=\"elementor-widget-container\">\n\t\t\t\t\t\t\t\t\t<div class=\"elementor-button-wrapper\">\n\t\t\t\t\t<a class=\"elementor-button elementor-button-link elementor-size-sm\" href=\"https:\/\/lybe.fi\/pattujunnut\/f-pojat-superin-talkoot\/\">\n\t\t\t\t\t\t<span class=\"elementor-button-content-wrapper\">\n\t\t\t\t\t\t\t\t\t<span class=\"elementor-button-text\">SUPERIN TALKOOT<\/span>\n\t\t\t\t\t<\/span>\n\t\t\t\t\t<\/a>\n\t\t\t\t<\/div>\n\t\t\t\t\t\t\t\t<\/div>\n\t\t\t\t<\/div>\n\t\t\t\t\t<\/div>\n\t\t<\/div>\n\t\t\t\t<div class=\"elementor-column elementor-col-14 elementor-top-column elementor-element elementor-element-f615f5c\" data-id=\"f615f5c\" data-element_type=\"column\" data-e-type=\"column\">\n\t\t\t<div class=\"elementor-widget-wrap elementor-element-populated\">\n\t\t\t\t\t\t<div class=\"elementor-element elementor-element-b2154b2 elementor-align-justify elementor-widget elementor-widget-button\" data-id=\"b2154b2\" data-element_type=\"widget\" data-e-type=\"widget\" data-widget_type=\"button.default\">\n\t\t\t\t<div class=\"elementor-widget-container\">\n\t\t\t\t\t\t\t\t\t<div class=\"elementor-button-wrapper\">\n\t\t\t\t\t<a class=\"elementor-button elementor-button-link elementor-size-sm\" href=\"https:\/\/lybe.fi\/pattujunnut\/f-pojat-pallopoikavuorot\/\">\n\t\t\t\t\t\t<span class=\"elementor-button-content-wrapper\">\n\t\t\t\t\t\t\t\t\t<span class=\"elementor-button-text\">PALLOPOIKAVUOROT<\/span>\n\t\t\t\t\t<\/span>\n\t\t\t\t\t<\/a>\n\t\t\t\t<\/div>\n\t\t\t\t\t\t\t\t<\/div>\n\t\t\t\t<\/div>\n\t\t\t\t\t<\/div>\n\t\t<\/div>\n\t\t\t\t<div class=\"elementor-column elementor-col-14 elementor-top-column elementor-element elementor-element-a729a7c\" data-id=\"a729a7c\" data-element_type=\"column\" data-e-type=\"column\">\n\t\t\t<div class=\"elementor-widget-wrap elementor-element-populated\">\n\t\t\t\t\t\t<div class=\"elementor-element elementor-element-66df5ae elementor-align-justify elementor-widget elementor-widget-button\" data-id=\"66df5ae\" data-element_type=\"widget\" data-e-type=\"widget\" data-widget_type=\"button.default\">\n\t\t\t\t<div class=\"elementor-widget-container\">\n\t\t\t\t\t\t\t\t\t<div class=\"elementor-button-wrapper\">\n\t\t\t\t\t<a class=\"elementor-button elementor-button-link elementor-size-sm\" href=\"https:\/\/lybe.fi\/pattujunnut\/f-pojat-leirit\/\">\n\t\t\t\t\t\t<span class=\"elementor-button-content-wrapper\">\n\t\t\t\t\t\t\t\t\t<span class=\"elementor-button-text\">LEIRIT<\/span>\n\t\t\t\t\t<\/span>\n\t\t\t\t\t<\/a>\n\t\t\t\t<\/div>\n\t\t\t\t\t\t\t\t<\/div>\n\t\t\t\t<\/div>\n\t\t\t\t\t<\/div>\n\t\t<\/div>\n\t\t\t\t\t<\/div>\n\t\t<\/section>\n\t\t\t\t<section class=\"elementor-section elementor-top-section elementor-element elementor-element-6c65d48 elementor-hidden-desktop elementor-section-boxed elementor-section-height-default elementor-section-height-default\" data-id=\"6c65d48\" data-element_type=\"section\" data-e-type=\"section\">\n\t\t\t\t\t\t<div class=\"elementor-container elementor-column-gap-default\">\n\t\t\t\t\t<div class=\"elementor-column elementor-col-100 elementor-top-column elementor-element elementor-element-8e11c03\" data-id=\"8e11c03\" data-element_type=\"column\" data-e-type=\"column\">\n\t\t\t<div class=\"elementor-widget-wrap elementor-element-populated\">\n\t\t\t\t\t\t<div class=\"elementor-element elementor-element-d6a0b46 elementor-widget elementor-widget-heading\" data-id=\"d6a0b46\" data-element_type=\"widget\" data-e-type=\"widget\" data-widget_type=\"heading.default\">\n\t\t\t\t<div class=\"elementor-widget-container\">\n\t\t\t\t\t<h4 class=\"elementor-heading-title elementor-size-default\">F-pojat<\/h4>\t\t\t\t<\/div>\n\t\t\t\t<\/div>\n\t\t\t\t\t<\/div>\n\t\t<\/div>\n\t\t\t\t\t<\/div>\n\t\t<\/section>\n\t\t\t\t<section class=\"elementor-section elementor-top-section elementor-element elementor-element-4bdceaa1 elementor-section-height-min-height elementor-section-boxed elementor-section-height-default elementor-section-items-middle\" data-id=\"4bdceaa1\" data-element_type=\"section\" data-e-type=\"section\" data-settings=\"{&quot;background_background&quot;:&quot;classic&quot;}\">\n\t\t\t\t\t\t\t<div class=\"elementor-background-overlay\"><\/div>\n\t\t\t\t\t\t\t<div class=\"elementor-container elementor-column-gap-default\">\n\t\t\t\t\t<div class=\"elementor-column elementor-col-100 elementor-top-column elementor-element elementor-element-4b8f6dde\" data-id=\"4b8f6dde\" data-element_type=\"column\" data-e-type=\"column\">\n\t\t\t<div class=\"elementor-widget-wrap elementor-element-populated\">\n\t\t\t\t\t\t<div class=\"elementor-element elementor-element-1023c6ba elementor-widget elementor-widget-heading\" data-id=\"1023c6ba\" data-element_type=\"widget\" data-e-type=\"widget\" data-widget_type=\"heading.default\">\n\t\t\t\t<div class=\"elementor-widget-container\">\n\t\t\t\t\t<h1 class=\"elementor-heading-title elementor-size-default\">Superin talkoot<\/h1>\t\t\t\t<\/div>\n\t\t\t\t<\/div>\n\t\t\t\t\t<\/div>\n\t\t<\/div>\n\t\t\t\t\t<\/div>\n\t\t<\/section>\n\t\t\t\t<section class=\"elementor-section elementor-top-section elementor-element elementor-element-2794919 elementor-section-boxed elementor-section-height-default elementor-section-height-default\" data-id=\"2794919\" data-element_type=\"section\" data-e-type=\"section\">\n\t\t\t\t\t\t<div class=\"elementor-container elementor-column-gap-default\">\n\t\t\t\t\t<div class=\"elementor-column elementor-col-100 elementor-top-column elementor-element elementor-element-5916540\" data-id=\"5916540\" data-element_type=\"column\" data-e-type=\"column\">\n\t\t\t<div class=\"elementor-widget-wrap elementor-element-populated\">\n\t\t\t\t\t\t<div class=\"elementor-element elementor-element-d1013af elementor-widget elementor-widget-text-editor\" data-id=\"d1013af\" data-element_type=\"widget\" data-e-type=\"widget\" data-widget_type=\"text-editor.default\">\n\t\t\t\t<div class=\"elementor-widget-container\">\n\t\t\t\t\t\t\t\t\t<ul><li>Torstaina 19.5. 2022<\/li><\/ul>\t\t\t\t\t\t\t\t<\/div>\n\t\t\t\t<\/div>\n\t\t\t\t\t<\/div>\n\t\t<\/div>\n\t\t\t\t\t<\/div>\n\t\t<\/section>\n\t\t\t\t<\/div>\n\t\t","protected":false},"excerpt":{"rendered":"<p>F-POJAT JOUKKUE AJANKOHTAISTA PELIT JA TALKOOT SUPERIN TALKOOT PALLOPOIKAVUOROT LEIRIT F-pojat Superin talkoot Torstaina 19.5. 2022<\/p>\n","protected":false},"author":1,"featured_media":0,"parent":0,"menu_order":0,"comment_status":"closed","ping_status":"closed","template":"page-templates\/template-pagebuilder-full-width.php","meta":{"neve_meta_sidebar":"","neve_meta_container":"","neve_meta_enable_content_width":"","neve_meta_content_width":0,"neve_meta_title_alignment":"","neve_meta_author_avatar":"","neve_post_elements_order":"","neve_meta_disable_header":"","neve_meta_disable_footer":"","neve_meta_disable_title":"","footnotes":""},"folder":[13],"class_list":["post-695","page","type-page","status-publish","hentry"],"yoast_head":"<!-- This site is optimized with the Yoast SEO plugin v19.1 - https:\/\/yoast.com\/wordpress\/plugins\/seo\/ -->\n<title>F-pojat superin talkoot - PattU Juniorit<\/title>\n<meta name=\"description\" content=\"Syksyll\u00e4 2012 perustettu junioreiden pes\u00e4palloiluun keskittyv\u00e4 seura, Pattijoen urheilijat Juniorit \u2013 tai arkisemmin Pattu juniorit\" \/>\n<meta name=\"robots\" content=\"index, follow, max-snippet:-1, max-image-preview:large, max-video-preview:-1\" \/>\n<link rel=\"canonical\" href=\"https:\/\/lybe.fi\/pattujunnut\/f-pojat-superin-talkoot\/\" \/>\n<meta property=\"og:locale\" content=\"fi_FI\" \/>\n<meta property=\"og:type\" content=\"article\" \/>\n<meta property=\"og:title\" content=\"F-pojat superin talkoot - PattU Juniorit\" \/>\n<meta property=\"og:description\" content=\"Syksyll\u00e4 2012 perustettu junioreiden pes\u00e4palloiluun keskittyv\u00e4 seura, Pattijoen urheilijat Juniorit \u2013 tai arkisemmin Pattu juniorit\" \/>\n<meta property=\"og:url\" content=\"https:\/\/lybe.fi\/pattujunnut\/f-pojat-superin-talkoot\/\" \/>\n<meta property=\"og:site_name\" content=\"PattU Juniorit\" \/>\n<meta property=\"article:publisher\" content=\"https:\/\/www.facebook.com\/PattijoenUrheilijatJuniorit\/\" \/>\n<meta property=\"article:modified_time\" content=\"2022-08-08T05:57:53+00:00\" \/>\n<meta name=\"twitter:card\" content=\"summary_large_image\" \/>\n<meta name=\"twitter:label1\" content=\"Arvioitu lukuaika\" \/>\n\t<meta name=\"twitter:data1\" content=\"1 minuutti\" \/>\n<script type=\"application\/ld+json\" class=\"yoast-schema-graph\">{\"@context\":\"https:\/\/schema.org\",\"@graph\":[{\"@type\":\"Organization\",\"@id\":\"https:\/\/lybe.fi\/pattujunnut\/#organization\",\"name\":\"Pattijoen Urheilijat Juniorit\",\"url\":\"https:\/\/lybe.fi\/pattujunnut\/\",\"sameAs\":[\"https:\/\/www.instagram.com\/pattujuniorit\/?hl=fi\",\"https:\/\/www.facebook.com\/PattijoenUrheilijatJuniorit\/\"],\"logo\":{\"@type\":\"ImageObject\",\"inLanguage\":\"fi\",\"@id\":\"https:\/\/lybe.fi\/pattujunnut\/#\/schema\/logo\/image\/\",\"url\":\"http:\/\/lybe.fi\/pattujunnut\/wp-content\/uploads\/2022\/04\/PattUjr_Logo_2022_trans_512px.png\",\"contentUrl\":\"http:\/\/lybe.fi\/pattujunnut\/wp-content\/uploads\/2022\/04\/PattUjr_Logo_2022_trans_512px.png\",\"width\":512,\"height\":347,\"caption\":\"Pattijoen Urheilijat Juniorit\"},\"image\":{\"@id\":\"https:\/\/lybe.fi\/pattujunnut\/#\/schema\/logo\/image\/\"}},{\"@type\":\"WebSite\",\"@id\":\"https:\/\/lybe.fi\/pattujunnut\/#website\",\"url\":\"https:\/\/lybe.fi\/pattujunnut\/\",\"name\":\"PattU Juniorit\",\"description\":\"\",\"publisher\":{\"@id\":\"https:\/\/lybe.fi\/pattujunnut\/#organization\"},\"potentialAction\":[{\"@type\":\"SearchAction\",\"target\":{\"@type\":\"EntryPoint\",\"urlTemplate\":\"https:\/\/lybe.fi\/pattujunnut\/?s={search_term_string}\"},\"query-input\":\"required name=search_term_string\"}],\"inLanguage\":\"fi\"},{\"@type\":\"WebPage\",\"@id\":\"https:\/\/lybe.fi\/pattujunnut\/f-pojat-superin-talkoot\/#webpage\",\"url\":\"https:\/\/lybe.fi\/pattujunnut\/f-pojat-superin-talkoot\/\",\"name\":\"F-pojat superin talkoot - PattU Juniorit\",\"isPartOf\":{\"@id\":\"https:\/\/lybe.fi\/pattujunnut\/#website\"},\"datePublished\":\"2022-05-30T07:42:13+00:00\",\"dateModified\":\"2022-08-08T05:57:53+00:00\",\"description\":\"Syksyll\u00e4 2012 perustettu junioreiden pes\u00e4palloiluun keskittyv\u00e4 seura, Pattijoen urheilijat Juniorit \u2013 tai arkisemmin Pattu juniorit\",\"breadcrumb\":{\"@id\":\"https:\/\/lybe.fi\/pattujunnut\/f-pojat-superin-talkoot\/#breadcrumb\"},\"inLanguage\":\"fi\",\"potentialAction\":[{\"@type\":\"ReadAction\",\"target\":[\"https:\/\/lybe.fi\/pattujunnut\/f-pojat-superin-talkoot\/\"]}]},{\"@type\":\"BreadcrumbList\",\"@id\":\"https:\/\/lybe.fi\/pattujunnut\/f-pojat-superin-talkoot\/#breadcrumb\",\"itemListElement\":[{\"@type\":\"ListItem\",\"position\":1,\"name\":\"Home\",\"item\":\"https:\/\/lybe.fi\/pattujunnut\/\"},{\"@type\":\"ListItem\",\"position\":2,\"name\":\"F-pojat superin talkoot\"}]}]}<\/script>\n<!-- \/ Yoast SEO plugin. -->","yoast_head_json":{"title":"F-pojat superin talkoot - PattU Juniorit","description":"Syksyll\u00e4 2012 perustettu junioreiden pes\u00e4palloiluun keskittyv\u00e4 seura, Pattijoen urheilijat Juniorit \u2013 tai arkisemmin Pattu juniorit","robots":{"index":"index","follow":"follow","max-snippet":"max-snippet:-1","max-image-preview":"max-image-preview:large","max-video-preview":"max-video-preview:-1"},"canonical":"https:\/\/lybe.fi\/pattujunnut\/f-pojat-superin-talkoot\/","og_locale":"fi_FI","og_type":"article","og_title":"F-pojat superin talkoot - PattU Juniorit","og_description":"Syksyll\u00e4 2012 perustettu junioreiden pes\u00e4palloiluun keskittyv\u00e4 seura, Pattijoen urheilijat Juniorit \u2013 tai arkisemmin Pattu juniorit","og_url":"https:\/\/lybe.fi\/pattujunnut\/f-pojat-superin-talkoot\/","og_site_name":"PattU Juniorit","article_publisher":"https:\/\/www.facebook.com\/PattijoenUrheilijatJuniorit\/","article_modified_time":"2022-08-08T05:57:53+00:00","twitter_card":"summary_large_image","twitter_misc":{"Arvioitu lukuaika":"1 minuutti"},"schema":{"@context":"https:\/\/schema.org","@graph":[{"@type":"Organization","@id":"https:\/\/lybe.fi\/pattujunnut\/#organization","name":"Pattijoen Urheilijat Juniorit","url":"https:\/\/lybe.fi\/pattujunnut\/","sameAs":["https:\/\/www.instagram.com\/pattujuniorit\/?hl=fi","https:\/\/www.facebook.com\/PattijoenUrheilijatJuniorit\/"],"logo":{"@type":"ImageObject","inLanguage":"fi","@id":"https:\/\/lybe.fi\/pattujunnut\/#\/schema\/logo\/image\/","url":"http:\/\/lybe.fi\/pattujunnut\/wp-content\/uploads\/2022\/04\/PattUjr_Logo_2022_trans_512px.png","contentUrl":"http:\/\/lybe.fi\/pattujunnut\/wp-content\/uploads\/2022\/04\/PattUjr_Logo_2022_trans_512px.png","width":512,"height":347,"caption":"Pattijoen Urheilijat Juniorit"},"image":{"@id":"https:\/\/lybe.fi\/pattujunnut\/#\/schema\/logo\/image\/"}},{"@type":"WebSite","@id":"https:\/\/lybe.fi\/pattujunnut\/#website","url":"https:\/\/lybe.fi\/pattujunnut\/","name":"PattU Juniorit","description":"","publisher":{"@id":"https:\/\/lybe.fi\/pattujunnut\/#organization"},"potentialAction":[{"@type":"SearchAction","target":{"@type":"EntryPoint","urlTemplate":"https:\/\/lybe.fi\/pattujunnut\/?s={search_term_string}"},"query-input":"required name=search_term_string"}],"inLanguage":"fi"},{"@type":"WebPage","@id":"https:\/\/lybe.fi\/pattujunnut\/f-pojat-superin-talkoot\/#webpage","url":"https:\/\/lybe.fi\/pattujunnut\/f-pojat-superin-talkoot\/","name":"F-pojat superin talkoot - PattU Juniorit","isPartOf":{"@id":"https:\/\/lybe.fi\/pattujunnut\/#website"},"datePublished":"2022-05-30T07:42:13+00:00","dateModified":"2022-08-08T05:57:53+00:00","description":"Syksyll\u00e4 2012 perustettu junioreiden pes\u00e4palloiluun keskittyv\u00e4 seura, Pattijoen urheilijat Juniorit \u2013 tai arkisemmin Pattu juniorit","breadcrumb":{"@id":"https:\/\/lybe.fi\/pattujunnut\/f-pojat-superin-talkoot\/#breadcrumb"},"inLanguage":"fi","potentialAction":[{"@type":"ReadAction","target":["https:\/\/lybe.fi\/pattujunnut\/f-pojat-superin-talkoot\/"]}]},{"@type":"BreadcrumbList","@id":"https:\/\/lybe.fi\/pattujunnut\/f-pojat-superin-talkoot\/#breadcrumb","itemListElement":[{"@type":"ListItem","position":1,"name":"Home","item":"https:\/\/lybe.fi\/pattujunnut\/"},{"@type":"ListItem","position":2,"name":"F-pojat superin talkoot"}]}]}},"_links":{"self":[{"href":"https:\/\/lybe.fi\/pattujunnut\/wp-json\/wp\/v2\/pages\/695","targetHints":{"allow":["GET"]}}],"collection":[{"href":"https:\/\/lybe.fi\/pattujunnut\/wp-json\/wp\/v2\/pages"}],"about":[{"href":"https:\/\/lybe.fi\/pattujunnut\/wp-json\/wp\/v2\/types\/page"}],"author":[{"embeddable":true,"href":"https:\/\/lybe.fi\/pattujunnut\/wp-json\/wp\/v2\/users\/1"}],"replies":[{"embeddable":true,"href":"https:\/\/lybe.fi\/pattujunnut\/wp-json\/wp\/v2\/comments?post=695"}],"version-history":[{"count":18,"href":"https:\/\/lybe.fi\/pattujunnut\/wp-json\/wp\/v2\/pages\/695\/revisions"}],"predecessor-version":[{"id":2828,"href":"https:\/\/lybe.fi\/pattujunnut\/wp-json\/wp\/v2\/pages\/695\/revisions\/2828"}],"wp:attachment":[{"href":"https:\/\/lybe.fi\/pattujunnut\/wp-json\/wp\/v2\/media?parent=695"}],"wp:term":[{"taxonomy":"folder","embeddable":true,"href":"https:\/\/lybe.fi\/pattujunnut\/wp-json\/wp\/v2\/folder?post=695"}],"curies":[{"name":"wp","href":"https:\/\/api.w.org\/{rel}","templated":true}]}}