{"id":699,"date":"2022-05-30T10:42:54","date_gmt":"2022-05-30T07:42:54","guid":{"rendered":"http:\/\/lybe.fi\/pattujunnut\/?page_id=699"},"modified":"2022-08-08T08:55:21","modified_gmt":"2022-08-08T05:55:21","slug":"f-tytot-ajankohtaista","status":"publish","type":"page","link":"https:\/\/lybe.fi\/pattujunnut\/f-tytot-ajankohtaista\/","title":{"rendered":"F-tyt\u00f6t ajankohtaista"},"content":{"rendered":"\t\t<div data-elementor-type=\"wp-page\" data-elementor-id=\"699\" class=\"elementor elementor-699\">\n\t\t\t\t\t\t<section class=\"elementor-section elementor-top-section elementor-element elementor-element-df11b41 elementor-hidden-tablet elementor-hidden-mobile elementor-section-boxed elementor-section-height-default elementor-section-height-default\" data-id=\"df11b41\" data-element_type=\"section\" data-e-type=\"section\" data-settings=\"{&quot;background_background&quot;:&quot;classic&quot;}\">\n\t\t\t\t\t\t<div class=\"elementor-container elementor-column-gap-default\">\n\t\t\t\t\t<div class=\"elementor-column elementor-col-14 elementor-top-column elementor-element elementor-element-a42df0a\" data-id=\"a42df0a\" data-element_type=\"column\" data-e-type=\"column\">\n\t\t\t<div class=\"elementor-widget-wrap elementor-element-populated\">\n\t\t\t\t\t\t<div class=\"elementor-element elementor-element-72af6e1 elementor-align-justify elementor-widget elementor-widget-button\" data-id=\"72af6e1\" data-element_type=\"widget\" data-e-type=\"widget\" data-widget_type=\"button.default\">\n\t\t\t\t<div class=\"elementor-widget-container\">\n\t\t\t\t\t\t\t\t\t<div class=\"elementor-button-wrapper\">\n\t\t\t\t\t<a class=\"elementor-button elementor-button-link elementor-size-sm\" href=\"http:\/\/lybe.fi\/pattujunnut\/f-tytot\/\">\n\t\t\t\t\t\t<span class=\"elementor-button-content-wrapper\">\n\t\t\t\t\t\t\t\t\t<span class=\"elementor-button-text\">F-TYT\u00d6T<\/span>\n\t\t\t\t\t<\/span>\n\t\t\t\t\t<\/a>\n\t\t\t\t<\/div>\n\t\t\t\t\t\t\t\t<\/div>\n\t\t\t\t<\/div>\n\t\t\t\t\t<\/div>\n\t\t<\/div>\n\t\t\t\t<div class=\"elementor-column elementor-col-14 elementor-top-column elementor-element elementor-element-38c71dd\" data-id=\"38c71dd\" data-element_type=\"column\" data-e-type=\"column\">\n\t\t\t<div class=\"elementor-widget-wrap elementor-element-populated\">\n\t\t\t\t\t\t<div class=\"elementor-element elementor-element-c854b70 elementor-align-justify elementor-widget elementor-widget-button\" data-id=\"c854b70\" data-element_type=\"widget\" data-e-type=\"widget\" data-widget_type=\"button.default\">\n\t\t\t\t<div class=\"elementor-widget-container\">\n\t\t\t\t\t\t\t\t\t<div class=\"elementor-button-wrapper\">\n\t\t\t\t\t<a class=\"elementor-button elementor-button-link elementor-size-sm\" href=\"https:\/\/lybe.fi\/pattujunnut\/f-tytot-pelaajat\/\">\n\t\t\t\t\t\t<span class=\"elementor-button-content-wrapper\">\n\t\t\t\t\t\t\t\t\t<span class=\"elementor-button-text\">JOUKKUE<\/span>\n\t\t\t\t\t<\/span>\n\t\t\t\t\t<\/a>\n\t\t\t\t<\/div>\n\t\t\t\t\t\t\t\t<\/div>\n\t\t\t\t<\/div>\n\t\t\t\t\t<\/div>\n\t\t<\/div>\n\t\t\t\t<div class=\"elementor-column elementor-col-14 elementor-top-column elementor-element elementor-element-50b6e54\" data-id=\"50b6e54\" data-element_type=\"column\" data-e-type=\"column\">\n\t\t\t<div class=\"elementor-widget-wrap elementor-element-populated\">\n\t\t\t\t\t\t<div class=\"elementor-element elementor-element-f70bdcd elementor-align-justify elementor-widget elementor-widget-button\" data-id=\"f70bdcd\" data-element_type=\"widget\" data-e-type=\"widget\" data-widget_type=\"button.default\">\n\t\t\t\t<div class=\"elementor-widget-container\">\n\t\t\t\t\t\t\t\t\t<div class=\"elementor-button-wrapper\">\n\t\t\t\t\t<a class=\"elementor-button elementor-button-link elementor-size-sm\" href=\"http:\/\/lybe.fi\/pattujunnut\/f-tytot-ajankohtaista\/\">\n\t\t\t\t\t\t<span class=\"elementor-button-content-wrapper\">\n\t\t\t\t\t\t\t\t\t<span class=\"elementor-button-text\">AJANKOHTAISTA<\/span>\n\t\t\t\t\t<\/span>\n\t\t\t\t\t<\/a>\n\t\t\t\t<\/div>\n\t\t\t\t\t\t\t\t<\/div>\n\t\t\t\t<\/div>\n\t\t\t\t\t<\/div>\n\t\t<\/div>\n\t\t\t\t<div class=\"elementor-column elementor-col-14 elementor-top-column elementor-element elementor-element-47307bc\" data-id=\"47307bc\" data-element_type=\"column\" data-e-type=\"column\">\n\t\t\t<div class=\"elementor-widget-wrap elementor-element-populated\">\n\t\t\t\t\t\t<div class=\"elementor-element elementor-element-7b8a279 elementor-align-justify elementor-widget elementor-widget-button\" data-id=\"7b8a279\" data-element_type=\"widget\" data-e-type=\"widget\" data-widget_type=\"button.default\">\n\t\t\t\t<div class=\"elementor-widget-container\">\n\t\t\t\t\t\t\t\t\t<div class=\"elementor-button-wrapper\">\n\t\t\t\t\t<a class=\"elementor-button elementor-button-link elementor-size-sm\" href=\"https:\/\/lybe.fi\/pattujunnut\/f-tytot-pelit\/\">\n\t\t\t\t\t\t<span class=\"elementor-button-content-wrapper\">\n\t\t\t\t\t\t\t\t\t<span class=\"elementor-button-text\">PELIT<\/span>\n\t\t\t\t\t<\/span>\n\t\t\t\t\t<\/a>\n\t\t\t\t<\/div>\n\t\t\t\t\t\t\t\t<\/div>\n\t\t\t\t<\/div>\n\t\t\t\t\t<\/div>\n\t\t<\/div>\n\t\t\t\t<div class=\"elementor-column elementor-col-14 elementor-top-column elementor-element elementor-element-64658ab\" data-id=\"64658ab\" data-element_type=\"column\" data-e-type=\"column\">\n\t\t\t<div class=\"elementor-widget-wrap elementor-element-populated\">\n\t\t\t\t\t\t<div class=\"elementor-element elementor-element-c2b4b1b elementor-align-justify elementor-widget elementor-widget-button\" data-id=\"c2b4b1b\" data-element_type=\"widget\" data-e-type=\"widget\" data-widget_type=\"button.default\">\n\t\t\t\t<div class=\"elementor-widget-container\">\n\t\t\t\t\t\t\t\t\t<div class=\"elementor-button-wrapper\">\n\t\t\t\t\t<a class=\"elementor-button elementor-button-link elementor-size-sm\" href=\"https:\/\/lybe.fi\/pattujunnut\/f-tytot-pallotyttovuorot-ja-talkoot\/\">\n\t\t\t\t\t\t<span class=\"elementor-button-content-wrapper\">\n\t\t\t\t\t\t\t\t\t<span class=\"elementor-button-text\">PALLOTYTT\u00d6VUOROT JA TALKOOT<\/span>\n\t\t\t\t\t<\/span>\n\t\t\t\t\t<\/a>\n\t\t\t\t<\/div>\n\t\t\t\t\t\t\t\t<\/div>\n\t\t\t\t<\/div>\n\t\t\t\t\t<\/div>\n\t\t<\/div>\n\t\t\t\t<div class=\"elementor-column elementor-col-14 elementor-top-column elementor-element elementor-element-1db7f17\" data-id=\"1db7f17\" data-element_type=\"column\" data-e-type=\"column\">\n\t\t\t<div class=\"elementor-widget-wrap elementor-element-populated\">\n\t\t\t\t\t\t<div class=\"elementor-element elementor-element-16b9099 elementor-align-justify elementor-widget elementor-widget-button\" data-id=\"16b9099\" data-element_type=\"widget\" data-e-type=\"widget\" data-widget_type=\"button.default\">\n\t\t\t\t<div class=\"elementor-widget-container\">\n\t\t\t\t\t\t\t\t\t<div class=\"elementor-button-wrapper\">\n\t\t\t\t\t<a class=\"elementor-button elementor-button-link elementor-size-sm\" href=\"http:\/\/lybe.fi\/pattujunnut\/f-tytot-joukkueen-saannot\/\">\n\t\t\t\t\t\t<span class=\"elementor-button-content-wrapper\">\n\t\t\t\t\t\t\t\t\t<span class=\"elementor-button-text\">JOUKKUEEN S\u00c4\u00c4NN\u00d6T<\/span>\n\t\t\t\t\t<\/span>\n\t\t\t\t\t<\/a>\n\t\t\t\t<\/div>\n\t\t\t\t\t\t\t\t<\/div>\n\t\t\t\t<\/div>\n\t\t\t\t\t<\/div>\n\t\t<\/div>\n\t\t\t\t<div class=\"elementor-column elementor-col-14 elementor-top-column elementor-element elementor-element-32a8fa7\" data-id=\"32a8fa7\" data-element_type=\"column\" data-e-type=\"column\">\n\t\t\t<div class=\"elementor-widget-wrap elementor-element-populated\">\n\t\t\t\t\t\t<div class=\"elementor-element elementor-element-1bade67 elementor-align-justify elementor-widget elementor-widget-button\" data-id=\"1bade67\" data-element_type=\"widget\" data-e-type=\"widget\" data-widget_type=\"button.default\">\n\t\t\t\t<div class=\"elementor-widget-container\">\n\t\t\t\t\t\t\t\t\t<div class=\"elementor-button-wrapper\">\n\t\t\t\t\t<a class=\"elementor-button elementor-button-link elementor-size-sm\" href=\"https:\/\/lybe.fi\/pattujunnut\/f-tytot-leirit\/\">\n\t\t\t\t\t\t<span class=\"elementor-button-content-wrapper\">\n\t\t\t\t\t\t\t\t\t<span class=\"elementor-button-text\">LEIRIT<\/span>\n\t\t\t\t\t<\/span>\n\t\t\t\t\t<\/a>\n\t\t\t\t<\/div>\n\t\t\t\t\t\t\t\t<\/div>\n\t\t\t\t<\/div>\n\t\t\t\t\t<\/div>\n\t\t<\/div>\n\t\t\t\t\t<\/div>\n\t\t<\/section>\n\t\t\t\t<section class=\"elementor-section elementor-top-section elementor-element elementor-element-4a16a1a elementor-hidden-desktop elementor-section-boxed elementor-section-height-default elementor-section-height-default\" data-id=\"4a16a1a\" data-element_type=\"section\" data-e-type=\"section\">\n\t\t\t\t\t\t<div class=\"elementor-container elementor-column-gap-default\">\n\t\t\t\t\t<div class=\"elementor-column elementor-col-100 elementor-top-column elementor-element elementor-element-27e6982\" data-id=\"27e6982\" data-element_type=\"column\" data-e-type=\"column\">\n\t\t\t<div class=\"elementor-widget-wrap elementor-element-populated\">\n\t\t\t\t\t\t<div class=\"elementor-element elementor-element-fc3bc32 elementor-widget elementor-widget-heading\" data-id=\"fc3bc32\" data-element_type=\"widget\" data-e-type=\"widget\" data-widget_type=\"heading.default\">\n\t\t\t\t<div class=\"elementor-widget-container\">\n\t\t\t\t\t<h4 class=\"elementor-heading-title elementor-size-default\">F-tyt\u00f6t<\/h4>\t\t\t\t<\/div>\n\t\t\t\t<\/div>\n\t\t\t\t\t<\/div>\n\t\t<\/div>\n\t\t\t\t\t<\/div>\n\t\t<\/section>\n\t\t\t\t<section class=\"elementor-section elementor-top-section elementor-element elementor-element-5db71eeb elementor-section-height-min-height elementor-section-boxed elementor-section-height-default elementor-section-items-middle\" data-id=\"5db71eeb\" data-element_type=\"section\" data-e-type=\"section\" data-settings=\"{&quot;background_background&quot;:&quot;classic&quot;}\">\n\t\t\t\t\t\t\t<div class=\"elementor-background-overlay\"><\/div>\n\t\t\t\t\t\t\t<div class=\"elementor-container elementor-column-gap-default\">\n\t\t\t\t\t<div class=\"elementor-column elementor-col-100 elementor-top-column elementor-element elementor-element-50e3e970\" data-id=\"50e3e970\" data-element_type=\"column\" data-e-type=\"column\">\n\t\t\t<div class=\"elementor-widget-wrap elementor-element-populated\">\n\t\t\t\t\t\t<div class=\"elementor-element elementor-element-2d072451 elementor-widget elementor-widget-heading\" data-id=\"2d072451\" data-element_type=\"widget\" data-e-type=\"widget\" data-widget_type=\"heading.default\">\n\t\t\t\t<div class=\"elementor-widget-container\">\n\t\t\t\t\t<h1 class=\"elementor-heading-title elementor-size-default\">Ajankohtaista<\/h1>\t\t\t\t<\/div>\n\t\t\t\t<\/div>\n\t\t\t\t\t<\/div>\n\t\t<\/div>\n\t\t\t\t\t<\/div>\n\t\t<\/section>\n\t\t\t\t<\/div>\n\t\t","protected":false},"excerpt":{"rendered":"<p>F-TYT\u00d6T JOUKKUE AJANKOHTAISTA PELIT PALLOTYTT\u00d6VUOROT JA TALKOOT JOUKKUEEN S\u00c4\u00c4NN\u00d6T LEIRIT F-tyt\u00f6t Ajankohtaista<\/p>\n","protected":false},"author":1,"featured_media":0,"parent":0,"menu_order":0,"comment_status":"closed","ping_status":"closed","template":"page-templates\/template-pagebuilder-full-width.php","meta":{"neve_meta_sidebar":"","neve_meta_container":"","neve_meta_enable_content_width":"","neve_meta_content_width":0,"neve_meta_title_alignment":"","neve_meta_author_avatar":"","neve_post_elements_order":"","neve_meta_disable_header":"","neve_meta_disable_footer":"","neve_meta_disable_title":"","footnotes":""},"folder":[14],"class_list":["post-699","page","type-page","status-publish","hentry"],"yoast_head":"<!-- This site is optimized with the Yoast SEO plugin v19.1 - https:\/\/yoast.com\/wordpress\/plugins\/seo\/ -->\n<title>F-tyt\u00f6t ajankohtaista - PattU Juniorit<\/title>\n<meta name=\"description\" content=\"Syksyll\u00e4 2012 perustettu junioreiden pes\u00e4palloiluun keskittyv\u00e4 seura, Pattijoen urheilijat Juniorit \u2013 tai arkisemmin Pattu juniorit\" \/>\n<meta name=\"robots\" content=\"index, follow, max-snippet:-1, max-image-preview:large, max-video-preview:-1\" \/>\n<link rel=\"canonical\" href=\"https:\/\/lybe.fi\/pattujunnut\/f-tytot-ajankohtaista\/\" \/>\n<meta property=\"og:locale\" content=\"fi_FI\" \/>\n<meta property=\"og:type\" content=\"article\" \/>\n<meta property=\"og:title\" content=\"F-tyt\u00f6t ajankohtaista - PattU Juniorit\" \/>\n<meta property=\"og:description\" content=\"Syksyll\u00e4 2012 perustettu junioreiden pes\u00e4palloiluun keskittyv\u00e4 seura, Pattijoen urheilijat Juniorit \u2013 tai arkisemmin Pattu juniorit\" \/>\n<meta property=\"og:url\" content=\"https:\/\/lybe.fi\/pattujunnut\/f-tytot-ajankohtaista\/\" \/>\n<meta property=\"og:site_name\" content=\"PattU Juniorit\" \/>\n<meta property=\"article:publisher\" content=\"https:\/\/www.facebook.com\/PattijoenUrheilijatJuniorit\/\" \/>\n<meta property=\"article:modified_time\" content=\"2022-08-08T05:55:21+00:00\" \/>\n<meta name=\"twitter:card\" content=\"summary_large_image\" \/>\n<meta name=\"twitter:label1\" content=\"Arvioitu lukuaika\" \/>\n\t<meta name=\"twitter:data1\" content=\"1 minuutti\" \/>\n<script type=\"application\/ld+json\" class=\"yoast-schema-graph\">{\"@context\":\"https:\/\/schema.org\",\"@graph\":[{\"@type\":\"Organization\",\"@id\":\"https:\/\/lybe.fi\/pattujunnut\/#organization\",\"name\":\"Pattijoen Urheilijat Juniorit\",\"url\":\"https:\/\/lybe.fi\/pattujunnut\/\",\"sameAs\":[\"https:\/\/www.instagram.com\/pattujuniorit\/?hl=fi\",\"https:\/\/www.facebook.com\/PattijoenUrheilijatJuniorit\/\"],\"logo\":{\"@type\":\"ImageObject\",\"inLanguage\":\"fi\",\"@id\":\"https:\/\/lybe.fi\/pattujunnut\/#\/schema\/logo\/image\/\",\"url\":\"http:\/\/lybe.fi\/pattujunnut\/wp-content\/uploads\/2022\/04\/PattUjr_Logo_2022_trans_512px.png\",\"contentUrl\":\"http:\/\/lybe.fi\/pattujunnut\/wp-content\/uploads\/2022\/04\/PattUjr_Logo_2022_trans_512px.png\",\"width\":512,\"height\":347,\"caption\":\"Pattijoen Urheilijat Juniorit\"},\"image\":{\"@id\":\"https:\/\/lybe.fi\/pattujunnut\/#\/schema\/logo\/image\/\"}},{\"@type\":\"WebSite\",\"@id\":\"https:\/\/lybe.fi\/pattujunnut\/#website\",\"url\":\"https:\/\/lybe.fi\/pattujunnut\/\",\"name\":\"PattU Juniorit\",\"description\":\"\",\"publisher\":{\"@id\":\"https:\/\/lybe.fi\/pattujunnut\/#organization\"},\"potentialAction\":[{\"@type\":\"SearchAction\",\"target\":{\"@type\":\"EntryPoint\",\"urlTemplate\":\"https:\/\/lybe.fi\/pattujunnut\/?s={search_term_string}\"},\"query-input\":\"required name=search_term_string\"}],\"inLanguage\":\"fi\"},{\"@type\":\"WebPage\",\"@id\":\"https:\/\/lybe.fi\/pattujunnut\/f-tytot-ajankohtaista\/#webpage\",\"url\":\"https:\/\/lybe.fi\/pattujunnut\/f-tytot-ajankohtaista\/\",\"name\":\"F-tyt\u00f6t ajankohtaista - PattU Juniorit\",\"isPartOf\":{\"@id\":\"https:\/\/lybe.fi\/pattujunnut\/#website\"},\"datePublished\":\"2022-05-30T07:42:54+00:00\",\"dateModified\":\"2022-08-08T05:55:21+00:00\",\"description\":\"Syksyll\u00e4 2012 perustettu junioreiden pes\u00e4palloiluun keskittyv\u00e4 seura, Pattijoen urheilijat Juniorit \u2013 tai arkisemmin Pattu juniorit\",\"breadcrumb\":{\"@id\":\"https:\/\/lybe.fi\/pattujunnut\/f-tytot-ajankohtaista\/#breadcrumb\"},\"inLanguage\":\"fi\",\"potentialAction\":[{\"@type\":\"ReadAction\",\"target\":[\"https:\/\/lybe.fi\/pattujunnut\/f-tytot-ajankohtaista\/\"]}]},{\"@type\":\"BreadcrumbList\",\"@id\":\"https:\/\/lybe.fi\/pattujunnut\/f-tytot-ajankohtaista\/#breadcrumb\",\"itemListElement\":[{\"@type\":\"ListItem\",\"position\":1,\"name\":\"Home\",\"item\":\"https:\/\/lybe.fi\/pattujunnut\/\"},{\"@type\":\"ListItem\",\"position\":2,\"name\":\"F-tyt\u00f6t ajankohtaista\"}]}]}<\/script>\n<!-- \/ Yoast SEO plugin. -->","yoast_head_json":{"title":"F-tyt\u00f6t ajankohtaista - PattU Juniorit","description":"Syksyll\u00e4 2012 perustettu junioreiden pes\u00e4palloiluun keskittyv\u00e4 seura, Pattijoen urheilijat Juniorit \u2013 tai arkisemmin Pattu juniorit","robots":{"index":"index","follow":"follow","max-snippet":"max-snippet:-1","max-image-preview":"max-image-preview:large","max-video-preview":"max-video-preview:-1"},"canonical":"https:\/\/lybe.fi\/pattujunnut\/f-tytot-ajankohtaista\/","og_locale":"fi_FI","og_type":"article","og_title":"F-tyt\u00f6t ajankohtaista - PattU Juniorit","og_description":"Syksyll\u00e4 2012 perustettu junioreiden pes\u00e4palloiluun keskittyv\u00e4 seura, Pattijoen urheilijat Juniorit \u2013 tai arkisemmin Pattu juniorit","og_url":"https:\/\/lybe.fi\/pattujunnut\/f-tytot-ajankohtaista\/","og_site_name":"PattU Juniorit","article_publisher":"https:\/\/www.facebook.com\/PattijoenUrheilijatJuniorit\/","article_modified_time":"2022-08-08T05:55:21+00:00","twitter_card":"summary_large_image","twitter_misc":{"Arvioitu lukuaika":"1 minuutti"},"schema":{"@context":"https:\/\/schema.org","@graph":[{"@type":"Organization","@id":"https:\/\/lybe.fi\/pattujunnut\/#organization","name":"Pattijoen Urheilijat Juniorit","url":"https:\/\/lybe.fi\/pattujunnut\/","sameAs":["https:\/\/www.instagram.com\/pattujuniorit\/?hl=fi","https:\/\/www.facebook.com\/PattijoenUrheilijatJuniorit\/"],"logo":{"@type":"ImageObject","inLanguage":"fi","@id":"https:\/\/lybe.fi\/pattujunnut\/#\/schema\/logo\/image\/","url":"http:\/\/lybe.fi\/pattujunnut\/wp-content\/uploads\/2022\/04\/PattUjr_Logo_2022_trans_512px.png","contentUrl":"http:\/\/lybe.fi\/pattujunnut\/wp-content\/uploads\/2022\/04\/PattUjr_Logo_2022_trans_512px.png","width":512,"height":347,"caption":"Pattijoen Urheilijat Juniorit"},"image":{"@id":"https:\/\/lybe.fi\/pattujunnut\/#\/schema\/logo\/image\/"}},{"@type":"WebSite","@id":"https:\/\/lybe.fi\/pattujunnut\/#website","url":"https:\/\/lybe.fi\/pattujunnut\/","name":"PattU Juniorit","description":"","publisher":{"@id":"https:\/\/lybe.fi\/pattujunnut\/#organization"},"potentialAction":[{"@type":"SearchAction","target":{"@type":"EntryPoint","urlTemplate":"https:\/\/lybe.fi\/pattujunnut\/?s={search_term_string}"},"query-input":"required name=search_term_string"}],"inLanguage":"fi"},{"@type":"WebPage","@id":"https:\/\/lybe.fi\/pattujunnut\/f-tytot-ajankohtaista\/#webpage","url":"https:\/\/lybe.fi\/pattujunnut\/f-tytot-ajankohtaista\/","name":"F-tyt\u00f6t ajankohtaista - PattU Juniorit","isPartOf":{"@id":"https:\/\/lybe.fi\/pattujunnut\/#website"},"datePublished":"2022-05-30T07:42:54+00:00","dateModified":"2022-08-08T05:55:21+00:00","description":"Syksyll\u00e4 2012 perustettu junioreiden pes\u00e4palloiluun keskittyv\u00e4 seura, Pattijoen urheilijat Juniorit \u2013 tai arkisemmin Pattu juniorit","breadcrumb":{"@id":"https:\/\/lybe.fi\/pattujunnut\/f-tytot-ajankohtaista\/#breadcrumb"},"inLanguage":"fi","potentialAction":[{"@type":"ReadAction","target":["https:\/\/lybe.fi\/pattujunnut\/f-tytot-ajankohtaista\/"]}]},{"@type":"BreadcrumbList","@id":"https:\/\/lybe.fi\/pattujunnut\/f-tytot-ajankohtaista\/#breadcrumb","itemListElement":[{"@type":"ListItem","position":1,"name":"Home","item":"https:\/\/lybe.fi\/pattujunnut\/"},{"@type":"ListItem","position":2,"name":"F-tyt\u00f6t ajankohtaista"}]}]}},"_links":{"self":[{"href":"https:\/\/lybe.fi\/pattujunnut\/wp-json\/wp\/v2\/pages\/699","targetHints":{"allow":["GET"]}}],"collection":[{"href":"https:\/\/lybe.fi\/pattujunnut\/wp-json\/wp\/v2\/pages"}],"about":[{"href":"https:\/\/lybe.fi\/pattujunnut\/wp-json\/wp\/v2\/types\/page"}],"author":[{"embeddable":true,"href":"https:\/\/lybe.fi\/pattujunnut\/wp-json\/wp\/v2\/users\/1"}],"replies":[{"embeddable":true,"href":"https:\/\/lybe.fi\/pattujunnut\/wp-json\/wp\/v2\/comments?post=699"}],"version-history":[{"count":19,"href":"https:\/\/lybe.fi\/pattujunnut\/wp-json\/wp\/v2\/pages\/699\/revisions"}],"predecessor-version":[{"id":2804,"href":"https:\/\/lybe.fi\/pattujunnut\/wp-json\/wp\/v2\/pages\/699\/revisions\/2804"}],"wp:attachment":[{"href":"https:\/\/lybe.fi\/pattujunnut\/wp-json\/wp\/v2\/media?parent=699"}],"wp:term":[{"taxonomy":"folder","embeddable":true,"href":"https:\/\/lybe.fi\/pattujunnut\/wp-json\/wp\/v2\/folder?post=699"}],"curies":[{"name":"wp","href":"https:\/\/api.w.org\/{rel}","templated":true}]}}