{"id":115,"date":"2022-05-19T08:50:45","date_gmt":"2022-05-19T08:50:45","guid":{"rendered":"http:\/\/lybe.fi\/sagas\/?page_id=115"},"modified":"2022-11-29T12:15:40","modified_gmt":"2022-11-29T12:15:40","slug":"lattiapaallysteet-2","status":"publish","type":"page","link":"https:\/\/lybe.fi\/sagas\/lattiapaallysteet-2\/","title":{"rendered":"LATTIAP\u00c4\u00c4LLYSTEET"},"content":{"rendered":"\n<div class=\"is-layout-flex wp-container-9 wp-block-columns\">\n<div class=\"is-layout-flow wp-block-column\"><p class=\"fonts-plugin-block luokka1\" style=\"font-size: 18px\"><strong>Lattia on kodin suurimpia pintoja ja toimii siten kaiken sisustuksen perustana<\/strong><br>Oikeaa lattiamateriaalia valitessa kannattaa mietti\u00e4 mit\u00e4 ominaisuuksia lattialta haluaa v\u00e4ris\u00e4vyn ja materiaalin lis\u00e4ksi. Onko t\u00e4rkeint\u00e4 <em><a href=\"https:\/\/lybe.fi\/sagas\/vinyylilankku\/\">vinyylilankun<\/a><\/em> hiljaisuus ja kosteudenkesto? <em><a href=\"https:\/\/lybe.fi\/sagas\/?page_id=723\">Parketin<\/a><\/em> ja <em><a href=\"https:\/\/lybe.fi\/sagas\/kovapuulattia\/\">kovapuulattian<\/a><\/em> luonnollisuus? <a href=\"https:\/\/lybe.fi\/sagas\/?page_id=727\"><em>Vinyylikorkin<\/em> <\/a>mukavuus jalan alla?Vai houkutteleeko sittenkin <em><a href=\"https:\/\/lybe.fi\/sagas\/?page_id=715\">laminaatin<\/a><\/em> tai <em><a href=\"https:\/\/lybe.fi\/sagas\/?page_id=729\">vinyylimaton<\/a><\/em> helppohoitoisuus ja edullinen hinta? Suurin osa lattiamateriaaleista asennetaan lukkopontilla uivaksi pinnaksi. Kuoseja l\u00f6ytyy perinteisist\u00e4 lankuista erilaisiin laatta- ja kivij\u00e4ljitelmiin.<br><br>Myym\u00e4l\u00e4st\u00e4 l\u00f6ytyy monipuolinen varastovalikoima eri lattiamateriaaleja koteihin ja julkitiloihin. Esill\u00e4 on my\u00f6s runsaasti tilausmalleja useilta tunnetuilta merkeilt\u00e4 kuten <a href=\"https:\/\/www.orientoccident.fi\/tuotteet\/kovat-lattiat\/\" target=\"_blank\" rel=\"noreferrer noopener\">Orient&amp;Occident<\/a>, <a href=\"https:\/\/lamella.fi\/\" target=\"_blank\" rel=\"noreferrer noopener\">Lamella<\/a>, <a href=\"https:\/\/www.pergo.fi\/fi-fi\" target=\"_blank\" rel=\"noreferrer noopener\">Pergo<\/a>, <a href=\"https:\/\/kuluttajamyynti-lattiat.tarkett.fi\/fi_FI\/?gclid=CjwKCAiAjs2bBhACEiwALTBWZdigZJOhn0z8y33mNlwnn9jK7_PvY1yV9VR5o9LYjH64aL7LoxhPuhoCZKoQAvD_BwE\" target=\"_blank\" rel=\"noreferrer noopener\">Tarkett<\/a>, <a href=\"https:\/\/www.kahrs.com\/fi-fi\/\" target=\"_blank\" rel=\"noreferrer noopener\">K\u00e4hrs<\/a>, <a href=\"https:\/\/www.wicanders.fi\/\" target=\"_blank\" rel=\"noreferrer noopener\">Wicanders<\/a> jne.<br>Tervetuloa tutustumaan ajankohtaisiin lattiatarjouksiimme!<\/p>\n\n\n<div class=\"is-layout-flex wp-container-2 wp-block-columns\">\n<div class=\"is-layout-flow wp-block-column luokka1\"><p class=\"fonts-plugin-block luokka1\" style=\"font-size: 18px;line-height: 1.5\"><strong>Lattioiden k\u00e4ytt\u00f6luokitukset:<\/strong>\u00a0<br>K\u00e4ytt\u00f6luokitus kuvaa lattiap\u00e4\u00e4llysteen ominaisuuksia esim. kulutuksenkestoa, painaumakest\u00e4vyytt\u00e4 ja saumojen kestoa. Suurempi kulutusluokka soveltuu kovempaan kulutukseen:<br><br>Asuinymp\u00e4rist\u00f6t (KL 21-23)\u00a0<br>Julkiset tilat (KL 31-34)\u00a0<br>Kevyt teollisuus (KL 41-43)\u00a0<br><br><br><br><strong>VISIONI EXPRESS -MALLISTON LATTIAT RAHTIVAPAASTI MYYM\u00c4L\u00c4\u00c4N JOKA VIIKKO. KUVASTOJEN MALLIT OVAT N\u00c4HT\u00c4VILL\u00c4 MY\u00d6S MYYM\u00c4L\u00c4SS\u00c4:<\/strong><\/p><\/div>\n<\/div>\n\n\n\n<div class=\"is-layout-flex wp-container-5 wp-block-columns\">\n<div class=\"is-layout-flow wp-block-column\"><div class=\"wp-block-image\">\n<figure class=\"aligncenter size-large is-resized\"><a href=\"https:\/\/issuu.com\/varimiehet\/docs\/varimiehet_lattiapaallystekuvasto_collection_5\"><img fetchpriority=\"high\" decoding=\"async\" src=\"https:\/\/lybe.fi\/sagas\/wp-content\/uploads\/2022\/11\/Nayttokuva-2022-11-10-kello-18.00.21-1024x718.jpg\" alt=\"\" class=\"wp-image-1741\" width=\"439\" height=\"307\" srcset=\"https:\/\/lybe.fi\/sagas\/wp-content\/uploads\/2022\/11\/Nayttokuva-2022-11-10-kello-18.00.21-1024x718.jpg 1024w, https:\/\/lybe.fi\/sagas\/wp-content\/uploads\/2022\/11\/Nayttokuva-2022-11-10-kello-18.00.21-300x210.jpg 300w, https:\/\/lybe.fi\/sagas\/wp-content\/uploads\/2022\/11\/Nayttokuva-2022-11-10-kello-18.00.21-768x538.jpg 768w, https:\/\/lybe.fi\/sagas\/wp-content\/uploads\/2022\/11\/Nayttokuva-2022-11-10-kello-18.00.21.jpg 1432w\" sizes=\"(max-width: 439px) 100vw, 439px\" \/><\/a><\/figure><\/div><\/div>\n\n\n\n<div class=\"is-layout-flow wp-block-column\">\n<figure class=\"wp-block-image size-large is-resized\"><a href=\"https:\/\/issuu.com\/varimiehet\/docs\/varimiehet_mattokuvasto_collection_4\"><img decoding=\"async\" src=\"https:\/\/lybe.fi\/sagas\/wp-content\/uploads\/2022\/11\/Nayttokuva-2022-11-10-kello-18.02.47-1024x721.jpg\" alt=\"\" class=\"wp-image-1743\" width=\"428\" height=\"301\" srcset=\"https:\/\/lybe.fi\/sagas\/wp-content\/uploads\/2022\/11\/Nayttokuva-2022-11-10-kello-18.02.47-1024x721.jpg 1024w, https:\/\/lybe.fi\/sagas\/wp-content\/uploads\/2022\/11\/Nayttokuva-2022-11-10-kello-18.02.47-300x211.jpg 300w, https:\/\/lybe.fi\/sagas\/wp-content\/uploads\/2022\/11\/Nayttokuva-2022-11-10-kello-18.02.47-768x541.jpg 768w, https:\/\/lybe.fi\/sagas\/wp-content\/uploads\/2022\/11\/Nayttokuva-2022-11-10-kello-18.02.47.jpg 1420w\" sizes=\"(max-width: 428px) 100vw, 428px\" \/><\/a><\/figure>\n<\/div>\n<\/div>\n\n\n\n<div class=\"is-layout-flex wp-container-7 wp-block-columns\">\n<div class=\"is-layout-flow wp-block-column\"><\/div>\n<\/div>\n<\/div>\n<\/div>\n","protected":false},"excerpt":{"rendered":"","protected":false},"author":1,"featured_media":0,"parent":0,"menu_order":0,"comment_status":"closed","ping_status":"closed","template":"","meta":{"neve_meta_sidebar":"","neve_meta_container":"","neve_meta_enable_content_width":"","neve_meta_content_width":0,"neve_meta_title_alignment":"","neve_meta_author_avatar":"","neve_post_elements_order":"","neve_meta_disable_header":"","neve_meta_disable_footer":"","neve_meta_disable_title":""},"featured_image_urls":{},"yoast_head":"<!-- This site is optimized with the Yoast SEO plugin v21.1 - https:\/\/yoast.com\/wordpress\/plugins\/seo\/ -->\n<title>LATTIAP\u00c4\u00c4LLYSTEET - Sisustus-Center<\/title>\n<meta name=\"description\" content=\"Lattia on kodin suurimpia pintoja ja toimii siten kaiken sisustuksen perustana. Oikeaa lattiamateriaalia valitessa kannattaa mietti\u00e4 mit\u00e4 ominaisuuksia lattialta haluaa v\u00e4ris\u00e4vyn ja materiaalin lis\u00e4ksi. Onko t\u00e4rkeint\u00e4 vinyylilankun hiljaisuus ja kosteudenkesto, parketin ja kovapuulattian luonnollisuus, vinyylikorkin mukavuus jalan alla vai sittenkin laminaatin tai vinyylimaton helppohoitoisuus ja edullinen hinta? Suurin osa lattiamateriaaleista asennetaan lukkopontilla uivaksi pinnaksi. Kuoseja l\u00f6ytyy perinteisist\u00e4 lankuista erilaisiin laatta- ja kivij\u00e4ljitelmiin.\" \/>\n<meta name=\"robots\" content=\"index, follow, max-snippet:-1, max-image-preview:large, max-video-preview:-1\" \/>\n<link rel=\"canonical\" href=\"https:\/\/lybe.fi\/sagas\/lattiapaallysteet-2\/\" \/>\n<meta property=\"og:locale\" content=\"en_US\" \/>\n<meta property=\"og:type\" content=\"article\" \/>\n<meta property=\"og:title\" content=\"LATTIAP\u00c4\u00c4LLYSTEET - Sisustus-Center\" \/>\n<meta property=\"og:description\" content=\"Lattia on kodin suurimpia pintoja ja toimii siten kaiken sisustuksen perustana. Oikeaa lattiamateriaalia valitessa kannattaa mietti\u00e4 mit\u00e4 ominaisuuksia lattialta haluaa v\u00e4ris\u00e4vyn ja materiaalin lis\u00e4ksi. Onko t\u00e4rkeint\u00e4 vinyylilankun hiljaisuus ja kosteudenkesto, parketin ja kovapuulattian luonnollisuus, vinyylikorkin mukavuus jalan alla vai sittenkin laminaatin tai vinyylimaton helppohoitoisuus ja edullinen hinta? Suurin osa lattiamateriaaleista asennetaan lukkopontilla uivaksi pinnaksi. Kuoseja l\u00f6ytyy perinteisist\u00e4 lankuista erilaisiin laatta- ja kivij\u00e4ljitelmiin.\" \/>\n<meta property=\"og:url\" content=\"https:\/\/lybe.fi\/sagas\/lattiapaallysteet-2\/\" \/>\n<meta property=\"og:site_name\" content=\"Sisustus-Center\" \/>\n<meta property=\"article:modified_time\" content=\"2022-11-29T12:15:40+00:00\" \/>\n<meta property=\"og:image\" content=\"https:\/\/lybe.fi\/sagas\/wp-content\/uploads\/2022\/11\/Nayttokuva-2022-11-10-kello-18.00.21-1024x718.png\" \/>\n<meta name=\"twitter:card\" content=\"summary_large_image\" \/>\n<meta name=\"twitter:label1\" content=\"Est. reading time\" \/>\n\t<meta name=\"twitter:data1\" content=\"1 minute\" \/>\n<script type=\"application\/ld+json\" class=\"yoast-schema-graph\">{\"@context\":\"https:\/\/schema.org\",\"@graph\":[{\"@type\":\"WebPage\",\"@id\":\"https:\/\/lybe.fi\/sagas\/lattiapaallysteet-2\/\",\"url\":\"https:\/\/lybe.fi\/sagas\/lattiapaallysteet-2\/\",\"name\":\"LATTIAP\u00c4\u00c4LLYSTEET - Sisustus-Center\",\"isPartOf\":{\"@id\":\"https:\/\/lybe.fi\/sagas\/#website\"},\"datePublished\":\"2022-05-19T08:50:45+00:00\",\"dateModified\":\"2022-11-29T12:15:40+00:00\",\"description\":\"Lattia on kodin suurimpia pintoja ja toimii siten kaiken sisustuksen perustana. Oikeaa lattiamateriaalia valitessa kannattaa mietti\u00e4 mit\u00e4 ominaisuuksia lattialta haluaa v\u00e4ris\u00e4vyn ja materiaalin lis\u00e4ksi. Onko t\u00e4rkeint\u00e4 vinyylilankun hiljaisuus ja kosteudenkesto, parketin ja kovapuulattian luonnollisuus, vinyylikorkin mukavuus jalan alla vai sittenkin laminaatin tai vinyylimaton helppohoitoisuus ja edullinen hinta? Suurin osa lattiamateriaaleista asennetaan lukkopontilla uivaksi pinnaksi. Kuoseja l\u00f6ytyy perinteisist\u00e4 lankuista erilaisiin laatta- ja kivij\u00e4ljitelmiin.\",\"breadcrumb\":{\"@id\":\"https:\/\/lybe.fi\/sagas\/lattiapaallysteet-2\/#breadcrumb\"},\"inLanguage\":\"en-US\",\"potentialAction\":[{\"@type\":\"ReadAction\",\"target\":[\"https:\/\/lybe.fi\/sagas\/lattiapaallysteet-2\/\"]}]},{\"@type\":\"BreadcrumbList\",\"@id\":\"https:\/\/lybe.fi\/sagas\/lattiapaallysteet-2\/#breadcrumb\",\"itemListElement\":[{\"@type\":\"ListItem\",\"position\":1,\"name\":\"Home\",\"item\":\"https:\/\/lybe.fi\/sagas\/\"},{\"@type\":\"ListItem\",\"position\":2,\"name\":\"LATTIAP\u00c4\u00c4LLYSTEET\"}]},{\"@type\":\"WebSite\",\"@id\":\"https:\/\/lybe.fi\/sagas\/#website\",\"url\":\"https:\/\/lybe.fi\/sagas\/\",\"name\":\"Sisustus-Center\",\"description\":\"\",\"publisher\":{\"@id\":\"https:\/\/lybe.fi\/sagas\/#organization\"},\"potentialAction\":[{\"@type\":\"SearchAction\",\"target\":{\"@type\":\"EntryPoint\",\"urlTemplate\":\"https:\/\/lybe.fi\/sagas\/?s={search_term_string}\"},\"query-input\":\"required name=search_term_string\"}],\"inLanguage\":\"en-US\"},{\"@type\":\"Organization\",\"@id\":\"https:\/\/lybe.fi\/sagas\/#organization\",\"name\":\"Sisustus-Center\",\"url\":\"https:\/\/lybe.fi\/sagas\/\",\"logo\":{\"@type\":\"ImageObject\",\"inLanguage\":\"en-US\",\"@id\":\"https:\/\/lybe.fi\/sagas\/#\/schema\/logo\/image\/\",\"url\":\"https:\/\/lybe.fi\/sagas\/wp-content\/uploads\/2022\/05\/logo-varillinen-scaled.jpg\",\"contentUrl\":\"https:\/\/lybe.fi\/sagas\/wp-content\/uploads\/2022\/05\/logo-varillinen-scaled.jpg\",\"width\":2560,\"height\":390,\"caption\":\"Sisustus-Center\"},\"image\":{\"@id\":\"https:\/\/lybe.fi\/sagas\/#\/schema\/logo\/image\/\"}}]}<\/script>\n<!-- \/ Yoast SEO plugin. -->","yoast_head_json":{"title":"LATTIAP\u00c4\u00c4LLYSTEET - Sisustus-Center","description":"Lattia on kodin suurimpia pintoja ja toimii siten kaiken sisustuksen perustana. Oikeaa lattiamateriaalia valitessa kannattaa mietti\u00e4 mit\u00e4 ominaisuuksia lattialta haluaa v\u00e4ris\u00e4vyn ja materiaalin lis\u00e4ksi. Onko t\u00e4rkeint\u00e4 vinyylilankun hiljaisuus ja kosteudenkesto, parketin ja kovapuulattian luonnollisuus, vinyylikorkin mukavuus jalan alla vai sittenkin laminaatin tai vinyylimaton helppohoitoisuus ja edullinen hinta? Suurin osa lattiamateriaaleista asennetaan lukkopontilla uivaksi pinnaksi. Kuoseja l\u00f6ytyy perinteisist\u00e4 lankuista erilaisiin laatta- ja kivij\u00e4ljitelmiin.","robots":{"index":"index","follow":"follow","max-snippet":"max-snippet:-1","max-image-preview":"max-image-preview:large","max-video-preview":"max-video-preview:-1"},"canonical":"https:\/\/lybe.fi\/sagas\/lattiapaallysteet-2\/","og_locale":"en_US","og_type":"article","og_title":"LATTIAP\u00c4\u00c4LLYSTEET - Sisustus-Center","og_description":"Lattia on kodin suurimpia pintoja ja toimii siten kaiken sisustuksen perustana. Oikeaa lattiamateriaalia valitessa kannattaa mietti\u00e4 mit\u00e4 ominaisuuksia lattialta haluaa v\u00e4ris\u00e4vyn ja materiaalin lis\u00e4ksi. Onko t\u00e4rkeint\u00e4 vinyylilankun hiljaisuus ja kosteudenkesto, parketin ja kovapuulattian luonnollisuus, vinyylikorkin mukavuus jalan alla vai sittenkin laminaatin tai vinyylimaton helppohoitoisuus ja edullinen hinta? Suurin osa lattiamateriaaleista asennetaan lukkopontilla uivaksi pinnaksi. Kuoseja l\u00f6ytyy perinteisist\u00e4 lankuista erilaisiin laatta- ja kivij\u00e4ljitelmiin.","og_url":"https:\/\/lybe.fi\/sagas\/lattiapaallysteet-2\/","og_site_name":"Sisustus-Center","article_modified_time":"2022-11-29T12:15:40+00:00","og_image":[{"url":"https:\/\/lybe.fi\/sagas\/wp-content\/uploads\/2022\/11\/Nayttokuva-2022-11-10-kello-18.00.21-1024x718.png"}],"twitter_card":"summary_large_image","twitter_misc":{"Est. reading time":"1 minute"},"schema":{"@context":"https:\/\/schema.org","@graph":[{"@type":"WebPage","@id":"https:\/\/lybe.fi\/sagas\/lattiapaallysteet-2\/","url":"https:\/\/lybe.fi\/sagas\/lattiapaallysteet-2\/","name":"LATTIAP\u00c4\u00c4LLYSTEET - Sisustus-Center","isPartOf":{"@id":"https:\/\/lybe.fi\/sagas\/#website"},"datePublished":"2022-05-19T08:50:45+00:00","dateModified":"2022-11-29T12:15:40+00:00","description":"Lattia on kodin suurimpia pintoja ja toimii siten kaiken sisustuksen perustana. Oikeaa lattiamateriaalia valitessa kannattaa mietti\u00e4 mit\u00e4 ominaisuuksia lattialta haluaa v\u00e4ris\u00e4vyn ja materiaalin lis\u00e4ksi. Onko t\u00e4rkeint\u00e4 vinyylilankun hiljaisuus ja kosteudenkesto, parketin ja kovapuulattian luonnollisuus, vinyylikorkin mukavuus jalan alla vai sittenkin laminaatin tai vinyylimaton helppohoitoisuus ja edullinen hinta? Suurin osa lattiamateriaaleista asennetaan lukkopontilla uivaksi pinnaksi. Kuoseja l\u00f6ytyy perinteisist\u00e4 lankuista erilaisiin laatta- ja kivij\u00e4ljitelmiin.","breadcrumb":{"@id":"https:\/\/lybe.fi\/sagas\/lattiapaallysteet-2\/#breadcrumb"},"inLanguage":"en-US","potentialAction":[{"@type":"ReadAction","target":["https:\/\/lybe.fi\/sagas\/lattiapaallysteet-2\/"]}]},{"@type":"BreadcrumbList","@id":"https:\/\/lybe.fi\/sagas\/lattiapaallysteet-2\/#breadcrumb","itemListElement":[{"@type":"ListItem","position":1,"name":"Home","item":"https:\/\/lybe.fi\/sagas\/"},{"@type":"ListItem","position":2,"name":"LATTIAP\u00c4\u00c4LLYSTEET"}]},{"@type":"WebSite","@id":"https:\/\/lybe.fi\/sagas\/#website","url":"https:\/\/lybe.fi\/sagas\/","name":"Sisustus-Center","description":"","publisher":{"@id":"https:\/\/lybe.fi\/sagas\/#organization"},"potentialAction":[{"@type":"SearchAction","target":{"@type":"EntryPoint","urlTemplate":"https:\/\/lybe.fi\/sagas\/?s={search_term_string}"},"query-input":"required name=search_term_string"}],"inLanguage":"en-US"},{"@type":"Organization","@id":"https:\/\/lybe.fi\/sagas\/#organization","name":"Sisustus-Center","url":"https:\/\/lybe.fi\/sagas\/","logo":{"@type":"ImageObject","inLanguage":"en-US","@id":"https:\/\/lybe.fi\/sagas\/#\/schema\/logo\/image\/","url":"https:\/\/lybe.fi\/sagas\/wp-content\/uploads\/2022\/05\/logo-varillinen-scaled.jpg","contentUrl":"https:\/\/lybe.fi\/sagas\/wp-content\/uploads\/2022\/05\/logo-varillinen-scaled.jpg","width":2560,"height":390,"caption":"Sisustus-Center"},"image":{"@id":"https:\/\/lybe.fi\/sagas\/#\/schema\/logo\/image\/"}}]}},"_links":{"self":[{"href":"https:\/\/lybe.fi\/sagas\/wp-json\/wp\/v2\/pages\/115"}],"collection":[{"href":"https:\/\/lybe.fi\/sagas\/wp-json\/wp\/v2\/pages"}],"about":[{"href":"https:\/\/lybe.fi\/sagas\/wp-json\/wp\/v2\/types\/page"}],"author":[{"embeddable":true,"href":"https:\/\/lybe.fi\/sagas\/wp-json\/wp\/v2\/users\/1"}],"replies":[{"embeddable":true,"href":"https:\/\/lybe.fi\/sagas\/wp-json\/wp\/v2\/comments?post=115"}],"version-history":[{"count":53,"href":"https:\/\/lybe.fi\/sagas\/wp-json\/wp\/v2\/pages\/115\/revisions"}],"predecessor-version":[{"id":2164,"href":"https:\/\/lybe.fi\/sagas\/wp-json\/wp\/v2\/pages\/115\/revisions\/2164"}],"wp:attachment":[{"href":"https:\/\/lybe.fi\/sagas\/wp-json\/wp\/v2\/media?parent=115"}],"curies":[{"name":"wp","href":"https:\/\/api.w.org\/{rel}","templated":true}]}}