{"id":117,"date":"2022-05-19T08:51:16","date_gmt":"2022-05-19T08:51:16","guid":{"rendered":"http:\/\/lybe.fi\/sagas\/?page_id=117"},"modified":"2022-11-30T14:17:02","modified_gmt":"2022-11-30T14:17:02","slug":"tapetit","status":"publish","type":"page","link":"https:\/\/lybe.fi\/sagas\/tapetit\/","title":{"rendered":"TAPETIT"},"content":{"rendered":"\n<div class=\"is-layout-flex wp-container-5 wp-block-columns\">\n<div class=\"is-layout-flow wp-block-column\">\n<div class=\"is-layout-flex wp-container-3 wp-block-columns\">\n<div class=\"is-layout-flow wp-block-column luokka1\"><p class=\"fonts-plugin-block luokka1\" style=\"text-align: left\"><strong>Helpompaa tapetointia<\/strong><br>Nykyaikaiset Non-Woven eli kuitukangastapetit ovat helppoja asentaa. Tapettiliima levitet\u00e4\u00e4n suoraan sein\u00e4lle ja tapetin katkaisu ja mahdollinen kohdistus tehd\u00e4\u00e4n sein\u00e4ll\u00e4. Kuitukangastapetti asetetaan suoraan puskuun edellisen vuodan kanssa eik\u00e4 kutistumisia tarvitse pel\u00e4t\u00e4.<br><br>Myym\u00e4l\u00e4ss\u00e4 on esill\u00e4 yli sata varastomallia ja laaja tilaustoimitusvalikoima tunnetuilta maahantuojilta. Meilt\u00e4 saat lis\u00e4ksi neuvot ja v\u00e4lineet vanhan tapetin irroituksesta pohjat\u00f6ihin ja tapetointiin.<\/p>\n\n<a class=\"maxbutton-1 maxbutton maxbutton-ota-yhteytta luokka1\" href=\"http:\/\/lybe.fi\/sagas\/yhteystiedot\/\"><span class='mb-text'>Ota yhteytt\u00e4<\/span><\/a><\/div>\n\n\n\n<div class=\"is-layout-flow wp-block-column luokka2\"><div class=\"wp-block-image luokka3\">\n<figure class=\"aligncenter size-large is-resized\"><img fetchpriority=\"high\" decoding=\"async\" src=\"https:\/\/lybe.fi\/sagas\/wp-content\/uploads\/2022\/10\/IMG_20220930_110706-2-1024x808.jpg\" alt=\"Myym\u00e4l\u00e4ss\u00e4 on esill\u00e4 yli sata varastomallia ja laaja tilaustoimitusvalikoima tunnetuilta maahantuojilta.\" class=\"wp-image-1615\" width=\"379\" height=\"298\" srcset=\"https:\/\/lybe.fi\/sagas\/wp-content\/uploads\/2022\/10\/IMG_20220930_110706-2-1024x808.jpg 1024w, https:\/\/lybe.fi\/sagas\/wp-content\/uploads\/2022\/10\/IMG_20220930_110706-2-300x237.jpg 300w, https:\/\/lybe.fi\/sagas\/wp-content\/uploads\/2022\/10\/IMG_20220930_110706-2-768x606.jpg 768w, https:\/\/lybe.fi\/sagas\/wp-content\/uploads\/2022\/10\/IMG_20220930_110706-2-1536x1212.jpg 1536w, https:\/\/lybe.fi\/sagas\/wp-content\/uploads\/2022\/10\/IMG_20220930_110706-2-2048x1616.jpg 2048w\" sizes=\"(max-width: 379px) 100vw, 379px\" \/><\/figure><\/div><\/div>\n<\/div>\n<\/div>\n<\/div>\n\n\n\n<p><\/p>\n","protected":false},"excerpt":{"rendered":"","protected":false},"author":1,"featured_media":0,"parent":0,"menu_order":0,"comment_status":"closed","ping_status":"closed","template":"","meta":{"neve_meta_sidebar":"","neve_meta_container":"","neve_meta_enable_content_width":"","neve_meta_content_width":0,"neve_meta_title_alignment":"","neve_meta_author_avatar":"","neve_post_elements_order":"","neve_meta_disable_header":"","neve_meta_disable_footer":"","neve_meta_disable_title":""},"featured_image_urls":{},"yoast_head":"<!-- This site is optimized with the Yoast SEO plugin v21.1 - https:\/\/yoast.com\/wordpress\/plugins\/seo\/ -->\n<title>TAPETIT - Sisustus-Center<\/title>\n<meta name=\"description\" content=\"Nykyaikaiset Non-Woven eli kuitukangastapetit ovat helppoja asentaa. Tapettiliima levitet\u00e4\u00e4n suoraan sein\u00e4lle ja tapetin katkaisu ja mahdollinen kohdistus tehd\u00e4\u00e4n sein\u00e4ll\u00e4. Kuitukangastapetti asetetaan suoraan puskuun edellisen vuodan kanssa eik\u00e4 kutistumisia tarvitse pel\u00e4t\u00e4. Myym\u00e4l\u00e4ss\u00e4 on esill\u00e4 yli sata varastomallia, laaja tilaustoimitusvalikoima ja kaikki tapetointiin tarvitsemasi v\u00e4lineet.\" \/>\n<meta name=\"robots\" content=\"index, follow, max-snippet:-1, max-image-preview:large, max-video-preview:-1\" \/>\n<link rel=\"canonical\" href=\"https:\/\/lybe.fi\/sagas\/tapetit\/\" \/>\n<meta property=\"og:locale\" content=\"en_US\" \/>\n<meta property=\"og:type\" content=\"article\" \/>\n<meta property=\"og:title\" content=\"TAPETIT - Sisustus-Center\" \/>\n<meta property=\"og:description\" content=\"Nykyaikaiset Non-Woven eli kuitukangastapetit ovat helppoja asentaa. Tapettiliima levitet\u00e4\u00e4n suoraan sein\u00e4lle ja tapetin katkaisu ja mahdollinen kohdistus tehd\u00e4\u00e4n sein\u00e4ll\u00e4. Kuitukangastapetti asetetaan suoraan puskuun edellisen vuodan kanssa eik\u00e4 kutistumisia tarvitse pel\u00e4t\u00e4. Myym\u00e4l\u00e4ss\u00e4 on esill\u00e4 yli sata varastomallia, laaja tilaustoimitusvalikoima ja kaikki tapetointiin tarvitsemasi v\u00e4lineet.\" \/>\n<meta property=\"og:url\" content=\"https:\/\/lybe.fi\/sagas\/tapetit\/\" \/>\n<meta property=\"og:site_name\" content=\"Sisustus-Center\" \/>\n<meta property=\"article:modified_time\" content=\"2022-11-30T14:17:02+00:00\" \/>\n<meta property=\"og:image\" content=\"https:\/\/lybe.fi\/sagas\/wp-content\/uploads\/2022\/10\/IMG_20220930_110706-2-1024x808.jpg\" \/>\n<meta name=\"twitter:card\" content=\"summary_large_image\" \/>\n<meta name=\"twitter:label1\" content=\"Est. reading time\" \/>\n\t<meta name=\"twitter:data1\" content=\"1 minute\" \/>\n<script type=\"application\/ld+json\" class=\"yoast-schema-graph\">{\"@context\":\"https:\/\/schema.org\",\"@graph\":[{\"@type\":\"WebPage\",\"@id\":\"https:\/\/lybe.fi\/sagas\/tapetit\/\",\"url\":\"https:\/\/lybe.fi\/sagas\/tapetit\/\",\"name\":\"TAPETIT - Sisustus-Center\",\"isPartOf\":{\"@id\":\"https:\/\/lybe.fi\/sagas\/#website\"},\"datePublished\":\"2022-05-19T08:51:16+00:00\",\"dateModified\":\"2022-11-30T14:17:02+00:00\",\"description\":\"Nykyaikaiset Non-Woven eli kuitukangastapetit ovat helppoja asentaa. Tapettiliima levitet\u00e4\u00e4n suoraan sein\u00e4lle ja tapetin katkaisu ja mahdollinen kohdistus tehd\u00e4\u00e4n sein\u00e4ll\u00e4. Kuitukangastapetti asetetaan suoraan puskuun edellisen vuodan kanssa eik\u00e4 kutistumisia tarvitse pel\u00e4t\u00e4. Myym\u00e4l\u00e4ss\u00e4 on esill\u00e4 yli sata varastomallia, laaja tilaustoimitusvalikoima ja kaikki tapetointiin tarvitsemasi v\u00e4lineet.\",\"breadcrumb\":{\"@id\":\"https:\/\/lybe.fi\/sagas\/tapetit\/#breadcrumb\"},\"inLanguage\":\"en-US\",\"potentialAction\":[{\"@type\":\"ReadAction\",\"target\":[\"https:\/\/lybe.fi\/sagas\/tapetit\/\"]}]},{\"@type\":\"BreadcrumbList\",\"@id\":\"https:\/\/lybe.fi\/sagas\/tapetit\/#breadcrumb\",\"itemListElement\":[{\"@type\":\"ListItem\",\"position\":1,\"name\":\"Home\",\"item\":\"https:\/\/lybe.fi\/sagas\/\"},{\"@type\":\"ListItem\",\"position\":2,\"name\":\"TAPETIT\"}]},{\"@type\":\"WebSite\",\"@id\":\"https:\/\/lybe.fi\/sagas\/#website\",\"url\":\"https:\/\/lybe.fi\/sagas\/\",\"name\":\"Sisustus-Center\",\"description\":\"\",\"publisher\":{\"@id\":\"https:\/\/lybe.fi\/sagas\/#organization\"},\"potentialAction\":[{\"@type\":\"SearchAction\",\"target\":{\"@type\":\"EntryPoint\",\"urlTemplate\":\"https:\/\/lybe.fi\/sagas\/?s={search_term_string}\"},\"query-input\":\"required name=search_term_string\"}],\"inLanguage\":\"en-US\"},{\"@type\":\"Organization\",\"@id\":\"https:\/\/lybe.fi\/sagas\/#organization\",\"name\":\"Sisustus-Center\",\"url\":\"https:\/\/lybe.fi\/sagas\/\",\"logo\":{\"@type\":\"ImageObject\",\"inLanguage\":\"en-US\",\"@id\":\"https:\/\/lybe.fi\/sagas\/#\/schema\/logo\/image\/\",\"url\":\"https:\/\/lybe.fi\/sagas\/wp-content\/uploads\/2022\/05\/logo-varillinen-scaled.jpg\",\"contentUrl\":\"https:\/\/lybe.fi\/sagas\/wp-content\/uploads\/2022\/05\/logo-varillinen-scaled.jpg\",\"width\":2560,\"height\":390,\"caption\":\"Sisustus-Center\"},\"image\":{\"@id\":\"https:\/\/lybe.fi\/sagas\/#\/schema\/logo\/image\/\"}}]}<\/script>\n<!-- \/ Yoast SEO plugin. -->","yoast_head_json":{"title":"TAPETIT - Sisustus-Center","description":"Nykyaikaiset Non-Woven eli kuitukangastapetit ovat helppoja asentaa. Tapettiliima levitet\u00e4\u00e4n suoraan sein\u00e4lle ja tapetin katkaisu ja mahdollinen kohdistus tehd\u00e4\u00e4n sein\u00e4ll\u00e4. Kuitukangastapetti asetetaan suoraan puskuun edellisen vuodan kanssa eik\u00e4 kutistumisia tarvitse pel\u00e4t\u00e4. Myym\u00e4l\u00e4ss\u00e4 on esill\u00e4 yli sata varastomallia, laaja tilaustoimitusvalikoima ja kaikki tapetointiin tarvitsemasi v\u00e4lineet.","robots":{"index":"index","follow":"follow","max-snippet":"max-snippet:-1","max-image-preview":"max-image-preview:large","max-video-preview":"max-video-preview:-1"},"canonical":"https:\/\/lybe.fi\/sagas\/tapetit\/","og_locale":"en_US","og_type":"article","og_title":"TAPETIT - Sisustus-Center","og_description":"Nykyaikaiset Non-Woven eli kuitukangastapetit ovat helppoja asentaa. Tapettiliima levitet\u00e4\u00e4n suoraan sein\u00e4lle ja tapetin katkaisu ja mahdollinen kohdistus tehd\u00e4\u00e4n sein\u00e4ll\u00e4. Kuitukangastapetti asetetaan suoraan puskuun edellisen vuodan kanssa eik\u00e4 kutistumisia tarvitse pel\u00e4t\u00e4. Myym\u00e4l\u00e4ss\u00e4 on esill\u00e4 yli sata varastomallia, laaja tilaustoimitusvalikoima ja kaikki tapetointiin tarvitsemasi v\u00e4lineet.","og_url":"https:\/\/lybe.fi\/sagas\/tapetit\/","og_site_name":"Sisustus-Center","article_modified_time":"2022-11-30T14:17:02+00:00","og_image":[{"url":"https:\/\/lybe.fi\/sagas\/wp-content\/uploads\/2022\/10\/IMG_20220930_110706-2-1024x808.jpg"}],"twitter_card":"summary_large_image","twitter_misc":{"Est. reading time":"1 minute"},"schema":{"@context":"https:\/\/schema.org","@graph":[{"@type":"WebPage","@id":"https:\/\/lybe.fi\/sagas\/tapetit\/","url":"https:\/\/lybe.fi\/sagas\/tapetit\/","name":"TAPETIT - Sisustus-Center","isPartOf":{"@id":"https:\/\/lybe.fi\/sagas\/#website"},"datePublished":"2022-05-19T08:51:16+00:00","dateModified":"2022-11-30T14:17:02+00:00","description":"Nykyaikaiset Non-Woven eli kuitukangastapetit ovat helppoja asentaa. Tapettiliima levitet\u00e4\u00e4n suoraan sein\u00e4lle ja tapetin katkaisu ja mahdollinen kohdistus tehd\u00e4\u00e4n sein\u00e4ll\u00e4. Kuitukangastapetti asetetaan suoraan puskuun edellisen vuodan kanssa eik\u00e4 kutistumisia tarvitse pel\u00e4t\u00e4. Myym\u00e4l\u00e4ss\u00e4 on esill\u00e4 yli sata varastomallia, laaja tilaustoimitusvalikoima ja kaikki tapetointiin tarvitsemasi v\u00e4lineet.","breadcrumb":{"@id":"https:\/\/lybe.fi\/sagas\/tapetit\/#breadcrumb"},"inLanguage":"en-US","potentialAction":[{"@type":"ReadAction","target":["https:\/\/lybe.fi\/sagas\/tapetit\/"]}]},{"@type":"BreadcrumbList","@id":"https:\/\/lybe.fi\/sagas\/tapetit\/#breadcrumb","itemListElement":[{"@type":"ListItem","position":1,"name":"Home","item":"https:\/\/lybe.fi\/sagas\/"},{"@type":"ListItem","position":2,"name":"TAPETIT"}]},{"@type":"WebSite","@id":"https:\/\/lybe.fi\/sagas\/#website","url":"https:\/\/lybe.fi\/sagas\/","name":"Sisustus-Center","description":"","publisher":{"@id":"https:\/\/lybe.fi\/sagas\/#organization"},"potentialAction":[{"@type":"SearchAction","target":{"@type":"EntryPoint","urlTemplate":"https:\/\/lybe.fi\/sagas\/?s={search_term_string}"},"query-input":"required name=search_term_string"}],"inLanguage":"en-US"},{"@type":"Organization","@id":"https:\/\/lybe.fi\/sagas\/#organization","name":"Sisustus-Center","url":"https:\/\/lybe.fi\/sagas\/","logo":{"@type":"ImageObject","inLanguage":"en-US","@id":"https:\/\/lybe.fi\/sagas\/#\/schema\/logo\/image\/","url":"https:\/\/lybe.fi\/sagas\/wp-content\/uploads\/2022\/05\/logo-varillinen-scaled.jpg","contentUrl":"https:\/\/lybe.fi\/sagas\/wp-content\/uploads\/2022\/05\/logo-varillinen-scaled.jpg","width":2560,"height":390,"caption":"Sisustus-Center"},"image":{"@id":"https:\/\/lybe.fi\/sagas\/#\/schema\/logo\/image\/"}}]}},"_links":{"self":[{"href":"https:\/\/lybe.fi\/sagas\/wp-json\/wp\/v2\/pages\/117"}],"collection":[{"href":"https:\/\/lybe.fi\/sagas\/wp-json\/wp\/v2\/pages"}],"about":[{"href":"https:\/\/lybe.fi\/sagas\/wp-json\/wp\/v2\/types\/page"}],"author":[{"embeddable":true,"href":"https:\/\/lybe.fi\/sagas\/wp-json\/wp\/v2\/users\/1"}],"replies":[{"embeddable":true,"href":"https:\/\/lybe.fi\/sagas\/wp-json\/wp\/v2\/comments?post=117"}],"version-history":[{"count":32,"href":"https:\/\/lybe.fi\/sagas\/wp-json\/wp\/v2\/pages\/117\/revisions"}],"predecessor-version":[{"id":2217,"href":"https:\/\/lybe.fi\/sagas\/wp-json\/wp\/v2\/pages\/117\/revisions\/2217"}],"wp:attachment":[{"href":"https:\/\/lybe.fi\/sagas\/wp-json\/wp\/v2\/media?parent=117"}],"curies":[{"name":"wp","href":"https:\/\/api.w.org\/{rel}","templated":true}]}}