{"id":130,"date":"2022-05-19T08:56:21","date_gmt":"2022-05-19T08:56:21","guid":{"rendered":"http:\/\/lybe.fi\/sagas\/?page_id=130"},"modified":"2022-11-18T11:14:41","modified_gmt":"2022-11-18T11:14:41","slug":"koti","status":"publish","type":"page","link":"https:\/\/lybe.fi\/sagas\/","title":{"rendered":""},"content":{"rendered":"\n<div class=\"alignnormal\"><div id=\"metaslider-id-2080\" style=\"width: 100%; margin: 0 auto;\" class=\"ml-slider-3-108-0 metaslider metaslider-nivo metaslider-2080 ml-slider getbigger has-dots-nav ms-theme-default\" role=\"region\" aria-label=\"MATALA KARUSELLI ETUSIVULLE\" data-height=\"850\" data-width=\"2400\">\n    <div id=\"metaslider_container_2080\">\n        <div class='slider-wrapper theme-default'><div class='ribbon'><\/div><div id='metaslider_2080' class='nivoSlider'><a href=\"https:\/\/lybe.fi\/sagas\/yhteystiedot\/\" target=\"_self\"><img src=\"https:\/\/lybe.fi\/sagas\/wp-content\/uploads\/2022\/11\/1.jpg\" height=\"850\" width=\"2400\" title=\"1\" alt=\"\" class=\"slider-2080 slide-2088 msDefaultImage\" \/><\/a><a href=\"https:\/\/lybe.fi\/sagas\/?page_id=52\" target=\"_self\"><img src=\"https:\/\/lybe.fi\/sagas\/wp-content\/uploads\/2022\/11\/2.jpg\" height=\"850\" width=\"2400\" title=\"2\" alt=\"\" class=\"slider-2080 slide-2089 msDefaultImage\" \/><\/a><a href=\"https:\/\/lybe.fi\/sagas\/laatat\/\" target=\"_self\"><img src=\"https:\/\/lybe.fi\/sagas\/wp-content\/uploads\/2022\/11\/3.jpg\" height=\"850\" width=\"2400\" title=\"3\" alt=\"\" class=\"slider-2080 slide-2090 msDefaultImage\" \/><\/a><a href=\"https:\/\/lybe.fi\/sagas\/lattiapaallysteet-2\/\" target=\"_self\"><img src=\"https:\/\/lybe.fi\/sagas\/wp-content\/uploads\/2022\/11\/4.jpg\" height=\"850\" width=\"2400\" title=\"4\" alt=\"\" class=\"slider-2080 slide-2091 msDefaultImage\" \/><\/a><a href=\"https:\/\/lybe.fi\/sagas\/?page_id=119\" target=\"_self\"><img src=\"https:\/\/lybe.fi\/sagas\/wp-content\/uploads\/2022\/11\/5.jpg\" height=\"850\" width=\"2400\" title=\"5\" alt=\"\" class=\"slider-2080 slide-2092 msDefaultImage\" \/><\/a><a href=\"https:\/\/lybe.fi\/sagas\/?page_id=117\" target=\"_self\"><img src=\"https:\/\/lybe.fi\/sagas\/wp-content\/uploads\/2022\/11\/6.jpg\" height=\"850\" width=\"2400\" title=\"6\" alt=\"\" class=\"slider-2080 slide-2093 msDefaultImage\" \/><\/a><a href=\"https:\/\/lybe.fi\/sagas\/matot-2\/\" target=\"_self\"><img src=\"https:\/\/lybe.fi\/sagas\/wp-content\/uploads\/2022\/11\/7.jpg\" height=\"850\" width=\"2400\" title=\"7\" alt=\"\" class=\"slider-2080 slide-2094 msDefaultImage\" \/><\/a><\/div><\/div>\n        \n    <\/div>\n<\/div><\/div>\n\n\n\n<div class=\"is-layout-flex wp-container-3 wp-block-columns\">\n<div class=\"is-layout-flow wp-block-column is-vertically-aligned-top luokka1\">\n<p><\/p>\n\n\n\n<p class=\"luokka1\" style=\"font-size:17px\"><strong>PINTAMATERIAALIEN ERIKOISLIIKE RAAHESSA<\/strong><\/p>\n\n\n\n<p class=\"luokka1\">Sisustus-Center Svensk Ky on vuonna 1992 perustettu raahelainen perheyritys, josta l\u00f6yd\u00e4t saman katon alta kaikki kodin pintamateriaalit heti varastosta tai nopealla toimituksella. Panostamme hyv\u00e4\u00e4n asiakaspalveluun ja tavoitteenamme on tarjota asiakkaillemme laadukkaat tuotteet pysyv\u00e4sti edullisin hinnoin.<\/p>\n\n\n\n<p class=\"luokka1\">Olemme nykyisin osa maali- ja sisustusalaan keskittynytt\u00e4 <a href=\"https:\/\/varikkaat.fi\">V\u00e4rikk\u00e4\u00e4t-markkinointiketjua<\/a>. Vahva yhteismarkkinointi, laaja tuotevalikoima sek\u00e4 joustavat toimitukset vahvistavat entisest\u00e4\u00e4n meid\u00e4n mahdollisuuksia tarjota asiakkaille yh\u00e4 parempaa ja monipuolisempaa palvelua.<\/p>\n\n\n<a class=\"maxbutton-1 maxbutton maxbutton-ota-yhteytta luokka1\" href=\"http:\/\/lybe.fi\/sagas\/yhteystiedot\/\"><span class='mb-text'>Ota yhteytt\u00e4<\/span><\/a>\n\n\n<p class=\"luokka1\"><br>       <\/p>\n\n\n\n<p>                                                                    <\/p>\n<\/div>\n\n\n\n<div class=\"is-layout-flow wp-block-column\">\n<p><\/p>\n\n\n\n<p style=\"font-size:17px\"><strong>TARJOUKSET<\/strong><\/p>\n\n\n<div class=\"wp-block-image luokka2\">\n<figure class=\"alignleft size-large is-resized\"><a href=\"https:\/\/rtv.fi\/site\/assets\/files\/1128\/laatat_kylpyhuone_syksy_2022_lowres.pdf\"><img fetchpriority=\"high\" decoding=\"async\" src=\"https:\/\/lybe.fi\/sagas\/wp-content\/uploads\/2022\/11\/Varikkaat-Laatat-Kylpyhuone-2022-kuvasto-724x1024.jpg\" alt=\"\" class=\"wp-image-2003\" width=\"241\" height=\"337\"\/><\/a><\/figure><\/div>\n\n\n<figure class=\"wp-block-image size-large is-resized\"><a href=\"https:\/\/varikkaat.fi\/wp-content\/uploads\/2020\/10\/Varikkaat_Syyskuvasto_2022.pdf\"><img decoding=\"async\" src=\"https:\/\/lybe.fi\/sagas\/wp-content\/uploads\/2022\/11\/Nayttokuva-2022-11-14-kello-18.04.32-761x1024.jpg\" alt=\"\" class=\"wp-image-1993\" width=\"259\" height=\"349\" srcset=\"https:\/\/lybe.fi\/sagas\/wp-content\/uploads\/2022\/11\/Nayttokuva-2022-11-14-kello-18.04.32-761x1024.jpg 761w, https:\/\/lybe.fi\/sagas\/wp-content\/uploads\/2022\/11\/Nayttokuva-2022-11-14-kello-18.04.32-223x300.jpg 223w, https:\/\/lybe.fi\/sagas\/wp-content\/uploads\/2022\/11\/Nayttokuva-2022-11-14-kello-18.04.32-768x1034.jpg 768w, https:\/\/lybe.fi\/sagas\/wp-content\/uploads\/2022\/11\/Nayttokuva-2022-11-14-kello-18.04.32.jpg 798w\" sizes=\"(max-width: 259px) 100vw, 259px\" \/><\/a><\/figure>\n\n\n\n<p style=\"font-size:17px\">                                                     <\/p>\n<\/div>\n<\/div>\n\n\n","protected":false},"excerpt":{"rendered":"<p>PINTAMATERIAALIEN ERIKOISLIIKE RAAHESSA Sisustus-Center Svensk Ky on vuonna 1992 perustettu raahelainen perheyritys, josta l\u00f6yd\u00e4t saman katon alta kaikki kodin pintamateriaalit heti varastosta tai nopealla toimituksella. Panostamme hyv\u00e4\u00e4n asiakaspalveluun ja tavoitteenamme on tarjota asiakkaillemme laadukkaat tuotteet pysyv\u00e4sti edullisin hinnoin. Olemme nykyisin osa maali- ja sisustusalaan keskittynytt\u00e4 V\u00e4rikk\u00e4\u00e4t-markkinointiketjua. Vahva yhteismarkkinointi, laaja tuotevalikoima sek\u00e4 joustavat toimitukset vahvistavat entisest\u00e4\u00e4n&hellip;&nbsp;<a href=\"https:\/\/lybe.fi\/sagas\/\" rel=\"bookmark\">Read More &raquo;<span class=\"screen-reader-text\"><\/span><\/a><\/p>\n","protected":false},"author":1,"featured_media":0,"parent":0,"menu_order":0,"comment_status":"closed","ping_status":"closed","template":"","meta":{"neve_meta_sidebar":"default","neve_meta_container":"default","neve_meta_enable_content_width":"","neve_meta_content_width":0,"neve_meta_title_alignment":"","neve_meta_author_avatar":"","neve_post_elements_order":"","neve_meta_disable_header":"","neve_meta_disable_footer":"","neve_meta_disable_title":""},"featured_image_urls":{},"yoast_head":"<!-- This site is optimized with the Yoast SEO plugin v21.1 - https:\/\/yoast.com\/wordpress\/plugins\/seo\/ -->\n<title>Sisustus-Center Svensk - Pintamateriaalien erikoisliike Raahessa<\/title>\n<meta name=\"description\" content=\"Sisustus-Center Svensk Ky on vuonna 1992 perustettu raahelainen perheyritys, josta l\u00f6yd\u00e4t saman katon alta kaikki kodin pintamateriaalit heti varastosta tai nopealla toimituksella. Panostamme hyv\u00e4\u00e4n asiakaspalveluun ja tavoitteenamme on tarjota asiakkaillemme laadukkaat tuotteet pysyv\u00e4sti edullisin hinnoin.\" \/>\n<meta name=\"robots\" content=\"index, follow, max-snippet:-1, max-image-preview:large, max-video-preview:-1\" \/>\n<link rel=\"canonical\" href=\"https:\/\/lybe.fi\/sagas\/\" \/>\n<meta property=\"og:locale\" content=\"en_US\" \/>\n<meta property=\"og:type\" content=\"article\" \/>\n<meta property=\"og:title\" content=\"Sisustus-Center Svensk - Pintamateriaalien erikoisliike Raahessa\" \/>\n<meta property=\"og:description\" content=\"Sisustus-Center Svensk Ky on vuonna 1992 perustettu raahelainen perheyritys, josta l\u00f6yd\u00e4t saman katon alta kaikki kodin pintamateriaalit heti varastosta tai nopealla toimituksella. Panostamme hyv\u00e4\u00e4n asiakaspalveluun ja tavoitteenamme on tarjota asiakkaillemme laadukkaat tuotteet pysyv\u00e4sti edullisin hinnoin.\" \/>\n<meta property=\"og:url\" content=\"https:\/\/lybe.fi\/sagas\/\" \/>\n<meta property=\"og:site_name\" content=\"Sisustus-Center\" \/>\n<meta property=\"article:modified_time\" content=\"2022-11-18T11:14:41+00:00\" \/>\n<meta property=\"og:image\" content=\"https:\/\/lybe.fi\/sagas\/wp-content\/uploads\/2022\/11\/Varikkaat-Laatat-Kylpyhuone-2022-kuvasto-724x1024.png\" \/>\n<meta name=\"twitter:card\" content=\"summary_large_image\" \/>\n<meta name=\"twitter:label1\" content=\"Est. reading time\" \/>\n\t<meta name=\"twitter:data1\" content=\"1 minute\" \/>\n<script type=\"application\/ld+json\" class=\"yoast-schema-graph\">{\"@context\":\"https:\/\/schema.org\",\"@graph\":[{\"@type\":\"WebPage\",\"@id\":\"https:\/\/lybe.fi\/sagas\/\",\"url\":\"https:\/\/lybe.fi\/sagas\/\",\"name\":\"Sisustus-Center Svensk - Pintamateriaalien erikoisliike Raahessa\",\"isPartOf\":{\"@id\":\"https:\/\/lybe.fi\/sagas\/#website\"},\"datePublished\":\"2022-05-19T08:56:21+00:00\",\"dateModified\":\"2022-11-18T11:14:41+00:00\",\"description\":\"Sisustus-Center Svensk Ky on vuonna 1992 perustettu raahelainen perheyritys, josta l\u00f6yd\u00e4t saman katon alta kaikki kodin pintamateriaalit heti varastosta tai nopealla toimituksella. Panostamme hyv\u00e4\u00e4n asiakaspalveluun ja tavoitteenamme on tarjota asiakkaillemme laadukkaat tuotteet pysyv\u00e4sti edullisin hinnoin.\",\"inLanguage\":\"en-US\",\"potentialAction\":[{\"@type\":\"ReadAction\",\"target\":[\"https:\/\/lybe.fi\/sagas\/\"]}]},{\"@type\":\"WebSite\",\"@id\":\"https:\/\/lybe.fi\/sagas\/#website\",\"url\":\"https:\/\/lybe.fi\/sagas\/\",\"name\":\"Sisustus-Center\",\"description\":\"\",\"publisher\":{\"@id\":\"https:\/\/lybe.fi\/sagas\/#organization\"},\"potentialAction\":[{\"@type\":\"SearchAction\",\"target\":{\"@type\":\"EntryPoint\",\"urlTemplate\":\"https:\/\/lybe.fi\/sagas\/?s={search_term_string}\"},\"query-input\":\"required name=search_term_string\"}],\"inLanguage\":\"en-US\"},{\"@type\":\"Organization\",\"@id\":\"https:\/\/lybe.fi\/sagas\/#organization\",\"name\":\"Sisustus-Center\",\"url\":\"https:\/\/lybe.fi\/sagas\/\",\"logo\":{\"@type\":\"ImageObject\",\"inLanguage\":\"en-US\",\"@id\":\"https:\/\/lybe.fi\/sagas\/#\/schema\/logo\/image\/\",\"url\":\"https:\/\/lybe.fi\/sagas\/wp-content\/uploads\/2022\/05\/logo-varillinen-scaled.jpg\",\"contentUrl\":\"https:\/\/lybe.fi\/sagas\/wp-content\/uploads\/2022\/05\/logo-varillinen-scaled.jpg\",\"width\":2560,\"height\":390,\"caption\":\"Sisustus-Center\"},\"image\":{\"@id\":\"https:\/\/lybe.fi\/sagas\/#\/schema\/logo\/image\/\"}}]}<\/script>\n<!-- \/ Yoast SEO plugin. -->","yoast_head_json":{"title":"Sisustus-Center Svensk - Pintamateriaalien erikoisliike Raahessa","description":"Sisustus-Center Svensk Ky on vuonna 1992 perustettu raahelainen perheyritys, josta l\u00f6yd\u00e4t saman katon alta kaikki kodin pintamateriaalit heti varastosta tai nopealla toimituksella. Panostamme hyv\u00e4\u00e4n asiakaspalveluun ja tavoitteenamme on tarjota asiakkaillemme laadukkaat tuotteet pysyv\u00e4sti edullisin hinnoin.","robots":{"index":"index","follow":"follow","max-snippet":"max-snippet:-1","max-image-preview":"max-image-preview:large","max-video-preview":"max-video-preview:-1"},"canonical":"https:\/\/lybe.fi\/sagas\/","og_locale":"en_US","og_type":"article","og_title":"Sisustus-Center Svensk - Pintamateriaalien erikoisliike Raahessa","og_description":"Sisustus-Center Svensk Ky on vuonna 1992 perustettu raahelainen perheyritys, josta l\u00f6yd\u00e4t saman katon alta kaikki kodin pintamateriaalit heti varastosta tai nopealla toimituksella. Panostamme hyv\u00e4\u00e4n asiakaspalveluun ja tavoitteenamme on tarjota asiakkaillemme laadukkaat tuotteet pysyv\u00e4sti edullisin hinnoin.","og_url":"https:\/\/lybe.fi\/sagas\/","og_site_name":"Sisustus-Center","article_modified_time":"2022-11-18T11:14:41+00:00","og_image":[{"url":"https:\/\/lybe.fi\/sagas\/wp-content\/uploads\/2022\/11\/Varikkaat-Laatat-Kylpyhuone-2022-kuvasto-724x1024.png"}],"twitter_card":"summary_large_image","twitter_misc":{"Est. reading time":"1 minute"},"schema":{"@context":"https:\/\/schema.org","@graph":[{"@type":"WebPage","@id":"https:\/\/lybe.fi\/sagas\/","url":"https:\/\/lybe.fi\/sagas\/","name":"Sisustus-Center Svensk - Pintamateriaalien erikoisliike Raahessa","isPartOf":{"@id":"https:\/\/lybe.fi\/sagas\/#website"},"datePublished":"2022-05-19T08:56:21+00:00","dateModified":"2022-11-18T11:14:41+00:00","description":"Sisustus-Center Svensk Ky on vuonna 1992 perustettu raahelainen perheyritys, josta l\u00f6yd\u00e4t saman katon alta kaikki kodin pintamateriaalit heti varastosta tai nopealla toimituksella. Panostamme hyv\u00e4\u00e4n asiakaspalveluun ja tavoitteenamme on tarjota asiakkaillemme laadukkaat tuotteet pysyv\u00e4sti edullisin hinnoin.","inLanguage":"en-US","potentialAction":[{"@type":"ReadAction","target":["https:\/\/lybe.fi\/sagas\/"]}]},{"@type":"WebSite","@id":"https:\/\/lybe.fi\/sagas\/#website","url":"https:\/\/lybe.fi\/sagas\/","name":"Sisustus-Center","description":"","publisher":{"@id":"https:\/\/lybe.fi\/sagas\/#organization"},"potentialAction":[{"@type":"SearchAction","target":{"@type":"EntryPoint","urlTemplate":"https:\/\/lybe.fi\/sagas\/?s={search_term_string}"},"query-input":"required name=search_term_string"}],"inLanguage":"en-US"},{"@type":"Organization","@id":"https:\/\/lybe.fi\/sagas\/#organization","name":"Sisustus-Center","url":"https:\/\/lybe.fi\/sagas\/","logo":{"@type":"ImageObject","inLanguage":"en-US","@id":"https:\/\/lybe.fi\/sagas\/#\/schema\/logo\/image\/","url":"https:\/\/lybe.fi\/sagas\/wp-content\/uploads\/2022\/05\/logo-varillinen-scaled.jpg","contentUrl":"https:\/\/lybe.fi\/sagas\/wp-content\/uploads\/2022\/05\/logo-varillinen-scaled.jpg","width":2560,"height":390,"caption":"Sisustus-Center"},"image":{"@id":"https:\/\/lybe.fi\/sagas\/#\/schema\/logo\/image\/"}}]}},"_links":{"self":[{"href":"https:\/\/lybe.fi\/sagas\/wp-json\/wp\/v2\/pages\/130"}],"collection":[{"href":"https:\/\/lybe.fi\/sagas\/wp-json\/wp\/v2\/pages"}],"about":[{"href":"https:\/\/lybe.fi\/sagas\/wp-json\/wp\/v2\/types\/page"}],"author":[{"embeddable":true,"href":"https:\/\/lybe.fi\/sagas\/wp-json\/wp\/v2\/users\/1"}],"replies":[{"embeddable":true,"href":"https:\/\/lybe.fi\/sagas\/wp-json\/wp\/v2\/comments?post=130"}],"version-history":[{"count":86,"href":"https:\/\/lybe.fi\/sagas\/wp-json\/wp\/v2\/pages\/130\/revisions"}],"predecessor-version":[{"id":2165,"href":"https:\/\/lybe.fi\/sagas\/wp-json\/wp\/v2\/pages\/130\/revisions\/2165"}],"wp:attachment":[{"href":"https:\/\/lybe.fi\/sagas\/wp-json\/wp\/v2\/media?parent=130"}],"curies":[{"name":"wp","href":"https:\/\/api.w.org\/{rel}","templated":true}]}}