{"id":189,"date":"2022-05-20T07:26:58","date_gmt":"2022-05-20T07:26:58","guid":{"rendered":"http:\/\/lybe.fi\/sagas\/?page_id=189"},"modified":"2022-11-25T08:56:54","modified_gmt":"2022-11-25T08:56:54","slug":"listat-levyt-ja-paneelit","status":"publish","type":"page","link":"https:\/\/lybe.fi\/sagas\/listat-levyt-ja-paneelit\/","title":{"rendered":"LISTAT, LEVYT JA PANEELIT"},"content":{"rendered":"<p class=\"fonts-plugin-block \" style=\"line-height: 1.5\"><\/p>\n\n\n<div class=\"is-layout-flex wp-container-5 wp-block-columns\">\n<div class=\"is-layout-flow wp-block-column\"><p class=\"fonts-plugin-block luokka1\"><strong>Listat, levyt ja paneelit<\/strong><br>Monipuolisen varastovalikoiman lis\u00e4ksi tarjoamme laajan tilausmalliston tutuilta merkeilt\u00e4.<br><br>&#8211; <a href=\"https:\/\/www.halltex.fi\/\" target=\"_blank\" rel=\"noreferrer noopener\">Halltex<\/a>&#8211; ja <a href=\"https:\/\/maler.fi\/\" target=\"_blank\" rel=\"noreferrer noopener\">Maler<\/a>-paneelit<br><br>&#8211; Alumiinikomposiittilevyt (esim. keitti\u00f6n v\u00e4litiloihin)<br><br>&#8211; <a href=\"https:\/\/maler.fi\/tuote-osasto\/sisustuslistat\/\" target=\"_blank\" rel=\"noreferrer noopener\">Maler<\/a> jalkalistat, peitelistat, taitelistat<br><br>&#8211; <a href=\"https:\/\/www.orientoccident.fi\/tuotemerkit\/orac-decor\/\" target=\"_blank\" rel=\"noreferrer noopener\">Orac Decor<\/a> jalkalistat, katto- ja valolistat, sein\u00e4listat, monitoimilistat ja kattorosetit<br><br>&#8211; <a href=\"https:\/\/www.duuri.fi\/\" target=\"_blank\" rel=\"noreferrer noopener\">Dione<\/a> ja <a href=\"https:\/\/www.listatalo.fi\/\" target=\"_blank\" rel=\"noreferrer noopener\">Listatalo<\/a> saumalistat, eritasolistat, askelkulmalistat ja kulmalistat\u00a0<br><br>&#8211; Laattalistat: ulkokulma-, sis\u00e4kulma-, p\u00e4\u00e4te- ja boordilistat<br><br>&#8211; Jatko- ja p\u00e4\u00e4telistat alumiinikomposiittilevylle<\/p>\n\n<a class=\"maxbutton-1 maxbutton maxbutton-ota-yhteytta luokka1\" href=\"http:\/\/lybe.fi\/sagas\/yhteystiedot\/\"><span class='mb-text'>Ota yhteytt\u00e4<\/span><\/a><\/div>\n\n\n\n<div class=\"is-layout-flow wp-block-column\">\n<figure class=\"is-layout-flex wp-block-gallery-2 wp-block-gallery has-nested-images columns-default is-cropped\">\n<figure class=\"wp-block-image size-large\"><img fetchpriority=\"high\" decoding=\"async\" width=\"768\" height=\"1024\" src=\"https:\/\/lybe.fi\/sagas\/wp-content\/uploads\/2022\/10\/Jalkalista-saumalistat-768x1024.jpg\" alt=\"\" class=\"wp-image-1433\" srcset=\"https:\/\/lybe.fi\/sagas\/wp-content\/uploads\/2022\/10\/Jalkalista-saumalistat-768x1024.jpg 768w, https:\/\/lybe.fi\/sagas\/wp-content\/uploads\/2022\/10\/Jalkalista-saumalistat-225x300.jpg 225w, https:\/\/lybe.fi\/sagas\/wp-content\/uploads\/2022\/10\/Jalkalista-saumalistat-1152x1536.jpg 1152w, https:\/\/lybe.fi\/sagas\/wp-content\/uploads\/2022\/10\/Jalkalista-saumalistat-1536x2048.jpg 1536w, https:\/\/lybe.fi\/sagas\/wp-content\/uploads\/2022\/10\/Jalkalista-saumalistat-scaled.jpg 1920w\" sizes=\"(max-width: 768px) 100vw, 768px\" \/><figcaption class=\"wp-element-caption\">Jalkalistat ja saumalistat valitaan yleens\u00e4 lattian v\u00e4rin mukaan<\/figcaption><\/figure>\n\n\n\n<figure class=\"wp-block-image size-large\"><img decoding=\"async\" width=\"758\" height=\"1024\" src=\"https:\/\/lybe.fi\/sagas\/wp-content\/uploads\/2022\/10\/laattalistat-2-758x1024.jpg\" alt=\"\" class=\"wp-image-1446\" srcset=\"https:\/\/lybe.fi\/sagas\/wp-content\/uploads\/2022\/10\/laattalistat-2-758x1024.jpg 758w, https:\/\/lybe.fi\/sagas\/wp-content\/uploads\/2022\/10\/laattalistat-2-222x300.jpg 222w, https:\/\/lybe.fi\/sagas\/wp-content\/uploads\/2022\/10\/laattalistat-2-768x1038.jpg 768w, https:\/\/lybe.fi\/sagas\/wp-content\/uploads\/2022\/10\/laattalistat-2-1136x1536.jpg 1136w, https:\/\/lybe.fi\/sagas\/wp-content\/uploads\/2022\/10\/laattalistat-2-1515x2048.jpg 1515w, https:\/\/lybe.fi\/sagas\/wp-content\/uploads\/2022\/10\/laattalistat-2-scaled.jpg 1894w\" sizes=\"(max-width: 758px) 100vw, 758px\" \/><figcaption class=\"wp-element-caption\">Laattalistojen v\u00e4rivaihtoehtoja<\/figcaption><\/figure>\n<\/figure>\n<\/div>\n<\/div>\n","protected":false},"excerpt":{"rendered":"","protected":false},"author":1,"featured_media":0,"parent":0,"menu_order":0,"comment_status":"closed","ping_status":"closed","template":"","meta":{"neve_meta_sidebar":"","neve_meta_container":"","neve_meta_enable_content_width":"","neve_meta_content_width":0,"neve_meta_title_alignment":"","neve_meta_author_avatar":"","neve_post_elements_order":"","neve_meta_disable_header":"","neve_meta_disable_footer":"","neve_meta_disable_title":""},"featured_image_urls":{},"yoast_head":"<!-- This site is optimized with the Yoast SEO plugin v21.1 - https:\/\/yoast.com\/wordpress\/plugins\/seo\/ -->\n<title>LISTAT, LEVYT JA PANEELIT - Sisustus-Center<\/title>\n<meta name=\"description\" content=\"Monipuolisen varastovalikoiman lis\u00e4ksi tarjoamme laajan tilausmalliston erilaisia listoja, levyj\u00e4 ja paneeleita tutuilta merkeilt\u00e4.\" \/>\n<meta name=\"robots\" content=\"index, follow, max-snippet:-1, max-image-preview:large, max-video-preview:-1\" \/>\n<link rel=\"canonical\" href=\"https:\/\/lybe.fi\/sagas\/listat-levyt-ja-paneelit\/\" \/>\n<meta property=\"og:locale\" content=\"en_US\" \/>\n<meta property=\"og:type\" content=\"article\" \/>\n<meta property=\"og:title\" content=\"LISTAT, LEVYT JA PANEELIT - Sisustus-Center\" \/>\n<meta property=\"og:description\" content=\"Monipuolisen varastovalikoiman lis\u00e4ksi tarjoamme laajan tilausmalliston erilaisia listoja, levyj\u00e4 ja paneeleita tutuilta merkeilt\u00e4.\" \/>\n<meta property=\"og:url\" content=\"https:\/\/lybe.fi\/sagas\/listat-levyt-ja-paneelit\/\" \/>\n<meta property=\"og:site_name\" content=\"Sisustus-Center\" \/>\n<meta property=\"article:modified_time\" content=\"2022-11-25T08:56:54+00:00\" \/>\n<meta property=\"og:image\" content=\"https:\/\/lybe.fi\/sagas\/wp-content\/uploads\/2022\/10\/Jalkalista-saumalistat-768x1024.jpg\" \/>\n<meta name=\"twitter:card\" content=\"summary_large_image\" \/>\n<meta name=\"twitter:label1\" content=\"Est. reading time\" \/>\n\t<meta name=\"twitter:data1\" content=\"1 minute\" \/>\n<script type=\"application\/ld+json\" class=\"yoast-schema-graph\">{\"@context\":\"https:\/\/schema.org\",\"@graph\":[{\"@type\":\"WebPage\",\"@id\":\"https:\/\/lybe.fi\/sagas\/listat-levyt-ja-paneelit\/\",\"url\":\"https:\/\/lybe.fi\/sagas\/listat-levyt-ja-paneelit\/\",\"name\":\"LISTAT, LEVYT JA PANEELIT - Sisustus-Center\",\"isPartOf\":{\"@id\":\"https:\/\/lybe.fi\/sagas\/#website\"},\"datePublished\":\"2022-05-20T07:26:58+00:00\",\"dateModified\":\"2022-11-25T08:56:54+00:00\",\"description\":\"Monipuolisen varastovalikoiman lis\u00e4ksi tarjoamme laajan tilausmalliston erilaisia listoja, levyj\u00e4 ja paneeleita tutuilta merkeilt\u00e4.\",\"breadcrumb\":{\"@id\":\"https:\/\/lybe.fi\/sagas\/listat-levyt-ja-paneelit\/#breadcrumb\"},\"inLanguage\":\"en-US\",\"potentialAction\":[{\"@type\":\"ReadAction\",\"target\":[\"https:\/\/lybe.fi\/sagas\/listat-levyt-ja-paneelit\/\"]}]},{\"@type\":\"BreadcrumbList\",\"@id\":\"https:\/\/lybe.fi\/sagas\/listat-levyt-ja-paneelit\/#breadcrumb\",\"itemListElement\":[{\"@type\":\"ListItem\",\"position\":1,\"name\":\"Home\",\"item\":\"https:\/\/lybe.fi\/sagas\/\"},{\"@type\":\"ListItem\",\"position\":2,\"name\":\"LISTAT, LEVYT JA PANEELIT\"}]},{\"@type\":\"WebSite\",\"@id\":\"https:\/\/lybe.fi\/sagas\/#website\",\"url\":\"https:\/\/lybe.fi\/sagas\/\",\"name\":\"Sisustus-Center\",\"description\":\"\",\"publisher\":{\"@id\":\"https:\/\/lybe.fi\/sagas\/#organization\"},\"potentialAction\":[{\"@type\":\"SearchAction\",\"target\":{\"@type\":\"EntryPoint\",\"urlTemplate\":\"https:\/\/lybe.fi\/sagas\/?s={search_term_string}\"},\"query-input\":\"required name=search_term_string\"}],\"inLanguage\":\"en-US\"},{\"@type\":\"Organization\",\"@id\":\"https:\/\/lybe.fi\/sagas\/#organization\",\"name\":\"Sisustus-Center\",\"url\":\"https:\/\/lybe.fi\/sagas\/\",\"logo\":{\"@type\":\"ImageObject\",\"inLanguage\":\"en-US\",\"@id\":\"https:\/\/lybe.fi\/sagas\/#\/schema\/logo\/image\/\",\"url\":\"https:\/\/lybe.fi\/sagas\/wp-content\/uploads\/2022\/05\/logo-varillinen-scaled.jpg\",\"contentUrl\":\"https:\/\/lybe.fi\/sagas\/wp-content\/uploads\/2022\/05\/logo-varillinen-scaled.jpg\",\"width\":2560,\"height\":390,\"caption\":\"Sisustus-Center\"},\"image\":{\"@id\":\"https:\/\/lybe.fi\/sagas\/#\/schema\/logo\/image\/\"}}]}<\/script>\n<!-- \/ Yoast SEO plugin. -->","yoast_head_json":{"title":"LISTAT, LEVYT JA PANEELIT - Sisustus-Center","description":"Monipuolisen varastovalikoiman lis\u00e4ksi tarjoamme laajan tilausmalliston erilaisia listoja, levyj\u00e4 ja paneeleita tutuilta merkeilt\u00e4.","robots":{"index":"index","follow":"follow","max-snippet":"max-snippet:-1","max-image-preview":"max-image-preview:large","max-video-preview":"max-video-preview:-1"},"canonical":"https:\/\/lybe.fi\/sagas\/listat-levyt-ja-paneelit\/","og_locale":"en_US","og_type":"article","og_title":"LISTAT, LEVYT JA PANEELIT - Sisustus-Center","og_description":"Monipuolisen varastovalikoiman lis\u00e4ksi tarjoamme laajan tilausmalliston erilaisia listoja, levyj\u00e4 ja paneeleita tutuilta merkeilt\u00e4.","og_url":"https:\/\/lybe.fi\/sagas\/listat-levyt-ja-paneelit\/","og_site_name":"Sisustus-Center","article_modified_time":"2022-11-25T08:56:54+00:00","og_image":[{"url":"https:\/\/lybe.fi\/sagas\/wp-content\/uploads\/2022\/10\/Jalkalista-saumalistat-768x1024.jpg"}],"twitter_card":"summary_large_image","twitter_misc":{"Est. reading time":"1 minute"},"schema":{"@context":"https:\/\/schema.org","@graph":[{"@type":"WebPage","@id":"https:\/\/lybe.fi\/sagas\/listat-levyt-ja-paneelit\/","url":"https:\/\/lybe.fi\/sagas\/listat-levyt-ja-paneelit\/","name":"LISTAT, LEVYT JA PANEELIT - Sisustus-Center","isPartOf":{"@id":"https:\/\/lybe.fi\/sagas\/#website"},"datePublished":"2022-05-20T07:26:58+00:00","dateModified":"2022-11-25T08:56:54+00:00","description":"Monipuolisen varastovalikoiman lis\u00e4ksi tarjoamme laajan tilausmalliston erilaisia listoja, levyj\u00e4 ja paneeleita tutuilta merkeilt\u00e4.","breadcrumb":{"@id":"https:\/\/lybe.fi\/sagas\/listat-levyt-ja-paneelit\/#breadcrumb"},"inLanguage":"en-US","potentialAction":[{"@type":"ReadAction","target":["https:\/\/lybe.fi\/sagas\/listat-levyt-ja-paneelit\/"]}]},{"@type":"BreadcrumbList","@id":"https:\/\/lybe.fi\/sagas\/listat-levyt-ja-paneelit\/#breadcrumb","itemListElement":[{"@type":"ListItem","position":1,"name":"Home","item":"https:\/\/lybe.fi\/sagas\/"},{"@type":"ListItem","position":2,"name":"LISTAT, LEVYT JA PANEELIT"}]},{"@type":"WebSite","@id":"https:\/\/lybe.fi\/sagas\/#website","url":"https:\/\/lybe.fi\/sagas\/","name":"Sisustus-Center","description":"","publisher":{"@id":"https:\/\/lybe.fi\/sagas\/#organization"},"potentialAction":[{"@type":"SearchAction","target":{"@type":"EntryPoint","urlTemplate":"https:\/\/lybe.fi\/sagas\/?s={search_term_string}"},"query-input":"required name=search_term_string"}],"inLanguage":"en-US"},{"@type":"Organization","@id":"https:\/\/lybe.fi\/sagas\/#organization","name":"Sisustus-Center","url":"https:\/\/lybe.fi\/sagas\/","logo":{"@type":"ImageObject","inLanguage":"en-US","@id":"https:\/\/lybe.fi\/sagas\/#\/schema\/logo\/image\/","url":"https:\/\/lybe.fi\/sagas\/wp-content\/uploads\/2022\/05\/logo-varillinen-scaled.jpg","contentUrl":"https:\/\/lybe.fi\/sagas\/wp-content\/uploads\/2022\/05\/logo-varillinen-scaled.jpg","width":2560,"height":390,"caption":"Sisustus-Center"},"image":{"@id":"https:\/\/lybe.fi\/sagas\/#\/schema\/logo\/image\/"}}]}},"_links":{"self":[{"href":"https:\/\/lybe.fi\/sagas\/wp-json\/wp\/v2\/pages\/189"}],"collection":[{"href":"https:\/\/lybe.fi\/sagas\/wp-json\/wp\/v2\/pages"}],"about":[{"href":"https:\/\/lybe.fi\/sagas\/wp-json\/wp\/v2\/types\/page"}],"author":[{"embeddable":true,"href":"https:\/\/lybe.fi\/sagas\/wp-json\/wp\/v2\/users\/1"}],"replies":[{"embeddable":true,"href":"https:\/\/lybe.fi\/sagas\/wp-json\/wp\/v2\/comments?post=189"}],"version-history":[{"count":23,"href":"https:\/\/lybe.fi\/sagas\/wp-json\/wp\/v2\/pages\/189\/revisions"}],"predecessor-version":[{"id":2147,"href":"https:\/\/lybe.fi\/sagas\/wp-json\/wp\/v2\/pages\/189\/revisions\/2147"}],"wp:attachment":[{"href":"https:\/\/lybe.fi\/sagas\/wp-json\/wp\/v2\/media?parent=189"}],"curies":[{"name":"wp","href":"https:\/\/api.w.org\/{rel}","templated":true}]}}