{"id":2240,"date":"2023-01-27T08:32:09","date_gmt":"2023-01-27T08:32:09","guid":{"rendered":"https:\/\/lybe.fi\/sagas\/?page_id=2240"},"modified":"2023-01-27T08:53:31","modified_gmt":"2023-01-27T08:53:31","slug":"ota-yhteytta","status":"publish","type":"page","link":"https:\/\/lybe.fi\/sagas\/ota-yhteytta\/","title":{"rendered":"OTA YHTEYTT\u00c4"},"content":{"rendered":"<p style=\"caret-color: rgb(0, 0, 0); color: rgb(0, 0, 0); font-family: Montserrat, Arial, Helvetica, sans-serif;\"><strong>Sisustus-Center Svensk Ky<\/strong><br \/>\nRakentajankatu 5&nbsp;&nbsp;<br \/>\n92130, Raahe<\/p>\n<p><strong>Avoinna:<\/strong><br \/>\nMA-PE 8-17<br \/>\nLA 9-14<\/p>\n<p style=\"caret-color: rgb(0, 0, 0); color: rgb(0, 0, 0); font-family: Montserrat, Arial, Helvetica, sans-serif;\"><strong>Puhelin:<\/strong>&nbsp;<a href=\"http:\/\/08 222 881\" style=\"text-decoration: var(--linkdeco);\">08 222 881&nbsp;<\/a><br \/>\n<a href=\"https:\/\/sisustuscenter.fi\/yhteystiedot\/08%20222%20881\" style=\"text-decoration: var(--linkdeco);\"><\/a><strong>Email:<\/strong>&nbsp;<a href=\"mailto:myynti@sisustuscenter.fi\" style=\"text-decoration: var(--linkdeco);\">myynti@sisustuscenter.f<\/a>i<\/p>\n<p style=\"caret-color: rgb(0, 0, 0); color: rgb(0, 0, 0); font-family: Montserrat, Arial, Helvetica, sans-serif;\"><strong>Verkkolaskutustiedot:<\/strong><br \/>\nOVT-tunnus 003708805057<br \/>\nOperaattori Apix Messaging Oy<br \/>\nV\u00e4litt\u00e4j\u00e4n tunnus 003723327487<\/p>\n<p role=\"status\" aria-live=\"polite\" aria-atomic=\"true\">\n<ul><\/ul>\n<form action=\"\/sagas\/wp-admin\/admin-ajax.php#wpcf7-f2239-o1\" method=\"post\" aria-label=\"Contact form\" novalidate=\"novalidate\" data-status=\"init\">\n<input type=\"hidden\" name=\"_wpcf7\" value=\"2239\"><br \/>\n<input type=\"hidden\" name=\"_wpcf7_version\" value=\"5.7.3\"><br \/>\n<input type=\"hidden\" name=\"_wpcf7_locale\" value=\"en_US\"><br \/>\n<input type=\"hidden\" name=\"_wpcf7_unit_tag\" value=\"wpcf7-f2239-o1\"><br \/>\n<input type=\"hidden\" name=\"_wpcf7_container_post\" value=\"0\"><br \/>\n<input type=\"hidden\" name=\"_wpcf7_posted_data_hash\" value=\"\"><\/p>\n<p><label> Etu- ja Sukunimi<br \/>\n<input size=\"40\" autocomplete=\"name\" aria-required=\"true\" aria-invalid=\"false\" value=\"\" type=\"text\" name=\"your-name\"> <\/label><\/p>\n<p><label> S\u00e4hk\u00f6posti<br \/>\n<input size=\"40\" autocomplete=\"email\" aria-required=\"true\" aria-invalid=\"false\" value=\"\" type=\"email\" name=\"your-email\"> <\/label><\/p>\n<p><label> Aihe<br \/>\n<input size=\"40\" aria-required=\"true\" aria-invalid=\"false\" value=\"\" type=\"text\" name=\"your-subject\"> <\/label><\/p>\n<p><label> Viesti<br \/>\n<textarea cols=\"40\" rows=\"10\" aria-invalid=\"false\" name=\"your-message\"><\/textarea> <\/label><\/p>\n<p><input type=\"submit\" value=\"L\u00e4het\u00e4\"><\/p>\n<\/form>\n<p>\t\t\t<iframe src=\"https:\/\/www.google.com\/maps\/embed?pb=!1m18!1m12!1m3!1d1706.009291169947!2d24.497380916371082!3d64.68524188384167!2m3!1f0!2f0!3f0!3m2!1i1024!2i768!4f13.1!3m3!1m2!1s0x46805bd8af40b8bd%3A0x5dc3f8bbb93489ae!2sSisustus-Center!5e0!3m2!1sfi!2sfi!4v1653651067090!5m2!1sfi!2sfi\" width=\"500\" height=\"350\" style=\"float:right;\" 0;\"=\"\" allowscreen=\"\" loading=\"lazy\" referrerpolicy=\"no-referrer-when-downgrade\"><\/iframe><\/p>\n","protected":false},"excerpt":{"rendered":"<p>Sisustus-Center Svensk Ky Rakentajankatu 5&nbsp;&nbsp; 92130, Raahe Avoinna: MA-PE 8-17 LA 9-14 Puhelin:&nbsp;08 222 881&nbsp; Email:&nbsp;myynti@sisustuscenter.fi Verkkolaskutustiedot: OVT-tunnus 003708805057 Operaattori Apix Messaging Oy V\u00e4litt\u00e4j\u00e4n tunnus 003723327487 Etu- ja Sukunimi S\u00e4hk\u00f6posti Aihe Viesti<\/p>\n","protected":false},"author":1,"featured_media":0,"parent":0,"menu_order":0,"comment_status":"closed","ping_status":"closed","template":"page-templates\/template-pagebuilder-full-width.php","meta":{"neve_meta_sidebar":"","neve_meta_container":"","neve_meta_enable_content_width":"","neve_meta_content_width":0,"neve_meta_title_alignment":"","neve_meta_author_avatar":"","neve_post_elements_order":"","neve_meta_disable_header":"","neve_meta_disable_footer":"","neve_meta_disable_title":""},"featured_image_urls":{},"yoast_head":"<!-- This site is optimized with the Yoast SEO plugin v21.1 - https:\/\/yoast.com\/wordpress\/plugins\/seo\/ -->\n<title>OTA YHTEYTT\u00c4 - Sisustus-Center<\/title>\n<meta name=\"robots\" content=\"index, follow, max-snippet:-1, max-image-preview:large, max-video-preview:-1\" \/>\n<link rel=\"canonical\" href=\"https:\/\/lybe.fi\/sagas\/ota-yhteytta\/\" \/>\n<meta property=\"og:locale\" content=\"en_US\" \/>\n<meta property=\"og:type\" content=\"article\" \/>\n<meta property=\"og:title\" content=\"OTA YHTEYTT\u00c4 - Sisustus-Center\" \/>\n<meta property=\"og:description\" content=\"Sisustus-Center Svensk Ky Rakentajankatu 5&nbsp;&nbsp; 92130, Raahe Avoinna: MA-PE 8-17 LA 9-14 Puhelin:&nbsp;08 222 881&nbsp; Email:&nbsp;myynti@sisustuscenter.fi Verkkolaskutustiedot: OVT-tunnus 003708805057 Operaattori Apix Messaging Oy V\u00e4litt\u00e4j\u00e4n tunnus 003723327487 Etu- ja Sukunimi S\u00e4hk\u00f6posti Aihe Viesti\" \/>\n<meta property=\"og:url\" content=\"https:\/\/lybe.fi\/sagas\/ota-yhteytta\/\" \/>\n<meta property=\"og:site_name\" content=\"Sisustus-Center\" \/>\n<meta property=\"article:modified_time\" content=\"2023-01-27T08:53:31+00:00\" \/>\n<meta name=\"twitter:card\" content=\"summary_large_image\" \/>\n<meta name=\"twitter:label1\" content=\"Est. reading time\" \/>\n\t<meta name=\"twitter:data1\" content=\"1 minute\" \/>\n<script type=\"application\/ld+json\" class=\"yoast-schema-graph\">{\"@context\":\"https:\/\/schema.org\",\"@graph\":[{\"@type\":\"WebPage\",\"@id\":\"https:\/\/lybe.fi\/sagas\/ota-yhteytta\/\",\"url\":\"https:\/\/lybe.fi\/sagas\/ota-yhteytta\/\",\"name\":\"OTA YHTEYTT\u00c4 - Sisustus-Center\",\"isPartOf\":{\"@id\":\"https:\/\/lybe.fi\/sagas\/#website\"},\"datePublished\":\"2023-01-27T08:32:09+00:00\",\"dateModified\":\"2023-01-27T08:53:31+00:00\",\"breadcrumb\":{\"@id\":\"https:\/\/lybe.fi\/sagas\/ota-yhteytta\/#breadcrumb\"},\"inLanguage\":\"en-US\",\"potentialAction\":[{\"@type\":\"ReadAction\",\"target\":[\"https:\/\/lybe.fi\/sagas\/ota-yhteytta\/\"]}]},{\"@type\":\"BreadcrumbList\",\"@id\":\"https:\/\/lybe.fi\/sagas\/ota-yhteytta\/#breadcrumb\",\"itemListElement\":[{\"@type\":\"ListItem\",\"position\":1,\"name\":\"Home\",\"item\":\"https:\/\/lybe.fi\/sagas\/\"},{\"@type\":\"ListItem\",\"position\":2,\"name\":\"OTA YHTEYTT\u00c4\"}]},{\"@type\":\"WebSite\",\"@id\":\"https:\/\/lybe.fi\/sagas\/#website\",\"url\":\"https:\/\/lybe.fi\/sagas\/\",\"name\":\"Sisustus-Center\",\"description\":\"\",\"publisher\":{\"@id\":\"https:\/\/lybe.fi\/sagas\/#organization\"},\"potentialAction\":[{\"@type\":\"SearchAction\",\"target\":{\"@type\":\"EntryPoint\",\"urlTemplate\":\"https:\/\/lybe.fi\/sagas\/?s={search_term_string}\"},\"query-input\":\"required name=search_term_string\"}],\"inLanguage\":\"en-US\"},{\"@type\":\"Organization\",\"@id\":\"https:\/\/lybe.fi\/sagas\/#organization\",\"name\":\"Sisustus-Center\",\"url\":\"https:\/\/lybe.fi\/sagas\/\",\"logo\":{\"@type\":\"ImageObject\",\"inLanguage\":\"en-US\",\"@id\":\"https:\/\/lybe.fi\/sagas\/#\/schema\/logo\/image\/\",\"url\":\"https:\/\/lybe.fi\/sagas\/wp-content\/uploads\/2022\/05\/logo-varillinen-scaled.jpg\",\"contentUrl\":\"https:\/\/lybe.fi\/sagas\/wp-content\/uploads\/2022\/05\/logo-varillinen-scaled.jpg\",\"width\":2560,\"height\":390,\"caption\":\"Sisustus-Center\"},\"image\":{\"@id\":\"https:\/\/lybe.fi\/sagas\/#\/schema\/logo\/image\/\"}}]}<\/script>\n<!-- \/ Yoast SEO plugin. -->","yoast_head_json":{"title":"OTA YHTEYTT\u00c4 - Sisustus-Center","robots":{"index":"index","follow":"follow","max-snippet":"max-snippet:-1","max-image-preview":"max-image-preview:large","max-video-preview":"max-video-preview:-1"},"canonical":"https:\/\/lybe.fi\/sagas\/ota-yhteytta\/","og_locale":"en_US","og_type":"article","og_title":"OTA YHTEYTT\u00c4 - Sisustus-Center","og_description":"Sisustus-Center Svensk Ky Rakentajankatu 5&nbsp;&nbsp; 92130, Raahe Avoinna: MA-PE 8-17 LA 9-14 Puhelin:&nbsp;08 222 881&nbsp; Email:&nbsp;myynti@sisustuscenter.fi Verkkolaskutustiedot: OVT-tunnus 003708805057 Operaattori Apix Messaging Oy V\u00e4litt\u00e4j\u00e4n tunnus 003723327487 Etu- ja Sukunimi S\u00e4hk\u00f6posti Aihe Viesti","og_url":"https:\/\/lybe.fi\/sagas\/ota-yhteytta\/","og_site_name":"Sisustus-Center","article_modified_time":"2023-01-27T08:53:31+00:00","twitter_card":"summary_large_image","twitter_misc":{"Est. reading time":"1 minute"},"schema":{"@context":"https:\/\/schema.org","@graph":[{"@type":"WebPage","@id":"https:\/\/lybe.fi\/sagas\/ota-yhteytta\/","url":"https:\/\/lybe.fi\/sagas\/ota-yhteytta\/","name":"OTA YHTEYTT\u00c4 - Sisustus-Center","isPartOf":{"@id":"https:\/\/lybe.fi\/sagas\/#website"},"datePublished":"2023-01-27T08:32:09+00:00","dateModified":"2023-01-27T08:53:31+00:00","breadcrumb":{"@id":"https:\/\/lybe.fi\/sagas\/ota-yhteytta\/#breadcrumb"},"inLanguage":"en-US","potentialAction":[{"@type":"ReadAction","target":["https:\/\/lybe.fi\/sagas\/ota-yhteytta\/"]}]},{"@type":"BreadcrumbList","@id":"https:\/\/lybe.fi\/sagas\/ota-yhteytta\/#breadcrumb","itemListElement":[{"@type":"ListItem","position":1,"name":"Home","item":"https:\/\/lybe.fi\/sagas\/"},{"@type":"ListItem","position":2,"name":"OTA YHTEYTT\u00c4"}]},{"@type":"WebSite","@id":"https:\/\/lybe.fi\/sagas\/#website","url":"https:\/\/lybe.fi\/sagas\/","name":"Sisustus-Center","description":"","publisher":{"@id":"https:\/\/lybe.fi\/sagas\/#organization"},"potentialAction":[{"@type":"SearchAction","target":{"@type":"EntryPoint","urlTemplate":"https:\/\/lybe.fi\/sagas\/?s={search_term_string}"},"query-input":"required name=search_term_string"}],"inLanguage":"en-US"},{"@type":"Organization","@id":"https:\/\/lybe.fi\/sagas\/#organization","name":"Sisustus-Center","url":"https:\/\/lybe.fi\/sagas\/","logo":{"@type":"ImageObject","inLanguage":"en-US","@id":"https:\/\/lybe.fi\/sagas\/#\/schema\/logo\/image\/","url":"https:\/\/lybe.fi\/sagas\/wp-content\/uploads\/2022\/05\/logo-varillinen-scaled.jpg","contentUrl":"https:\/\/lybe.fi\/sagas\/wp-content\/uploads\/2022\/05\/logo-varillinen-scaled.jpg","width":2560,"height":390,"caption":"Sisustus-Center"},"image":{"@id":"https:\/\/lybe.fi\/sagas\/#\/schema\/logo\/image\/"}}]}},"_links":{"self":[{"href":"https:\/\/lybe.fi\/sagas\/wp-json\/wp\/v2\/pages\/2240"}],"collection":[{"href":"https:\/\/lybe.fi\/sagas\/wp-json\/wp\/v2\/pages"}],"about":[{"href":"https:\/\/lybe.fi\/sagas\/wp-json\/wp\/v2\/types\/page"}],"author":[{"embeddable":true,"href":"https:\/\/lybe.fi\/sagas\/wp-json\/wp\/v2\/users\/1"}],"replies":[{"embeddable":true,"href":"https:\/\/lybe.fi\/sagas\/wp-json\/wp\/v2\/comments?post=2240"}],"version-history":[{"count":5,"href":"https:\/\/lybe.fi\/sagas\/wp-json\/wp\/v2\/pages\/2240\/revisions"}],"predecessor-version":[{"id":2248,"href":"https:\/\/lybe.fi\/sagas\/wp-json\/wp\/v2\/pages\/2240\/revisions\/2248"}],"wp:attachment":[{"href":"https:\/\/lybe.fi\/sagas\/wp-json\/wp\/v2\/media?parent=2240"}],"curies":[{"name":"wp","href":"https:\/\/api.w.org\/{rel}","templated":true}]}}