{"id":52,"date":"2022-05-11T07:58:46","date_gmt":"2022-05-11T07:58:46","guid":{"rendered":"http:\/\/lybe.fi\/sagas\/?page_id=52"},"modified":"2022-11-30T15:18:29","modified_gmt":"2022-11-30T15:18:29","slug":"maalit","status":"publish","type":"page","link":"https:\/\/lybe.fi\/sagas\/maalit\/","title":{"rendered":"MAALIT"},"content":{"rendered":"\n<div class=\"is-layout-flex wp-container-7 wp-block-columns\">\n<div class=\"is-layout-flow wp-block-column\">\n<p class=\"luokka1\"><strong>Laadukkaat tuotteet ja asiantuntevat neuvot kaikkeen sis\u00e4- ja ulkomaalaukseen<\/strong><\/p>\n\n\n\n<p class=\"luokka1\">Valikoimasta l\u00f6ytyv\u00e4t laadukkaat kotimaiset <a href=\"https:\/\/www.coloria.fi\/\" target=\"_blank\" rel=\"noreferrer noopener\">Coloria<\/a>, <a href=\"https:\/\/www.teknos.com\/fi-FI\/kuluttajat-ja-ammattilaiset\/\" target=\"_blank\" rel=\"noreferrer noopener\">Teknos<\/a> ja <a href=\"https:\/\/tikkurila.fi\/\" target=\"_blank\" rel=\"noreferrer noopener\">Tikkurila<\/a> tuotemerkit. Myym\u00e4l\u00e4st\u00e4 l\u00f6ytyv\u00e4t lis\u00e4ksi esim. Liberon-entis\u00f6intituotteet sek\u00e4 Herdins-pussipetsit. <a href=\"https:\/\/www.varimiehet.fi\/index.php?module=ekauppa&amp;type=6&amp;search=&amp;search_producer=Teknos+teollisuus&amp;pageno=1\" target=\"_blank\" rel=\"noreferrer noopener\">Teknos<\/a>&#8211; ja <a href=\"https:\/\/www.varimiehet.fi\/index.php?module=ekauppa&amp;type=6&amp;search=&amp;search_producer=Nor-Maali&amp;pageno=2\" target=\"_blank\" rel=\"noreferrer noopener\">Normaali<\/a>-teollisuusmaalit sek\u00e4 <a href=\"https:\/\/veneziani.fi\/\" target=\"_blank\" rel=\"noreferrer noopener\">Veneziani venemaalit<\/a> myyd\u00e4\u00e4n tilaustoimituksena.<\/p>\n\n\n\n<p class=\"luokka1\">S\u00e4vyt\u00e4mme maalit ja kuultavat tuotteet myym\u00e4l\u00e4ss\u00e4 Teknoksen ja Tikkurilan <em>s\u00e4vytyskoneilla<\/em> kaikkien yleisesti k\u00e4yt\u00f6ss\u00e4 olevien v\u00e4rikarttojen mukaan. Mik\u00e4li vanha s\u00e4vy on jo unohtunut, saamme otettua <em>v\u00e4rimittarin<\/em> avulla likis\u00e4vyn tasapintaisesta mallipalasta. Annamme k\u00e4ytt\u00f6\u00f6si my\u00f6s <em>v\u00e4rikartat<\/em> ja <em>s\u00e4vylastut<\/em>, jotka helpottavat oikean v\u00e4rin valinnassa. <\/p>\n\n\n\n<p class=\"luokka1\">Testipurkeilla voit kokeilla kerralla useampia vaihtoehtoja, joista l\u00f6yd\u00e4t itsellesi mieluisimman. <em>Koemaalaus<\/em> kannattaa tehd\u00e4 riitt\u00e4v\u00e4n isona pintana ja nurkan molemmin puolin, jotta v\u00e4rin voi n\u00e4hd\u00e4 yht\u00e4 aikaa sek\u00e4 varjon ett\u00e4 valon puolelta.<\/p>\n\n\n<a class=\"maxbutton-1 maxbutton maxbutton-ota-yhteytta luokka1\" href=\"http:\/\/lybe.fi\/sagas\/yhteystiedot\/\"><span class='mb-text'>Ota yhteytt\u00e4<\/span><\/a><\/div>\n\n\n\n<div class=\"is-layout-flow wp-block-column luokka3 has-small-font-size\">\n<div class=\"is-layout-flex wp-container-5 wp-block-columns\">\n<div class=\"is-layout-flow wp-block-column\">\n<figure class=\"is-layout-flex wp-block-gallery-2 wp-block-gallery has-nested-images columns-default is-cropped\">\n<figure class=\"wp-block-image size-large\"><img fetchpriority=\"high\" decoding=\"async\" width=\"681\" height=\"1024\" src=\"https:\/\/lybe.fi\/sagas\/wp-content\/uploads\/2022\/10\/Teknos-sisavarikartta-ja-seina-kuvituskuva-681x1024.jpg\" alt=\"\" class=\"wp-image-1587\" srcset=\"https:\/\/lybe.fi\/sagas\/wp-content\/uploads\/2022\/10\/Teknos-sisavarikartta-ja-seina-kuvituskuva-681x1024.jpg 681w, https:\/\/lybe.fi\/sagas\/wp-content\/uploads\/2022\/10\/Teknos-sisavarikartta-ja-seina-kuvituskuva-200x300.jpg 200w, https:\/\/lybe.fi\/sagas\/wp-content\/uploads\/2022\/10\/Teknos-sisavarikartta-ja-seina-kuvituskuva-768x1154.jpg 768w, https:\/\/lybe.fi\/sagas\/wp-content\/uploads\/2022\/10\/Teknos-sisavarikartta-ja-seina-kuvituskuva-1022x1536.jpg 1022w, https:\/\/lybe.fi\/sagas\/wp-content\/uploads\/2022\/10\/Teknos-sisavarikartta-ja-seina-kuvituskuva-1363x2048.jpg 1363w, https:\/\/lybe.fi\/sagas\/wp-content\/uploads\/2022\/10\/Teknos-sisavarikartta-ja-seina-kuvituskuva-scaled.jpg 1703w\" sizes=\"(max-width: 681px) 100vw, 681px\" \/><figcaption class=\"wp-element-caption\">Teknoksen sis\u00e4v\u00e4rit<\/figcaption><\/figure>\n\n\n\n<figure class=\"wp-block-image size-large\"><img decoding=\"async\" width=\"1024\" height=\"683\" src=\"https:\/\/lybe.fi\/sagas\/wp-content\/uploads\/2022\/08\/Teknos-Woodex-maalaus-kuvituskuva-1024x683.jpg\" alt=\"\" class=\"wp-image-952\" srcset=\"https:\/\/lybe.fi\/sagas\/wp-content\/uploads\/2022\/08\/Teknos-Woodex-maalaus-kuvituskuva-1024x683.jpg 1024w, https:\/\/lybe.fi\/sagas\/wp-content\/uploads\/2022\/08\/Teknos-Woodex-maalaus-kuvituskuva-300x200.jpg 300w, https:\/\/lybe.fi\/sagas\/wp-content\/uploads\/2022\/08\/Teknos-Woodex-maalaus-kuvituskuva-768x513.jpg 768w, https:\/\/lybe.fi\/sagas\/wp-content\/uploads\/2022\/08\/Teknos-Woodex-maalaus-kuvituskuva-1536x1025.jpg 1536w\" sizes=\"(max-width: 1024px) 100vw, 1024px\" \/><figcaption class=\"wp-element-caption\">Kuullote sopii etenkin sileiden puupintojen suojaukseen<\/figcaption><\/figure>\n<\/figure>\n<\/div>\n<\/div>\n<\/div>\n<\/div>\n\n\n<div class=\"wp-block-image luokka1\">\n<figure class=\"alignleft size-large is-resized\"><a href=\"https:\/\/www.teknos.com\/globalassets\/consumers\/brochures\/sisavariopas.pdf\"><img decoding=\"async\" src=\"https:\/\/lybe.fi\/sagas\/wp-content\/uploads\/2022\/10\/Nayttokuva-2022-10-19-kello-10.41.39-727x1024.jpg\" alt=\"\" class=\"wp-image-1586\" width=\"215\" height=\"303\" srcset=\"https:\/\/lybe.fi\/sagas\/wp-content\/uploads\/2022\/10\/Nayttokuva-2022-10-19-kello-10.41.39-727x1024.jpg 727w, https:\/\/lybe.fi\/sagas\/wp-content\/uploads\/2022\/10\/Nayttokuva-2022-10-19-kello-10.41.39-213x300.jpg 213w, https:\/\/lybe.fi\/sagas\/wp-content\/uploads\/2022\/10\/Nayttokuva-2022-10-19-kello-10.41.39-768x1081.jpg 768w, https:\/\/lybe.fi\/sagas\/wp-content\/uploads\/2022\/10\/Nayttokuva-2022-10-19-kello-10.41.39.jpg 902w\" sizes=\"(max-width: 215px) 100vw, 215px\" \/><\/a><figcaption class=\"wp-element-caption\">Teknoksen sis\u00e4v\u00e4riopas<\/figcaption><\/figure><\/div>","protected":false},"excerpt":{"rendered":"<p>Laadukkaat tuotteet ja asiantuntevat neuvot kaikkeen sis\u00e4- ja ulkomaalaukseen Valikoimasta l\u00f6ytyv\u00e4t laadukkaat kotimaiset Coloria, Teknos ja Tikkurila tuotemerkit. Myym\u00e4l\u00e4st\u00e4 l\u00f6ytyv\u00e4t lis\u00e4ksi esim. Liberon-entis\u00f6intituotteet sek\u00e4 Herdins-pussipetsit. Teknos&#8211; ja Normaali-teollisuusmaalit sek\u00e4 Veneziani venemaalit myyd\u00e4\u00e4n tilaustoimituksena. S\u00e4vyt\u00e4mme maalit ja kuultavat tuotteet myym\u00e4l\u00e4ss\u00e4 Teknoksen ja Tikkurilan s\u00e4vytyskoneilla kaikkien yleisesti k\u00e4yt\u00f6ss\u00e4 olevien v\u00e4rikarttojen mukaan. Mik\u00e4li vanha s\u00e4vy on jo unohtunut,&hellip;&nbsp;<a href=\"https:\/\/lybe.fi\/sagas\/maalit\/\" rel=\"bookmark\">Read More &raquo;<span class=\"screen-reader-text\">MAALIT<\/span><\/a><\/p>\n","protected":false},"author":1,"featured_media":0,"parent":0,"menu_order":0,"comment_status":"closed","ping_status":"closed","template":"","meta":{"neve_meta_sidebar":"","neve_meta_container":"","neve_meta_enable_content_width":"","neve_meta_content_width":0,"neve_meta_title_alignment":"","neve_meta_author_avatar":"","neve_post_elements_order":"","neve_meta_disable_header":"","neve_meta_disable_footer":"","neve_meta_disable_title":""},"featured_image_urls":{},"yoast_head":"<!-- This site is optimized with the Yoast SEO plugin v21.1 - https:\/\/yoast.com\/wordpress\/plugins\/seo\/ -->\n<title>MAALIT - Sisustus-Center<\/title>\n<meta name=\"description\" content=\"Laadukkaat tuotteet ja asiantuntevat neuvot kaikkeen sis\u00e4- ja ulkomaalaukseen. Valikoimasta l\u00f6ytyv\u00e4t laadukkaat kotimaiset Coloria, Teknos ja Tikkurila tuotemerkit. Myym\u00e4l\u00e4st\u00e4 l\u00f6ytyv\u00e4t lis\u00e4ksi esim. Liberon-entis\u00f6intituotteet sek\u00e4 Herdins-pussipetsit. Teknos- ja Normaali-teollisuusmaalit sek\u00e4 Veneziani venemaalit myyd\u00e4\u00e4n tilaustoimituksena.\" \/>\n<meta name=\"robots\" content=\"index, follow, max-snippet:-1, max-image-preview:large, max-video-preview:-1\" \/>\n<link rel=\"canonical\" href=\"https:\/\/lybe.fi\/sagas\/maalit\/\" \/>\n<meta property=\"og:locale\" content=\"en_US\" \/>\n<meta property=\"og:type\" content=\"article\" \/>\n<meta property=\"og:title\" content=\"MAALIT - Sisustus-Center\" \/>\n<meta property=\"og:description\" content=\"Laadukkaat tuotteet ja asiantuntevat neuvot kaikkeen sis\u00e4- ja ulkomaalaukseen. Valikoimasta l\u00f6ytyv\u00e4t laadukkaat kotimaiset Coloria, Teknos ja Tikkurila tuotemerkit. Myym\u00e4l\u00e4st\u00e4 l\u00f6ytyv\u00e4t lis\u00e4ksi esim. Liberon-entis\u00f6intituotteet sek\u00e4 Herdins-pussipetsit. Teknos- ja Normaali-teollisuusmaalit sek\u00e4 Veneziani venemaalit myyd\u00e4\u00e4n tilaustoimituksena.\" \/>\n<meta property=\"og:url\" content=\"https:\/\/lybe.fi\/sagas\/maalit\/\" \/>\n<meta property=\"og:site_name\" content=\"Sisustus-Center\" \/>\n<meta property=\"article:modified_time\" content=\"2022-11-30T15:18:29+00:00\" \/>\n<meta property=\"og:image\" content=\"https:\/\/lybe.fi\/sagas\/wp-content\/uploads\/2022\/10\/Teknos-sisavarikartta-ja-seina-kuvituskuva-681x1024.jpg\" \/>\n<meta name=\"twitter:card\" content=\"summary_large_image\" \/>\n<meta name=\"twitter:label1\" content=\"Est. reading time\" \/>\n\t<meta name=\"twitter:data1\" content=\"2 minutes\" \/>\n<script type=\"application\/ld+json\" class=\"yoast-schema-graph\">{\"@context\":\"https:\/\/schema.org\",\"@graph\":[{\"@type\":\"WebPage\",\"@id\":\"https:\/\/lybe.fi\/sagas\/maalit\/\",\"url\":\"https:\/\/lybe.fi\/sagas\/maalit\/\",\"name\":\"MAALIT - Sisustus-Center\",\"isPartOf\":{\"@id\":\"https:\/\/lybe.fi\/sagas\/#website\"},\"datePublished\":\"2022-05-11T07:58:46+00:00\",\"dateModified\":\"2022-11-30T15:18:29+00:00\",\"description\":\"Laadukkaat tuotteet ja asiantuntevat neuvot kaikkeen sis\u00e4- ja ulkomaalaukseen. Valikoimasta l\u00f6ytyv\u00e4t laadukkaat kotimaiset Coloria, Teknos ja Tikkurila tuotemerkit. Myym\u00e4l\u00e4st\u00e4 l\u00f6ytyv\u00e4t lis\u00e4ksi esim. Liberon-entis\u00f6intituotteet sek\u00e4 Herdins-pussipetsit. Teknos- ja Normaali-teollisuusmaalit sek\u00e4 Veneziani venemaalit myyd\u00e4\u00e4n tilaustoimituksena.\",\"breadcrumb\":{\"@id\":\"https:\/\/lybe.fi\/sagas\/maalit\/#breadcrumb\"},\"inLanguage\":\"en-US\",\"potentialAction\":[{\"@type\":\"ReadAction\",\"target\":[\"https:\/\/lybe.fi\/sagas\/maalit\/\"]}]},{\"@type\":\"BreadcrumbList\",\"@id\":\"https:\/\/lybe.fi\/sagas\/maalit\/#breadcrumb\",\"itemListElement\":[{\"@type\":\"ListItem\",\"position\":1,\"name\":\"Home\",\"item\":\"https:\/\/lybe.fi\/sagas\/\"},{\"@type\":\"ListItem\",\"position\":2,\"name\":\"MAALIT\"}]},{\"@type\":\"WebSite\",\"@id\":\"https:\/\/lybe.fi\/sagas\/#website\",\"url\":\"https:\/\/lybe.fi\/sagas\/\",\"name\":\"Sisustus-Center\",\"description\":\"\",\"publisher\":{\"@id\":\"https:\/\/lybe.fi\/sagas\/#organization\"},\"potentialAction\":[{\"@type\":\"SearchAction\",\"target\":{\"@type\":\"EntryPoint\",\"urlTemplate\":\"https:\/\/lybe.fi\/sagas\/?s={search_term_string}\"},\"query-input\":\"required name=search_term_string\"}],\"inLanguage\":\"en-US\"},{\"@type\":\"Organization\",\"@id\":\"https:\/\/lybe.fi\/sagas\/#organization\",\"name\":\"Sisustus-Center\",\"url\":\"https:\/\/lybe.fi\/sagas\/\",\"logo\":{\"@type\":\"ImageObject\",\"inLanguage\":\"en-US\",\"@id\":\"https:\/\/lybe.fi\/sagas\/#\/schema\/logo\/image\/\",\"url\":\"https:\/\/lybe.fi\/sagas\/wp-content\/uploads\/2022\/05\/logo-varillinen-scaled.jpg\",\"contentUrl\":\"https:\/\/lybe.fi\/sagas\/wp-content\/uploads\/2022\/05\/logo-varillinen-scaled.jpg\",\"width\":2560,\"height\":390,\"caption\":\"Sisustus-Center\"},\"image\":{\"@id\":\"https:\/\/lybe.fi\/sagas\/#\/schema\/logo\/image\/\"}}]}<\/script>\n<!-- \/ Yoast SEO plugin. -->","yoast_head_json":{"title":"MAALIT - Sisustus-Center","description":"Laadukkaat tuotteet ja asiantuntevat neuvot kaikkeen sis\u00e4- ja ulkomaalaukseen. Valikoimasta l\u00f6ytyv\u00e4t laadukkaat kotimaiset Coloria, Teknos ja Tikkurila tuotemerkit. Myym\u00e4l\u00e4st\u00e4 l\u00f6ytyv\u00e4t lis\u00e4ksi esim. Liberon-entis\u00f6intituotteet sek\u00e4 Herdins-pussipetsit. Teknos- ja Normaali-teollisuusmaalit sek\u00e4 Veneziani venemaalit myyd\u00e4\u00e4n tilaustoimituksena.","robots":{"index":"index","follow":"follow","max-snippet":"max-snippet:-1","max-image-preview":"max-image-preview:large","max-video-preview":"max-video-preview:-1"},"canonical":"https:\/\/lybe.fi\/sagas\/maalit\/","og_locale":"en_US","og_type":"article","og_title":"MAALIT - Sisustus-Center","og_description":"Laadukkaat tuotteet ja asiantuntevat neuvot kaikkeen sis\u00e4- ja ulkomaalaukseen. Valikoimasta l\u00f6ytyv\u00e4t laadukkaat kotimaiset Coloria, Teknos ja Tikkurila tuotemerkit. Myym\u00e4l\u00e4st\u00e4 l\u00f6ytyv\u00e4t lis\u00e4ksi esim. Liberon-entis\u00f6intituotteet sek\u00e4 Herdins-pussipetsit. Teknos- ja Normaali-teollisuusmaalit sek\u00e4 Veneziani venemaalit myyd\u00e4\u00e4n tilaustoimituksena.","og_url":"https:\/\/lybe.fi\/sagas\/maalit\/","og_site_name":"Sisustus-Center","article_modified_time":"2022-11-30T15:18:29+00:00","og_image":[{"url":"https:\/\/lybe.fi\/sagas\/wp-content\/uploads\/2022\/10\/Teknos-sisavarikartta-ja-seina-kuvituskuva-681x1024.jpg"}],"twitter_card":"summary_large_image","twitter_misc":{"Est. reading time":"2 minutes"},"schema":{"@context":"https:\/\/schema.org","@graph":[{"@type":"WebPage","@id":"https:\/\/lybe.fi\/sagas\/maalit\/","url":"https:\/\/lybe.fi\/sagas\/maalit\/","name":"MAALIT - Sisustus-Center","isPartOf":{"@id":"https:\/\/lybe.fi\/sagas\/#website"},"datePublished":"2022-05-11T07:58:46+00:00","dateModified":"2022-11-30T15:18:29+00:00","description":"Laadukkaat tuotteet ja asiantuntevat neuvot kaikkeen sis\u00e4- ja ulkomaalaukseen. Valikoimasta l\u00f6ytyv\u00e4t laadukkaat kotimaiset Coloria, Teknos ja Tikkurila tuotemerkit. Myym\u00e4l\u00e4st\u00e4 l\u00f6ytyv\u00e4t lis\u00e4ksi esim. Liberon-entis\u00f6intituotteet sek\u00e4 Herdins-pussipetsit. Teknos- ja Normaali-teollisuusmaalit sek\u00e4 Veneziani venemaalit myyd\u00e4\u00e4n tilaustoimituksena.","breadcrumb":{"@id":"https:\/\/lybe.fi\/sagas\/maalit\/#breadcrumb"},"inLanguage":"en-US","potentialAction":[{"@type":"ReadAction","target":["https:\/\/lybe.fi\/sagas\/maalit\/"]}]},{"@type":"BreadcrumbList","@id":"https:\/\/lybe.fi\/sagas\/maalit\/#breadcrumb","itemListElement":[{"@type":"ListItem","position":1,"name":"Home","item":"https:\/\/lybe.fi\/sagas\/"},{"@type":"ListItem","position":2,"name":"MAALIT"}]},{"@type":"WebSite","@id":"https:\/\/lybe.fi\/sagas\/#website","url":"https:\/\/lybe.fi\/sagas\/","name":"Sisustus-Center","description":"","publisher":{"@id":"https:\/\/lybe.fi\/sagas\/#organization"},"potentialAction":[{"@type":"SearchAction","target":{"@type":"EntryPoint","urlTemplate":"https:\/\/lybe.fi\/sagas\/?s={search_term_string}"},"query-input":"required name=search_term_string"}],"inLanguage":"en-US"},{"@type":"Organization","@id":"https:\/\/lybe.fi\/sagas\/#organization","name":"Sisustus-Center","url":"https:\/\/lybe.fi\/sagas\/","logo":{"@type":"ImageObject","inLanguage":"en-US","@id":"https:\/\/lybe.fi\/sagas\/#\/schema\/logo\/image\/","url":"https:\/\/lybe.fi\/sagas\/wp-content\/uploads\/2022\/05\/logo-varillinen-scaled.jpg","contentUrl":"https:\/\/lybe.fi\/sagas\/wp-content\/uploads\/2022\/05\/logo-varillinen-scaled.jpg","width":2560,"height":390,"caption":"Sisustus-Center"},"image":{"@id":"https:\/\/lybe.fi\/sagas\/#\/schema\/logo\/image\/"}}]}},"_links":{"self":[{"href":"https:\/\/lybe.fi\/sagas\/wp-json\/wp\/v2\/pages\/52"}],"collection":[{"href":"https:\/\/lybe.fi\/sagas\/wp-json\/wp\/v2\/pages"}],"about":[{"href":"https:\/\/lybe.fi\/sagas\/wp-json\/wp\/v2\/types\/page"}],"author":[{"embeddable":true,"href":"https:\/\/lybe.fi\/sagas\/wp-json\/wp\/v2\/users\/1"}],"replies":[{"embeddable":true,"href":"https:\/\/lybe.fi\/sagas\/wp-json\/wp\/v2\/comments?post=52"}],"version-history":[{"count":38,"href":"https:\/\/lybe.fi\/sagas\/wp-json\/wp\/v2\/pages\/52\/revisions"}],"predecessor-version":[{"id":2017,"href":"https:\/\/lybe.fi\/sagas\/wp-json\/wp\/v2\/pages\/52\/revisions\/2017"}],"wp:attachment":[{"href":"https:\/\/lybe.fi\/sagas\/wp-json\/wp\/v2\/media?parent=52"}],"curies":[{"name":"wp","href":"https:\/\/api.w.org\/{rel}","templated":true}]}}