{"id":60,"date":"2022-05-11T09:03:51","date_gmt":"2022-05-11T09:03:51","guid":{"rendered":"http:\/\/lybe.fi\/sagas\/?page_id=60"},"modified":"2022-11-30T10:49:08","modified_gmt":"2022-11-30T10:49:08","slug":"laatat","status":"publish","type":"page","link":"https:\/\/lybe.fi\/sagas\/laatat\/","title":{"rendered":"LAATAT"},"content":{"rendered":"\n<div class=\"is-layout-flex wp-container-6 wp-block-columns\">\n<div class=\"is-layout-flow wp-block-column luokka1\"><p class=\"fonts-plugin-block luokka1\" style=\"text-align: left\"><strong>Laatat kaikkiin kohteisiin.<\/strong><br>Laattan\u00e4yttelyst\u00e4mme l\u00f6yd\u00e4t varastomallien lis\u00e4ksi laajan tilausvalikoiman erilaisia lattialaattoja, sein\u00e4kaakeleita ja mosaiikkeja nopealla toimituksella. <br>Kerro meille toiveesi, niin autamme l\u00f6yt\u00e4m\u00e4\u00e4n kohteeseen sopivat laatat ja oheistarvikkeet, joiden avulla onnistut projektissa.<br><br><strong>Huomioitavaa laatan valinnassa.<\/strong><br>Keraaminen laatta on erinomainen valinta kovan rasituksen tiloihin esim. kylpyhuoneeseen, keitti\u00f6\u00f6n, kodinhoitohuoneeseen ja eteiseen.<br>Yh\u00e4 suuremmat laattakoot ovat yleistyneet viime vuosina. Isoimmat suurlaatat tekev\u00e4t viel\u00e4 tuloaan, mutta esim. 60&#215;60 cm kokoisia lattialaattoja k\u00e4ytet\u00e4\u00e4n kasvavissa m\u00e4\u00e4rin kylpyhuoneiden ja vessojen laatoituksissa.<br><br>Erilaisia ladontatapoja hy\u00f6dynt\u00e4m\u00e4ll\u00e4 voi tehd\u00e4 n\u00e4ytt\u00e4vi\u00e4 tehosteseini\u00e4 esimerkiksi kylpyhuoneeseen tai vaikka keitti\u00f6n v\u00e4litilaan. Vaakasuuntaan tehty laatoitus saa sein\u00e4n n\u00e4ytt\u00e4m\u00e4\u00e4n leve\u00e4mm\u00e4lt\u00e4, kun taas pystyladonta tekee tilasta korkeamman n\u00e4k\u00f6isen.<br>Vaaleat laattas\u00e4vyt luovat huoneeseen tilavamman vaikutelman verrattuna tummiin pintoihin. Laatan v\u00e4rist\u00e4 poikkeava saumalaasti korostaa laatan kokoa ja muotoa. Yleens\u00e4 saumav\u00e4ri valitaan kuitenkin mahdollisimman l\u00e4helle laatan v\u00e4ri\u00e4, jolloin pinnasta tulee yhten\u00e4isen ja rauhallisen n\u00e4k\u00f6inen.<br> <br><strong>Laattojen ominaisuuksissa on eroja.<\/strong><br>Laattoja valitessa on hyv\u00e4 tiedostaa my\u00f6s niiden tekniset ominaisuudet. Sein\u00e4kaakeli soveltuu ainoastaan sein\u00e4pinnoille, mutta lattialaatalla voidaan laatoittaa lattioiden lis\u00e4ksi my\u00f6s sein\u00e4pinnat. Rektifioidut eli mittaansahatut laatat voidaan asentaa ohuella 2 mm saumaleveydell\u00e4 laatan pinnan tasalle asti, jolloin sauma on huomaamattomampi ja helpompi pit\u00e4\u00e4 puhtaana. Rektifioitujen laattojen kanssa suositellaan aina k\u00e4ytett\u00e4v\u00e4ksi laatantasausj\u00e4rjestelm\u00e4\u00e4, joka helpottaa tasaisen pinnan tekemist\u00e4 ilman pyk\u00e4lt\u00e4vi\u00e4 reunoja.<br><br>Ulkotiloissa laatan on oltava pakkasenkest\u00e4v\u00e4 (vedenimukyky alle 1,5 %) ja k\u00e4velt\u00e4vill\u00e4 pinnoilla riitt\u00e4v\u00e4n karhea (suositus R11). Lattialaatan kitkaa kuvataan R-arvon lis\u00e4ksi &#8220;paljaan jalan&#8221; ABC-arvolla, joka onkin t\u00e4rke\u00e4mpi esim. pesutilojen lattialaatan valinnassa. Laatan v\u00e4rivaihtelu merkit\u00e4\u00e4n V-arvolla 1-4. Suuren v\u00e4rivaihtelun laatoista olisi hyv\u00e4 n\u00e4hd\u00e4 kerralla useampi mallikappale, jotta saa oikeanlaisen kuvan vaihtelusta.<br><br>Lis\u00e4\u00e4 laattojen ominaisuuksista luettavissa alle linkatuista laattakuvastoista.<\/p><\/div>\n\n\n\n<div class=\"is-layout-flow wp-block-column luokka3\">\n<div class=\"is-layout-flow wp-block-group\"><div class=\"wp-block-group__inner-container\">\n<figure class=\"is-layout-flex wp-block-gallery-2 wp-block-gallery has-nested-images columns-default is-cropped\">\n<figure class=\"wp-block-image size-large\"><img fetchpriority=\"high\" decoding=\"async\" width=\"700\" height=\"466\" src=\"https:\/\/lybe.fi\/sagas\/wp-content\/uploads\/2022\/11\/Terratinta-Lagom.jpg\" alt=\"Terratinta Lagom -laattasarjasta saatavilla useita kokoja ja kaikkiaan kuusi yhteensopivaa v\u00e4rivaihtoehtoa.\" class=\"wp-image-1809\" srcset=\"https:\/\/lybe.fi\/sagas\/wp-content\/uploads\/2022\/11\/Terratinta-Lagom.jpg 700w, https:\/\/lybe.fi\/sagas\/wp-content\/uploads\/2022\/11\/Terratinta-Lagom-300x200.jpg 300w\" sizes=\"(max-width: 700px) 100vw, 700px\" \/><figcaption class=\"wp-element-caption\">Lagom 60&#215;60<\/figcaption><\/figure>\n\n\n\n<figure class=\"wp-block-image size-large\"><img decoding=\"async\" width=\"1000\" height=\"748\" src=\"https:\/\/lybe.fi\/sagas\/wp-content\/uploads\/2022\/10\/RTV-Tilakuva-laatta-Wells-2.jpg\" alt=\"Wells 15x15 cm kokoiset laatat sopivat lattioiden lis\u00e4ksi mainiosti my\u00f6s tehosteseinien laatoituksiin.\" class=\"wp-image-1321\" srcset=\"https:\/\/lybe.fi\/sagas\/wp-content\/uploads\/2022\/10\/RTV-Tilakuva-laatta-Wells-2.jpg 1000w, https:\/\/lybe.fi\/sagas\/wp-content\/uploads\/2022\/10\/RTV-Tilakuva-laatta-Wells-2-300x224.jpg 300w, https:\/\/lybe.fi\/sagas\/wp-content\/uploads\/2022\/10\/RTV-Tilakuva-laatta-Wells-2-768x574.jpg 768w\" sizes=\"(max-width: 1000px) 100vw, 1000px\" \/><figcaption class=\"wp-element-caption\">Wells 15&#215;15<\/figcaption><\/figure>\n\n\n\n<figure class=\"wp-block-image size-large\"><img decoding=\"async\" width=\"700\" height=\"490\" src=\"https:\/\/lybe.fi\/sagas\/wp-content\/uploads\/2022\/11\/Belgravia-333x55-1.jpg\" alt=\"Belgravia 33,3x55 -sein\u00e4kaakeleita on saatavissa kaikkiaan nelj\u00e4\u00e4 eri v\u00e4ri\u00e4.\" class=\"wp-image-1796\" srcset=\"https:\/\/lybe.fi\/sagas\/wp-content\/uploads\/2022\/11\/Belgravia-333x55-1.jpg 700w, https:\/\/lybe.fi\/sagas\/wp-content\/uploads\/2022\/11\/Belgravia-333x55-1-300x210.jpg 300w, https:\/\/lybe.fi\/sagas\/wp-content\/uploads\/2022\/11\/Belgravia-333x55-1-620x434.jpg 620w, https:\/\/lybe.fi\/sagas\/wp-content\/uploads\/2022\/11\/Belgravia-333x55-1-400x280.jpg 400w\" sizes=\"(max-width: 700px) 100vw, 700px\" \/><figcaption class=\"wp-element-caption\">Belgravia 33,3&#215;55<\/figcaption><\/figure>\n\n\n\n<figure class=\"wp-block-image size-large\"><img loading=\"lazy\" decoding=\"async\" width=\"721\" height=\"1024\" src=\"https:\/\/lybe.fi\/sagas\/wp-content\/uploads\/2022\/10\/Nayttokuva-2022-10-19-kello-10.51.49-721x1024.jpg\" alt=\"Kuvan tehostesein\u00e4ss\u00e4 on sekoitettu kuusikulmaisen Clays Exagon -sarjan Cotton, Lava ja Decoro Cotton\/Lava laattoja. Sarjaan kuuluu kaikkiaan 4 v\u00e4rivaihtoehtoa ja n\u00e4it\u00e4 yhdistelev\u00e4t Decoro kuviolaatat.\" class=\"wp-image-1596\" srcset=\"https:\/\/lybe.fi\/sagas\/wp-content\/uploads\/2022\/10\/Nayttokuva-2022-10-19-kello-10.51.49-721x1024.jpg 721w, https:\/\/lybe.fi\/sagas\/wp-content\/uploads\/2022\/10\/Nayttokuva-2022-10-19-kello-10.51.49-211x300.jpg 211w, https:\/\/lybe.fi\/sagas\/wp-content\/uploads\/2022\/10\/Nayttokuva-2022-10-19-kello-10.51.49-768x1090.jpg 768w, https:\/\/lybe.fi\/sagas\/wp-content\/uploads\/2022\/10\/Nayttokuva-2022-10-19-kello-10.51.49.jpg 948w\" sizes=\"(max-width: 721px) 100vw, 721px\" \/><figcaption class=\"wp-element-caption\">Clays Exagon<\/figcaption><\/figure>\n\n\n\n<figure class=\"wp-block-image size-large\"><img loading=\"lazy\" decoding=\"async\" width=\"723\" height=\"1024\" src=\"https:\/\/lybe.fi\/sagas\/wp-content\/uploads\/2022\/10\/Nayttokuva-2022-10-19-kello-10.51.35-1-723x1024.jpg\" alt=\"Clays lattialaattoja on saatavissa nelj\u00e4\u00e4 v\u00e4ri\u00e4 60x60 sek\u00e4 30x60 kokoisena. Lis\u00e4ksi sarjaan kuuluvat kuusikulmaiset Clays Exagon -lattialaatat.\" class=\"wp-image-1595\" srcset=\"https:\/\/lybe.fi\/sagas\/wp-content\/uploads\/2022\/10\/Nayttokuva-2022-10-19-kello-10.51.35-1-723x1024.jpg 723w, https:\/\/lybe.fi\/sagas\/wp-content\/uploads\/2022\/10\/Nayttokuva-2022-10-19-kello-10.51.35-1-212x300.jpg 212w, https:\/\/lybe.fi\/sagas\/wp-content\/uploads\/2022\/10\/Nayttokuva-2022-10-19-kello-10.51.35-1-768x1087.jpg 768w, https:\/\/lybe.fi\/sagas\/wp-content\/uploads\/2022\/10\/Nayttokuva-2022-10-19-kello-10.51.35-1.jpg 952w\" sizes=\"(max-width: 723px) 100vw, 723px\" \/><figcaption class=\"wp-element-caption\">Clays 60&#215;60<\/figcaption><\/figure>\n\n\n\n<figure class=\"wp-block-image size-large\"><img loading=\"lazy\" decoding=\"async\" width=\"700\" height=\"490\" src=\"https:\/\/lybe.fi\/sagas\/wp-content\/uploads\/2022\/07\/VM-Tilakuva-laatta-Adine.jpg\" alt=\"Adine 33,3x55 -sein\u00e4kaakeleita on saatavissa 4 v\u00e4risen\u00e4. Sarjaan kuuluu sile\u00e4pintaisten peruslaattojen lis\u00e4ksi tiilipintaa j\u00e4ljittelev\u00e4t tehostelaatat.\" class=\"wp-image-912\" srcset=\"https:\/\/lybe.fi\/sagas\/wp-content\/uploads\/2022\/07\/VM-Tilakuva-laatta-Adine.jpg 700w, https:\/\/lybe.fi\/sagas\/wp-content\/uploads\/2022\/07\/VM-Tilakuva-laatta-Adine-300x210.jpg 300w\" sizes=\"(max-width: 700px) 100vw, 700px\" \/><figcaption class=\"wp-element-caption\">Adine 33,3&#215;55<\/figcaption><\/figure>\n\n\n\n<figure class=\"wp-block-image size-large\"><img loading=\"lazy\" decoding=\"async\" width=\"700\" height=\"495\" src=\"https:\/\/lybe.fi\/sagas\/wp-content\/uploads\/2022\/05\/Tilakuva_Betonmetal-5.jpg\" alt=\"Terratinta Betonmetal -laattasarjasta on saatavissa useita eri kokoja ja kolme yhteensopivaa v\u00e4rivaihtoehtoa. \" class=\"wp-image-509\" srcset=\"https:\/\/lybe.fi\/sagas\/wp-content\/uploads\/2022\/05\/Tilakuva_Betonmetal-5.jpg 700w, https:\/\/lybe.fi\/sagas\/wp-content\/uploads\/2022\/05\/Tilakuva_Betonmetal-5-300x212.jpg 300w\" sizes=\"(max-width: 700px) 100vw, 700px\" \/><figcaption class=\"wp-element-caption\">Betonmetal<\/figcaption><\/figure>\n\n\n\n<figure class=\"wp-block-image size-large\"><img loading=\"lazy\" decoding=\"async\" width=\"700\" height=\"840\" src=\"https:\/\/lybe.fi\/sagas\/wp-content\/uploads\/2022\/05\/Tilakuva_Stonemarble.jpg\" alt=\"Marmorikuvioisista Terratinta Stonemarble laatoista on saatavissa useita kokoja kiilt\u00e4v\u00e4- ja mattapintaisena.\" class=\"wp-image-434\" srcset=\"https:\/\/lybe.fi\/sagas\/wp-content\/uploads\/2022\/05\/Tilakuva_Stonemarble.jpg 700w, https:\/\/lybe.fi\/sagas\/wp-content\/uploads\/2022\/05\/Tilakuva_Stonemarble-250x300.jpg 250w\" sizes=\"(max-width: 700px) 100vw, 700px\" \/><figcaption class=\"wp-element-caption\">Stonemarble Polished 60&#215;60<\/figcaption><\/figure>\n\n\n\n<figure class=\"wp-block-image size-large\"><img loading=\"lazy\" decoding=\"async\" width=\"800\" height=\"800\" src=\"https:\/\/lybe.fi\/sagas\/wp-content\/uploads\/2022\/11\/MARMOSMART.jpg\" alt=\"Suurikokoiset ja kiilt\u00e4v\u00e4pintaiset Marmosmart 60x120 -lattialaatat sopivat erinomaisesti my\u00f6s sein\u00e4pinnojen laatoituksiin. Saatavissa kolme v\u00e4rivaihtoehtoa. \" class=\"wp-image-2135\" srcset=\"https:\/\/lybe.fi\/sagas\/wp-content\/uploads\/2022\/11\/MARMOSMART.jpg 800w, https:\/\/lybe.fi\/sagas\/wp-content\/uploads\/2022\/11\/MARMOSMART-300x300.jpg 300w, https:\/\/lybe.fi\/sagas\/wp-content\/uploads\/2022\/11\/MARMOSMART-150x150.jpg 150w, https:\/\/lybe.fi\/sagas\/wp-content\/uploads\/2022\/11\/MARMOSMART-768x768.jpg 768w\" sizes=\"(max-width: 800px) 100vw, 800px\" \/><figcaption class=\"wp-element-caption\">Marmosmart 60&#215;120<\/figcaption><\/figure>\n<\/figure>\n<\/div><\/div>\n<\/div>\n<\/div>\n\n\n<a class=\"maxbutton-1 maxbutton maxbutton-ota-yhteytta luokka1\" href=\"http:\/\/lybe.fi\/sagas\/yhteystiedot\/\"><span class='mb-text'>Ota yhteytt\u00e4<\/span><\/a>\n\n\n<div class=\"is-layout-flex wp-container-8 wp-block-columns\">\n<div class=\"is-layout-flow wp-block-column\"><p class=\"fonts-plugin-block \"><\/p><\/div>\n<\/div>\n\n\n\n<p class=\"luokka1\"><strong>VOIT TUTUSTUA LAATTOJEN TILAUSVALIKOIMAAN MYYM\u00c4L\u00c4N LAATTAN\u00c4YTTELYSS\u00c4 JA ALLA OLEVIEN KUVASTOJEN AVULLA:<\/strong><\/p>\n\n\n\n<div class=\"is-layout-flex wp-container-12 wp-block-columns\">\n<div class=\"is-layout-flow wp-block-column\"><div class=\"wp-block-image\">\n<figure class=\"alignleft size-large is-resized\"><a href=\"https:\/\/www.lukusali.fi\/index.html?p=Laattapiste&amp;i=4ee5bfc6-1d2b-11ec-bd6c-00155d64030a\"><img loading=\"lazy\" decoding=\"async\" src=\"https:\/\/lybe.fi\/sagas\/wp-content\/uploads\/2022\/11\/Nayttokuva-2022-11-14-kello-17.51.55-1-732x1024.jpg\" alt=\"\" class=\"wp-image-1986\" width=\"277\" height=\"386\"\/><\/a><\/figure><\/div><\/div>\n\n\n\n<div class=\"is-layout-flow wp-block-column\"><div class=\"wp-block-image\">\n<figure class=\"alignleft size-full is-resized\"><a href=\"https:\/\/rtv.fi\/site\/assets\/files\/1116\/rtv-laattakuvasto-2022-low.pdf\"><img loading=\"lazy\" decoding=\"async\" src=\"https:\/\/lybe.fi\/sagas\/wp-content\/uploads\/2022\/10\/Nayttokuva-2022-10-7-kello-12.53.15.jpg\" alt=\"\" class=\"wp-image-1415\" width=\"269\" height=\"382\" srcset=\"https:\/\/lybe.fi\/sagas\/wp-content\/uploads\/2022\/10\/Nayttokuva-2022-10-7-kello-12.53.15.jpg 560w, https:\/\/lybe.fi\/sagas\/wp-content\/uploads\/2022\/10\/Nayttokuva-2022-10-7-kello-12.53.15-211x300.jpg 211w\" sizes=\"(max-width: 269px) 100vw, 269px\" \/><\/a><\/figure><\/div><\/div>\n\n\n\n<div class=\"is-layout-flow wp-block-column\"><div class=\"wp-block-image\">\n<figure class=\"alignleft size-large is-resized\"><a href=\"https:\/\/issuu.com\/varimiehet\/docs\/varimiehet_projektikuvasto_collection_3\"><img loading=\"lazy\" decoding=\"async\" src=\"https:\/\/lybe.fi\/sagas\/wp-content\/uploads\/2022\/10\/Nayttokuva-2022-10-7-kello-12.55.58-1024x722.jpg\" alt=\"\" class=\"wp-image-1416\" width=\"343\" height=\"240\"\/><\/a><\/figure><\/div><\/div>\n<\/div>\n","protected":false},"excerpt":{"rendered":"<p>VOIT TUTUSTUA LAATTOJEN TILAUSVALIKOIMAAN MYYM\u00c4L\u00c4N LAATTAN\u00c4YTTELYSS\u00c4 JA ALLA OLEVIEN KUVASTOJEN AVULLA:<\/p>\n","protected":false},"author":1,"featured_media":0,"parent":0,"menu_order":0,"comment_status":"closed","ping_status":"closed","template":"","meta":{"neve_meta_sidebar":"","neve_meta_container":"","neve_meta_enable_content_width":"","neve_meta_content_width":0,"neve_meta_title_alignment":"","neve_meta_author_avatar":"","neve_post_elements_order":"","neve_meta_disable_header":"","neve_meta_disable_footer":"","neve_meta_disable_title":""},"featured_image_urls":{},"yoast_head":"<!-- This site is optimized with the Yoast SEO plugin v21.1 - https:\/\/yoast.com\/wordpress\/plugins\/seo\/ -->\n<title>LAATAT - Sisustus-Center<\/title>\n<meta name=\"description\" content=\"Laattan\u00e4yttelyst\u00e4mme l\u00f6yd\u00e4t varastomallien lis\u00e4ksi laajan tilausvalikoiman erilaisia lattialaattoja, sein\u00e4kaakeleita ja mosaiikkeja nopealla toimituksella.\" \/>\n<meta name=\"robots\" content=\"index, follow, max-snippet:-1, max-image-preview:large, max-video-preview:-1\" \/>\n<link rel=\"canonical\" href=\"https:\/\/lybe.fi\/sagas\/laatat\/\" \/>\n<meta property=\"og:locale\" content=\"en_US\" \/>\n<meta property=\"og:type\" content=\"article\" \/>\n<meta property=\"og:title\" content=\"LAATAT - Sisustus-Center\" \/>\n<meta property=\"og:description\" content=\"Laattan\u00e4yttelyst\u00e4mme l\u00f6yd\u00e4t varastomallien lis\u00e4ksi laajan tilausvalikoiman erilaisia lattialaattoja, sein\u00e4kaakeleita ja mosaiikkeja nopealla toimituksella.\" \/>\n<meta property=\"og:url\" content=\"https:\/\/lybe.fi\/sagas\/laatat\/\" \/>\n<meta property=\"og:site_name\" content=\"Sisustus-Center\" \/>\n<meta property=\"article:modified_time\" content=\"2022-11-30T10:49:08+00:00\" \/>\n<meta property=\"og:image\" content=\"https:\/\/lybe.fi\/sagas\/wp-content\/uploads\/2022\/11\/Terratinta-Lagom.jpg\" \/>\n<meta name=\"twitter:card\" content=\"summary_large_image\" \/>\n<meta name=\"twitter:label1\" content=\"Est. reading time\" \/>\n\t<meta name=\"twitter:data1\" content=\"3 minutes\" \/>\n<script type=\"application\/ld+json\" class=\"yoast-schema-graph\">{\"@context\":\"https:\/\/schema.org\",\"@graph\":[{\"@type\":\"WebPage\",\"@id\":\"https:\/\/lybe.fi\/sagas\/laatat\/\",\"url\":\"https:\/\/lybe.fi\/sagas\/laatat\/\",\"name\":\"LAATAT - Sisustus-Center\",\"isPartOf\":{\"@id\":\"https:\/\/lybe.fi\/sagas\/#website\"},\"datePublished\":\"2022-05-11T09:03:51+00:00\",\"dateModified\":\"2022-11-30T10:49:08+00:00\",\"description\":\"Laattan\u00e4yttelyst\u00e4mme l\u00f6yd\u00e4t varastomallien lis\u00e4ksi laajan tilausvalikoiman erilaisia lattialaattoja, sein\u00e4kaakeleita ja mosaiikkeja nopealla toimituksella.\",\"breadcrumb\":{\"@id\":\"https:\/\/lybe.fi\/sagas\/laatat\/#breadcrumb\"},\"inLanguage\":\"en-US\",\"potentialAction\":[{\"@type\":\"ReadAction\",\"target\":[\"https:\/\/lybe.fi\/sagas\/laatat\/\"]}]},{\"@type\":\"BreadcrumbList\",\"@id\":\"https:\/\/lybe.fi\/sagas\/laatat\/#breadcrumb\",\"itemListElement\":[{\"@type\":\"ListItem\",\"position\":1,\"name\":\"Home\",\"item\":\"https:\/\/lybe.fi\/sagas\/\"},{\"@type\":\"ListItem\",\"position\":2,\"name\":\"LAATAT\"}]},{\"@type\":\"WebSite\",\"@id\":\"https:\/\/lybe.fi\/sagas\/#website\",\"url\":\"https:\/\/lybe.fi\/sagas\/\",\"name\":\"Sisustus-Center\",\"description\":\"\",\"publisher\":{\"@id\":\"https:\/\/lybe.fi\/sagas\/#organization\"},\"potentialAction\":[{\"@type\":\"SearchAction\",\"target\":{\"@type\":\"EntryPoint\",\"urlTemplate\":\"https:\/\/lybe.fi\/sagas\/?s={search_term_string}\"},\"query-input\":\"required name=search_term_string\"}],\"inLanguage\":\"en-US\"},{\"@type\":\"Organization\",\"@id\":\"https:\/\/lybe.fi\/sagas\/#organization\",\"name\":\"Sisustus-Center\",\"url\":\"https:\/\/lybe.fi\/sagas\/\",\"logo\":{\"@type\":\"ImageObject\",\"inLanguage\":\"en-US\",\"@id\":\"https:\/\/lybe.fi\/sagas\/#\/schema\/logo\/image\/\",\"url\":\"https:\/\/lybe.fi\/sagas\/wp-content\/uploads\/2022\/05\/logo-varillinen-scaled.jpg\",\"contentUrl\":\"https:\/\/lybe.fi\/sagas\/wp-content\/uploads\/2022\/05\/logo-varillinen-scaled.jpg\",\"width\":2560,\"height\":390,\"caption\":\"Sisustus-Center\"},\"image\":{\"@id\":\"https:\/\/lybe.fi\/sagas\/#\/schema\/logo\/image\/\"}}]}<\/script>\n<!-- \/ Yoast SEO plugin. -->","yoast_head_json":{"title":"LAATAT - Sisustus-Center","description":"Laattan\u00e4yttelyst\u00e4mme l\u00f6yd\u00e4t varastomallien lis\u00e4ksi laajan tilausvalikoiman erilaisia lattialaattoja, sein\u00e4kaakeleita ja mosaiikkeja nopealla toimituksella.","robots":{"index":"index","follow":"follow","max-snippet":"max-snippet:-1","max-image-preview":"max-image-preview:large","max-video-preview":"max-video-preview:-1"},"canonical":"https:\/\/lybe.fi\/sagas\/laatat\/","og_locale":"en_US","og_type":"article","og_title":"LAATAT - Sisustus-Center","og_description":"Laattan\u00e4yttelyst\u00e4mme l\u00f6yd\u00e4t varastomallien lis\u00e4ksi laajan tilausvalikoiman erilaisia lattialaattoja, sein\u00e4kaakeleita ja mosaiikkeja nopealla toimituksella.","og_url":"https:\/\/lybe.fi\/sagas\/laatat\/","og_site_name":"Sisustus-Center","article_modified_time":"2022-11-30T10:49:08+00:00","og_image":[{"url":"https:\/\/lybe.fi\/sagas\/wp-content\/uploads\/2022\/11\/Terratinta-Lagom.jpg"}],"twitter_card":"summary_large_image","twitter_misc":{"Est. reading time":"3 minutes"},"schema":{"@context":"https:\/\/schema.org","@graph":[{"@type":"WebPage","@id":"https:\/\/lybe.fi\/sagas\/laatat\/","url":"https:\/\/lybe.fi\/sagas\/laatat\/","name":"LAATAT - Sisustus-Center","isPartOf":{"@id":"https:\/\/lybe.fi\/sagas\/#website"},"datePublished":"2022-05-11T09:03:51+00:00","dateModified":"2022-11-30T10:49:08+00:00","description":"Laattan\u00e4yttelyst\u00e4mme l\u00f6yd\u00e4t varastomallien lis\u00e4ksi laajan tilausvalikoiman erilaisia lattialaattoja, sein\u00e4kaakeleita ja mosaiikkeja nopealla toimituksella.","breadcrumb":{"@id":"https:\/\/lybe.fi\/sagas\/laatat\/#breadcrumb"},"inLanguage":"en-US","potentialAction":[{"@type":"ReadAction","target":["https:\/\/lybe.fi\/sagas\/laatat\/"]}]},{"@type":"BreadcrumbList","@id":"https:\/\/lybe.fi\/sagas\/laatat\/#breadcrumb","itemListElement":[{"@type":"ListItem","position":1,"name":"Home","item":"https:\/\/lybe.fi\/sagas\/"},{"@type":"ListItem","position":2,"name":"LAATAT"}]},{"@type":"WebSite","@id":"https:\/\/lybe.fi\/sagas\/#website","url":"https:\/\/lybe.fi\/sagas\/","name":"Sisustus-Center","description":"","publisher":{"@id":"https:\/\/lybe.fi\/sagas\/#organization"},"potentialAction":[{"@type":"SearchAction","target":{"@type":"EntryPoint","urlTemplate":"https:\/\/lybe.fi\/sagas\/?s={search_term_string}"},"query-input":"required name=search_term_string"}],"inLanguage":"en-US"},{"@type":"Organization","@id":"https:\/\/lybe.fi\/sagas\/#organization","name":"Sisustus-Center","url":"https:\/\/lybe.fi\/sagas\/","logo":{"@type":"ImageObject","inLanguage":"en-US","@id":"https:\/\/lybe.fi\/sagas\/#\/schema\/logo\/image\/","url":"https:\/\/lybe.fi\/sagas\/wp-content\/uploads\/2022\/05\/logo-varillinen-scaled.jpg","contentUrl":"https:\/\/lybe.fi\/sagas\/wp-content\/uploads\/2022\/05\/logo-varillinen-scaled.jpg","width":2560,"height":390,"caption":"Sisustus-Center"},"image":{"@id":"https:\/\/lybe.fi\/sagas\/#\/schema\/logo\/image\/"}}]}},"_links":{"self":[{"href":"https:\/\/lybe.fi\/sagas\/wp-json\/wp\/v2\/pages\/60"}],"collection":[{"href":"https:\/\/lybe.fi\/sagas\/wp-json\/wp\/v2\/pages"}],"about":[{"href":"https:\/\/lybe.fi\/sagas\/wp-json\/wp\/v2\/types\/page"}],"author":[{"embeddable":true,"href":"https:\/\/lybe.fi\/sagas\/wp-json\/wp\/v2\/users\/1"}],"replies":[{"embeddable":true,"href":"https:\/\/lybe.fi\/sagas\/wp-json\/wp\/v2\/comments?post=60"}],"version-history":[{"count":112,"href":"https:\/\/lybe.fi\/sagas\/wp-json\/wp\/v2\/pages\/60\/revisions"}],"predecessor-version":[{"id":2188,"href":"https:\/\/lybe.fi\/sagas\/wp-json\/wp\/v2\/pages\/60\/revisions\/2188"}],"wp:attachment":[{"href":"https:\/\/lybe.fi\/sagas\/wp-json\/wp\/v2\/media?parent=60"}],"curies":[{"name":"wp","href":"https:\/\/api.w.org\/{rel}","templated":true}]}}