{"id":721,"date":"2022-06-08T11:37:57","date_gmt":"2022-06-08T11:37:57","guid":{"rendered":"http:\/\/lybe.fi\/sagas\/?page_id=721"},"modified":"2022-11-30T13:49:06","modified_gmt":"2022-11-30T13:49:06","slug":"kovapuulattia","status":"publish","type":"page","link":"https:\/\/lybe.fi\/sagas\/kovapuulattia\/","title":{"rendered":"Kovapuulattia"},"content":{"rendered":"\n<div class=\"is-layout-flex wp-container-7 wp-block-columns\">\n<div class=\"is-layout-flow wp-block-column\">\n<p class=\"luokka1\"><strong>Kovapuulattiassa <\/strong>kahden puukerroksen v\u00e4liss\u00e4 on HDF-runko. Pintakerros on yleens\u00e4 petsattu ja lakattu, mik\u00e4 parantaa pinnan kest\u00e4vyytt\u00e4 ja helppohoitoisuutta menett\u00e4m\u00e4tt\u00e4 puun luonnollista tuntua. Parkettiin verrattuna kovapuulattia kest\u00e4\u00e4 paremmin kolhuja ja naarmuuntumista, mik\u00e4 tekee siit\u00e4 huolettoman vaihtoehdon my\u00f6s el\u00e4in- ja lapsiperheille. Alusmateriaalisuosituksena betonille asennettaessa on solumuovin ja h\u00f6yrysulun yhdistelm\u00e4 ja levyalustalle pelkk\u00e4 solumuovi.<\/p>\n<\/div>\n\n\n\n<div class=\"is-layout-flow wp-block-column luokka3\">\n<div class=\"is-layout-flex wp-container-5 wp-block-columns\">\n<div class=\"is-layout-flow wp-block-column\" style=\"flex-basis:100%\">\n<figure class=\"is-layout-flex wp-block-gallery-2 wp-block-gallery has-nested-images columns-default is-cropped\">\n<figure class=\"wp-block-image size-large luokka3\"><img fetchpriority=\"high\" decoding=\"async\" width=\"768\" height=\"1024\" src=\"https:\/\/lybe.fi\/sagas\/wp-content\/uploads\/2022\/11\/Kovapuulattia-Parky-Swing-06-1-768x1024.jpg\" alt=\"Kovapuulattioita saatavana my\u00f6s kalanruotolankkuina.\" class=\"wp-image-1770\" srcset=\"https:\/\/lybe.fi\/sagas\/wp-content\/uploads\/2022\/11\/Kovapuulattia-Parky-Swing-06-1-768x1024.jpg 768w, https:\/\/lybe.fi\/sagas\/wp-content\/uploads\/2022\/11\/Kovapuulattia-Parky-Swing-06-1-225x300.jpg 225w, https:\/\/lybe.fi\/sagas\/wp-content\/uploads\/2022\/11\/Kovapuulattia-Parky-Swing-06-1-1152x1536.jpg 1152w, https:\/\/lybe.fi\/sagas\/wp-content\/uploads\/2022\/11\/Kovapuulattia-Parky-Swing-06-1.jpg 1440w\" sizes=\"(max-width: 768px) 100vw, 768px\" \/><figcaption class=\"wp-element-caption\">Parky Swing 06<\/figcaption><\/figure>\n\n\n\n<figure class=\"wp-block-image size-large luokka3\"><img decoding=\"async\" width=\"1024\" height=\"693\" src=\"https:\/\/lybe.fi\/sagas\/wp-content\/uploads\/2022\/11\/Kovapuulattiat-Life-ja-Parky-3-1024x693.jpg\" alt=\"Tilausvalikoimassa K\u00e4hrs Life ja O&amp;O Parky -mallistot.\" class=\"wp-image-1771\" srcset=\"https:\/\/lybe.fi\/sagas\/wp-content\/uploads\/2022\/11\/Kovapuulattiat-Life-ja-Parky-3-1024x693.jpg 1024w, https:\/\/lybe.fi\/sagas\/wp-content\/uploads\/2022\/11\/Kovapuulattiat-Life-ja-Parky-3-300x203.jpg 300w, https:\/\/lybe.fi\/sagas\/wp-content\/uploads\/2022\/11\/Kovapuulattiat-Life-ja-Parky-3-768x520.jpg 768w, https:\/\/lybe.fi\/sagas\/wp-content\/uploads\/2022\/11\/Kovapuulattiat-Life-ja-Parky-3-1536x1039.jpg 1536w, https:\/\/lybe.fi\/sagas\/wp-content\/uploads\/2022\/11\/Kovapuulattiat-Life-ja-Parky-3-2048x1386.jpg 2048w\" sizes=\"(max-width: 1024px) 100vw, 1024px\" \/><figcaption class=\"wp-element-caption\">Tilausvalikoimassa K\u00e4hrs Life ja O&amp;O Parky -mallistot<\/figcaption><\/figure>\n<\/figure>\n<\/div>\n<\/div>\n<\/div>\n<\/div>\n","protected":false},"excerpt":{"rendered":"<p>Kovapuulattiassa kahden puukerroksen v\u00e4liss\u00e4 on HDF-runko. Pintakerros on yleens\u00e4 petsattu ja lakattu, mik\u00e4 parantaa pinnan kest\u00e4vyytt\u00e4 ja helppohoitoisuutta menett\u00e4m\u00e4tt\u00e4 puun luonnollista tuntua. Parkettiin verrattuna kovapuulattia kest\u00e4\u00e4 paremmin kolhuja ja naarmuuntumista, mik\u00e4 tekee siit\u00e4 huolettoman vaihtoehdon my\u00f6s el\u00e4in- ja lapsiperheille. Alusmateriaalisuosituksena betonille asennettaessa on solumuovin ja h\u00f6yrysulun yhdistelm\u00e4 ja levyalustalle pelkk\u00e4 solumuovi.<\/p>\n","protected":false},"author":1,"featured_media":0,"parent":0,"menu_order":0,"comment_status":"closed","ping_status":"closed","template":"","meta":{"neve_meta_sidebar":"","neve_meta_container":"","neve_meta_enable_content_width":"","neve_meta_content_width":0,"neve_meta_title_alignment":"","neve_meta_author_avatar":"","neve_post_elements_order":"","neve_meta_disable_header":"","neve_meta_disable_footer":"","neve_meta_disable_title":""},"featured_image_urls":{},"yoast_head":"<!-- This site is optimized with the Yoast SEO plugin v21.1 - https:\/\/yoast.com\/wordpress\/plugins\/seo\/ -->\n<title>Kovapuulattia - Sisustus-Center<\/title>\n<meta name=\"description\" content=\"Kovapuulattiassa kahden puukerroksen v\u00e4liss\u00e4 on HDF-runko. Pintakerros on yleens\u00e4 petsattu ja lakattu, mik\u00e4 parantaa pinnan kest\u00e4vyytt\u00e4 ja helppohoitoisuutta menett\u00e4m\u00e4tt\u00e4 puun luonnollista tuntua.\" \/>\n<meta name=\"robots\" content=\"index, follow, max-snippet:-1, max-image-preview:large, max-video-preview:-1\" \/>\n<link rel=\"canonical\" href=\"https:\/\/lybe.fi\/sagas\/kovapuulattia\/\" \/>\n<meta property=\"og:locale\" content=\"en_US\" \/>\n<meta property=\"og:type\" content=\"article\" \/>\n<meta property=\"og:title\" content=\"Kovapuulattia - Sisustus-Center\" \/>\n<meta property=\"og:description\" content=\"Kovapuulattiassa kahden puukerroksen v\u00e4liss\u00e4 on HDF-runko. Pintakerros on yleens\u00e4 petsattu ja lakattu, mik\u00e4 parantaa pinnan kest\u00e4vyytt\u00e4 ja helppohoitoisuutta menett\u00e4m\u00e4tt\u00e4 puun luonnollista tuntua.\" \/>\n<meta property=\"og:url\" content=\"https:\/\/lybe.fi\/sagas\/kovapuulattia\/\" \/>\n<meta property=\"og:site_name\" content=\"Sisustus-Center\" \/>\n<meta property=\"article:modified_time\" content=\"2022-11-30T13:49:06+00:00\" \/>\n<meta property=\"og:image\" content=\"https:\/\/lybe.fi\/sagas\/wp-content\/uploads\/2022\/11\/Kovapuulattia-Parky-Swing-06-1-768x1024.jpg\" \/>\n<meta name=\"twitter:card\" content=\"summary_large_image\" \/>\n<meta name=\"twitter:label1\" content=\"Est. reading time\" \/>\n\t<meta name=\"twitter:data1\" content=\"1 minute\" \/>\n<script type=\"application\/ld+json\" class=\"yoast-schema-graph\">{\"@context\":\"https:\/\/schema.org\",\"@graph\":[{\"@type\":\"WebPage\",\"@id\":\"https:\/\/lybe.fi\/sagas\/kovapuulattia\/\",\"url\":\"https:\/\/lybe.fi\/sagas\/kovapuulattia\/\",\"name\":\"Kovapuulattia - Sisustus-Center\",\"isPartOf\":{\"@id\":\"https:\/\/lybe.fi\/sagas\/#website\"},\"datePublished\":\"2022-06-08T11:37:57+00:00\",\"dateModified\":\"2022-11-30T13:49:06+00:00\",\"description\":\"Kovapuulattiassa kahden puukerroksen v\u00e4liss\u00e4 on HDF-runko. Pintakerros on yleens\u00e4 petsattu ja lakattu, mik\u00e4 parantaa pinnan kest\u00e4vyytt\u00e4 ja helppohoitoisuutta menett\u00e4m\u00e4tt\u00e4 puun luonnollista tuntua.\",\"breadcrumb\":{\"@id\":\"https:\/\/lybe.fi\/sagas\/kovapuulattia\/#breadcrumb\"},\"inLanguage\":\"en-US\",\"potentialAction\":[{\"@type\":\"ReadAction\",\"target\":[\"https:\/\/lybe.fi\/sagas\/kovapuulattia\/\"]}]},{\"@type\":\"BreadcrumbList\",\"@id\":\"https:\/\/lybe.fi\/sagas\/kovapuulattia\/#breadcrumb\",\"itemListElement\":[{\"@type\":\"ListItem\",\"position\":1,\"name\":\"Home\",\"item\":\"https:\/\/lybe.fi\/sagas\/\"},{\"@type\":\"ListItem\",\"position\":2,\"name\":\"Kovapuulattia\"}]},{\"@type\":\"WebSite\",\"@id\":\"https:\/\/lybe.fi\/sagas\/#website\",\"url\":\"https:\/\/lybe.fi\/sagas\/\",\"name\":\"Sisustus-Center\",\"description\":\"\",\"publisher\":{\"@id\":\"https:\/\/lybe.fi\/sagas\/#organization\"},\"potentialAction\":[{\"@type\":\"SearchAction\",\"target\":{\"@type\":\"EntryPoint\",\"urlTemplate\":\"https:\/\/lybe.fi\/sagas\/?s={search_term_string}\"},\"query-input\":\"required name=search_term_string\"}],\"inLanguage\":\"en-US\"},{\"@type\":\"Organization\",\"@id\":\"https:\/\/lybe.fi\/sagas\/#organization\",\"name\":\"Sisustus-Center\",\"url\":\"https:\/\/lybe.fi\/sagas\/\",\"logo\":{\"@type\":\"ImageObject\",\"inLanguage\":\"en-US\",\"@id\":\"https:\/\/lybe.fi\/sagas\/#\/schema\/logo\/image\/\",\"url\":\"https:\/\/lybe.fi\/sagas\/wp-content\/uploads\/2022\/05\/logo-varillinen-scaled.jpg\",\"contentUrl\":\"https:\/\/lybe.fi\/sagas\/wp-content\/uploads\/2022\/05\/logo-varillinen-scaled.jpg\",\"width\":2560,\"height\":390,\"caption\":\"Sisustus-Center\"},\"image\":{\"@id\":\"https:\/\/lybe.fi\/sagas\/#\/schema\/logo\/image\/\"}}]}<\/script>\n<!-- \/ Yoast SEO plugin. -->","yoast_head_json":{"title":"Kovapuulattia - Sisustus-Center","description":"Kovapuulattiassa kahden puukerroksen v\u00e4liss\u00e4 on HDF-runko. Pintakerros on yleens\u00e4 petsattu ja lakattu, mik\u00e4 parantaa pinnan kest\u00e4vyytt\u00e4 ja helppohoitoisuutta menett\u00e4m\u00e4tt\u00e4 puun luonnollista tuntua.","robots":{"index":"index","follow":"follow","max-snippet":"max-snippet:-1","max-image-preview":"max-image-preview:large","max-video-preview":"max-video-preview:-1"},"canonical":"https:\/\/lybe.fi\/sagas\/kovapuulattia\/","og_locale":"en_US","og_type":"article","og_title":"Kovapuulattia - Sisustus-Center","og_description":"Kovapuulattiassa kahden puukerroksen v\u00e4liss\u00e4 on HDF-runko. Pintakerros on yleens\u00e4 petsattu ja lakattu, mik\u00e4 parantaa pinnan kest\u00e4vyytt\u00e4 ja helppohoitoisuutta menett\u00e4m\u00e4tt\u00e4 puun luonnollista tuntua.","og_url":"https:\/\/lybe.fi\/sagas\/kovapuulattia\/","og_site_name":"Sisustus-Center","article_modified_time":"2022-11-30T13:49:06+00:00","og_image":[{"url":"https:\/\/lybe.fi\/sagas\/wp-content\/uploads\/2022\/11\/Kovapuulattia-Parky-Swing-06-1-768x1024.jpg"}],"twitter_card":"summary_large_image","twitter_misc":{"Est. reading time":"1 minute"},"schema":{"@context":"https:\/\/schema.org","@graph":[{"@type":"WebPage","@id":"https:\/\/lybe.fi\/sagas\/kovapuulattia\/","url":"https:\/\/lybe.fi\/sagas\/kovapuulattia\/","name":"Kovapuulattia - Sisustus-Center","isPartOf":{"@id":"https:\/\/lybe.fi\/sagas\/#website"},"datePublished":"2022-06-08T11:37:57+00:00","dateModified":"2022-11-30T13:49:06+00:00","description":"Kovapuulattiassa kahden puukerroksen v\u00e4liss\u00e4 on HDF-runko. Pintakerros on yleens\u00e4 petsattu ja lakattu, mik\u00e4 parantaa pinnan kest\u00e4vyytt\u00e4 ja helppohoitoisuutta menett\u00e4m\u00e4tt\u00e4 puun luonnollista tuntua.","breadcrumb":{"@id":"https:\/\/lybe.fi\/sagas\/kovapuulattia\/#breadcrumb"},"inLanguage":"en-US","potentialAction":[{"@type":"ReadAction","target":["https:\/\/lybe.fi\/sagas\/kovapuulattia\/"]}]},{"@type":"BreadcrumbList","@id":"https:\/\/lybe.fi\/sagas\/kovapuulattia\/#breadcrumb","itemListElement":[{"@type":"ListItem","position":1,"name":"Home","item":"https:\/\/lybe.fi\/sagas\/"},{"@type":"ListItem","position":2,"name":"Kovapuulattia"}]},{"@type":"WebSite","@id":"https:\/\/lybe.fi\/sagas\/#website","url":"https:\/\/lybe.fi\/sagas\/","name":"Sisustus-Center","description":"","publisher":{"@id":"https:\/\/lybe.fi\/sagas\/#organization"},"potentialAction":[{"@type":"SearchAction","target":{"@type":"EntryPoint","urlTemplate":"https:\/\/lybe.fi\/sagas\/?s={search_term_string}"},"query-input":"required name=search_term_string"}],"inLanguage":"en-US"},{"@type":"Organization","@id":"https:\/\/lybe.fi\/sagas\/#organization","name":"Sisustus-Center","url":"https:\/\/lybe.fi\/sagas\/","logo":{"@type":"ImageObject","inLanguage":"en-US","@id":"https:\/\/lybe.fi\/sagas\/#\/schema\/logo\/image\/","url":"https:\/\/lybe.fi\/sagas\/wp-content\/uploads\/2022\/05\/logo-varillinen-scaled.jpg","contentUrl":"https:\/\/lybe.fi\/sagas\/wp-content\/uploads\/2022\/05\/logo-varillinen-scaled.jpg","width":2560,"height":390,"caption":"Sisustus-Center"},"image":{"@id":"https:\/\/lybe.fi\/sagas\/#\/schema\/logo\/image\/"}}]}},"_links":{"self":[{"href":"https:\/\/lybe.fi\/sagas\/wp-json\/wp\/v2\/pages\/721"}],"collection":[{"href":"https:\/\/lybe.fi\/sagas\/wp-json\/wp\/v2\/pages"}],"about":[{"href":"https:\/\/lybe.fi\/sagas\/wp-json\/wp\/v2\/types\/page"}],"author":[{"embeddable":true,"href":"https:\/\/lybe.fi\/sagas\/wp-json\/wp\/v2\/users\/1"}],"replies":[{"embeddable":true,"href":"https:\/\/lybe.fi\/sagas\/wp-json\/wp\/v2\/comments?post=721"}],"version-history":[{"count":14,"href":"https:\/\/lybe.fi\/sagas\/wp-json\/wp\/v2\/pages\/721\/revisions"}],"predecessor-version":[{"id":2190,"href":"https:\/\/lybe.fi\/sagas\/wp-json\/wp\/v2\/pages\/721\/revisions\/2190"}],"wp:attachment":[{"href":"https:\/\/lybe.fi\/sagas\/wp-json\/wp\/v2\/media?parent=721"}],"curies":[{"name":"wp","href":"https:\/\/api.w.org\/{rel}","templated":true}]}}