{"id":725,"date":"2022-06-08T11:39:26","date_gmt":"2022-06-08T11:39:26","guid":{"rendered":"http:\/\/lybe.fi\/sagas\/?page_id=725"},"modified":"2022-11-30T13:56:49","modified_gmt":"2022-11-30T13:56:49","slug":"vinyylilankku","status":"publish","type":"page","link":"https:\/\/lybe.fi\/sagas\/vinyylilankku\/","title":{"rendered":"Vinyylilankku"},"content":{"rendered":"\n<div class=\"is-layout-flex wp-container-7 wp-block-columns\">\n<div class=\"is-layout-flow wp-block-column\">\n<p class=\"luokka1\"><strong>Vinyylilankku<\/strong> sopii erinomaisesti esim. eteis- ja keitti\u00f6tiloihin, joissa lattialta vaaditaan hyv\u00e4\u00e4 kosteuden- ja kulutuksenkestoa. Lis\u00e4ksi vinyyli on verrattain l\u00e4mmin ja hiljainen lattiamateriaali. Vinyylilankkua on saatavana puukuosien lis\u00e4ksi my\u00f6s laattoina. Asentaminen on helppoa, sill\u00e4 lankun katkaisemiseen riitt\u00e4\u00e4 pari viiltoa ter\u00e4v\u00e4ll\u00e4 katkoter\u00e4veitsell\u00e4, jonka j\u00e4lkeen sen saa taitettua helposti poikki. Askel\u00e4\u00e4nivaimennus on useissa malleissa valmiiksi integroituna lankun pohjaan eik\u00e4 alle tarvitse laittaa h\u00f6yrynsulkumuovia.<\/p>\n\n\n\n<p class=\"luokka1\">Myym\u00e4l\u00e4st\u00e4 l\u00f6yd\u00e4t monipuolisen varastovalikoiman sek\u00e4 tilausmallistot usealta maahantuojalta nopealla toimituksella. Vertaile malleja myym\u00e4l\u00e4ss\u00e4 ja pyyd\u00e4 mallipalat suosikeistasi.<\/p>\n\n\n<a class=\"maxbutton-1 maxbutton maxbutton-ota-yhteytta luokka1\" href=\"http:\/\/lybe.fi\/sagas\/yhteystiedot\/\"><span class='mb-text'>Ota yhteytt\u00e4<\/span><\/a><\/div>\n\n\n\n<div class=\"is-layout-flow wp-block-column luokka3\">\n<div class=\"is-layout-flex wp-container-5 wp-block-columns\">\n<div class=\"is-layout-flow wp-block-column luokka3\">\n<figure class=\"is-layout-flex wp-block-gallery-2 wp-block-gallery has-nested-images columns-default is-cropped\">\n<figure class=\"wp-block-image size-large luokka3\"><img fetchpriority=\"high\" decoding=\"async\" width=\"700\" height=\"523\" src=\"https:\/\/lybe.fi\/sagas\/wp-content\/uploads\/2022\/11\/Decofloor-Vilja.jpg\" alt=\"Varastomalli Decofloor Click, Vilja. Mallistoa saatavissa my\u00f6s 3 tilausv\u00e4ri\u00e4.\" class=\"wp-image-1823\" srcset=\"https:\/\/lybe.fi\/sagas\/wp-content\/uploads\/2022\/11\/Decofloor-Vilja.jpg 700w, https:\/\/lybe.fi\/sagas\/wp-content\/uploads\/2022\/11\/Decofloor-Vilja-300x224.jpg 300w\" sizes=\"(max-width: 700px) 100vw, 700px\" \/><figcaption class=\"wp-element-caption\">Decofloor Click, Vilja<\/figcaption><\/figure>\n\n\n\n<figure class=\"wp-block-image size-large\"><img decoding=\"async\" width=\"700\" height=\"500\" src=\"https:\/\/lybe.fi\/sagas\/wp-content\/uploads\/2022\/11\/Ultrafloor-Click-27-Kapy.jpg\" alt=\"Varastomalli Ultrafloor Click K\u00e4py. Mallistoa saatavissa my\u00f6s 7 tilausv\u00e4ri\u00e4.\" class=\"wp-image-1824\" srcset=\"https:\/\/lybe.fi\/sagas\/wp-content\/uploads\/2022\/11\/Ultrafloor-Click-27-Kapy.jpg 700w, https:\/\/lybe.fi\/sagas\/wp-content\/uploads\/2022\/11\/Ultrafloor-Click-27-Kapy-300x214.jpg 300w\" sizes=\"(max-width: 700px) 100vw, 700px\" \/><figcaption class=\"wp-element-caption\">Ultrafloor Click, K\u00e4py<\/figcaption><\/figure>\n\n\n\n<figure class=\"wp-block-image size-large\"><img decoding=\"async\" width=\"683\" height=\"1024\" src=\"https:\/\/lybe.fi\/sagas\/wp-content\/uploads\/2022\/10\/RTV-Tilakuva-vinyylilankku-Pergo-rigid-beige-valley-oak-v3631-40236-1-683x1024.jpg\" alt=\"Tilausmalli Pergo Ljysefjord Pro, Valley Oak Beige\" class=\"wp-image-1481\" srcset=\"https:\/\/lybe.fi\/sagas\/wp-content\/uploads\/2022\/10\/RTV-Tilakuva-vinyylilankku-Pergo-rigid-beige-valley-oak-v3631-40236-1-683x1024.jpg 683w, https:\/\/lybe.fi\/sagas\/wp-content\/uploads\/2022\/10\/RTV-Tilakuva-vinyylilankku-Pergo-rigid-beige-valley-oak-v3631-40236-1-200x300.jpg 200w, https:\/\/lybe.fi\/sagas\/wp-content\/uploads\/2022\/10\/RTV-Tilakuva-vinyylilankku-Pergo-rigid-beige-valley-oak-v3631-40236-1.jpg 701w\" sizes=\"(max-width: 683px) 100vw, 683px\" \/><figcaption class=\"wp-element-caption\">Pergo Ljysefjord Pro, Valley Oak Beige<\/figcaption><\/figure>\n<\/figure>\n<\/div>\n<\/div>\n<\/div>\n<\/div>\n","protected":false},"excerpt":{"rendered":"<p>Vinyylilankku sopii erinomaisesti esim. eteis- ja keitti\u00f6tiloihin, joissa lattialta vaaditaan hyv\u00e4\u00e4 kosteuden- ja kulutuksenkestoa. Lis\u00e4ksi vinyyli on verrattain l\u00e4mmin ja hiljainen lattiamateriaali. Vinyylilankkua on saatavana puukuosien lis\u00e4ksi my\u00f6s laattoina. Asentaminen on helppoa, sill\u00e4 lankun katkaisemiseen riitt\u00e4\u00e4 pari viiltoa ter\u00e4v\u00e4ll\u00e4 katkoter\u00e4veitsell\u00e4, jonka j\u00e4lkeen sen saa taitettua helposti poikki. Askel\u00e4\u00e4nivaimennus on useissa malleissa valmiiksi integroituna lankun pohjaan&hellip;&nbsp;<a href=\"https:\/\/lybe.fi\/sagas\/vinyylilankku\/\" rel=\"bookmark\">Read More &raquo;<span class=\"screen-reader-text\">Vinyylilankku<\/span><\/a><\/p>\n","protected":false},"author":1,"featured_media":0,"parent":0,"menu_order":0,"comment_status":"closed","ping_status":"closed","template":"","meta":{"neve_meta_sidebar":"","neve_meta_container":"","neve_meta_enable_content_width":"","neve_meta_content_width":0,"neve_meta_title_alignment":"","neve_meta_author_avatar":"","neve_post_elements_order":"","neve_meta_disable_header":"","neve_meta_disable_footer":"","neve_meta_disable_title":""},"featured_image_urls":{},"yoast_head":"<!-- This site is optimized with the Yoast SEO plugin v21.1 - https:\/\/yoast.com\/wordpress\/plugins\/seo\/ -->\n<title>Vinyylilankku - Sisustus-Center<\/title>\n<meta name=\"description\" content=\"Vinyylilankku sopii erinomaisesti esim. eteis- ja keitti\u00f6tiloihin, joissa lattialta vaaditaan hyv\u00e4\u00e4 kosteuden- ja kulutuksenkestoa. Lis\u00e4ksi vinyyli on verrattain l\u00e4mmin ja hiljainen lattiamateriaali. Myym\u00e4l\u00e4st\u00e4 l\u00f6yd\u00e4t monipuolisen varastovalikoiman sek\u00e4 tilausmallistot useilta maahantuojilta nopeilla toimituksilla. Vertaile malleja myym\u00e4l\u00e4ss\u00e4 ja pyyd\u00e4 mallipalat suosikeistasi.\" \/>\n<meta name=\"robots\" content=\"index, follow, max-snippet:-1, max-image-preview:large, max-video-preview:-1\" \/>\n<link rel=\"canonical\" href=\"https:\/\/lybe.fi\/sagas\/vinyylilankku\/\" \/>\n<meta property=\"og:locale\" content=\"en_US\" \/>\n<meta property=\"og:type\" content=\"article\" \/>\n<meta property=\"og:title\" content=\"Vinyylilankku - Sisustus-Center\" \/>\n<meta property=\"og:description\" content=\"Vinyylilankku sopii erinomaisesti esim. eteis- ja keitti\u00f6tiloihin, joissa lattialta vaaditaan hyv\u00e4\u00e4 kosteuden- ja kulutuksenkestoa. Lis\u00e4ksi vinyyli on verrattain l\u00e4mmin ja hiljainen lattiamateriaali. Myym\u00e4l\u00e4st\u00e4 l\u00f6yd\u00e4t monipuolisen varastovalikoiman sek\u00e4 tilausmallistot useilta maahantuojilta nopeilla toimituksilla. Vertaile malleja myym\u00e4l\u00e4ss\u00e4 ja pyyd\u00e4 mallipalat suosikeistasi.\" \/>\n<meta property=\"og:url\" content=\"https:\/\/lybe.fi\/sagas\/vinyylilankku\/\" \/>\n<meta property=\"og:site_name\" content=\"Sisustus-Center\" \/>\n<meta property=\"article:modified_time\" content=\"2022-11-30T13:56:49+00:00\" \/>\n<meta property=\"og:image\" content=\"https:\/\/lybe.fi\/sagas\/wp-content\/uploads\/2022\/11\/Decofloor-Vilja.jpg\" \/>\n<meta name=\"twitter:card\" content=\"summary_large_image\" \/>\n<meta name=\"twitter:label1\" content=\"Est. reading time\" \/>\n\t<meta name=\"twitter:data1\" content=\"1 minute\" \/>\n<script type=\"application\/ld+json\" class=\"yoast-schema-graph\">{\"@context\":\"https:\/\/schema.org\",\"@graph\":[{\"@type\":\"WebPage\",\"@id\":\"https:\/\/lybe.fi\/sagas\/vinyylilankku\/\",\"url\":\"https:\/\/lybe.fi\/sagas\/vinyylilankku\/\",\"name\":\"Vinyylilankku - Sisustus-Center\",\"isPartOf\":{\"@id\":\"https:\/\/lybe.fi\/sagas\/#website\"},\"datePublished\":\"2022-06-08T11:39:26+00:00\",\"dateModified\":\"2022-11-30T13:56:49+00:00\",\"description\":\"Vinyylilankku sopii erinomaisesti esim. eteis- ja keitti\u00f6tiloihin, joissa lattialta vaaditaan hyv\u00e4\u00e4 kosteuden- ja kulutuksenkestoa. Lis\u00e4ksi vinyyli on verrattain l\u00e4mmin ja hiljainen lattiamateriaali. Myym\u00e4l\u00e4st\u00e4 l\u00f6yd\u00e4t monipuolisen varastovalikoiman sek\u00e4 tilausmallistot useilta maahantuojilta nopeilla toimituksilla. Vertaile malleja myym\u00e4l\u00e4ss\u00e4 ja pyyd\u00e4 mallipalat suosikeistasi.\",\"breadcrumb\":{\"@id\":\"https:\/\/lybe.fi\/sagas\/vinyylilankku\/#breadcrumb\"},\"inLanguage\":\"en-US\",\"potentialAction\":[{\"@type\":\"ReadAction\",\"target\":[\"https:\/\/lybe.fi\/sagas\/vinyylilankku\/\"]}]},{\"@type\":\"BreadcrumbList\",\"@id\":\"https:\/\/lybe.fi\/sagas\/vinyylilankku\/#breadcrumb\",\"itemListElement\":[{\"@type\":\"ListItem\",\"position\":1,\"name\":\"Home\",\"item\":\"https:\/\/lybe.fi\/sagas\/\"},{\"@type\":\"ListItem\",\"position\":2,\"name\":\"Vinyylilankku\"}]},{\"@type\":\"WebSite\",\"@id\":\"https:\/\/lybe.fi\/sagas\/#website\",\"url\":\"https:\/\/lybe.fi\/sagas\/\",\"name\":\"Sisustus-Center\",\"description\":\"\",\"publisher\":{\"@id\":\"https:\/\/lybe.fi\/sagas\/#organization\"},\"potentialAction\":[{\"@type\":\"SearchAction\",\"target\":{\"@type\":\"EntryPoint\",\"urlTemplate\":\"https:\/\/lybe.fi\/sagas\/?s={search_term_string}\"},\"query-input\":\"required name=search_term_string\"}],\"inLanguage\":\"en-US\"},{\"@type\":\"Organization\",\"@id\":\"https:\/\/lybe.fi\/sagas\/#organization\",\"name\":\"Sisustus-Center\",\"url\":\"https:\/\/lybe.fi\/sagas\/\",\"logo\":{\"@type\":\"ImageObject\",\"inLanguage\":\"en-US\",\"@id\":\"https:\/\/lybe.fi\/sagas\/#\/schema\/logo\/image\/\",\"url\":\"https:\/\/lybe.fi\/sagas\/wp-content\/uploads\/2022\/05\/logo-varillinen-scaled.jpg\",\"contentUrl\":\"https:\/\/lybe.fi\/sagas\/wp-content\/uploads\/2022\/05\/logo-varillinen-scaled.jpg\",\"width\":2560,\"height\":390,\"caption\":\"Sisustus-Center\"},\"image\":{\"@id\":\"https:\/\/lybe.fi\/sagas\/#\/schema\/logo\/image\/\"}}]}<\/script>\n<!-- \/ Yoast SEO plugin. -->","yoast_head_json":{"title":"Vinyylilankku - Sisustus-Center","description":"Vinyylilankku sopii erinomaisesti esim. eteis- ja keitti\u00f6tiloihin, joissa lattialta vaaditaan hyv\u00e4\u00e4 kosteuden- ja kulutuksenkestoa. Lis\u00e4ksi vinyyli on verrattain l\u00e4mmin ja hiljainen lattiamateriaali. Myym\u00e4l\u00e4st\u00e4 l\u00f6yd\u00e4t monipuolisen varastovalikoiman sek\u00e4 tilausmallistot useilta maahantuojilta nopeilla toimituksilla. Vertaile malleja myym\u00e4l\u00e4ss\u00e4 ja pyyd\u00e4 mallipalat suosikeistasi.","robots":{"index":"index","follow":"follow","max-snippet":"max-snippet:-1","max-image-preview":"max-image-preview:large","max-video-preview":"max-video-preview:-1"},"canonical":"https:\/\/lybe.fi\/sagas\/vinyylilankku\/","og_locale":"en_US","og_type":"article","og_title":"Vinyylilankku - Sisustus-Center","og_description":"Vinyylilankku sopii erinomaisesti esim. eteis- ja keitti\u00f6tiloihin, joissa lattialta vaaditaan hyv\u00e4\u00e4 kosteuden- ja kulutuksenkestoa. Lis\u00e4ksi vinyyli on verrattain l\u00e4mmin ja hiljainen lattiamateriaali. Myym\u00e4l\u00e4st\u00e4 l\u00f6yd\u00e4t monipuolisen varastovalikoiman sek\u00e4 tilausmallistot useilta maahantuojilta nopeilla toimituksilla. Vertaile malleja myym\u00e4l\u00e4ss\u00e4 ja pyyd\u00e4 mallipalat suosikeistasi.","og_url":"https:\/\/lybe.fi\/sagas\/vinyylilankku\/","og_site_name":"Sisustus-Center","article_modified_time":"2022-11-30T13:56:49+00:00","og_image":[{"url":"https:\/\/lybe.fi\/sagas\/wp-content\/uploads\/2022\/11\/Decofloor-Vilja.jpg"}],"twitter_card":"summary_large_image","twitter_misc":{"Est. reading time":"1 minute"},"schema":{"@context":"https:\/\/schema.org","@graph":[{"@type":"WebPage","@id":"https:\/\/lybe.fi\/sagas\/vinyylilankku\/","url":"https:\/\/lybe.fi\/sagas\/vinyylilankku\/","name":"Vinyylilankku - Sisustus-Center","isPartOf":{"@id":"https:\/\/lybe.fi\/sagas\/#website"},"datePublished":"2022-06-08T11:39:26+00:00","dateModified":"2022-11-30T13:56:49+00:00","description":"Vinyylilankku sopii erinomaisesti esim. eteis- ja keitti\u00f6tiloihin, joissa lattialta vaaditaan hyv\u00e4\u00e4 kosteuden- ja kulutuksenkestoa. Lis\u00e4ksi vinyyli on verrattain l\u00e4mmin ja hiljainen lattiamateriaali. Myym\u00e4l\u00e4st\u00e4 l\u00f6yd\u00e4t monipuolisen varastovalikoiman sek\u00e4 tilausmallistot useilta maahantuojilta nopeilla toimituksilla. Vertaile malleja myym\u00e4l\u00e4ss\u00e4 ja pyyd\u00e4 mallipalat suosikeistasi.","breadcrumb":{"@id":"https:\/\/lybe.fi\/sagas\/vinyylilankku\/#breadcrumb"},"inLanguage":"en-US","potentialAction":[{"@type":"ReadAction","target":["https:\/\/lybe.fi\/sagas\/vinyylilankku\/"]}]},{"@type":"BreadcrumbList","@id":"https:\/\/lybe.fi\/sagas\/vinyylilankku\/#breadcrumb","itemListElement":[{"@type":"ListItem","position":1,"name":"Home","item":"https:\/\/lybe.fi\/sagas\/"},{"@type":"ListItem","position":2,"name":"Vinyylilankku"}]},{"@type":"WebSite","@id":"https:\/\/lybe.fi\/sagas\/#website","url":"https:\/\/lybe.fi\/sagas\/","name":"Sisustus-Center","description":"","publisher":{"@id":"https:\/\/lybe.fi\/sagas\/#organization"},"potentialAction":[{"@type":"SearchAction","target":{"@type":"EntryPoint","urlTemplate":"https:\/\/lybe.fi\/sagas\/?s={search_term_string}"},"query-input":"required name=search_term_string"}],"inLanguage":"en-US"},{"@type":"Organization","@id":"https:\/\/lybe.fi\/sagas\/#organization","name":"Sisustus-Center","url":"https:\/\/lybe.fi\/sagas\/","logo":{"@type":"ImageObject","inLanguage":"en-US","@id":"https:\/\/lybe.fi\/sagas\/#\/schema\/logo\/image\/","url":"https:\/\/lybe.fi\/sagas\/wp-content\/uploads\/2022\/05\/logo-varillinen-scaled.jpg","contentUrl":"https:\/\/lybe.fi\/sagas\/wp-content\/uploads\/2022\/05\/logo-varillinen-scaled.jpg","width":2560,"height":390,"caption":"Sisustus-Center"},"image":{"@id":"https:\/\/lybe.fi\/sagas\/#\/schema\/logo\/image\/"}}]}},"_links":{"self":[{"href":"https:\/\/lybe.fi\/sagas\/wp-json\/wp\/v2\/pages\/725"}],"collection":[{"href":"https:\/\/lybe.fi\/sagas\/wp-json\/wp\/v2\/pages"}],"about":[{"href":"https:\/\/lybe.fi\/sagas\/wp-json\/wp\/v2\/types\/page"}],"author":[{"embeddable":true,"href":"https:\/\/lybe.fi\/sagas\/wp-json\/wp\/v2\/users\/1"}],"replies":[{"embeddable":true,"href":"https:\/\/lybe.fi\/sagas\/wp-json\/wp\/v2\/comments?post=725"}],"version-history":[{"count":18,"href":"https:\/\/lybe.fi\/sagas\/wp-json\/wp\/v2\/pages\/725\/revisions"}],"predecessor-version":[{"id":2198,"href":"https:\/\/lybe.fi\/sagas\/wp-json\/wp\/v2\/pages\/725\/revisions\/2198"}],"wp:attachment":[{"href":"https:\/\/lybe.fi\/sagas\/wp-json\/wp\/v2\/media?parent=725"}],"curies":[{"name":"wp","href":"https:\/\/api.w.org\/{rel}","templated":true}]}}