{"id":729,"date":"2022-06-08T11:40:29","date_gmt":"2022-06-08T11:40:29","guid":{"rendered":"http:\/\/lybe.fi\/sagas\/?page_id=729"},"modified":"2022-11-30T14:01:37","modified_gmt":"2022-11-30T14:01:37","slug":"vinyylimatto","status":"publish","type":"page","link":"https:\/\/lybe.fi\/sagas\/vinyylimatto\/","title":{"rendered":"Vinyylimatto"},"content":{"rendered":"\n<div class=\"is-layout-flex wp-container-5 wp-block-columns\">\n<div class=\"is-layout-flow wp-block-column\">\n<p class=\"luokka1\"><strong>Vinyylimatto<\/strong> on jalan alla mukavan pehme\u00e4, hiljainen ja helppohoitoinen lattiamateriaali, jolla saa tehty\u00e4 nopeasti valmista pintaa. Malleja l\u00f6ytyy laidasta laitaan esim. lankku-, laatta- ja kivikuoseina. Joissakin malleissa on askel\u00e4\u00e4nt\u00e4 vaimentava huopapohja. Muovimatto asennetaan yleens\u00e4 \u201duivaksi\u201d lattiaksi, mutta esim. kosteiden tilojen matot pit\u00e4\u00e4 liimata. Myym\u00e4l\u00e4ss\u00e4 runsaasti varastomalleja 2m, 3m ja 4m leveyksin\u00e4.<\/p>\n<\/div>\n\n\n\n<div class=\"is-layout-flow wp-block-column luokka3\">\n<figure class=\"is-layout-flex wp-block-gallery-2 wp-block-gallery has-nested-images columns-default is-cropped\">\n<figure class=\"wp-block-image size-large luokka3\"><img fetchpriority=\"high\" decoding=\"async\" width=\"700\" height=\"808\" src=\"https:\/\/lybe.fi\/sagas\/wp-content\/uploads\/2022\/11\/Vinyylimatto-Kahrs-Blacktex-Texas-Oak-136L-tilakuva-1.jpg\" alt=\"Varastomalli K\u00e4hrs Blacktex Texas Oak. Mallistosta saatavilla varastomallien lis\u00e4ksi useita tilauskuoseja.\" class=\"wp-image-1837\" srcset=\"https:\/\/lybe.fi\/sagas\/wp-content\/uploads\/2022\/11\/Vinyylimatto-Kahrs-Blacktex-Texas-Oak-136L-tilakuva-1.jpg 700w, https:\/\/lybe.fi\/sagas\/wp-content\/uploads\/2022\/11\/Vinyylimatto-Kahrs-Blacktex-Texas-Oak-136L-tilakuva-1-260x300.jpg 260w\" sizes=\"(max-width: 700px) 100vw, 700px\" \/><figcaption class=\"wp-element-caption\">K\u00e4hrs Blacktex Texas Oak<\/figcaption><\/figure>\n\n\n\n<figure class=\"wp-block-image size-large luokka3\"><img decoding=\"async\" width=\"600\" height=\"700\" src=\"https:\/\/lybe.fi\/sagas\/wp-content\/uploads\/2022\/11\/Vinyylimatto-Tarkett-Nordic-Stabil-Gea-Light-Grey.jpg\" alt=\"Varastomalli Tarkett Nordic Stabil Gea Light Grey. Varastomallien lis\u00e4ksi mallistossa useita tilauskuoseja.\" class=\"wp-image-1836\" srcset=\"https:\/\/lybe.fi\/sagas\/wp-content\/uploads\/2022\/11\/Vinyylimatto-Tarkett-Nordic-Stabil-Gea-Light-Grey.jpg 600w, https:\/\/lybe.fi\/sagas\/wp-content\/uploads\/2022\/11\/Vinyylimatto-Tarkett-Nordic-Stabil-Gea-Light-Grey-257x300.jpg 257w\" sizes=\"(max-width: 600px) 100vw, 600px\" \/><figcaption class=\"wp-element-caption\">Tarkett Nordic Stabil Gea Light Grey<\/figcaption><\/figure>\n<\/figure>\n<\/div>\n<\/div>\n","protected":false},"excerpt":{"rendered":"<p>Vinyylimatto on jalan alla mukavan pehme\u00e4, hiljainen ja helppohoitoinen lattiamateriaali, jolla saa tehty\u00e4 nopeasti valmista pintaa. Malleja l\u00f6ytyy laidasta laitaan esim. lankku-, laatta- ja kivikuoseina. Joissakin malleissa on askel\u00e4\u00e4nt\u00e4 vaimentava huopapohja. Muovimatto asennetaan yleens\u00e4 \u201duivaksi\u201d lattiaksi, mutta esim. kosteiden tilojen matot pit\u00e4\u00e4 liimata. Myym\u00e4l\u00e4ss\u00e4 runsaasti varastomalleja 2m, 3m ja 4m leveyksin\u00e4.<\/p>\n","protected":false},"author":1,"featured_media":0,"parent":0,"menu_order":0,"comment_status":"closed","ping_status":"closed","template":"","meta":{"neve_meta_sidebar":"","neve_meta_container":"","neve_meta_enable_content_width":"","neve_meta_content_width":0,"neve_meta_title_alignment":"","neve_meta_author_avatar":"","neve_post_elements_order":"","neve_meta_disable_header":"","neve_meta_disable_footer":"","neve_meta_disable_title":""},"featured_image_urls":{},"yoast_head":"<!-- This site is optimized with the Yoast SEO plugin v21.1 - https:\/\/yoast.com\/wordpress\/plugins\/seo\/ -->\n<title>Vinyylimatto - Sisustus-Center<\/title>\n<meta name=\"description\" content=\"Vinyylimatto on jalan alla mukavan pehme\u00e4, hiljainen ja helppohoitoinen lattiamateriaali, jolla saa tehty\u00e4 nopeasti valmista pintaa. Malleja l\u00f6ytyy laidasta laitaan esim. lankku-, laatta- ja kivikuoseina. Joissakin malleissa on askel\u00e4\u00e4nt\u00e4 vaimentava huopapohja. Muovimatto asennetaan yleens\u00e4 \u201duivaksi\u201d lattiaksi, mutta esim. kosteiden tilojen matot pit\u00e4\u00e4 liimata. Myym\u00e4l\u00e4ss\u00e4 runsaasti varastomalleja 2m, 3m ja 4m leveyksin\u00e4.\" \/>\n<meta name=\"robots\" content=\"index, follow, max-snippet:-1, max-image-preview:large, max-video-preview:-1\" \/>\n<link rel=\"canonical\" href=\"https:\/\/lybe.fi\/sagas\/vinyylimatto\/\" \/>\n<meta property=\"og:locale\" content=\"en_US\" \/>\n<meta property=\"og:type\" content=\"article\" \/>\n<meta property=\"og:title\" content=\"Vinyylimatto - Sisustus-Center\" \/>\n<meta property=\"og:description\" content=\"Vinyylimatto on jalan alla mukavan pehme\u00e4, hiljainen ja helppohoitoinen lattiamateriaali, jolla saa tehty\u00e4 nopeasti valmista pintaa. Malleja l\u00f6ytyy laidasta laitaan esim. lankku-, laatta- ja kivikuoseina. Joissakin malleissa on askel\u00e4\u00e4nt\u00e4 vaimentava huopapohja. Muovimatto asennetaan yleens\u00e4 \u201duivaksi\u201d lattiaksi, mutta esim. kosteiden tilojen matot pit\u00e4\u00e4 liimata. Myym\u00e4l\u00e4ss\u00e4 runsaasti varastomalleja 2m, 3m ja 4m leveyksin\u00e4.\" \/>\n<meta property=\"og:url\" content=\"https:\/\/lybe.fi\/sagas\/vinyylimatto\/\" \/>\n<meta property=\"og:site_name\" content=\"Sisustus-Center\" \/>\n<meta property=\"article:modified_time\" content=\"2022-11-30T14:01:37+00:00\" \/>\n<meta property=\"og:image\" content=\"https:\/\/lybe.fi\/sagas\/wp-content\/uploads\/2022\/11\/Vinyylimatto-Kahrs-Blacktex-Texas-Oak-136L-tilakuva-1.jpg\" \/>\n<meta name=\"twitter:card\" content=\"summary_large_image\" \/>\n<meta name=\"twitter:label1\" content=\"Est. reading time\" \/>\n\t<meta name=\"twitter:data1\" content=\"1 minute\" \/>\n<script type=\"application\/ld+json\" class=\"yoast-schema-graph\">{\"@context\":\"https:\/\/schema.org\",\"@graph\":[{\"@type\":\"WebPage\",\"@id\":\"https:\/\/lybe.fi\/sagas\/vinyylimatto\/\",\"url\":\"https:\/\/lybe.fi\/sagas\/vinyylimatto\/\",\"name\":\"Vinyylimatto - Sisustus-Center\",\"isPartOf\":{\"@id\":\"https:\/\/lybe.fi\/sagas\/#website\"},\"datePublished\":\"2022-06-08T11:40:29+00:00\",\"dateModified\":\"2022-11-30T14:01:37+00:00\",\"description\":\"Vinyylimatto on jalan alla mukavan pehme\u00e4, hiljainen ja helppohoitoinen lattiamateriaali, jolla saa tehty\u00e4 nopeasti valmista pintaa. Malleja l\u00f6ytyy laidasta laitaan esim. lankku-, laatta- ja kivikuoseina. Joissakin malleissa on askel\u00e4\u00e4nt\u00e4 vaimentava huopapohja. Muovimatto asennetaan yleens\u00e4 \u201duivaksi\u201d lattiaksi, mutta esim. kosteiden tilojen matot pit\u00e4\u00e4 liimata. Myym\u00e4l\u00e4ss\u00e4 runsaasti varastomalleja 2m, 3m ja 4m leveyksin\u00e4.\",\"breadcrumb\":{\"@id\":\"https:\/\/lybe.fi\/sagas\/vinyylimatto\/#breadcrumb\"},\"inLanguage\":\"en-US\",\"potentialAction\":[{\"@type\":\"ReadAction\",\"target\":[\"https:\/\/lybe.fi\/sagas\/vinyylimatto\/\"]}]},{\"@type\":\"BreadcrumbList\",\"@id\":\"https:\/\/lybe.fi\/sagas\/vinyylimatto\/#breadcrumb\",\"itemListElement\":[{\"@type\":\"ListItem\",\"position\":1,\"name\":\"Home\",\"item\":\"https:\/\/lybe.fi\/sagas\/\"},{\"@type\":\"ListItem\",\"position\":2,\"name\":\"Vinyylimatto\"}]},{\"@type\":\"WebSite\",\"@id\":\"https:\/\/lybe.fi\/sagas\/#website\",\"url\":\"https:\/\/lybe.fi\/sagas\/\",\"name\":\"Sisustus-Center\",\"description\":\"\",\"publisher\":{\"@id\":\"https:\/\/lybe.fi\/sagas\/#organization\"},\"potentialAction\":[{\"@type\":\"SearchAction\",\"target\":{\"@type\":\"EntryPoint\",\"urlTemplate\":\"https:\/\/lybe.fi\/sagas\/?s={search_term_string}\"},\"query-input\":\"required name=search_term_string\"}],\"inLanguage\":\"en-US\"},{\"@type\":\"Organization\",\"@id\":\"https:\/\/lybe.fi\/sagas\/#organization\",\"name\":\"Sisustus-Center\",\"url\":\"https:\/\/lybe.fi\/sagas\/\",\"logo\":{\"@type\":\"ImageObject\",\"inLanguage\":\"en-US\",\"@id\":\"https:\/\/lybe.fi\/sagas\/#\/schema\/logo\/image\/\",\"url\":\"https:\/\/lybe.fi\/sagas\/wp-content\/uploads\/2022\/05\/logo-varillinen-scaled.jpg\",\"contentUrl\":\"https:\/\/lybe.fi\/sagas\/wp-content\/uploads\/2022\/05\/logo-varillinen-scaled.jpg\",\"width\":2560,\"height\":390,\"caption\":\"Sisustus-Center\"},\"image\":{\"@id\":\"https:\/\/lybe.fi\/sagas\/#\/schema\/logo\/image\/\"}}]}<\/script>\n<!-- \/ Yoast SEO plugin. -->","yoast_head_json":{"title":"Vinyylimatto - Sisustus-Center","description":"Vinyylimatto on jalan alla mukavan pehme\u00e4, hiljainen ja helppohoitoinen lattiamateriaali, jolla saa tehty\u00e4 nopeasti valmista pintaa. Malleja l\u00f6ytyy laidasta laitaan esim. lankku-, laatta- ja kivikuoseina. Joissakin malleissa on askel\u00e4\u00e4nt\u00e4 vaimentava huopapohja. Muovimatto asennetaan yleens\u00e4 \u201duivaksi\u201d lattiaksi, mutta esim. kosteiden tilojen matot pit\u00e4\u00e4 liimata. Myym\u00e4l\u00e4ss\u00e4 runsaasti varastomalleja 2m, 3m ja 4m leveyksin\u00e4.","robots":{"index":"index","follow":"follow","max-snippet":"max-snippet:-1","max-image-preview":"max-image-preview:large","max-video-preview":"max-video-preview:-1"},"canonical":"https:\/\/lybe.fi\/sagas\/vinyylimatto\/","og_locale":"en_US","og_type":"article","og_title":"Vinyylimatto - Sisustus-Center","og_description":"Vinyylimatto on jalan alla mukavan pehme\u00e4, hiljainen ja helppohoitoinen lattiamateriaali, jolla saa tehty\u00e4 nopeasti valmista pintaa. Malleja l\u00f6ytyy laidasta laitaan esim. lankku-, laatta- ja kivikuoseina. Joissakin malleissa on askel\u00e4\u00e4nt\u00e4 vaimentava huopapohja. Muovimatto asennetaan yleens\u00e4 \u201duivaksi\u201d lattiaksi, mutta esim. kosteiden tilojen matot pit\u00e4\u00e4 liimata. Myym\u00e4l\u00e4ss\u00e4 runsaasti varastomalleja 2m, 3m ja 4m leveyksin\u00e4.","og_url":"https:\/\/lybe.fi\/sagas\/vinyylimatto\/","og_site_name":"Sisustus-Center","article_modified_time":"2022-11-30T14:01:37+00:00","og_image":[{"url":"https:\/\/lybe.fi\/sagas\/wp-content\/uploads\/2022\/11\/Vinyylimatto-Kahrs-Blacktex-Texas-Oak-136L-tilakuva-1.jpg"}],"twitter_card":"summary_large_image","twitter_misc":{"Est. reading time":"1 minute"},"schema":{"@context":"https:\/\/schema.org","@graph":[{"@type":"WebPage","@id":"https:\/\/lybe.fi\/sagas\/vinyylimatto\/","url":"https:\/\/lybe.fi\/sagas\/vinyylimatto\/","name":"Vinyylimatto - Sisustus-Center","isPartOf":{"@id":"https:\/\/lybe.fi\/sagas\/#website"},"datePublished":"2022-06-08T11:40:29+00:00","dateModified":"2022-11-30T14:01:37+00:00","description":"Vinyylimatto on jalan alla mukavan pehme\u00e4, hiljainen ja helppohoitoinen lattiamateriaali, jolla saa tehty\u00e4 nopeasti valmista pintaa. Malleja l\u00f6ytyy laidasta laitaan esim. lankku-, laatta- ja kivikuoseina. Joissakin malleissa on askel\u00e4\u00e4nt\u00e4 vaimentava huopapohja. Muovimatto asennetaan yleens\u00e4 \u201duivaksi\u201d lattiaksi, mutta esim. kosteiden tilojen matot pit\u00e4\u00e4 liimata. Myym\u00e4l\u00e4ss\u00e4 runsaasti varastomalleja 2m, 3m ja 4m leveyksin\u00e4.","breadcrumb":{"@id":"https:\/\/lybe.fi\/sagas\/vinyylimatto\/#breadcrumb"},"inLanguage":"en-US","potentialAction":[{"@type":"ReadAction","target":["https:\/\/lybe.fi\/sagas\/vinyylimatto\/"]}]},{"@type":"BreadcrumbList","@id":"https:\/\/lybe.fi\/sagas\/vinyylimatto\/#breadcrumb","itemListElement":[{"@type":"ListItem","position":1,"name":"Home","item":"https:\/\/lybe.fi\/sagas\/"},{"@type":"ListItem","position":2,"name":"Vinyylimatto"}]},{"@type":"WebSite","@id":"https:\/\/lybe.fi\/sagas\/#website","url":"https:\/\/lybe.fi\/sagas\/","name":"Sisustus-Center","description":"","publisher":{"@id":"https:\/\/lybe.fi\/sagas\/#organization"},"potentialAction":[{"@type":"SearchAction","target":{"@type":"EntryPoint","urlTemplate":"https:\/\/lybe.fi\/sagas\/?s={search_term_string}"},"query-input":"required name=search_term_string"}],"inLanguage":"en-US"},{"@type":"Organization","@id":"https:\/\/lybe.fi\/sagas\/#organization","name":"Sisustus-Center","url":"https:\/\/lybe.fi\/sagas\/","logo":{"@type":"ImageObject","inLanguage":"en-US","@id":"https:\/\/lybe.fi\/sagas\/#\/schema\/logo\/image\/","url":"https:\/\/lybe.fi\/sagas\/wp-content\/uploads\/2022\/05\/logo-varillinen-scaled.jpg","contentUrl":"https:\/\/lybe.fi\/sagas\/wp-content\/uploads\/2022\/05\/logo-varillinen-scaled.jpg","width":2560,"height":390,"caption":"Sisustus-Center"},"image":{"@id":"https:\/\/lybe.fi\/sagas\/#\/schema\/logo\/image\/"}}]}},"_links":{"self":[{"href":"https:\/\/lybe.fi\/sagas\/wp-json\/wp\/v2\/pages\/729"}],"collection":[{"href":"https:\/\/lybe.fi\/sagas\/wp-json\/wp\/v2\/pages"}],"about":[{"href":"https:\/\/lybe.fi\/sagas\/wp-json\/wp\/v2\/types\/page"}],"author":[{"embeddable":true,"href":"https:\/\/lybe.fi\/sagas\/wp-json\/wp\/v2\/users\/1"}],"replies":[{"embeddable":true,"href":"https:\/\/lybe.fi\/sagas\/wp-json\/wp\/v2\/comments?post=729"}],"version-history":[{"count":10,"href":"https:\/\/lybe.fi\/sagas\/wp-json\/wp\/v2\/pages\/729\/revisions"}],"predecessor-version":[{"id":2202,"href":"https:\/\/lybe.fi\/sagas\/wp-json\/wp\/v2\/pages\/729\/revisions\/2202"}],"wp:attachment":[{"href":"https:\/\/lybe.fi\/sagas\/wp-json\/wp\/v2\/media?parent=729"}],"curies":[{"name":"wp","href":"https:\/\/api.w.org\/{rel}","templated":true}]}}