{"id":743,"date":"2022-06-08T12:16:50","date_gmt":"2022-06-08T12:16:50","guid":{"rendered":"http:\/\/lybe.fi\/sagas\/?page_id=743"},"modified":"2022-11-30T14:06:17","modified_gmt":"2022-11-30T14:06:17","slug":"kaytavamatot","status":"publish","type":"page","link":"https:\/\/lybe.fi\/sagas\/kaytavamatot\/","title":{"rendered":"K\u00e4yt\u00e4v\u00e4matot"},"content":{"rendered":"\n<div class=\"is-layout-flex wp-container-5 wp-block-columns\">\n<div class=\"is-layout-flow wp-block-column\">\n<div class=\"is-layout-flex wp-container-3 wp-block-columns\">\n<div class=\"is-layout-flow wp-block-column luokka1\"><p class=\"fonts-plugin-block luokka1\"><strong>K\u00e4yt\u00e4v\u00e4matot<\/strong> ovat p\u00f6ly\u00e4m\u00e4tt\u00f6mi\u00e4 ja helppohoitoisia mattoja etenkin eteisen k\u00e4yt\u00e4v\u00e4lle ja aulatiloihin. Valikoimasta l\u00f6ytyy mm. lateksipohjaisia kulutusta kest\u00e4vi\u00e4 bukleemattoja sek\u00e4 sile\u00e4ksi kudottuja l\u00e4pip\u00e4\u00e4st\u00e4vi\u00e4 k\u00e4yt\u00e4v\u00e4mattoja, jotka soveltuvat my\u00f6s parvekkeelle. K\u00e4yt\u00e4v\u00e4mattojen p\u00e4\u00e4dyt viimeistell\u00e4\u00e4n lankakanttauksella. Hoitona s\u00e4\u00e4nn\u00f6llinen imurointi, tuuletus ja tarvittaessa vesipesu.<\/p><\/div>\n\n\n\n<div class=\"is-layout-flow wp-block-column\">\n<figure class=\"wp-block-image size-large luokka3\"><img fetchpriority=\"high\" decoding=\"async\" width=\"1024\" height=\"624\" src=\"https:\/\/lybe.fi\/sagas\/wp-content\/uploads\/2022\/10\/Kaytavamatot-1024x624.jpg\" alt=\"K\u00e4yt\u00e4v\u00e4matot leikataan rullasta haluttuun mittaan.\" class=\"wp-image-1460\" srcset=\"https:\/\/lybe.fi\/sagas\/wp-content\/uploads\/2022\/10\/Kaytavamatot-1024x624.jpg 1024w, https:\/\/lybe.fi\/sagas\/wp-content\/uploads\/2022\/10\/Kaytavamatot-300x183.jpg 300w, https:\/\/lybe.fi\/sagas\/wp-content\/uploads\/2022\/10\/Kaytavamatot-768x468.jpg 768w, https:\/\/lybe.fi\/sagas\/wp-content\/uploads\/2022\/10\/Kaytavamatot-1536x937.jpg 1536w, https:\/\/lybe.fi\/sagas\/wp-content\/uploads\/2022\/10\/Kaytavamatot-2048x1249.jpg 2048w\" sizes=\"(max-width: 1024px) 100vw, 1024px\" \/><figcaption class=\"wp-element-caption\">K\u00c4YT\u00c4V\u00c4MATOT LEIKATAAN RULLASTA HALUTTUUN MITTAAN.<\/figcaption><\/figure>\n<\/div>\n<\/div>\n<\/div>\n<\/div>\n","protected":false},"excerpt":{"rendered":"","protected":false},"author":1,"featured_media":0,"parent":0,"menu_order":0,"comment_status":"closed","ping_status":"closed","template":"","meta":{"neve_meta_sidebar":"","neve_meta_container":"","neve_meta_enable_content_width":"","neve_meta_content_width":0,"neve_meta_title_alignment":"","neve_meta_author_avatar":"","neve_post_elements_order":"","neve_meta_disable_header":"","neve_meta_disable_footer":"","neve_meta_disable_title":""},"featured_image_urls":{},"yoast_head":"<!-- This site is optimized with the Yoast SEO plugin v21.1 - https:\/\/yoast.com\/wordpress\/plugins\/seo\/ -->\n<title>K\u00e4yt\u00e4v\u00e4matot - Sisustus-Center<\/title>\n<meta name=\"description\" content=\"K\u00e4yt\u00e4v\u00e4matot ovat p\u00f6ly\u00e4m\u00e4tt\u00f6mi\u00e4 ja helppohoitoisia mattoja etenkin eteisen k\u00e4yt\u00e4v\u00e4lle ja aulatiloihin. Valikoimasta l\u00f6ytyy mm. lateksipohjaisia kulutusta kest\u00e4vi\u00e4 bukleemattoja sek\u00e4 sile\u00e4ksi kudottuja l\u00e4pip\u00e4\u00e4st\u00e4vi\u00e4 k\u00e4yt\u00e4v\u00e4mattoja, jotka soveltuvat my\u00f6s parvekkeelle. K\u00e4yt\u00e4v\u00e4mattojen p\u00e4\u00e4dyt viimeistell\u00e4\u00e4n lankakanttauksella. Hoitona s\u00e4\u00e4nn\u00f6llinen imurointi, tuuletus ja tarvittaessa vesipesu.\" \/>\n<meta name=\"robots\" content=\"index, follow, max-snippet:-1, max-image-preview:large, max-video-preview:-1\" \/>\n<link rel=\"canonical\" href=\"https:\/\/lybe.fi\/sagas\/kaytavamatot\/\" \/>\n<meta property=\"og:locale\" content=\"en_US\" \/>\n<meta property=\"og:type\" content=\"article\" \/>\n<meta property=\"og:title\" content=\"K\u00e4yt\u00e4v\u00e4matot - Sisustus-Center\" \/>\n<meta property=\"og:description\" content=\"K\u00e4yt\u00e4v\u00e4matot ovat p\u00f6ly\u00e4m\u00e4tt\u00f6mi\u00e4 ja helppohoitoisia mattoja etenkin eteisen k\u00e4yt\u00e4v\u00e4lle ja aulatiloihin. Valikoimasta l\u00f6ytyy mm. lateksipohjaisia kulutusta kest\u00e4vi\u00e4 bukleemattoja sek\u00e4 sile\u00e4ksi kudottuja l\u00e4pip\u00e4\u00e4st\u00e4vi\u00e4 k\u00e4yt\u00e4v\u00e4mattoja, jotka soveltuvat my\u00f6s parvekkeelle. K\u00e4yt\u00e4v\u00e4mattojen p\u00e4\u00e4dyt viimeistell\u00e4\u00e4n lankakanttauksella. Hoitona s\u00e4\u00e4nn\u00f6llinen imurointi, tuuletus ja tarvittaessa vesipesu.\" \/>\n<meta property=\"og:url\" content=\"https:\/\/lybe.fi\/sagas\/kaytavamatot\/\" \/>\n<meta property=\"og:site_name\" content=\"Sisustus-Center\" \/>\n<meta property=\"article:modified_time\" content=\"2022-11-30T14:06:17+00:00\" \/>\n<meta property=\"og:image\" content=\"https:\/\/lybe.fi\/sagas\/wp-content\/uploads\/2022\/10\/Kaytavamatot-1024x624.jpg\" \/>\n<meta name=\"twitter:card\" content=\"summary_large_image\" \/>\n<meta name=\"twitter:label1\" content=\"Est. reading time\" \/>\n\t<meta name=\"twitter:data1\" content=\"1 minute\" \/>\n<script type=\"application\/ld+json\" class=\"yoast-schema-graph\">{\"@context\":\"https:\/\/schema.org\",\"@graph\":[{\"@type\":\"WebPage\",\"@id\":\"https:\/\/lybe.fi\/sagas\/kaytavamatot\/\",\"url\":\"https:\/\/lybe.fi\/sagas\/kaytavamatot\/\",\"name\":\"K\u00e4yt\u00e4v\u00e4matot - Sisustus-Center\",\"isPartOf\":{\"@id\":\"https:\/\/lybe.fi\/sagas\/#website\"},\"datePublished\":\"2022-06-08T12:16:50+00:00\",\"dateModified\":\"2022-11-30T14:06:17+00:00\",\"description\":\"K\u00e4yt\u00e4v\u00e4matot ovat p\u00f6ly\u00e4m\u00e4tt\u00f6mi\u00e4 ja helppohoitoisia mattoja etenkin eteisen k\u00e4yt\u00e4v\u00e4lle ja aulatiloihin. Valikoimasta l\u00f6ytyy mm. lateksipohjaisia kulutusta kest\u00e4vi\u00e4 bukleemattoja sek\u00e4 sile\u00e4ksi kudottuja l\u00e4pip\u00e4\u00e4st\u00e4vi\u00e4 k\u00e4yt\u00e4v\u00e4mattoja, jotka soveltuvat my\u00f6s parvekkeelle. K\u00e4yt\u00e4v\u00e4mattojen p\u00e4\u00e4dyt viimeistell\u00e4\u00e4n lankakanttauksella. Hoitona s\u00e4\u00e4nn\u00f6llinen imurointi, tuuletus ja tarvittaessa vesipesu.\",\"breadcrumb\":{\"@id\":\"https:\/\/lybe.fi\/sagas\/kaytavamatot\/#breadcrumb\"},\"inLanguage\":\"en-US\",\"potentialAction\":[{\"@type\":\"ReadAction\",\"target\":[\"https:\/\/lybe.fi\/sagas\/kaytavamatot\/\"]}]},{\"@type\":\"BreadcrumbList\",\"@id\":\"https:\/\/lybe.fi\/sagas\/kaytavamatot\/#breadcrumb\",\"itemListElement\":[{\"@type\":\"ListItem\",\"position\":1,\"name\":\"Home\",\"item\":\"https:\/\/lybe.fi\/sagas\/\"},{\"@type\":\"ListItem\",\"position\":2,\"name\":\"K\u00e4yt\u00e4v\u00e4matot\"}]},{\"@type\":\"WebSite\",\"@id\":\"https:\/\/lybe.fi\/sagas\/#website\",\"url\":\"https:\/\/lybe.fi\/sagas\/\",\"name\":\"Sisustus-Center\",\"description\":\"\",\"publisher\":{\"@id\":\"https:\/\/lybe.fi\/sagas\/#organization\"},\"potentialAction\":[{\"@type\":\"SearchAction\",\"target\":{\"@type\":\"EntryPoint\",\"urlTemplate\":\"https:\/\/lybe.fi\/sagas\/?s={search_term_string}\"},\"query-input\":\"required name=search_term_string\"}],\"inLanguage\":\"en-US\"},{\"@type\":\"Organization\",\"@id\":\"https:\/\/lybe.fi\/sagas\/#organization\",\"name\":\"Sisustus-Center\",\"url\":\"https:\/\/lybe.fi\/sagas\/\",\"logo\":{\"@type\":\"ImageObject\",\"inLanguage\":\"en-US\",\"@id\":\"https:\/\/lybe.fi\/sagas\/#\/schema\/logo\/image\/\",\"url\":\"https:\/\/lybe.fi\/sagas\/wp-content\/uploads\/2022\/05\/logo-varillinen-scaled.jpg\",\"contentUrl\":\"https:\/\/lybe.fi\/sagas\/wp-content\/uploads\/2022\/05\/logo-varillinen-scaled.jpg\",\"width\":2560,\"height\":390,\"caption\":\"Sisustus-Center\"},\"image\":{\"@id\":\"https:\/\/lybe.fi\/sagas\/#\/schema\/logo\/image\/\"}}]}<\/script>\n<!-- \/ Yoast SEO plugin. -->","yoast_head_json":{"title":"K\u00e4yt\u00e4v\u00e4matot - Sisustus-Center","description":"K\u00e4yt\u00e4v\u00e4matot ovat p\u00f6ly\u00e4m\u00e4tt\u00f6mi\u00e4 ja helppohoitoisia mattoja etenkin eteisen k\u00e4yt\u00e4v\u00e4lle ja aulatiloihin. Valikoimasta l\u00f6ytyy mm. lateksipohjaisia kulutusta kest\u00e4vi\u00e4 bukleemattoja sek\u00e4 sile\u00e4ksi kudottuja l\u00e4pip\u00e4\u00e4st\u00e4vi\u00e4 k\u00e4yt\u00e4v\u00e4mattoja, jotka soveltuvat my\u00f6s parvekkeelle. K\u00e4yt\u00e4v\u00e4mattojen p\u00e4\u00e4dyt viimeistell\u00e4\u00e4n lankakanttauksella. Hoitona s\u00e4\u00e4nn\u00f6llinen imurointi, tuuletus ja tarvittaessa vesipesu.","robots":{"index":"index","follow":"follow","max-snippet":"max-snippet:-1","max-image-preview":"max-image-preview:large","max-video-preview":"max-video-preview:-1"},"canonical":"https:\/\/lybe.fi\/sagas\/kaytavamatot\/","og_locale":"en_US","og_type":"article","og_title":"K\u00e4yt\u00e4v\u00e4matot - Sisustus-Center","og_description":"K\u00e4yt\u00e4v\u00e4matot ovat p\u00f6ly\u00e4m\u00e4tt\u00f6mi\u00e4 ja helppohoitoisia mattoja etenkin eteisen k\u00e4yt\u00e4v\u00e4lle ja aulatiloihin. Valikoimasta l\u00f6ytyy mm. lateksipohjaisia kulutusta kest\u00e4vi\u00e4 bukleemattoja sek\u00e4 sile\u00e4ksi kudottuja l\u00e4pip\u00e4\u00e4st\u00e4vi\u00e4 k\u00e4yt\u00e4v\u00e4mattoja, jotka soveltuvat my\u00f6s parvekkeelle. K\u00e4yt\u00e4v\u00e4mattojen p\u00e4\u00e4dyt viimeistell\u00e4\u00e4n lankakanttauksella. Hoitona s\u00e4\u00e4nn\u00f6llinen imurointi, tuuletus ja tarvittaessa vesipesu.","og_url":"https:\/\/lybe.fi\/sagas\/kaytavamatot\/","og_site_name":"Sisustus-Center","article_modified_time":"2022-11-30T14:06:17+00:00","og_image":[{"url":"https:\/\/lybe.fi\/sagas\/wp-content\/uploads\/2022\/10\/Kaytavamatot-1024x624.jpg"}],"twitter_card":"summary_large_image","twitter_misc":{"Est. reading time":"1 minute"},"schema":{"@context":"https:\/\/schema.org","@graph":[{"@type":"WebPage","@id":"https:\/\/lybe.fi\/sagas\/kaytavamatot\/","url":"https:\/\/lybe.fi\/sagas\/kaytavamatot\/","name":"K\u00e4yt\u00e4v\u00e4matot - Sisustus-Center","isPartOf":{"@id":"https:\/\/lybe.fi\/sagas\/#website"},"datePublished":"2022-06-08T12:16:50+00:00","dateModified":"2022-11-30T14:06:17+00:00","description":"K\u00e4yt\u00e4v\u00e4matot ovat p\u00f6ly\u00e4m\u00e4tt\u00f6mi\u00e4 ja helppohoitoisia mattoja etenkin eteisen k\u00e4yt\u00e4v\u00e4lle ja aulatiloihin. Valikoimasta l\u00f6ytyy mm. lateksipohjaisia kulutusta kest\u00e4vi\u00e4 bukleemattoja sek\u00e4 sile\u00e4ksi kudottuja l\u00e4pip\u00e4\u00e4st\u00e4vi\u00e4 k\u00e4yt\u00e4v\u00e4mattoja, jotka soveltuvat my\u00f6s parvekkeelle. K\u00e4yt\u00e4v\u00e4mattojen p\u00e4\u00e4dyt viimeistell\u00e4\u00e4n lankakanttauksella. Hoitona s\u00e4\u00e4nn\u00f6llinen imurointi, tuuletus ja tarvittaessa vesipesu.","breadcrumb":{"@id":"https:\/\/lybe.fi\/sagas\/kaytavamatot\/#breadcrumb"},"inLanguage":"en-US","potentialAction":[{"@type":"ReadAction","target":["https:\/\/lybe.fi\/sagas\/kaytavamatot\/"]}]},{"@type":"BreadcrumbList","@id":"https:\/\/lybe.fi\/sagas\/kaytavamatot\/#breadcrumb","itemListElement":[{"@type":"ListItem","position":1,"name":"Home","item":"https:\/\/lybe.fi\/sagas\/"},{"@type":"ListItem","position":2,"name":"K\u00e4yt\u00e4v\u00e4matot"}]},{"@type":"WebSite","@id":"https:\/\/lybe.fi\/sagas\/#website","url":"https:\/\/lybe.fi\/sagas\/","name":"Sisustus-Center","description":"","publisher":{"@id":"https:\/\/lybe.fi\/sagas\/#organization"},"potentialAction":[{"@type":"SearchAction","target":{"@type":"EntryPoint","urlTemplate":"https:\/\/lybe.fi\/sagas\/?s={search_term_string}"},"query-input":"required name=search_term_string"}],"inLanguage":"en-US"},{"@type":"Organization","@id":"https:\/\/lybe.fi\/sagas\/#organization","name":"Sisustus-Center","url":"https:\/\/lybe.fi\/sagas\/","logo":{"@type":"ImageObject","inLanguage":"en-US","@id":"https:\/\/lybe.fi\/sagas\/#\/schema\/logo\/image\/","url":"https:\/\/lybe.fi\/sagas\/wp-content\/uploads\/2022\/05\/logo-varillinen-scaled.jpg","contentUrl":"https:\/\/lybe.fi\/sagas\/wp-content\/uploads\/2022\/05\/logo-varillinen-scaled.jpg","width":2560,"height":390,"caption":"Sisustus-Center"},"image":{"@id":"https:\/\/lybe.fi\/sagas\/#\/schema\/logo\/image\/"}}]}},"_links":{"self":[{"href":"https:\/\/lybe.fi\/sagas\/wp-json\/wp\/v2\/pages\/743"}],"collection":[{"href":"https:\/\/lybe.fi\/sagas\/wp-json\/wp\/v2\/pages"}],"about":[{"href":"https:\/\/lybe.fi\/sagas\/wp-json\/wp\/v2\/types\/page"}],"author":[{"embeddable":true,"href":"https:\/\/lybe.fi\/sagas\/wp-json\/wp\/v2\/users\/1"}],"replies":[{"embeddable":true,"href":"https:\/\/lybe.fi\/sagas\/wp-json\/wp\/v2\/comments?post=743"}],"version-history":[{"count":13,"href":"https:\/\/lybe.fi\/sagas\/wp-json\/wp\/v2\/pages\/743\/revisions"}],"predecessor-version":[{"id":2207,"href":"https:\/\/lybe.fi\/sagas\/wp-json\/wp\/v2\/pages\/743\/revisions\/2207"}],"wp:attachment":[{"href":"https:\/\/lybe.fi\/sagas\/wp-json\/wp\/v2\/media?parent=743"}],"curies":[{"name":"wp","href":"https:\/\/api.w.org\/{rel}","templated":true}]}}