{"id":747,"date":"2022-06-08T12:18:15","date_gmt":"2022-06-08T12:18:15","guid":{"rendered":"http:\/\/lybe.fi\/sagas\/?page_id=747"},"modified":"2022-11-30T14:14:26","modified_gmt":"2022-11-30T14:14:26","slug":"terassimatot","status":"publish","type":"page","link":"https:\/\/lybe.fi\/sagas\/terassimatot\/","title":{"rendered":"Terassimatot"},"content":{"rendered":"\n<div class=\"is-layout-flex wp-container-3 wp-block-columns\">\n<div class=\"is-layout-flow wp-block-column\">\n<p class=\"luokka1\"><strong>Terassimatto <\/strong>soveltuu ulkotiloihin parvekkeille ja terasseille, jossa se voi olla paikallaan ymp\u00e4ri vuoden.&nbsp; Nappulapohjan ansiosta maton ja lattian v\u00e4liin j\u00e4\u00e4 ilmarako, joten matto kuivuu nopeasti ja tuntuu mukavalta jalan alla.&nbsp;Rullaleveydet 134 cm ja 200 cm. Leikkaamme matot rullasta haluamaasi mittaan.<\/p>\n<\/div>\n\n\n\n<div class=\"is-layout-flow wp-block-column\">\n<figure class=\"wp-block-image size-large\"><img fetchpriority=\"high\" decoding=\"async\" width=\"1024\" height=\"680\" src=\"https:\/\/lybe.fi\/sagas\/wp-content\/uploads\/2022\/11\/Terassimatto-Green-1024x680.jpg\" alt=\"Terassimattoa on saatavana useita eri v\u00e4rej\u00e4. Rullaleveydet 134 cm ja 200 cm, joista leikkaamme haluttuun pituuteen. \" class=\"wp-image-2119\" srcset=\"https:\/\/lybe.fi\/sagas\/wp-content\/uploads\/2022\/11\/Terassimatto-Green-1024x680.jpg 1024w, https:\/\/lybe.fi\/sagas\/wp-content\/uploads\/2022\/11\/Terassimatto-Green-300x199.jpg 300w, https:\/\/lybe.fi\/sagas\/wp-content\/uploads\/2022\/11\/Terassimatto-Green-768x510.jpg 768w, https:\/\/lybe.fi\/sagas\/wp-content\/uploads\/2022\/11\/Terassimatto-Green-1536x1020.jpg 1536w, https:\/\/lybe.fi\/sagas\/wp-content\/uploads\/2022\/11\/Terassimatto-Green-2048x1360.jpg 2048w\" sizes=\"(max-width: 1024px) 100vw, 1024px\" \/><figcaption class=\"wp-element-caption\">Terassimatto Green<\/figcaption><\/figure>\n<\/div>\n<\/div>\n","protected":false},"excerpt":{"rendered":"<p>Terassimatto soveltuu ulkotiloihin parvekkeille ja terasseille, jossa se voi olla paikallaan ymp\u00e4ri vuoden.&nbsp; Nappulapohjan ansiosta maton ja lattian v\u00e4liin j\u00e4\u00e4 ilmarako, joten matto kuivuu nopeasti ja tuntuu mukavalta jalan alla.&nbsp;Rullaleveydet 134 cm ja 200 cm. Leikkaamme matot rullasta haluamaasi mittaan.<\/p>\n","protected":false},"author":1,"featured_media":0,"parent":0,"menu_order":0,"comment_status":"closed","ping_status":"closed","template":"","meta":{"neve_meta_sidebar":"","neve_meta_container":"","neve_meta_enable_content_width":"","neve_meta_content_width":0,"neve_meta_title_alignment":"","neve_meta_author_avatar":"","neve_post_elements_order":"","neve_meta_disable_header":"","neve_meta_disable_footer":"","neve_meta_disable_title":""},"featured_image_urls":{},"yoast_head":"<!-- This site is optimized with the Yoast SEO plugin v21.1 - https:\/\/yoast.com\/wordpress\/plugins\/seo\/ -->\n<title>Terassimatot - Sisustus-Center<\/title>\n<meta name=\"description\" content=\"Terassimatto soveltuu ulkotiloihin parvekkeille ja terasseille, jossa se voi olla paikallaan ymp\u00e4ri vuoden.\u00a0 Nappulapohjan ansiosta maton ja lattian v\u00e4liin j\u00e4\u00e4 ilmarako, joten matto kuivuu nopeasti ja tuntuu mukavalta jalan alla.\u00a0Rullaleveydet 134 cm ja 200 cm. Leikkaamme matot rullasta haluamaasi mittaan.\" \/>\n<meta name=\"robots\" content=\"index, follow, max-snippet:-1, max-image-preview:large, max-video-preview:-1\" \/>\n<link rel=\"canonical\" href=\"https:\/\/lybe.fi\/sagas\/terassimatot\/\" \/>\n<meta property=\"og:locale\" content=\"en_US\" \/>\n<meta property=\"og:type\" content=\"article\" \/>\n<meta property=\"og:title\" content=\"Terassimatot - Sisustus-Center\" \/>\n<meta property=\"og:description\" content=\"Terassimatto soveltuu ulkotiloihin parvekkeille ja terasseille, jossa se voi olla paikallaan ymp\u00e4ri vuoden.\u00a0 Nappulapohjan ansiosta maton ja lattian v\u00e4liin j\u00e4\u00e4 ilmarako, joten matto kuivuu nopeasti ja tuntuu mukavalta jalan alla.\u00a0Rullaleveydet 134 cm ja 200 cm. Leikkaamme matot rullasta haluamaasi mittaan.\" \/>\n<meta property=\"og:url\" content=\"https:\/\/lybe.fi\/sagas\/terassimatot\/\" \/>\n<meta property=\"og:site_name\" content=\"Sisustus-Center\" \/>\n<meta property=\"article:modified_time\" content=\"2022-11-30T14:14:26+00:00\" \/>\n<meta property=\"og:image\" content=\"https:\/\/lybe.fi\/sagas\/wp-content\/uploads\/2022\/11\/Terassimatto-Green-1024x680.png\" \/>\n<meta name=\"twitter:card\" content=\"summary_large_image\" \/>\n<meta name=\"twitter:label1\" content=\"Est. reading time\" \/>\n\t<meta name=\"twitter:data1\" content=\"1 minute\" \/>\n<script type=\"application\/ld+json\" class=\"yoast-schema-graph\">{\"@context\":\"https:\/\/schema.org\",\"@graph\":[{\"@type\":\"WebPage\",\"@id\":\"https:\/\/lybe.fi\/sagas\/terassimatot\/\",\"url\":\"https:\/\/lybe.fi\/sagas\/terassimatot\/\",\"name\":\"Terassimatot - Sisustus-Center\",\"isPartOf\":{\"@id\":\"https:\/\/lybe.fi\/sagas\/#website\"},\"datePublished\":\"2022-06-08T12:18:15+00:00\",\"dateModified\":\"2022-11-30T14:14:26+00:00\",\"description\":\"Terassimatto soveltuu ulkotiloihin parvekkeille ja terasseille, jossa se voi olla paikallaan ymp\u00e4ri vuoden.\u00a0 Nappulapohjan ansiosta maton ja lattian v\u00e4liin j\u00e4\u00e4 ilmarako, joten matto kuivuu nopeasti ja tuntuu mukavalta jalan alla.\u00a0Rullaleveydet 134 cm ja 200 cm. Leikkaamme matot rullasta haluamaasi mittaan.\",\"breadcrumb\":{\"@id\":\"https:\/\/lybe.fi\/sagas\/terassimatot\/#breadcrumb\"},\"inLanguage\":\"en-US\",\"potentialAction\":[{\"@type\":\"ReadAction\",\"target\":[\"https:\/\/lybe.fi\/sagas\/terassimatot\/\"]}]},{\"@type\":\"BreadcrumbList\",\"@id\":\"https:\/\/lybe.fi\/sagas\/terassimatot\/#breadcrumb\",\"itemListElement\":[{\"@type\":\"ListItem\",\"position\":1,\"name\":\"Home\",\"item\":\"https:\/\/lybe.fi\/sagas\/\"},{\"@type\":\"ListItem\",\"position\":2,\"name\":\"Terassimatot\"}]},{\"@type\":\"WebSite\",\"@id\":\"https:\/\/lybe.fi\/sagas\/#website\",\"url\":\"https:\/\/lybe.fi\/sagas\/\",\"name\":\"Sisustus-Center\",\"description\":\"\",\"publisher\":{\"@id\":\"https:\/\/lybe.fi\/sagas\/#organization\"},\"potentialAction\":[{\"@type\":\"SearchAction\",\"target\":{\"@type\":\"EntryPoint\",\"urlTemplate\":\"https:\/\/lybe.fi\/sagas\/?s={search_term_string}\"},\"query-input\":\"required name=search_term_string\"}],\"inLanguage\":\"en-US\"},{\"@type\":\"Organization\",\"@id\":\"https:\/\/lybe.fi\/sagas\/#organization\",\"name\":\"Sisustus-Center\",\"url\":\"https:\/\/lybe.fi\/sagas\/\",\"logo\":{\"@type\":\"ImageObject\",\"inLanguage\":\"en-US\",\"@id\":\"https:\/\/lybe.fi\/sagas\/#\/schema\/logo\/image\/\",\"url\":\"https:\/\/lybe.fi\/sagas\/wp-content\/uploads\/2022\/05\/logo-varillinen-scaled.jpg\",\"contentUrl\":\"https:\/\/lybe.fi\/sagas\/wp-content\/uploads\/2022\/05\/logo-varillinen-scaled.jpg\",\"width\":2560,\"height\":390,\"caption\":\"Sisustus-Center\"},\"image\":{\"@id\":\"https:\/\/lybe.fi\/sagas\/#\/schema\/logo\/image\/\"}}]}<\/script>\n<!-- \/ Yoast SEO plugin. -->","yoast_head_json":{"title":"Terassimatot - Sisustus-Center","description":"Terassimatto soveltuu ulkotiloihin parvekkeille ja terasseille, jossa se voi olla paikallaan ymp\u00e4ri vuoden.\u00a0 Nappulapohjan ansiosta maton ja lattian v\u00e4liin j\u00e4\u00e4 ilmarako, joten matto kuivuu nopeasti ja tuntuu mukavalta jalan alla.\u00a0Rullaleveydet 134 cm ja 200 cm. Leikkaamme matot rullasta haluamaasi mittaan.","robots":{"index":"index","follow":"follow","max-snippet":"max-snippet:-1","max-image-preview":"max-image-preview:large","max-video-preview":"max-video-preview:-1"},"canonical":"https:\/\/lybe.fi\/sagas\/terassimatot\/","og_locale":"en_US","og_type":"article","og_title":"Terassimatot - Sisustus-Center","og_description":"Terassimatto soveltuu ulkotiloihin parvekkeille ja terasseille, jossa se voi olla paikallaan ymp\u00e4ri vuoden.\u00a0 Nappulapohjan ansiosta maton ja lattian v\u00e4liin j\u00e4\u00e4 ilmarako, joten matto kuivuu nopeasti ja tuntuu mukavalta jalan alla.\u00a0Rullaleveydet 134 cm ja 200 cm. Leikkaamme matot rullasta haluamaasi mittaan.","og_url":"https:\/\/lybe.fi\/sagas\/terassimatot\/","og_site_name":"Sisustus-Center","article_modified_time":"2022-11-30T14:14:26+00:00","og_image":[{"url":"https:\/\/lybe.fi\/sagas\/wp-content\/uploads\/2022\/11\/Terassimatto-Green-1024x680.png"}],"twitter_card":"summary_large_image","twitter_misc":{"Est. reading time":"1 minute"},"schema":{"@context":"https:\/\/schema.org","@graph":[{"@type":"WebPage","@id":"https:\/\/lybe.fi\/sagas\/terassimatot\/","url":"https:\/\/lybe.fi\/sagas\/terassimatot\/","name":"Terassimatot - Sisustus-Center","isPartOf":{"@id":"https:\/\/lybe.fi\/sagas\/#website"},"datePublished":"2022-06-08T12:18:15+00:00","dateModified":"2022-11-30T14:14:26+00:00","description":"Terassimatto soveltuu ulkotiloihin parvekkeille ja terasseille, jossa se voi olla paikallaan ymp\u00e4ri vuoden.\u00a0 Nappulapohjan ansiosta maton ja lattian v\u00e4liin j\u00e4\u00e4 ilmarako, joten matto kuivuu nopeasti ja tuntuu mukavalta jalan alla.\u00a0Rullaleveydet 134 cm ja 200 cm. Leikkaamme matot rullasta haluamaasi mittaan.","breadcrumb":{"@id":"https:\/\/lybe.fi\/sagas\/terassimatot\/#breadcrumb"},"inLanguage":"en-US","potentialAction":[{"@type":"ReadAction","target":["https:\/\/lybe.fi\/sagas\/terassimatot\/"]}]},{"@type":"BreadcrumbList","@id":"https:\/\/lybe.fi\/sagas\/terassimatot\/#breadcrumb","itemListElement":[{"@type":"ListItem","position":1,"name":"Home","item":"https:\/\/lybe.fi\/sagas\/"},{"@type":"ListItem","position":2,"name":"Terassimatot"}]},{"@type":"WebSite","@id":"https:\/\/lybe.fi\/sagas\/#website","url":"https:\/\/lybe.fi\/sagas\/","name":"Sisustus-Center","description":"","publisher":{"@id":"https:\/\/lybe.fi\/sagas\/#organization"},"potentialAction":[{"@type":"SearchAction","target":{"@type":"EntryPoint","urlTemplate":"https:\/\/lybe.fi\/sagas\/?s={search_term_string}"},"query-input":"required name=search_term_string"}],"inLanguage":"en-US"},{"@type":"Organization","@id":"https:\/\/lybe.fi\/sagas\/#organization","name":"Sisustus-Center","url":"https:\/\/lybe.fi\/sagas\/","logo":{"@type":"ImageObject","inLanguage":"en-US","@id":"https:\/\/lybe.fi\/sagas\/#\/schema\/logo\/image\/","url":"https:\/\/lybe.fi\/sagas\/wp-content\/uploads\/2022\/05\/logo-varillinen-scaled.jpg","contentUrl":"https:\/\/lybe.fi\/sagas\/wp-content\/uploads\/2022\/05\/logo-varillinen-scaled.jpg","width":2560,"height":390,"caption":"Sisustus-Center"},"image":{"@id":"https:\/\/lybe.fi\/sagas\/#\/schema\/logo\/image\/"}}]}},"_links":{"self":[{"href":"https:\/\/lybe.fi\/sagas\/wp-json\/wp\/v2\/pages\/747"}],"collection":[{"href":"https:\/\/lybe.fi\/sagas\/wp-json\/wp\/v2\/pages"}],"about":[{"href":"https:\/\/lybe.fi\/sagas\/wp-json\/wp\/v2\/types\/page"}],"author":[{"embeddable":true,"href":"https:\/\/lybe.fi\/sagas\/wp-json\/wp\/v2\/users\/1"}],"replies":[{"embeddable":true,"href":"https:\/\/lybe.fi\/sagas\/wp-json\/wp\/v2\/comments?post=747"}],"version-history":[{"count":10,"href":"https:\/\/lybe.fi\/sagas\/wp-json\/wp\/v2\/pages\/747\/revisions"}],"predecessor-version":[{"id":2215,"href":"https:\/\/lybe.fi\/sagas\/wp-json\/wp\/v2\/pages\/747\/revisions\/2215"}],"wp:attachment":[{"href":"https:\/\/lybe.fi\/sagas\/wp-json\/wp\/v2\/media?parent=747"}],"curies":[{"name":"wp","href":"https:\/\/api.w.org\/{rel}","templated":true}]}}