{"id":749,"date":"2022-06-08T12:18:46","date_gmt":"2022-06-08T12:18:46","guid":{"rendered":"http:\/\/lybe.fi\/sagas\/?page_id=749"},"modified":"2022-11-30T14:16:00","modified_gmt":"2022-11-30T14:16:00","slug":"neulahuopa","status":"publish","type":"page","link":"https:\/\/lybe.fi\/sagas\/neulahuopa\/","title":{"rendered":"Neulahuopa"},"content":{"rendered":"\n<div class=\"is-layout-flex wp-container-5 wp-block-columns\">\n<div class=\"is-layout-flow wp-block-column\">\n<p class=\"luokka1\"><strong>Neulahuopa <\/strong>on edullinen ja k\u00e4yt\u00e4nn\u00f6llinen vaihtoehto kokolattiamatolle tiloihin, jossa lattia joutuu suureen kulutukseen, mutta ammattimainen sisustus on tarpeen, esim. n\u00e4yttelytilat, messut jne. Neulahuopaa voidaan k\u00e4ytt\u00e4\u00e4 my\u00f6s verhoilussa. Myym\u00e4l\u00e4st\u00e4 l\u00f6ytyy varastomalleja sek\u00e4 palatilausmallisto.&nbsp;Leikkaamme matot 200 cm leveist\u00e4 rullista mittojesi mukaan.<\/p>\n<\/div>\n\n\n\n<div class=\"is-layout-flow wp-block-column\">\n<figure class=\"is-layout-flex wp-block-gallery-2 wp-block-gallery has-nested-images columns-default is-cropped\">\n<figure class=\"wp-block-image size-large\"><img fetchpriority=\"high\" decoding=\"async\" width=\"600\" height=\"700\" src=\"https:\/\/lybe.fi\/sagas\/wp-content\/uploads\/2022\/11\/Tilakuva_Lido.jpg\" alt=\"Lido harmaa, varastov\u00e4ri.\" class=\"wp-image-1915\" srcset=\"https:\/\/lybe.fi\/sagas\/wp-content\/uploads\/2022\/11\/Tilakuva_Lido.jpg 600w, https:\/\/lybe.fi\/sagas\/wp-content\/uploads\/2022\/11\/Tilakuva_Lido-257x300.jpg 257w\" sizes=\"(max-width: 600px) 100vw, 600px\" \/><figcaption class=\"wp-element-caption\">Lido harmaa<\/figcaption><\/figure>\n\n\n\n<figure class=\"wp-block-image size-large\"><img decoding=\"async\" width=\"600\" height=\"700\" src=\"https:\/\/lybe.fi\/sagas\/wp-content\/uploads\/2022\/11\/Lido_87.jpg\" alt=\"Lido musta, varastov\u00e4ri.\" class=\"wp-image-1914\" srcset=\"https:\/\/lybe.fi\/sagas\/wp-content\/uploads\/2022\/11\/Lido_87.jpg 600w, https:\/\/lybe.fi\/sagas\/wp-content\/uploads\/2022\/11\/Lido_87-257x300.jpg 257w\" sizes=\"(max-width: 600px) 100vw, 600px\" \/><figcaption class=\"wp-element-caption\">Lido musta<\/figcaption><\/figure>\n\n\n\n<figure class=\"wp-block-image size-large\"><img decoding=\"async\" width=\"600\" height=\"700\" src=\"https:\/\/lybe.fi\/sagas\/wp-content\/uploads\/2022\/11\/Lido_15.jpg\" alt=\"Lido antrasiitti, varastov\u00e4ri.\" class=\"wp-image-1913\" srcset=\"https:\/\/lybe.fi\/sagas\/wp-content\/uploads\/2022\/11\/Lido_15.jpg 600w, https:\/\/lybe.fi\/sagas\/wp-content\/uploads\/2022\/11\/Lido_15-257x300.jpg 257w\" sizes=\"(max-width: 600px) 100vw, 600px\" \/><figcaption class=\"wp-element-caption\">Lido antrasiitti<\/figcaption><\/figure>\n<\/figure>\n<\/div>\n<\/div>\n","protected":false},"excerpt":{"rendered":"<p>Neulahuopa on edullinen ja k\u00e4yt\u00e4nn\u00f6llinen vaihtoehto kokolattiamatolle tiloihin, jossa lattia joutuu suureen kulutukseen, mutta ammattimainen sisustus on tarpeen, esim. n\u00e4yttelytilat, messut jne. Neulahuopaa voidaan k\u00e4ytt\u00e4\u00e4 my\u00f6s verhoilussa. Myym\u00e4l\u00e4st\u00e4 l\u00f6ytyy varastomalleja sek\u00e4 palatilausmallisto.&nbsp;Leikkaamme matot 200 cm leveist\u00e4 rullista mittojesi mukaan.<\/p>\n","protected":false},"author":1,"featured_media":0,"parent":0,"menu_order":0,"comment_status":"closed","ping_status":"closed","template":"","meta":{"neve_meta_sidebar":"","neve_meta_container":"","neve_meta_enable_content_width":"","neve_meta_content_width":0,"neve_meta_title_alignment":"","neve_meta_author_avatar":"","neve_post_elements_order":"","neve_meta_disable_header":"","neve_meta_disable_footer":"","neve_meta_disable_title":""},"featured_image_urls":{},"yoast_head":"<!-- This site is optimized with the Yoast SEO plugin v21.1 - https:\/\/yoast.com\/wordpress\/plugins\/seo\/ -->\n<title>Neulahuopa - Sisustus-Center<\/title>\n<meta name=\"description\" content=\"Neulahuopa on edullinen ja k\u00e4yt\u00e4nn\u00f6llinen vaihtoehto kokolattiamatolle tiloihin, jossa lattia joutuu suureen kulutukseen, mutta ammattimainen sisustus on tarpeen, esim. n\u00e4yttelytilat, messut jne. Neulahuopaa voidaan k\u00e4ytt\u00e4\u00e4 my\u00f6s verhoilussa. Myym\u00e4l\u00e4st\u00e4 l\u00f6ytyy varastomalleja sek\u00e4 palatilausmallisto.\u00a0Leikkaamme matot 200 cm leveist\u00e4 rullista mittojesi mukaan.\" \/>\n<meta name=\"robots\" content=\"index, follow, max-snippet:-1, max-image-preview:large, max-video-preview:-1\" \/>\n<link rel=\"canonical\" href=\"https:\/\/lybe.fi\/sagas\/neulahuopa\/\" \/>\n<meta property=\"og:locale\" content=\"en_US\" \/>\n<meta property=\"og:type\" content=\"article\" \/>\n<meta property=\"og:title\" content=\"Neulahuopa - Sisustus-Center\" \/>\n<meta property=\"og:description\" content=\"Neulahuopa on edullinen ja k\u00e4yt\u00e4nn\u00f6llinen vaihtoehto kokolattiamatolle tiloihin, jossa lattia joutuu suureen kulutukseen, mutta ammattimainen sisustus on tarpeen, esim. n\u00e4yttelytilat, messut jne. Neulahuopaa voidaan k\u00e4ytt\u00e4\u00e4 my\u00f6s verhoilussa. Myym\u00e4l\u00e4st\u00e4 l\u00f6ytyy varastomalleja sek\u00e4 palatilausmallisto.\u00a0Leikkaamme matot 200 cm leveist\u00e4 rullista mittojesi mukaan.\" \/>\n<meta property=\"og:url\" content=\"https:\/\/lybe.fi\/sagas\/neulahuopa\/\" \/>\n<meta property=\"og:site_name\" content=\"Sisustus-Center\" \/>\n<meta property=\"article:modified_time\" content=\"2022-11-30T14:16:00+00:00\" \/>\n<meta property=\"og:image\" content=\"https:\/\/lybe.fi\/sagas\/wp-content\/uploads\/2022\/11\/Tilakuva_Lido.jpg\" \/>\n<meta name=\"twitter:card\" content=\"summary_large_image\" \/>\n<meta name=\"twitter:label1\" content=\"Est. reading time\" \/>\n\t<meta name=\"twitter:data1\" content=\"1 minute\" \/>\n<script type=\"application\/ld+json\" class=\"yoast-schema-graph\">{\"@context\":\"https:\/\/schema.org\",\"@graph\":[{\"@type\":\"WebPage\",\"@id\":\"https:\/\/lybe.fi\/sagas\/neulahuopa\/\",\"url\":\"https:\/\/lybe.fi\/sagas\/neulahuopa\/\",\"name\":\"Neulahuopa - Sisustus-Center\",\"isPartOf\":{\"@id\":\"https:\/\/lybe.fi\/sagas\/#website\"},\"datePublished\":\"2022-06-08T12:18:46+00:00\",\"dateModified\":\"2022-11-30T14:16:00+00:00\",\"description\":\"Neulahuopa on edullinen ja k\u00e4yt\u00e4nn\u00f6llinen vaihtoehto kokolattiamatolle tiloihin, jossa lattia joutuu suureen kulutukseen, mutta ammattimainen sisustus on tarpeen, esim. n\u00e4yttelytilat, messut jne. Neulahuopaa voidaan k\u00e4ytt\u00e4\u00e4 my\u00f6s verhoilussa. Myym\u00e4l\u00e4st\u00e4 l\u00f6ytyy varastomalleja sek\u00e4 palatilausmallisto.\u00a0Leikkaamme matot 200 cm leveist\u00e4 rullista mittojesi mukaan.\",\"breadcrumb\":{\"@id\":\"https:\/\/lybe.fi\/sagas\/neulahuopa\/#breadcrumb\"},\"inLanguage\":\"en-US\",\"potentialAction\":[{\"@type\":\"ReadAction\",\"target\":[\"https:\/\/lybe.fi\/sagas\/neulahuopa\/\"]}]},{\"@type\":\"BreadcrumbList\",\"@id\":\"https:\/\/lybe.fi\/sagas\/neulahuopa\/#breadcrumb\",\"itemListElement\":[{\"@type\":\"ListItem\",\"position\":1,\"name\":\"Home\",\"item\":\"https:\/\/lybe.fi\/sagas\/\"},{\"@type\":\"ListItem\",\"position\":2,\"name\":\"Neulahuopa\"}]},{\"@type\":\"WebSite\",\"@id\":\"https:\/\/lybe.fi\/sagas\/#website\",\"url\":\"https:\/\/lybe.fi\/sagas\/\",\"name\":\"Sisustus-Center\",\"description\":\"\",\"publisher\":{\"@id\":\"https:\/\/lybe.fi\/sagas\/#organization\"},\"potentialAction\":[{\"@type\":\"SearchAction\",\"target\":{\"@type\":\"EntryPoint\",\"urlTemplate\":\"https:\/\/lybe.fi\/sagas\/?s={search_term_string}\"},\"query-input\":\"required name=search_term_string\"}],\"inLanguage\":\"en-US\"},{\"@type\":\"Organization\",\"@id\":\"https:\/\/lybe.fi\/sagas\/#organization\",\"name\":\"Sisustus-Center\",\"url\":\"https:\/\/lybe.fi\/sagas\/\",\"logo\":{\"@type\":\"ImageObject\",\"inLanguage\":\"en-US\",\"@id\":\"https:\/\/lybe.fi\/sagas\/#\/schema\/logo\/image\/\",\"url\":\"https:\/\/lybe.fi\/sagas\/wp-content\/uploads\/2022\/05\/logo-varillinen-scaled.jpg\",\"contentUrl\":\"https:\/\/lybe.fi\/sagas\/wp-content\/uploads\/2022\/05\/logo-varillinen-scaled.jpg\",\"width\":2560,\"height\":390,\"caption\":\"Sisustus-Center\"},\"image\":{\"@id\":\"https:\/\/lybe.fi\/sagas\/#\/schema\/logo\/image\/\"}}]}<\/script>\n<!-- \/ Yoast SEO plugin. -->","yoast_head_json":{"title":"Neulahuopa - Sisustus-Center","description":"Neulahuopa on edullinen ja k\u00e4yt\u00e4nn\u00f6llinen vaihtoehto kokolattiamatolle tiloihin, jossa lattia joutuu suureen kulutukseen, mutta ammattimainen sisustus on tarpeen, esim. n\u00e4yttelytilat, messut jne. Neulahuopaa voidaan k\u00e4ytt\u00e4\u00e4 my\u00f6s verhoilussa. Myym\u00e4l\u00e4st\u00e4 l\u00f6ytyy varastomalleja sek\u00e4 palatilausmallisto.\u00a0Leikkaamme matot 200 cm leveist\u00e4 rullista mittojesi mukaan.","robots":{"index":"index","follow":"follow","max-snippet":"max-snippet:-1","max-image-preview":"max-image-preview:large","max-video-preview":"max-video-preview:-1"},"canonical":"https:\/\/lybe.fi\/sagas\/neulahuopa\/","og_locale":"en_US","og_type":"article","og_title":"Neulahuopa - Sisustus-Center","og_description":"Neulahuopa on edullinen ja k\u00e4yt\u00e4nn\u00f6llinen vaihtoehto kokolattiamatolle tiloihin, jossa lattia joutuu suureen kulutukseen, mutta ammattimainen sisustus on tarpeen, esim. n\u00e4yttelytilat, messut jne. Neulahuopaa voidaan k\u00e4ytt\u00e4\u00e4 my\u00f6s verhoilussa. Myym\u00e4l\u00e4st\u00e4 l\u00f6ytyy varastomalleja sek\u00e4 palatilausmallisto.\u00a0Leikkaamme matot 200 cm leveist\u00e4 rullista mittojesi mukaan.","og_url":"https:\/\/lybe.fi\/sagas\/neulahuopa\/","og_site_name":"Sisustus-Center","article_modified_time":"2022-11-30T14:16:00+00:00","og_image":[{"url":"https:\/\/lybe.fi\/sagas\/wp-content\/uploads\/2022\/11\/Tilakuva_Lido.jpg"}],"twitter_card":"summary_large_image","twitter_misc":{"Est. reading time":"1 minute"},"schema":{"@context":"https:\/\/schema.org","@graph":[{"@type":"WebPage","@id":"https:\/\/lybe.fi\/sagas\/neulahuopa\/","url":"https:\/\/lybe.fi\/sagas\/neulahuopa\/","name":"Neulahuopa - Sisustus-Center","isPartOf":{"@id":"https:\/\/lybe.fi\/sagas\/#website"},"datePublished":"2022-06-08T12:18:46+00:00","dateModified":"2022-11-30T14:16:00+00:00","description":"Neulahuopa on edullinen ja k\u00e4yt\u00e4nn\u00f6llinen vaihtoehto kokolattiamatolle tiloihin, jossa lattia joutuu suureen kulutukseen, mutta ammattimainen sisustus on tarpeen, esim. n\u00e4yttelytilat, messut jne. Neulahuopaa voidaan k\u00e4ytt\u00e4\u00e4 my\u00f6s verhoilussa. Myym\u00e4l\u00e4st\u00e4 l\u00f6ytyy varastomalleja sek\u00e4 palatilausmallisto.\u00a0Leikkaamme matot 200 cm leveist\u00e4 rullista mittojesi mukaan.","breadcrumb":{"@id":"https:\/\/lybe.fi\/sagas\/neulahuopa\/#breadcrumb"},"inLanguage":"en-US","potentialAction":[{"@type":"ReadAction","target":["https:\/\/lybe.fi\/sagas\/neulahuopa\/"]}]},{"@type":"BreadcrumbList","@id":"https:\/\/lybe.fi\/sagas\/neulahuopa\/#breadcrumb","itemListElement":[{"@type":"ListItem","position":1,"name":"Home","item":"https:\/\/lybe.fi\/sagas\/"},{"@type":"ListItem","position":2,"name":"Neulahuopa"}]},{"@type":"WebSite","@id":"https:\/\/lybe.fi\/sagas\/#website","url":"https:\/\/lybe.fi\/sagas\/","name":"Sisustus-Center","description":"","publisher":{"@id":"https:\/\/lybe.fi\/sagas\/#organization"},"potentialAction":[{"@type":"SearchAction","target":{"@type":"EntryPoint","urlTemplate":"https:\/\/lybe.fi\/sagas\/?s={search_term_string}"},"query-input":"required name=search_term_string"}],"inLanguage":"en-US"},{"@type":"Organization","@id":"https:\/\/lybe.fi\/sagas\/#organization","name":"Sisustus-Center","url":"https:\/\/lybe.fi\/sagas\/","logo":{"@type":"ImageObject","inLanguage":"en-US","@id":"https:\/\/lybe.fi\/sagas\/#\/schema\/logo\/image\/","url":"https:\/\/lybe.fi\/sagas\/wp-content\/uploads\/2022\/05\/logo-varillinen-scaled.jpg","contentUrl":"https:\/\/lybe.fi\/sagas\/wp-content\/uploads\/2022\/05\/logo-varillinen-scaled.jpg","width":2560,"height":390,"caption":"Sisustus-Center"},"image":{"@id":"https:\/\/lybe.fi\/sagas\/#\/schema\/logo\/image\/"}}]}},"_links":{"self":[{"href":"https:\/\/lybe.fi\/sagas\/wp-json\/wp\/v2\/pages\/749"}],"collection":[{"href":"https:\/\/lybe.fi\/sagas\/wp-json\/wp\/v2\/pages"}],"about":[{"href":"https:\/\/lybe.fi\/sagas\/wp-json\/wp\/v2\/types\/page"}],"author":[{"embeddable":true,"href":"https:\/\/lybe.fi\/sagas\/wp-json\/wp\/v2\/users\/1"}],"replies":[{"embeddable":true,"href":"https:\/\/lybe.fi\/sagas\/wp-json\/wp\/v2\/comments?post=749"}],"version-history":[{"count":8,"href":"https:\/\/lybe.fi\/sagas\/wp-json\/wp\/v2\/pages\/749\/revisions"}],"predecessor-version":[{"id":2216,"href":"https:\/\/lybe.fi\/sagas\/wp-json\/wp\/v2\/pages\/749\/revisions\/2216"}],"wp:attachment":[{"href":"https:\/\/lybe.fi\/sagas\/wp-json\/wp\/v2\/media?parent=749"}],"curies":[{"name":"wp","href":"https:\/\/api.w.org\/{rel}","templated":true}]}}