{"id":751,"date":"2022-06-08T12:19:41","date_gmt":"2022-06-08T12:19:41","guid":{"rendered":"http:\/\/lybe.fi\/sagas\/?page_id=751"},"modified":"2022-11-30T14:11:53","modified_gmt":"2022-11-30T14:11:53","slug":"ruohomatot-ja-kumiritilamatot","status":"publish","type":"page","link":"https:\/\/lybe.fi\/sagas\/ruohomatot-ja-kumiritilamatot\/","title":{"rendered":"Ruohomatot ja kumiritil\u00e4matot"},"content":{"rendered":"\n<div class=\"is-layout-flex wp-container-5 wp-block-columns\">\n<div class=\"is-layout-flow wp-block-column\">\n<p class=\"luokka1\"><strong>Ruohomatot<\/strong> ja <strong>kumiritil\u00e4matot<\/strong> pys\u00e4ytt\u00e4v\u00e4t kuran, hiekan ja lumen tehokkaasti sis\u00e4\u00e4nk\u00e4ynnin ulkopuolelle. S\u00e4\u00e4nkest\u00e4v\u00e4 materiaali kest\u00e4\u00e4 ulkona ymp\u00e4ri vuoden.&nbsp; Ruohomatot leikkaamme suoraan rullasta haluttuun mittaan ja kumiritil\u00e4mattoja l\u00f6ytyy eri kokoisia valmispaloja. <\/p>\n<\/div>\n\n\n\n<div class=\"is-layout-flow wp-block-column\">\n<figure class=\"is-layout-flex wp-block-gallery-2 wp-block-gallery has-nested-images columns-default is-cropped\">\n<figure class=\"wp-block-image size-large\"><img fetchpriority=\"high\" decoding=\"async\" width=\"700\" height=\"541\" src=\"https:\/\/lybe.fi\/sagas\/wp-content\/uploads\/2022\/11\/Ruohomatto-Finnturf.jpg\" alt=\"Ruohomatto Finnturf\" class=\"wp-image-2123\" srcset=\"https:\/\/lybe.fi\/sagas\/wp-content\/uploads\/2022\/11\/Ruohomatto-Finnturf.jpg 700w, https:\/\/lybe.fi\/sagas\/wp-content\/uploads\/2022\/11\/Ruohomatto-Finnturf-300x232.jpg 300w\" sizes=\"(max-width: 700px) 100vw, 700px\" \/><figcaption class=\"wp-element-caption\">Ruohomatto Finnturf<\/figcaption><\/figure>\n\n\n\n<figure class=\"wp-block-image size-large\"><img decoding=\"async\" width=\"1024\" height=\"859\" src=\"https:\/\/lybe.fi\/sagas\/wp-content\/uploads\/2022\/11\/Kumitilamatto-Domino-1024x859.jpg\" alt=\"Kumiritil\u00e4matto Domino 22 mm\" class=\"wp-image-2121\" srcset=\"https:\/\/lybe.fi\/sagas\/wp-content\/uploads\/2022\/11\/Kumitilamatto-Domino-1024x859.jpg 1024w, https:\/\/lybe.fi\/sagas\/wp-content\/uploads\/2022\/11\/Kumitilamatto-Domino-300x252.jpg 300w, https:\/\/lybe.fi\/sagas\/wp-content\/uploads\/2022\/11\/Kumitilamatto-Domino-768x644.jpg 768w, https:\/\/lybe.fi\/sagas\/wp-content\/uploads\/2022\/11\/Kumitilamatto-Domino-1536x1288.jpg 1536w, https:\/\/lybe.fi\/sagas\/wp-content\/uploads\/2022\/11\/Kumitilamatto-Domino-2048x1718.jpg 2048w\" sizes=\"(max-width: 1024px) 100vw, 1024px\" \/><figcaption class=\"wp-element-caption\">Kumiritil\u00e4matto Domino 22 mm<\/figcaption><\/figure>\n<\/figure>\n<\/div>\n<\/div>\n","protected":false},"excerpt":{"rendered":"<p>Ruohomatot ja kumiritil\u00e4matot pys\u00e4ytt\u00e4v\u00e4t kuran, hiekan ja lumen tehokkaasti sis\u00e4\u00e4nk\u00e4ynnin ulkopuolelle. S\u00e4\u00e4nkest\u00e4v\u00e4 materiaali kest\u00e4\u00e4 ulkona ymp\u00e4ri vuoden.&nbsp; Ruohomatot leikkaamme suoraan rullasta haluttuun mittaan ja kumiritil\u00e4mattoja l\u00f6ytyy eri kokoisia valmispaloja.<\/p>\n","protected":false},"author":1,"featured_media":0,"parent":0,"menu_order":0,"comment_status":"closed","ping_status":"closed","template":"","meta":{"neve_meta_sidebar":"","neve_meta_container":"","neve_meta_enable_content_width":"","neve_meta_content_width":0,"neve_meta_title_alignment":"","neve_meta_author_avatar":"","neve_post_elements_order":"","neve_meta_disable_header":"","neve_meta_disable_footer":"","neve_meta_disable_title":""},"featured_image_urls":{},"yoast_head":"<!-- This site is optimized with the Yoast SEO plugin v21.1 - https:\/\/yoast.com\/wordpress\/plugins\/seo\/ -->\n<title>Ruohomatot ja kumiritil\u00e4matot - Sisustus-Center<\/title>\n<meta name=\"description\" content=\"Ruohomatot ja kumiritil\u00e4matot pys\u00e4ytt\u00e4v\u00e4t kuran, hiekan ja lumen tehokkaasti sis\u00e4\u00e4nk\u00e4ynnin ulkopuolelle. S\u00e4\u00e4nkest\u00e4v\u00e4 materiaali kest\u00e4\u00e4 ulkona ymp\u00e4ri vuoden.\u00a0 Ruohomatot leikkaamme suoraan rullasta haluttuun mittaan ja kumiritil\u00e4mattoja l\u00f6ytyy eri kokoisia valmispaloja.\" \/>\n<meta name=\"robots\" content=\"index, follow, max-snippet:-1, max-image-preview:large, max-video-preview:-1\" \/>\n<link rel=\"canonical\" href=\"https:\/\/lybe.fi\/sagas\/ruohomatot-ja-kumiritilamatot\/\" \/>\n<meta property=\"og:locale\" content=\"en_US\" \/>\n<meta property=\"og:type\" content=\"article\" \/>\n<meta property=\"og:title\" content=\"Ruohomatot ja kumiritil\u00e4matot - Sisustus-Center\" \/>\n<meta property=\"og:description\" content=\"Ruohomatot ja kumiritil\u00e4matot pys\u00e4ytt\u00e4v\u00e4t kuran, hiekan ja lumen tehokkaasti sis\u00e4\u00e4nk\u00e4ynnin ulkopuolelle. S\u00e4\u00e4nkest\u00e4v\u00e4 materiaali kest\u00e4\u00e4 ulkona ymp\u00e4ri vuoden.\u00a0 Ruohomatot leikkaamme suoraan rullasta haluttuun mittaan ja kumiritil\u00e4mattoja l\u00f6ytyy eri kokoisia valmispaloja.\" \/>\n<meta property=\"og:url\" content=\"https:\/\/lybe.fi\/sagas\/ruohomatot-ja-kumiritilamatot\/\" \/>\n<meta property=\"og:site_name\" content=\"Sisustus-Center\" \/>\n<meta property=\"article:modified_time\" content=\"2022-11-30T14:11:53+00:00\" \/>\n<meta property=\"og:image\" content=\"https:\/\/lybe.fi\/sagas\/wp-content\/uploads\/2022\/11\/Ruohomatto-Finnturf.png\" \/>\n<meta name=\"twitter:card\" content=\"summary_large_image\" \/>\n<meta name=\"twitter:label1\" content=\"Est. reading time\" \/>\n\t<meta name=\"twitter:data1\" content=\"1 minute\" \/>\n<script type=\"application\/ld+json\" class=\"yoast-schema-graph\">{\"@context\":\"https:\/\/schema.org\",\"@graph\":[{\"@type\":\"WebPage\",\"@id\":\"https:\/\/lybe.fi\/sagas\/ruohomatot-ja-kumiritilamatot\/\",\"url\":\"https:\/\/lybe.fi\/sagas\/ruohomatot-ja-kumiritilamatot\/\",\"name\":\"Ruohomatot ja kumiritil\u00e4matot - Sisustus-Center\",\"isPartOf\":{\"@id\":\"https:\/\/lybe.fi\/sagas\/#website\"},\"datePublished\":\"2022-06-08T12:19:41+00:00\",\"dateModified\":\"2022-11-30T14:11:53+00:00\",\"description\":\"Ruohomatot ja kumiritil\u00e4matot pys\u00e4ytt\u00e4v\u00e4t kuran, hiekan ja lumen tehokkaasti sis\u00e4\u00e4nk\u00e4ynnin ulkopuolelle. S\u00e4\u00e4nkest\u00e4v\u00e4 materiaali kest\u00e4\u00e4 ulkona ymp\u00e4ri vuoden.\u00a0 Ruohomatot leikkaamme suoraan rullasta haluttuun mittaan ja kumiritil\u00e4mattoja l\u00f6ytyy eri kokoisia valmispaloja.\",\"breadcrumb\":{\"@id\":\"https:\/\/lybe.fi\/sagas\/ruohomatot-ja-kumiritilamatot\/#breadcrumb\"},\"inLanguage\":\"en-US\",\"potentialAction\":[{\"@type\":\"ReadAction\",\"target\":[\"https:\/\/lybe.fi\/sagas\/ruohomatot-ja-kumiritilamatot\/\"]}]},{\"@type\":\"BreadcrumbList\",\"@id\":\"https:\/\/lybe.fi\/sagas\/ruohomatot-ja-kumiritilamatot\/#breadcrumb\",\"itemListElement\":[{\"@type\":\"ListItem\",\"position\":1,\"name\":\"Home\",\"item\":\"https:\/\/lybe.fi\/sagas\/\"},{\"@type\":\"ListItem\",\"position\":2,\"name\":\"Ruohomatot ja kumiritil\u00e4matot\"}]},{\"@type\":\"WebSite\",\"@id\":\"https:\/\/lybe.fi\/sagas\/#website\",\"url\":\"https:\/\/lybe.fi\/sagas\/\",\"name\":\"Sisustus-Center\",\"description\":\"\",\"publisher\":{\"@id\":\"https:\/\/lybe.fi\/sagas\/#organization\"},\"potentialAction\":[{\"@type\":\"SearchAction\",\"target\":{\"@type\":\"EntryPoint\",\"urlTemplate\":\"https:\/\/lybe.fi\/sagas\/?s={search_term_string}\"},\"query-input\":\"required name=search_term_string\"}],\"inLanguage\":\"en-US\"},{\"@type\":\"Organization\",\"@id\":\"https:\/\/lybe.fi\/sagas\/#organization\",\"name\":\"Sisustus-Center\",\"url\":\"https:\/\/lybe.fi\/sagas\/\",\"logo\":{\"@type\":\"ImageObject\",\"inLanguage\":\"en-US\",\"@id\":\"https:\/\/lybe.fi\/sagas\/#\/schema\/logo\/image\/\",\"url\":\"https:\/\/lybe.fi\/sagas\/wp-content\/uploads\/2022\/05\/logo-varillinen-scaled.jpg\",\"contentUrl\":\"https:\/\/lybe.fi\/sagas\/wp-content\/uploads\/2022\/05\/logo-varillinen-scaled.jpg\",\"width\":2560,\"height\":390,\"caption\":\"Sisustus-Center\"},\"image\":{\"@id\":\"https:\/\/lybe.fi\/sagas\/#\/schema\/logo\/image\/\"}}]}<\/script>\n<!-- \/ Yoast SEO plugin. -->","yoast_head_json":{"title":"Ruohomatot ja kumiritil\u00e4matot - Sisustus-Center","description":"Ruohomatot ja kumiritil\u00e4matot pys\u00e4ytt\u00e4v\u00e4t kuran, hiekan ja lumen tehokkaasti sis\u00e4\u00e4nk\u00e4ynnin ulkopuolelle. S\u00e4\u00e4nkest\u00e4v\u00e4 materiaali kest\u00e4\u00e4 ulkona ymp\u00e4ri vuoden.\u00a0 Ruohomatot leikkaamme suoraan rullasta haluttuun mittaan ja kumiritil\u00e4mattoja l\u00f6ytyy eri kokoisia valmispaloja.","robots":{"index":"index","follow":"follow","max-snippet":"max-snippet:-1","max-image-preview":"max-image-preview:large","max-video-preview":"max-video-preview:-1"},"canonical":"https:\/\/lybe.fi\/sagas\/ruohomatot-ja-kumiritilamatot\/","og_locale":"en_US","og_type":"article","og_title":"Ruohomatot ja kumiritil\u00e4matot - Sisustus-Center","og_description":"Ruohomatot ja kumiritil\u00e4matot pys\u00e4ytt\u00e4v\u00e4t kuran, hiekan ja lumen tehokkaasti sis\u00e4\u00e4nk\u00e4ynnin ulkopuolelle. S\u00e4\u00e4nkest\u00e4v\u00e4 materiaali kest\u00e4\u00e4 ulkona ymp\u00e4ri vuoden.\u00a0 Ruohomatot leikkaamme suoraan rullasta haluttuun mittaan ja kumiritil\u00e4mattoja l\u00f6ytyy eri kokoisia valmispaloja.","og_url":"https:\/\/lybe.fi\/sagas\/ruohomatot-ja-kumiritilamatot\/","og_site_name":"Sisustus-Center","article_modified_time":"2022-11-30T14:11:53+00:00","og_image":[{"url":"https:\/\/lybe.fi\/sagas\/wp-content\/uploads\/2022\/11\/Ruohomatto-Finnturf.png"}],"twitter_card":"summary_large_image","twitter_misc":{"Est. reading time":"1 minute"},"schema":{"@context":"https:\/\/schema.org","@graph":[{"@type":"WebPage","@id":"https:\/\/lybe.fi\/sagas\/ruohomatot-ja-kumiritilamatot\/","url":"https:\/\/lybe.fi\/sagas\/ruohomatot-ja-kumiritilamatot\/","name":"Ruohomatot ja kumiritil\u00e4matot - Sisustus-Center","isPartOf":{"@id":"https:\/\/lybe.fi\/sagas\/#website"},"datePublished":"2022-06-08T12:19:41+00:00","dateModified":"2022-11-30T14:11:53+00:00","description":"Ruohomatot ja kumiritil\u00e4matot pys\u00e4ytt\u00e4v\u00e4t kuran, hiekan ja lumen tehokkaasti sis\u00e4\u00e4nk\u00e4ynnin ulkopuolelle. S\u00e4\u00e4nkest\u00e4v\u00e4 materiaali kest\u00e4\u00e4 ulkona ymp\u00e4ri vuoden.\u00a0 Ruohomatot leikkaamme suoraan rullasta haluttuun mittaan ja kumiritil\u00e4mattoja l\u00f6ytyy eri kokoisia valmispaloja.","breadcrumb":{"@id":"https:\/\/lybe.fi\/sagas\/ruohomatot-ja-kumiritilamatot\/#breadcrumb"},"inLanguage":"en-US","potentialAction":[{"@type":"ReadAction","target":["https:\/\/lybe.fi\/sagas\/ruohomatot-ja-kumiritilamatot\/"]}]},{"@type":"BreadcrumbList","@id":"https:\/\/lybe.fi\/sagas\/ruohomatot-ja-kumiritilamatot\/#breadcrumb","itemListElement":[{"@type":"ListItem","position":1,"name":"Home","item":"https:\/\/lybe.fi\/sagas\/"},{"@type":"ListItem","position":2,"name":"Ruohomatot ja kumiritil\u00e4matot"}]},{"@type":"WebSite","@id":"https:\/\/lybe.fi\/sagas\/#website","url":"https:\/\/lybe.fi\/sagas\/","name":"Sisustus-Center","description":"","publisher":{"@id":"https:\/\/lybe.fi\/sagas\/#organization"},"potentialAction":[{"@type":"SearchAction","target":{"@type":"EntryPoint","urlTemplate":"https:\/\/lybe.fi\/sagas\/?s={search_term_string}"},"query-input":"required name=search_term_string"}],"inLanguage":"en-US"},{"@type":"Organization","@id":"https:\/\/lybe.fi\/sagas\/#organization","name":"Sisustus-Center","url":"https:\/\/lybe.fi\/sagas\/","logo":{"@type":"ImageObject","inLanguage":"en-US","@id":"https:\/\/lybe.fi\/sagas\/#\/schema\/logo\/image\/","url":"https:\/\/lybe.fi\/sagas\/wp-content\/uploads\/2022\/05\/logo-varillinen-scaled.jpg","contentUrl":"https:\/\/lybe.fi\/sagas\/wp-content\/uploads\/2022\/05\/logo-varillinen-scaled.jpg","width":2560,"height":390,"caption":"Sisustus-Center"},"image":{"@id":"https:\/\/lybe.fi\/sagas\/#\/schema\/logo\/image\/"}}]}},"_links":{"self":[{"href":"https:\/\/lybe.fi\/sagas\/wp-json\/wp\/v2\/pages\/751"}],"collection":[{"href":"https:\/\/lybe.fi\/sagas\/wp-json\/wp\/v2\/pages"}],"about":[{"href":"https:\/\/lybe.fi\/sagas\/wp-json\/wp\/v2\/types\/page"}],"author":[{"embeddable":true,"href":"https:\/\/lybe.fi\/sagas\/wp-json\/wp\/v2\/users\/1"}],"replies":[{"embeddable":true,"href":"https:\/\/lybe.fi\/sagas\/wp-json\/wp\/v2\/comments?post=751"}],"version-history":[{"count":10,"href":"https:\/\/lybe.fi\/sagas\/wp-json\/wp\/v2\/pages\/751\/revisions"}],"predecessor-version":[{"id":2211,"href":"https:\/\/lybe.fi\/sagas\/wp-json\/wp\/v2\/pages\/751\/revisions\/2211"}],"wp:attachment":[{"href":"https:\/\/lybe.fi\/sagas\/wp-json\/wp\/v2\/media?parent=751"}],"curies":[{"name":"wp","href":"https:\/\/api.w.org\/{rel}","templated":true}]}}